{"id":3345,"date":"2025-04-05T16:15:39","date_gmt":"2025-04-05T16:15:39","guid":{"rendered":"https:\/\/babypillowwholesale.com\/?post_type=product&#038;p=3345"},"modified":"2025-06-08T11:45:40","modified_gmt":"2025-06-08T11:45:40","slug":"happy-moments-soothing-pillow","status":"publish","type":"product","link":"https:\/\/babypillowwholesale.com\/lt\/product\/happy-moments-soothing-pillow\/","title":{"rendered":"\"Happy Moments\" raminanti pagalv\u0117"},"content":{"rendered":"<div class=\"auto-hide-last-sibling-br paragraph-qzbcQC paragraph-element br-paragraph-space\" data-immersive-translate-walked=\"8e61f2e7-6af2-46e5-9672-3b9e4f4033d9\" data-immersive-translate-paragraph=\"1\">\n<div class=\"auto-hide-last-sibling-br paragraph-qzbcQC paragraph-element br-paragraph-space\">\n<div class=\"auto-hide-last-sibling-br paragraph-qzbcQC paragraph-element br-paragraph-space\">\n<div class=\"auto-hide-last-sibling-br paragraph-qzbcQC paragraph-element br-paragraph-space\">\n<div class=\"auto-hide-last-sibling-br paragraph-qzbcQC paragraph-element br-paragraph-space\">\n<div class=\"auto-hide-last-sibling-br paragraph-qzbcQC paragraph-element br-paragraph-space\">\n<div class=\"auto-hide-last-sibling-br paragraph-qzbcQC paragraph-element br-paragraph-space\">\n<div class=\"auto-hide-last-sibling-br paragraph-qzbcQC paragraph-element br-paragraph-space\">\n<div class=\"auto-hide-last-sibling-br paragraph-qzbcQC paragraph-element br-paragraph-space\">\n<div class=\"auto-hide-last-sibling-br paragraph-qzbcQC paragraph-element br-paragraph-space\">\n<div class=\"auto-hide-last-sibling-br paragraph-qzbcQC paragraph-element br-paragraph-space\">\n<div class=\"auto-hide-last-sibling-br paragraph-qzbcQC paragraph-element br-paragraph-space\">\n<div class=\"auto-hide-last-sibling-br paragraph-qzbcQC paragraph-element br-paragraph-space\">\n<div class=\"auto-hide-last-sibling-br paragraph-qzbcQC paragraph-element br-paragraph-space\">\n<div class=\"auto-hide-last-sibling-br paragraph-qzbcQC paragraph-element br-paragraph-space\">Pristatome \"Happy Moments\" raminam\u0105j\u0105 pagalv\u0117l\u0119 - \u017eav\u0173 ir nepakei\u010diam\u0105 1-3 met\u0173 am\u017eiaus vaik\u0173 miego rutinos pried\u0105. \u0160i pagalv\u0117l\u0117 - tai linksmumo \u0161vyturys, papuo\u0161tas mielu besi\u0161ypsan\u010diu veiduku, kuris spinduliuoja \u0161ilum\u0105 ir jaukum\u0105, akimirksniu praskaidrindamas bet kur\u012f vaik\u0173 kambar\u012f.<\/div>\n<p>&nbsp;<\/p>\n<div class=\"auto-hide-last-sibling-br paragraph-qzbcQC paragraph-element br-paragraph-space\">Matavimas 40*<em>24*<\/em>3CM, jis yra meistri\u0161kai pagamintas taip, kad u\u017etikrint\u0173 optimali\u0105 atram\u0105 j\u016bs\u0173 vaiko galvai ir kaklui. Kai jie u\u017emiega, pagalv\u0117 \u0161velniai juos paguldo ir u\u017etikrina patogi\u0105 ir sveik\u0105 miego poz\u0105. Pagaminta i\u0161 prabangiai mink\u0161t\u0173 med\u017eiag\u0173, ji pasi\u017eymi aksominiu - \u0161velniu prisilietimu, kuris ramina j\u016bs\u0173 ma\u017eyl\u012f ir sukuria ramyb\u0117s oaz\u0119 ramiam miegui.<\/div>\n<p>&nbsp;<\/p>\n<div class=\"auto-hide-last-sibling-br paragraph-qzbcQC paragraph-element br-paragraph-space\">\u0160velni\u0173, viliojan\u010di\u0173 rausvos ir m\u0117lynos spalvos atspalvi\u0173 \u017eaislas lengvai papildo bet kok\u012f vaik\u0173 kambario interjer\u0105, suteikdamas jam spalv\u0173 ir \u017eavesio. \u012esivaizduokite savo vaik\u0105 prie\u0161 mieg\u0105, prisiglaudus\u012f prie \"Happy Moments\" raminamosios pagalv\u0117l\u0117s. Ji tampa patikimu draugu, suteikian\u010diu saugumo ir komforto jausm\u0105, padedan\u010diu lengvai u\u017emigti. Po miego, dienos metu, ji virsta \u017eaidim\u0173 draugu. Nesvarbu, ar vaikas \u017eaid\u017eia vaizduot\u0117s \u017eaidimus, ar jam tiesiog reikia mink\u0161tos vietos pails\u0117ti pavargus, \u0161i pagalv\u0117 yra \u0161alia, pasiruo\u0161usi suteikti komfort\u0105 ir draugij\u0105.<\/div>\n<p>&nbsp;<\/p>\n<div class=\"auto-hide-last-sibling-br paragraph-qzbcQC paragraph-element br-paragraph-space\">T\u0117vai labai giria \u0161i\u0105 nuostabi\u0105 pagalv\u0119. \"Mano dvej\u0173 met\u0173 vaikas nu\u0161vinta, kai tik pamato \"Laiming\u0173 akimirk\u0173\" pagalv\u0117l\u0119. Ji tapo j\u0173 m\u0117gstamiausiu daiktu, su kuriuo jie gali glaustytis nakt\u012f ir per miegus. Mink\u0161tumas nuostabus, o mielas dizainas - tikras laim\u0117tojas\", - dalijosi d\u017eiaugsminga mama. Vienas t\u0117tis prid\u016br\u0117: \"Mums patinka, kad ji suteikia teigiam\u0173 emocij\u0173 m\u016bs\u0173 vaiko kambariui. Jis taip pat patvarus, atlaiko visus apkabinimus ir paspaudimus. Tai tikrai privaloma \u0161ios am\u017eiaus grup\u0117s vaikams.\"<\/div>\n<p>&nbsp;<\/p>\n<div class=\"auto-hide-last-sibling-br paragraph-qzbcQC paragraph-element br-paragraph-space\">I\u0161 esm\u0117s \"Happy Moments\" raminanti pagalv\u0117 yra daugiau nei tik pagalv\u0117 - tai laim\u0117s, komforto ir saugumo \u0161altinis, praturtinantis kiekvien\u0105 brangi\u0105 1-3 met\u0173 vaiko gyvenimo akimirk\u0105.<\/div>\n<\/div>\n<\/div>\n<\/div>\n<\/div>\n<\/div>\n<\/div>\n<\/div>\n<\/div>\n<\/div>\n<\/div>\n<\/div>\n<\/div>\n<\/div>\n<\/div>","protected":false},"excerpt":{"rendered":"<div class=\"container-QE4ayg\">\n<div class=\"item-jU10IN\">\n<div class=\"container-jODEnh chrome70-container\">\n<div class=\"inner-eE95c9 inner-item-aL3Ui_\" data-target-id=\"message-box-target-id\" data-testid=\"union_message\">\n<div class=\"message-block-container-liuetz\" data-testid=\"message-block-container\">\n<div class=\"message-box-ZWbBdF\" data-testid=\"receive_message\">\n<div class=\"message-box-content-wrapper-srHdUj\">\n<div class=\"message-content message-box-content-otxGGw receive-message-box-content-_lREFj samantha-message-box-content-Qjmpja\" data-testid=\"message_content\">\n<div class=\"container-hfX5E8 flow-markdown-body theme-samantha-yJEgBp\" dir=\"ltr\" data-testid=\"message_text_content\" data-show-indicator=\"false\">\n<div class=\"auto-hide-last-sibling-br paragraph-qzbcQC paragraph-element br-paragraph-space\">\n<div class=\"container-QE4ayg\">\n<div class=\"item-jU10IN\">\n<div class=\"container-jODEnh chrome70-container\">\n<div class=\"inner-eE95c9 inner-item-aL3Ui_\" data-target-id=\"message-box-target-id\" data-testid=\"union_message\">\n<div class=\"message-block-container-liuetz\" data-testid=\"message-block-container\">\n<div class=\"message-box-ZWbBdF\" data-testid=\"receive_message\">\n<div class=\"message-box-content-wrapper-srHdUj\">\n<div class=\"message-content message-box-content-otxGGw receive-message-box-content-_lREFj samantha-message-box-content-Qjmpja\" data-testid=\"message_content\">\n<div class=\"container-hfX5E8 flow-markdown-body theme-samantha-yJEgBp\" dir=\"ltr\" data-testid=\"message_text_content\" data-show-indicator=\"false\">\n<div class=\"auto-hide-last-sibling-br paragraph-qzbcQC paragraph-element br-paragraph-space\">\"Happy Moments\" raminanti pagalv\u0117l\u0117 yra nuostabus miegui skirtas \u017eaislas, skirtas 1-3 met\u0173 am\u017eiaus vaikams. Pagalv\u0117l\u0117je pavaizduotas mielas ir linksmas veidelis, kuris suteikia d\u017eiaugsmo ir jaukumo jausm\u0105. I\u0161matavimai: 40*<em>24*<\/em>3CM, tod\u0117l miego metu tinkamai palaiko vaiko galv\u0105 ir kakl\u0105. Pagaminta i\u0161 mink\u0161t\u0173 med\u017eiag\u0173, ji yra \u0161velni ir jauki, tod\u0117l u\u017etikrina ram\u0173 mieg\u0105. Galimos ro\u017ein\u0117s ir m\u0117lynos spalvos, tod\u0117l gali der\u0117ti prie \u012fvairi\u0173 vaik\u0173 dar\u017eelio interjer\u0173. \u0160i pagalv\u0117 ne tik padeda vaikui lengvai u\u017emigti, bet ir yra paguodos draugas \u017eaidim\u0173 metu arba kai jam reikia saugumo jausmo, tod\u0117l ji yra puikus miego ir \u017eaidim\u0173 reikmen\u0173 priedas.<\/div>\n<\/div>\n<\/div>\n<\/div>\n<\/div>\n<\/div>\n<\/div>\n<\/div>\n<\/div>\n<\/div>\n<\/div>\n<\/div>\n<\/div>\n<\/div>\n<\/div>\n<\/div>\n<\/div>\n<\/div>\n<\/div>\n<\/div>","protected":false},"featured_media":3346,"comment_status":"open","ping_status":"closed","template":"","meta":{"_uag_custom_page_level_css":"","site-sidebar-layout":"default","site-content-layout":"","ast-site-content-layout":"default","site-content-style":"default","site-sidebar-style":"default","ast-global-header-display":"","ast-banner-title-visibility":"","ast-main-header-display":"","ast-hfb-above-header-display":"","ast-hfb-below-header-display":"","ast-hfb-mobile-header-display":"","site-post-title":"","ast-breadcrumbs-content":"","ast-featured-img":"","footer-sml-layout":"","ast-disable-related-posts":"","theme-transparent-header-meta":"default","adv-header-id-meta":"","stick-header-meta":"","header-above-stick-meta":"","header-main-stick-meta":"","header-below-stick-meta":"","astra-migrate-meta-layouts":"set","ast-page-background-enabled":"default","ast-page-background-meta":{"desktop":{"background-color":"","background-image":"","background-repeat":"repeat","background-position":"center center","background-size":"auto","background-attachment":"scroll","background-type":"","background-media":"","overlay-type":"","overlay-color":"","overlay-opacity":"","overlay-gradient":""},"tablet":{"background-color":"","background-image":"","background-repeat":"repeat","background-position":"center center","background-size":"auto","background-attachment":"scroll","background-type":"","background-media":"","overlay-type":"","overlay-color":"","overlay-opacity":"","overlay-gradient":""},"mobile":{"background-color":"","background-image":"","background-repeat":"repeat","background-position":"center center","background-size":"auto","background-attachment":"scroll","background-type":"","background-media":"","overlay-type":"","overlay-color":"","overlay-opacity":"","overlay-gradient":""}},"ast-content-background-meta":{"desktop":{"background-color":"var(--ast-global-color-5)","background-image":"","background-repeat":"repeat","background-position":"center center","background-size":"auto","background-attachment":"scroll","background-type":"","background-media":"","overlay-type":"","overlay-color":"","overlay-opacity":"","overlay-gradient":""},"tablet":{"background-color":"var(--ast-global-color-5)","background-image":"","background-repeat":"repeat","background-position":"center center","background-size":"auto","background-attachment":"scroll","background-type":"","background-media":"","overlay-type":"","overlay-color":"","overlay-opacity":"","overlay-gradient":""},"mobile":{"background-color":"var(--ast-global-color-5)","background-image":"","background-repeat":"repeat","background-position":"center center","background-size":"auto","background-attachment":"scroll","background-type":"","background-media":"","overlay-type":"","overlay-color":"","overlay-opacity":"","overlay-gradient":""}}},"product_brand":[],"product_cat":[56,42],"product_tag":[70,68,71,69],"class_list":{"0":"post-3345","1":"product","2":"type-product","3":"status-publish","4":"has-post-thumbnail","6":"product_cat-1-to-3-years","7":"product_cat-merchandise","8":"product_tag-babypillow","9":"product_tag-cuteanimalpillow","10":"product_tag-headshapesupport","11":"product_tag-kouniushapingpillow","12":"desktop-align-left","13":"tablet-align-left","14":"mobile-align-left","16":"first","17":"instock","18":"shipping-taxable","19":"product-type-simple"},"aioseo_notices":[],"uagb_featured_image_src":{"full":["https:\/\/babypillowwholesale.com\/wp-content\/uploads\/2025\/04\/1525.jpg",1000,1000,false],"thumbnail":["https:\/\/babypillowwholesale.com\/wp-content\/uploads\/2025\/04\/1525-150x150.jpg",150,150,true],"medium":["https:\/\/babypillowwholesale.com\/wp-content\/uploads\/2025\/04\/1525-300x300.jpg",300,300,true],"medium_large":["https:\/\/babypillowwholesale.com\/wp-content\/uploads\/2025\/04\/1525-768x768.jpg",768,768,true],"large":["https:\/\/babypillowwholesale.com\/wp-content\/uploads\/2025\/04\/1525.jpg",1000,1000,false],"1536x1536":["https:\/\/babypillowwholesale.com\/wp-content\/uploads\/2025\/04\/1525.jpg",1000,1000,false],"2048x2048":["https:\/\/babypillowwholesale.com\/wp-content\/uploads\/2025\/04\/1525.jpg",1000,1000,false],"trp-custom-language-flag":["https:\/\/babypillowwholesale.com\/wp-content\/uploads\/2025\/04\/1525.jpg",12,12,false],"woocommerce_thumbnail":["https:\/\/babypillowwholesale.com\/wp-content\/uploads\/2025\/04\/1525-300x300.jpg",300,300,true],"woocommerce_single":["https:\/\/babypillowwholesale.com\/wp-content\/uploads\/2025\/04\/1525-600x600.jpg",600,600,true],"woocommerce_gallery_thumbnail":["https:\/\/babypillowwholesale.com\/wp-content\/uploads\/2025\/04\/1525-100x100.jpg",100,100,true]},"uagb_author_info":{"display_name":"Etnen zhong","author_link":"https:\/\/babypillowwholesale.com\/lt\/author\/"},"uagb_comment_info":0,"uagb_excerpt":"The Happy Moments Soothing Pillow is a delightful sleep - time essential designed for children aged 1 - 3 years. Its design features a cute and cheerful face, exuding a sense of joy and comfort. With dimensions of 40*24*3CM, it provides proper support for a child's head and neck during sleep. Made from soft materials,&hellip;","jetpack_sharing_enabled":true,"_links":{"self":[{"href":"https:\/\/babypillowwholesale.com\/lt\/wp-json\/wp\/v2\/product\/3345","targetHints":{"allow":["GET"]}}],"collection":[{"href":"https:\/\/babypillowwholesale.com\/lt\/wp-json\/wp\/v2\/product"}],"about":[{"href":"https:\/\/babypillowwholesale.com\/lt\/wp-json\/wp\/v2\/types\/product"}],"replies":[{"embeddable":true,"href":"https:\/\/babypillowwholesale.com\/lt\/wp-json\/wp\/v2\/comments?post=3345"}],"wp:featuredmedia":[{"embeddable":true,"href":"https:\/\/babypillowwholesale.com\/lt\/wp-json\/wp\/v2\/media\/3346"}],"wp:attachment":[{"href":"https:\/\/babypillowwholesale.com\/lt\/wp-json\/wp\/v2\/media?parent=3345"}],"wp:term":[{"taxonomy":"product_brand","embeddable":true,"href":"https:\/\/babypillowwholesale.com\/lt\/wp-json\/wp\/v2\/product_brand?post=3345"},{"taxonomy":"product_cat","embeddable":true,"href":"https:\/\/babypillowwholesale.com\/lt\/wp-json\/wp\/v2\/product_cat?post=3345"},{"taxonomy":"product_tag","embeddable":true,"href":"https:\/\/babypillowwholesale.com\/lt\/wp-json\/wp\/v2\/product_tag?post=3345"}],"curies":[{"name":"wp","href":"https:\/\/api.w.org\/{rel}","templated":true}]}}