{"id":3339,"date":"2025-04-05T02:54:17","date_gmt":"2025-04-05T02:54:17","guid":{"rendered":"https:\/\/babypillowwholesale.com\/?post_type=product&#038;p=3339"},"modified":"2025-06-08T11:49:36","modified_gmt":"2025-06-08T11:49:36","slug":"long-eared-rabbit-infant-pillow","status":"publish","type":"product","link":"https:\/\/babypillowwholesale.com\/lt\/product\/long-eared-rabbit-infant-pillow\/","title":{"rendered":"Ilga - aus\u0173 triu\u0161io pagalv\u0117 k\u016bdikiams"},"content":{"rendered":"<div class=\"auto-hide-last-sibling-br paragraph-qzbcQC paragraph-element br-paragraph-space\" data-immersive-translate-walked=\"8e61f2e7-6af2-46e5-9672-3b9e4f4033d9\" data-immersive-translate-paragraph=\"1\">\n<div class=\"auto-hide-last-sibling-br paragraph-qzbcQC paragraph-element br-paragraph-space\">\n<div class=\"auto-hide-last-sibling-br paragraph-qzbcQC paragraph-element br-paragraph-space\">\n<div class=\"auto-hide-last-sibling-br paragraph-qzbcQC paragraph-element br-paragraph-space\">\n<div class=\"auto-hide-last-sibling-br paragraph-qzbcQC paragraph-element br-paragraph-space\">\n<div class=\"auto-hide-last-sibling-br paragraph-qzbcQC paragraph-element br-paragraph-space\">\n<div class=\"auto-hide-last-sibling-br paragraph-qzbcQC paragraph-element br-paragraph-space\">\n<div class=\"auto-hide-last-sibling-br paragraph-qzbcQC paragraph-element br-paragraph-space\">\n<div class=\"auto-hide-last-sibling-br paragraph-qzbcQC paragraph-element br-paragraph-space\">\n<div class=\"auto-hide-last-sibling-br paragraph-qzbcQC paragraph-element br-paragraph-space\">\n<div class=\"auto-hide-last-sibling-br paragraph-qzbcQC paragraph-element br-paragraph-space\">\n<div class=\"auto-hide-last-sibling-br paragraph-qzbcQC paragraph-element br-paragraph-space\">\n<div class=\"auto-hide-last-sibling-br paragraph-qzbcQC paragraph-element br-paragraph-space\">Pristatome ilgakoj\u012f triu\u0161io pagalv\u0117l\u0119 k\u016bdikiams - \u017eaving\u0105 ir nepakei\u010diam\u0105 miego draug\u0105 1-3 met\u0173 vaikams. \u0160iai pagalvei \u012fkv\u0117pimo suteik\u0117 \u017eavus triu\u0161is su ilgomis ausimis, kuris pasi\u017eymi \u017eavingomis ir \u017eavin\u010diomis savyb\u0117mis. Jo ilgos, sta\u010dios ausys atrodo nuolat budrios, o ry\u0161kios, i\u0161rai\u0161kingos akys ir sald\u017eiai rausvi skruostai suteikia neatremiamai miel\u0105 ir kvie\u010dian\u010di\u0105 i\u0161vaizd\u0105.<\/div>\n<p>&nbsp;<\/p>\n<div class=\"auto-hide-last-sibling-br paragraph-qzbcQC paragraph-element br-paragraph-space\">Matavimas 40*<em>24*<\/em>3CM, jis kruop\u0161\u010diai suprojektuotas taip, kad u\u017etikrint\u0173 tinkam\u0105 atram\u0105 j\u016bs\u0173 vaiko galvai ir kaklui. Kai ma\u017eylis atsigula miegoti, pagalv\u0117 \u0161velniai j\u012f paguldo, skatindama patogi\u0105 ir sveik\u0105 miego poz\u0105, kuri padeda u\u017etikrinti rami\u0105 nakt\u012f. Pagaminta i\u0161 pliu\u0161ini\u0173, odai nekenksming\u0173 med\u017eiag\u0173, ji yra aksominio \u0161velnumo, tarsi \u0161velnus apkabinimas, tod\u0117l sukuria jauk\u0173 prieglobst\u012f, kuris nuramina vaik\u0105 ramiam miegui.<\/div>\n<p>&nbsp;<\/p>\n<div class=\"auto-hide-last-sibling-br paragraph-qzbcQC paragraph-element br-paragraph-space\">\u0160velni\u0173, raminan\u010di\u0173 rausvos ir m\u0117lynos spalvos atspalvi\u0173 \u017eaislas lengvai papildo bet kok\u012f vaik\u0173 kambario interjer\u0105, suteikdamas jam spalv\u0173 ir \u017eavesio. \u012esivaizduokite ramius vakarus, kai j\u016bs\u0173 vaikas prisiglaud\u017eia prie k\u016bdiki\u0173 pagalv\u0117s \"Ilgakojis triu\u0161is\". Ji tampa daugiau nei tik pagalve - tai komforto ir saugumo \u0161altinis. Dienos metu ji gali virsti m\u0117gstamiausiu \u017eaidim\u0173 \u017eaislu, mink\u0161ta atrama vaizduot\u0117s nuotykiams arba paguodos draugu nuovargio ar nerimo akimirkomis.<\/div>\n<p>&nbsp;<\/p>\n<div class=\"auto-hide-last-sibling-br paragraph-qzbcQC paragraph-element br-paragraph-space\">T\u0117vai giria \u0161i\u0105 gra\u017ei\u0105 pagalv\u0119. \"Mano ma\u017eylis dievina triu\u0161io pagalv\u0119 su ilgomis ausimis. Ji tapo j\u0173 pagrindiniu daiktu prie\u0161 mieg\u0105. Mink\u0161tumas nuostabus, o mielas dizainas daro j\u0105 toki\u0105 ypating\u0105\", - dalijosi su\u017eav\u0117ta mama. Vienas t\u0117tis prid\u016br\u0117: \"Mums patinka, kad tai ne tik pagalv\u0117, bet ir m\u016bs\u0173 vaiko \u017eaidim\u0173 dalis. Ji taip pat patvari, o tai puiku, turint omenyje, kiek daug ji naudojama. Nuostabus m\u016bs\u0173 nam\u0173 papildymas.\"<\/div>\n<p>&nbsp;<\/p>\n<div class=\"auto-hide-last-sibling-br paragraph-qzbcQC paragraph-element br-paragraph-space\">I\u0161 esm\u0117s ilgaausio triu\u0161io pagalv\u0117 k\u016bdikiams yra harmoningas patogumo, mielumo ir funkcionalumo derinys. Tai ne tik patalyn\u0117s reikmuo, bet ir brangi j\u016bs\u0173 vaiko kasdienio gyvenimo dalis, \u012f kiekvien\u0105 akimirk\u0105 \u012fne\u0161anti zuikio \u012fkv\u0117ptos magijos prieskon\u012f.<\/div>\n<\/div>\n<\/div>\n<\/div>\n<\/div>\n<\/div>\n<\/div>\n<\/div>\n<\/div>\n<\/div>\n<\/div>\n<\/div>\n<\/div>","protected":false},"excerpt":{"rendered":"<div class=\"container-QE4ayg\">\n<div class=\"item-jU10IN\">\n<div class=\"container-jODEnh chrome70-container\">\n<div class=\"inner-eE95c9 inner-item-aL3Ui_\" data-target-id=\"message-box-target-id\" data-testid=\"union_message\">\n<div class=\"message-block-container-liuetz\" data-testid=\"message-block-container\">\n<div class=\"message-box-ZWbBdF\" data-testid=\"receive_message\">\n<div class=\"message-box-content-wrapper-srHdUj\">\n<div class=\"message-content message-box-content-otxGGw receive-message-box-content-_lREFj samantha-message-box-content-Qjmpja\" data-testid=\"message_content\">\n<div class=\"container-hfX5E8 flow-markdown-body theme-samantha-yJEgBp\" dir=\"ltr\" data-testid=\"message_text_content\" data-show-indicator=\"false\">\n<div class=\"auto-hide-last-sibling-br paragraph-qzbcQC paragraph-element br-paragraph-space\">K\u016bdiki\u0173 pagalv\u0117l\u0117 \"Ilgakojis triu\u0161is\" - \u017eavus miego aksesuaras, pritaikytas 1-3 met\u0173 vaikams. Jos dizain\u0105 \u012fkv\u0117p\u0117 mielas triu\u0161is su ilgomis, sta\u010diomis ausimis, ry\u0161kiomis akimis ir rausvais skruostais, tod\u0117l ji atrodo nepaprastai \u017eavinga. I\u0161matavimai: 40*<em>24*<\/em>3CM, jis suteikia tinkam\u0105 atram\u0105 vaiko galvai ir kaklui, padeda i\u0161laikyti patogi\u0105 miego poz\u0105. Pagaminta i\u0161 mink\u0161t\u0173 ir odai nekenksming\u0173 med\u017eiag\u0173, tod\u0117l yra \u0161velni ir jauki. Galimos ro\u017ein\u0117s ir m\u0117lynos spalvos, tod\u0117l puikiai dera prie \u012fvairi\u0173 vaik\u0173 dar\u017eelio interjer\u0173. \u0160i pagalv\u0117 ne tik u\u017etikrina ram\u0173 j\u016bs\u0173 ma\u017eylio mieg\u0105, bet ir suteikia miegui \u0161maik\u0161tumo ir \u0161ilumos, tod\u0117l ji yra puikus su miegu susijusi\u0173 daikt\u0173 priedas.<\/div>\n<\/div>\n<\/div>\n<\/div>\n<\/div>\n<\/div>\n<\/div>\n<\/div>\n<\/div>\n<\/div>","protected":false},"featured_media":3340,"comment_status":"open","ping_status":"closed","template":"","meta":{"_uag_custom_page_level_css":"","site-sidebar-layout":"default","site-content-layout":"","ast-site-content-layout":"default","site-content-style":"default","site-sidebar-style":"default","ast-global-header-display":"","ast-banner-title-visibility":"","ast-main-header-display":"","ast-hfb-above-header-display":"","ast-hfb-below-header-display":"","ast-hfb-mobile-header-display":"","site-post-title":"","ast-breadcrumbs-content":"","ast-featured-img":"","footer-sml-layout":"","ast-disable-related-posts":"","theme-transparent-header-meta":"default","adv-header-id-meta":"","stick-header-meta":"","header-above-stick-meta":"","header-main-stick-meta":"","header-below-stick-meta":"","astra-migrate-meta-layouts":"set","ast-page-background-enabled":"default","ast-page-background-meta":{"desktop":{"background-color":"","background-image":"","background-repeat":"repeat","background-position":"center center","background-size":"auto","background-attachment":"scroll","background-type":"","background-media":"","overlay-type":"","overlay-color":"","overlay-opacity":"","overlay-gradient":""},"tablet":{"background-color":"","background-image":"","background-repeat":"repeat","background-position":"center center","background-size":"auto","background-attachment":"scroll","background-type":"","background-media":"","overlay-type":"","overlay-color":"","overlay-opacity":"","overlay-gradient":""},"mobile":{"background-color":"","background-image":"","background-repeat":"repeat","background-position":"center center","background-size":"auto","background-attachment":"scroll","background-type":"","background-media":"","overlay-type":"","overlay-color":"","overlay-opacity":"","overlay-gradient":""}},"ast-content-background-meta":{"desktop":{"background-color":"var(--ast-global-color-5)","background-image":"","background-repeat":"repeat","background-position":"center center","background-size":"auto","background-attachment":"scroll","background-type":"","background-media":"","overlay-type":"","overlay-color":"","overlay-opacity":"","overlay-gradient":""},"tablet":{"background-color":"var(--ast-global-color-5)","background-image":"","background-repeat":"repeat","background-position":"center center","background-size":"auto","background-attachment":"scroll","background-type":"","background-media":"","overlay-type":"","overlay-color":"","overlay-opacity":"","overlay-gradient":""},"mobile":{"background-color":"var(--ast-global-color-5)","background-image":"","background-repeat":"repeat","background-position":"center center","background-size":"auto","background-attachment":"scroll","background-type":"","background-media":"","overlay-type":"","overlay-color":"","overlay-opacity":"","overlay-gradient":""}}},"product_brand":[],"product_cat":[56,42],"product_tag":[70,68,71,69],"class_list":{"0":"post-3339","1":"product","2":"type-product","3":"status-publish","4":"has-post-thumbnail","6":"product_cat-1-to-3-years","7":"product_cat-merchandise","8":"product_tag-babypillow","9":"product_tag-cuteanimalpillow","10":"product_tag-headshapesupport","11":"product_tag-kouniushapingpillow","12":"desktop-align-left","13":"tablet-align-left","14":"mobile-align-left","16":"first","17":"instock","18":"shipping-taxable","19":"product-type-simple"},"aioseo_notices":[],"uagb_featured_image_src":{"full":["https:\/\/babypillowwholesale.com\/wp-content\/uploads\/2025\/04\/1098.jpg",1000,1000,false],"thumbnail":["https:\/\/babypillowwholesale.com\/wp-content\/uploads\/2025\/04\/1098-150x150.jpg",150,150,true],"medium":["https:\/\/babypillowwholesale.com\/wp-content\/uploads\/2025\/04\/1098-300x300.jpg",300,300,true],"medium_large":["https:\/\/babypillowwholesale.com\/wp-content\/uploads\/2025\/04\/1098-768x768.jpg",768,768,true],"large":["https:\/\/babypillowwholesale.com\/wp-content\/uploads\/2025\/04\/1098.jpg",1000,1000,false],"1536x1536":["https:\/\/babypillowwholesale.com\/wp-content\/uploads\/2025\/04\/1098.jpg",1000,1000,false],"2048x2048":["https:\/\/babypillowwholesale.com\/wp-content\/uploads\/2025\/04\/1098.jpg",1000,1000,false],"trp-custom-language-flag":["https:\/\/babypillowwholesale.com\/wp-content\/uploads\/2025\/04\/1098.jpg",12,12,false],"woocommerce_thumbnail":["https:\/\/babypillowwholesale.com\/wp-content\/uploads\/2025\/04\/1098-300x300.jpg",300,300,true],"woocommerce_single":["https:\/\/babypillowwholesale.com\/wp-content\/uploads\/2025\/04\/1098-600x600.jpg",600,600,true],"woocommerce_gallery_thumbnail":["https:\/\/babypillowwholesale.com\/wp-content\/uploads\/2025\/04\/1098-100x100.jpg",100,100,true]},"uagb_author_info":{"display_name":"Etnen zhong","author_link":"https:\/\/babypillowwholesale.com\/lt\/author\/"},"uagb_comment_info":0,"uagb_excerpt":"The Long - Eared Rabbit Infant Pillow is a charming sleep accessory tailored for children aged 1 - 3 years. Its design is inspired by a cute long - eared rabbit, featuring long, upright ears, bright eyes, and blushing cheeks, which gives it an irresistibly adorable look. Measuring 40*24*3CM, it provides adequate support for a&hellip;","jetpack_sharing_enabled":true,"_links":{"self":[{"href":"https:\/\/babypillowwholesale.com\/lt\/wp-json\/wp\/v2\/product\/3339","targetHints":{"allow":["GET"]}}],"collection":[{"href":"https:\/\/babypillowwholesale.com\/lt\/wp-json\/wp\/v2\/product"}],"about":[{"href":"https:\/\/babypillowwholesale.com\/lt\/wp-json\/wp\/v2\/types\/product"}],"replies":[{"embeddable":true,"href":"https:\/\/babypillowwholesale.com\/lt\/wp-json\/wp\/v2\/comments?post=3339"}],"wp:featuredmedia":[{"embeddable":true,"href":"https:\/\/babypillowwholesale.com\/lt\/wp-json\/wp\/v2\/media\/3340"}],"wp:attachment":[{"href":"https:\/\/babypillowwholesale.com\/lt\/wp-json\/wp\/v2\/media?parent=3339"}],"wp:term":[{"taxonomy":"product_brand","embeddable":true,"href":"https:\/\/babypillowwholesale.com\/lt\/wp-json\/wp\/v2\/product_brand?post=3339"},{"taxonomy":"product_cat","embeddable":true,"href":"https:\/\/babypillowwholesale.com\/lt\/wp-json\/wp\/v2\/product_cat?post=3339"},{"taxonomy":"product_tag","embeddable":true,"href":"https:\/\/babypillowwholesale.com\/lt\/wp-json\/wp\/v2\/product_tag?post=3339"}],"curies":[{"name":"wp","href":"https:\/\/api.w.org\/{rel}","templated":true}]}}