{"id":3329,"date":"2025-04-03T15:57:48","date_gmt":"2025-04-03T15:57:48","guid":{"rendered":"https:\/\/babypillowwholesale.com\/?post_type=product&#038;p=3329"},"modified":"2025-06-08T14:55:14","modified_gmt":"2025-06-08T14:55:14","slug":"cute-pig-infant-pillow","status":"publish","type":"product","link":"https:\/\/babypillowwholesale.com\/lt\/product\/cute-pig-infant-pillow\/","title":{"rendered":"Mielos kiaul\u0117s k\u016bdiki\u0173 pagalv\u0117"},"content":{"rendered":"<div class=\"auto-hide-last-sibling-br paragraph-qzbcQC paragraph-element br-paragraph-space\" data-immersive-translate-walked=\"8e61f2e7-6af2-46e5-9672-3b9e4f4033d9\" data-immersive-translate-paragraph=\"1\">\n<div class=\"auto-hide-last-sibling-br paragraph-qzbcQC paragraph-element br-paragraph-space\">\n<div class=\"auto-hide-last-sibling-br paragraph-qzbcQC paragraph-element br-paragraph-space\">\n<div class=\"auto-hide-last-sibling-br paragraph-qzbcQC paragraph-element br-paragraph-space\">\n<div class=\"auto-hide-last-sibling-br paragraph-qzbcQC paragraph-element br-paragraph-space\">\n<div class=\"auto-hide-last-sibling-br paragraph-qzbcQC paragraph-element br-paragraph-space\">\n<div class=\"auto-hide-last-sibling-br paragraph-qzbcQC paragraph-element br-paragraph-space\">\n<div class=\"auto-hide-last-sibling-br paragraph-qzbcQC paragraph-element br-paragraph-space\">\n<div class=\"auto-hide-last-sibling-br paragraph-qzbcQC paragraph-element br-paragraph-space\">\n<div class=\"auto-hide-last-sibling-br paragraph-qzbcQC paragraph-element br-paragraph-space\">Pristatome \"Cute Pig\" pagalv\u0117l\u0119 k\u016bdikiams - \u017eaving\u0105 ir nepakei\u010diam\u0105 miego palydov\u0105 1-3 met\u0173 am\u017eiaus vaikams. Pagalv\u0117l\u0117s dizainas - tai \u017eavinga od\u0117 mielai kiaulei, kurioje pavaizduota rami, u\u017emerkt\u0173 aki\u0173 i\u0161rai\u0161ka, tobulai apvali nosis ir \u0161velniai mink\u0161tos ausys, kurios kartu sukuria nepakartojamai \u017eav\u0173 vaizd\u0105.<\/div>\n<p>&nbsp;<\/p>\n<div class=\"auto-hide-last-sibling-br paragraph-qzbcQC paragraph-element br-paragraph-space\">Matavimas 40*<em>24*<\/em>3 cm, \u0161i pagalv\u0117 yra tinkamo dyd\u017eio, kad optimaliai palaikyt\u0173 j\u016bs\u0173 ma\u017eylio galv\u0105 ir kakl\u0105. Ji \u0161velniai skatina sveik\u0105 miego laikysen\u0105, tod\u0117l kiekvienas miegas bus ne tik ramus, bet ir saldus. Pagaminta i\u0161 prabangiai mink\u0161t\u0173 med\u017eiag\u0173, ji maloniai glosto ir suteikia vaikui komforto jausm\u0105. \u0160velni\u0173 rausvos ir m\u0117lynos spalvos atspalvi\u0173 gultukas lengvai papildo bet kok\u012f vaik\u0173 kambario interjer\u0105, nes lengvai prisitaiko prie individualaus skonio.<\/div>\n<p>&nbsp;<\/p>\n<div class=\"auto-hide-last-sibling-br paragraph-qzbcQC paragraph-element br-paragraph-space\">\u012esivaizduokite ramius vakarus, kai j\u016bs\u0173 vaikas, \u012fsitais\u0119s savo lovoje, glaud\u017eia prie sav\u0119s \"Cute Pig\" pagalv\u0117l\u0119 k\u016bdikiams. Ji tampa paguodos \u0161altiniu, tyliu draugu, kuris nuramina ir leid\u017eia ramiai miegoti. Dienos metu ji gali b\u016bti \u017eaisminga atrama vaizduot\u0117s \u017eaidimuose, mink\u0161ta vieta improvizuotam snauduliui ant grind\u0173 svetain\u0117je arba paguod\u017eiantis draugas nuovargio akimirkomis.<\/div>\n<p>&nbsp;<\/p>\n<div class=\"auto-hide-last-sibling-br paragraph-qzbcQC paragraph-element br-paragraph-space\">T\u0117vai giria \u0161i\u0105 nuostabi\u0105 pagalv\u0119. \"Mano ma\u017eylis visi\u0161kai dievina \"Cute Pig\" pagalv\u0119! Ji tapo j\u0173 pagalve prie\u0161 mieg\u0105. Mink\u0161tumas nuostabus, o mielas dizainas daro j\u0105 m\u0117gstamiausia j\u0173 kambario dalimi\", - dalijosi patenkinta mama. T\u0117tis prid\u016br\u0117: \"Mums patinka, kad \u0161i pagalv\u0117l\u0117 suteikia vaikui \u012fmantrumo jo miego erdv\u0117je. Ji taip pat patvari, atlaiko visus apkabinimus ir suspaudimus. Tikrai puikus radinys!\"<\/div>\n<p>&nbsp;<\/p>\n<div class=\"auto-hide-last-sibling-br paragraph-qzbcQC paragraph-element br-paragraph-space\">\"Cute Pig\" pagalv\u0117l\u0117 k\u016bdikiams - tai daugiau nei tik pagalv\u0117l\u0117; tai patogumo, mielumo ir vaikyst\u0117s prisiminim\u0173 ry\u0161ulys, pagerinantis kiekvien\u0105 brangi\u0105 j\u016bs\u0173 vaiko 1-3 met\u0173 am\u017eiaus akimirk\u0105.<\/div>\n<\/div>\n<\/div>\n<\/div>\n<\/div>\n<\/div>\n<\/div>\n<\/div>\n<\/div>\n<\/div>","protected":false},"excerpt":{"rendered":"<div class=\"container-QE4ayg\">\n<div class=\"item-jU10IN\">\n<div class=\"container-jODEnh chrome70-container\">\n<div class=\"inner-eE95c9 inner-item-aL3Ui_\" data-target-id=\"message-box-target-id\" data-testid=\"union_message\">\n<div class=\"message-block-container-liuetz\" data-testid=\"message-block-container\">\n<div class=\"message-box-ZWbBdF\" data-testid=\"receive_message\">\n<div class=\"message-box-content-wrapper-srHdUj\">\n<div class=\"message-content message-box-content-otxGGw receive-message-box-content-_lREFj samantha-message-box-content-Qjmpja\" data-testid=\"message_content\">\n<div class=\"container-hfX5E8 flow-markdown-body theme-samantha-yJEgBp\" dir=\"ltr\" data-testid=\"message_text_content\" data-show-indicator=\"false\">\n<div class=\"auto-hide-last-sibling-br paragraph-qzbcQC paragraph-element br-paragraph-space\">\"Cute Pig\" pagalv\u0117l\u0117 k\u016bdikiams - tai mielas miego aksesuaras, skirtas 1-3 met\u0173 vaikams. Jos dizainas sukurtas pagal miel\u0105 kiaulyt\u0119 su \u017eaviais bruo\u017eais, pavyzd\u017eiui, u\u017emerktomis akimis, apvalia nosimi ir mink\u0161tomis ausyt\u0117mis, tod\u0117l ji atrodo nepaprastai \u017eavingai. I\u0161matavimai: 40*<em>24*<\/em>3CM, jis tinkamai palaiko vaiko galv\u0105 ir kakl\u0105, skatindamas patogi\u0105 ir sveik\u0105 miego poz\u0105. Pagaminta i\u0161 mink\u0161t\u0173 med\u017eiag\u0173, tod\u0117l yra \u0161velni ir jauki. Galimos ro\u017ein\u0117s ir m\u0117lynos spalvos, tod\u0117l gali der\u0117ti prie \u012fvairi\u0173 vaik\u0173 dar\u017eelio interjer\u0173 ir asmenini\u0173 pageidavim\u0173. \u0160i pagalv\u0117 ne tik padeda u\u017etikrinti ger\u0105 mieg\u0105, bet ir suteikia vaikui miegoti mielo ir \u0161ilto akcento.<\/div>\n<\/div>\n<\/div>\n<\/div>\n<\/div>\n<\/div>\n<\/div>\n<\/div>\n<\/div>\n<\/div>","protected":false},"featured_media":3331,"comment_status":"open","ping_status":"closed","template":"","meta":{"_uag_custom_page_level_css":"","site-sidebar-layout":"default","site-content-layout":"","ast-site-content-layout":"default","site-content-style":"default","site-sidebar-style":"default","ast-global-header-display":"","ast-banner-title-visibility":"","ast-main-header-display":"","ast-hfb-above-header-display":"","ast-hfb-below-header-display":"","ast-hfb-mobile-header-display":"","site-post-title":"","ast-breadcrumbs-content":"","ast-featured-img":"","footer-sml-layout":"","ast-disable-related-posts":"","theme-transparent-header-meta":"default","adv-header-id-meta":"","stick-header-meta":"","header-above-stick-meta":"","header-main-stick-meta":"","header-below-stick-meta":"","astra-migrate-meta-layouts":"set","ast-page-background-enabled":"default","ast-page-background-meta":{"desktop":{"background-color":"","background-image":"","background-repeat":"repeat","background-position":"center center","background-size":"auto","background-attachment":"scroll","background-type":"","background-media":"","overlay-type":"","overlay-color":"","overlay-opacity":"","overlay-gradient":""},"tablet":{"background-color":"","background-image":"","background-repeat":"repeat","background-position":"center center","background-size":"auto","background-attachment":"scroll","background-type":"","background-media":"","overlay-type":"","overlay-color":"","overlay-opacity":"","overlay-gradient":""},"mobile":{"background-color":"","background-image":"","background-repeat":"repeat","background-position":"center center","background-size":"auto","background-attachment":"scroll","background-type":"","background-media":"","overlay-type":"","overlay-color":"","overlay-opacity":"","overlay-gradient":""}},"ast-content-background-meta":{"desktop":{"background-color":"var(--ast-global-color-5)","background-image":"","background-repeat":"repeat","background-position":"center center","background-size":"auto","background-attachment":"scroll","background-type":"","background-media":"","overlay-type":"","overlay-color":"","overlay-opacity":"","overlay-gradient":""},"tablet":{"background-color":"var(--ast-global-color-5)","background-image":"","background-repeat":"repeat","background-position":"center center","background-size":"auto","background-attachment":"scroll","background-type":"","background-media":"","overlay-type":"","overlay-color":"","overlay-opacity":"","overlay-gradient":""},"mobile":{"background-color":"var(--ast-global-color-5)","background-image":"","background-repeat":"repeat","background-position":"center center","background-size":"auto","background-attachment":"scroll","background-type":"","background-media":"","overlay-type":"","overlay-color":"","overlay-opacity":"","overlay-gradient":""}}},"product_brand":[],"product_cat":[56,42],"product_tag":[70,68,71,69],"class_list":{"0":"post-3329","1":"product","2":"type-product","3":"status-publish","4":"has-post-thumbnail","6":"product_cat-1-to-3-years","7":"product_cat-merchandise","8":"product_tag-babypillow","9":"product_tag-cuteanimalpillow","10":"product_tag-headshapesupport","11":"product_tag-kouniushapingpillow","12":"desktop-align-left","13":"tablet-align-left","14":"mobile-align-left","16":"first","17":"instock","18":"shipping-taxable","19":"product-type-simple"},"aioseo_notices":[],"uagb_featured_image_src":{"full":["https:\/\/babypillowwholesale.com\/wp-content\/uploads\/2025\/04\/1096-1.jpg",1000,1000,false],"thumbnail":["https:\/\/babypillowwholesale.com\/wp-content\/uploads\/2025\/04\/1096-1-150x150.jpg",150,150,true],"medium":["https:\/\/babypillowwholesale.com\/wp-content\/uploads\/2025\/04\/1096-1-300x300.jpg",300,300,true],"medium_large":["https:\/\/babypillowwholesale.com\/wp-content\/uploads\/2025\/04\/1096-1-768x768.jpg",768,768,true],"large":["https:\/\/babypillowwholesale.com\/wp-content\/uploads\/2025\/04\/1096-1.jpg",1000,1000,false],"1536x1536":["https:\/\/babypillowwholesale.com\/wp-content\/uploads\/2025\/04\/1096-1.jpg",1000,1000,false],"2048x2048":["https:\/\/babypillowwholesale.com\/wp-content\/uploads\/2025\/04\/1096-1.jpg",1000,1000,false],"trp-custom-language-flag":["https:\/\/babypillowwholesale.com\/wp-content\/uploads\/2025\/04\/1096-1.jpg",12,12,false],"woocommerce_thumbnail":["https:\/\/babypillowwholesale.com\/wp-content\/uploads\/2025\/04\/1096-1-300x300.jpg",300,300,true],"woocommerce_single":["https:\/\/babypillowwholesale.com\/wp-content\/uploads\/2025\/04\/1096-1-600x600.jpg",600,600,true],"woocommerce_gallery_thumbnail":["https:\/\/babypillowwholesale.com\/wp-content\/uploads\/2025\/04\/1096-1-100x100.jpg",100,100,true]},"uagb_author_info":{"display_name":"Etnen zhong","author_link":"https:\/\/babypillowwholesale.com\/lt\/author\/"},"uagb_comment_info":0,"uagb_excerpt":"The Cute Pig Infant Pillow is an endearing sleep accessory designed for children aged 1 - 3 years. Its design is inspired by a cute pig, with charming features like closed - eye expressions, a round nose, and soft ears, creating an irresistibly adorable look. Measuring 40*24*3CM, it offers proper support for a child's head&hellip;","jetpack_sharing_enabled":true,"_links":{"self":[{"href":"https:\/\/babypillowwholesale.com\/lt\/wp-json\/wp\/v2\/product\/3329","targetHints":{"allow":["GET"]}}],"collection":[{"href":"https:\/\/babypillowwholesale.com\/lt\/wp-json\/wp\/v2\/product"}],"about":[{"href":"https:\/\/babypillowwholesale.com\/lt\/wp-json\/wp\/v2\/types\/product"}],"replies":[{"embeddable":true,"href":"https:\/\/babypillowwholesale.com\/lt\/wp-json\/wp\/v2\/comments?post=3329"}],"wp:featuredmedia":[{"embeddable":true,"href":"https:\/\/babypillowwholesale.com\/lt\/wp-json\/wp\/v2\/media\/3331"}],"wp:attachment":[{"href":"https:\/\/babypillowwholesale.com\/lt\/wp-json\/wp\/v2\/media?parent=3329"}],"wp:term":[{"taxonomy":"product_brand","embeddable":true,"href":"https:\/\/babypillowwholesale.com\/lt\/wp-json\/wp\/v2\/product_brand?post=3329"},{"taxonomy":"product_cat","embeddable":true,"href":"https:\/\/babypillowwholesale.com\/lt\/wp-json\/wp\/v2\/product_cat?post=3329"},{"taxonomy":"product_tag","embeddable":true,"href":"https:\/\/babypillowwholesale.com\/lt\/wp-json\/wp\/v2\/product_tag?post=3329"}],"curies":[{"name":"wp","href":"https:\/\/api.w.org\/{rel}","templated":true}]}}