{"id":3323,"date":"2025-04-02T16:47:01","date_gmt":"2025-04-02T16:47:01","guid":{"rendered":"https:\/\/babypillowwholesale.com\/?post_type=product&#038;p=3323"},"modified":"2025-06-08T15:14:33","modified_gmt":"2025-06-08T15:14:33","slug":"hydrophilic-sponge-soothing-cloud-shaped-pillow","status":"publish","type":"product","link":"https:\/\/babypillowwholesale.com\/lt\/product\/hydrophilic-sponge-soothing-cloud-shaped-pillow\/","title":{"rendered":"Hidrofilin\u0117 kempin\u0117, raminanti debesies formos pagalv\u0117"},"content":{"rendered":"<div class=\"auto-hide-last-sibling-br paragraph-qzbcQC paragraph-element br-paragraph-space\" data-immersive-translate-walked=\"8e61f2e7-6af2-46e5-9672-3b9e4f4033d9\" data-immersive-translate-paragraph=\"1\">\n<div class=\"auto-hide-last-sibling-br paragraph-qzbcQC paragraph-element br-paragraph-space\">\n<div class=\"auto-hide-last-sibling-br paragraph-qzbcQC paragraph-element br-paragraph-space\">\n<div class=\"auto-hide-last-sibling-br paragraph-qzbcQC paragraph-element br-paragraph-space\">\n<div class=\"auto-hide-last-sibling-br paragraph-qzbcQC paragraph-element br-paragraph-space\">\n<div class=\"auto-hide-last-sibling-br paragraph-qzbcQC paragraph-element br-paragraph-space\">\n<div class=\"auto-hide-last-sibling-br paragraph-qzbcQC paragraph-element br-paragraph-space\">\n<div class=\"auto-hide-last-sibling-br paragraph-qzbcQC paragraph-element br-paragraph-space\">Pristatome hidrofilin\u0117s kempin\u0117s raminam\u0105j\u0105 debes\u0117lio formos pagalv\u0117l\u0119 - \u0161veln\u0173 apkabinim\u0105 pirm\u0173j\u0173 gyvenimo met\u0173 k\u016bdikiams. Sukurta taip, kad imituot\u0173 mink\u0161t\u0105, raminan\u010di\u0105 debes\u0117lio form\u0105, ji i\u0161 karto apgaubia j\u016bs\u0173 ma\u017eyl\u012f saugumo ir \u0161ilumos jausmu. Pagalv\u0117l\u0117 pagaminta i\u0161 auk\u0161\u010diausios kokyb\u0117s hidrofilin\u0117s kempin\u0117s, kuri yra aksomin\u0117 ir \u0161velni, tod\u0117l itin \u0161velniai veikia \u0161velni\u0105 k\u016bdikio odel\u0119.<\/div>\n<p>&nbsp;<\/p>\n<div class=\"auto-hide-last-sibling-br paragraph-qzbcQC paragraph-element br-paragraph-space\">\u0160i\u0105 pagalv\u0119 puo\u0161ia daugyb\u0117 \u017eavi\u0173 gyv\u016bn\u0173 ra\u0161t\u0173, atsitiktinai i\u0161sid\u0117s\u010diusi\u0173 po vis\u0105 jos pavir\u0161i\u0173, tod\u0117l ji d\u017eiugina ak\u012f ir skatina smalsum\u0105 bei d\u017eiaugsm\u0105 j\u016bs\u0173 k\u016bdikio pasaulyje. I\u0161matavimai: 45<em>28<\/em>1,5 cm, tod\u0117l jame yra daug vietos, kad b\u016bt\u0173 patogu priglausti k\u016bdikio galv\u0105 ir k\u016bn\u0105 tiek miego, tiek \u017eaidim\u0173 metu.<\/div>\n<p>&nbsp;<\/p>\n<div class=\"auto-hide-last-sibling-br paragraph-qzbcQC paragraph-element br-paragraph-space\">\u012esivaizduokite ram\u0173 mieg\u0105, kai k\u016bdikis \u012fsisup\u0119s \u012f pagalv\u0119 nugrimzta \u012f sapn\u0173 \u0161al\u012f, tarsi apkabintas \u0161velnaus debes\u0117lio. Arba \u012fsivaizduokite \u017eaismingas akimirkas, kai j\u016bs\u0173 k\u016bdikis tiesia rankas, susi\u017eav\u0117j\u0119s mielais gyv\u016bn\u0173 ra\u0161tais. Tai taip pat puikus \u010diulptukas neramiais laikais, nes suteikia pa\u017e\u012fstam\u0105 ir guod\u017eiant\u012f prisilietim\u0105.<\/div>\n<p>&nbsp;<\/p>\n<div class=\"auto-hide-last-sibling-br paragraph-qzbcQC paragraph-element br-paragraph-space\">T\u0117vai negaili pagyr\u0173. \"\u0160i debesies formos pagalv\u0117 yra gelb\u0117toja! Mano k\u016bdikis, pad\u0117tas ant jos, beveik i\u0161 karto nurimsta. Hidrofilin\u0117s kempin\u0117s mink\u0161tumas ir mieli ra\u0161tai yra tiesiog nuostab\u016bs\", - sak\u0117 atsipalaidavusi mama. Vienas t\u0117tis prid\u016br\u0117: \"Ji tapo pagrindine m\u016bs\u0173 k\u016bdikio rutinos dalimi. Nesvarbu, ar tai b\u016bt\u0173 greitas miegas, ar tiesiog ramus laikas, \u0161i pagalv\u0117l\u0117 visada yra \u0161alia, suteikdama patogumo ir \u0161iek tiek linksmumo.\"<\/div>\n<p>&nbsp;<\/p>\n<div class=\"auto-hide-last-sibling-br paragraph-qzbcQC paragraph-element br-paragraph-space\">I\u0161 esm\u0117s hidrofilin\u0117s kempin\u0117s raminamoji debesies formos pagalv\u0117 yra daugiau nei tik patalyn\u0117s reikmuo. Tai funkcionalumo, patogumo ir mielumo derinys, b\u016btinas kompanionas, kuris pagerina kiekvien\u0105 brangi\u0105 pirm\u0173j\u0173 j\u016bs\u0173 k\u016bdikio dien\u0173 akimirk\u0105.<\/div>\n<\/div>\n<\/div>\n<\/div>\n<\/div>\n<\/div>\n<\/div>\n<\/div>","protected":false},"excerpt":{"rendered":"<p>Hidrofilin\u0117s kempin\u0117s raminanti debes\u0117lio formos pagalv\u0117l\u0117 yra puikus pagalbininkas 0-1 met\u0173 k\u016bdikiams. Jos dizainas - mink\u0161to debes\u0117lio formos, sukuriantis saugumo ir komforto jausm\u0105. Pagaminta i\u0161 hidrofilin\u0117s kempin\u0117s, ji \u0161velni ir maloni liesti, puikiai tinka jautriai k\u016bdikio odelei. Pagalv\u0117l\u0119 puo\u0161ia miel\u0173 gyv\u016bn\u0117li\u0173 ra\u0161tai, kurie pasiskirst\u0119 atsitiktine tvarka ir suteikia \u017eaismingumo bei \u017eavesio. Specifikacija: 45*<em>28*<\/em>1,5 cm, tod\u0117l jame yra pakankamai vietos k\u016bdikio galvai ir k\u016bnui. \u0160i pagalv\u0117 ne tik puikiai tinka miegui, bet ir kaip guod\u017eiantis daiktas \u017eaid\u017eiant arba kai k\u016bdik\u012f reikia nuraminti. Joje dera funkcionalumas, mink\u0161tumas ir miela estetika, tod\u0117l ji yra b\u016btinas daiktas pirmosiomis k\u016bdikio dienomis.<\/p>","protected":false},"featured_media":3324,"comment_status":"open","ping_status":"closed","template":"","meta":{"_uag_custom_page_level_css":"","site-sidebar-layout":"default","site-content-layout":"","ast-site-content-layout":"default","site-content-style":"default","site-sidebar-style":"default","ast-global-header-display":"","ast-banner-title-visibility":"","ast-main-header-display":"","ast-hfb-above-header-display":"","ast-hfb-below-header-display":"","ast-hfb-mobile-header-display":"","site-post-title":"","ast-breadcrumbs-content":"","ast-featured-img":"","footer-sml-layout":"","ast-disable-related-posts":"","theme-transparent-header-meta":"default","adv-header-id-meta":"","stick-header-meta":"","header-above-stick-meta":"","header-main-stick-meta":"","header-below-stick-meta":"","astra-migrate-meta-layouts":"set","ast-page-background-enabled":"default","ast-page-background-meta":{"desktop":{"background-color":"","background-image":"","background-repeat":"repeat","background-position":"center center","background-size":"auto","background-attachment":"scroll","background-type":"","background-media":"","overlay-type":"","overlay-color":"","overlay-opacity":"","overlay-gradient":""},"tablet":{"background-color":"","background-image":"","background-repeat":"repeat","background-position":"center center","background-size":"auto","background-attachment":"scroll","background-type":"","background-media":"","overlay-type":"","overlay-color":"","overlay-opacity":"","overlay-gradient":""},"mobile":{"background-color":"","background-image":"","background-repeat":"repeat","background-position":"center center","background-size":"auto","background-attachment":"scroll","background-type":"","background-media":"","overlay-type":"","overlay-color":"","overlay-opacity":"","overlay-gradient":""}},"ast-content-background-meta":{"desktop":{"background-color":"var(--ast-global-color-5)","background-image":"","background-repeat":"repeat","background-position":"center center","background-size":"auto","background-attachment":"scroll","background-type":"","background-media":"","overlay-type":"","overlay-color":"","overlay-opacity":"","overlay-gradient":""},"tablet":{"background-color":"var(--ast-global-color-5)","background-image":"","background-repeat":"repeat","background-position":"center center","background-size":"auto","background-attachment":"scroll","background-type":"","background-media":"","overlay-type":"","overlay-color":"","overlay-opacity":"","overlay-gradient":""},"mobile":{"background-color":"var(--ast-global-color-5)","background-image":"","background-repeat":"repeat","background-position":"center center","background-size":"auto","background-attachment":"scroll","background-type":"","background-media":"","overlay-type":"","overlay-color":"","overlay-opacity":"","overlay-gradient":""}}},"product_brand":[],"product_cat":[55,42],"product_tag":[70,68,71,69],"class_list":{"0":"post-3323","1":"product","2":"type-product","3":"status-publish","4":"has-post-thumbnail","6":"product_cat-0-to-1-year","7":"product_cat-merchandise","8":"product_tag-babypillow","9":"product_tag-cuteanimalpillow","10":"product_tag-headshapesupport","11":"product_tag-kouniushapingpillow","12":"desktop-align-left","13":"tablet-align-left","14":"mobile-align-left","16":"first","17":"instock","18":"shipping-taxable","19":"product-type-simple"},"aioseo_notices":[],"uagb_featured_image_src":{"full":["https:\/\/babypillowwholesale.com\/wp-content\/uploads\/2025\/04\/1026.jpg",1000,1000,false],"thumbnail":["https:\/\/babypillowwholesale.com\/wp-content\/uploads\/2025\/04\/1026-150x150.jpg",150,150,true],"medium":["https:\/\/babypillowwholesale.com\/wp-content\/uploads\/2025\/04\/1026-300x300.jpg",300,300,true],"medium_large":["https:\/\/babypillowwholesale.com\/wp-content\/uploads\/2025\/04\/1026-768x768.jpg",768,768,true],"large":["https:\/\/babypillowwholesale.com\/wp-content\/uploads\/2025\/04\/1026.jpg",1000,1000,false],"1536x1536":["https:\/\/babypillowwholesale.com\/wp-content\/uploads\/2025\/04\/1026.jpg",1000,1000,false],"2048x2048":["https:\/\/babypillowwholesale.com\/wp-content\/uploads\/2025\/04\/1026.jpg",1000,1000,false],"trp-custom-language-flag":["https:\/\/babypillowwholesale.com\/wp-content\/uploads\/2025\/04\/1026.jpg",12,12,false],"woocommerce_thumbnail":["https:\/\/babypillowwholesale.com\/wp-content\/uploads\/2025\/04\/1026-300x300.jpg",300,300,true],"woocommerce_single":["https:\/\/babypillowwholesale.com\/wp-content\/uploads\/2025\/04\/1026-600x600.jpg",600,600,true],"woocommerce_gallery_thumbnail":["https:\/\/babypillowwholesale.com\/wp-content\/uploads\/2025\/04\/1026-100x100.jpg",100,100,true]},"uagb_author_info":{"display_name":"Etnen zhong","author_link":"https:\/\/babypillowwholesale.com\/lt\/author\/"},"uagb_comment_info":0,"uagb_excerpt":"The Hydrophilic Sponge Soothing Cloud - Shaped Pillow is a wonderful companion for babies aged 0 - 1 year. Its design takes the form of a soft cloud, creating a sense of security and comfort. Made from hydrophilic sponge, it offers a gentle and pleasant touch, perfect for a baby's sensitive skin. The pillow is&hellip;","jetpack_sharing_enabled":true,"_links":{"self":[{"href":"https:\/\/babypillowwholesale.com\/lt\/wp-json\/wp\/v2\/product\/3323","targetHints":{"allow":["GET"]}}],"collection":[{"href":"https:\/\/babypillowwholesale.com\/lt\/wp-json\/wp\/v2\/product"}],"about":[{"href":"https:\/\/babypillowwholesale.com\/lt\/wp-json\/wp\/v2\/types\/product"}],"replies":[{"embeddable":true,"href":"https:\/\/babypillowwholesale.com\/lt\/wp-json\/wp\/v2\/comments?post=3323"}],"wp:featuredmedia":[{"embeddable":true,"href":"https:\/\/babypillowwholesale.com\/lt\/wp-json\/wp\/v2\/media\/3324"}],"wp:attachment":[{"href":"https:\/\/babypillowwholesale.com\/lt\/wp-json\/wp\/v2\/media?parent=3323"}],"wp:term":[{"taxonomy":"product_brand","embeddable":true,"href":"https:\/\/babypillowwholesale.com\/lt\/wp-json\/wp\/v2\/product_brand?post=3323"},{"taxonomy":"product_cat","embeddable":true,"href":"https:\/\/babypillowwholesale.com\/lt\/wp-json\/wp\/v2\/product_cat?post=3323"},{"taxonomy":"product_tag","embeddable":true,"href":"https:\/\/babypillowwholesale.com\/lt\/wp-json\/wp\/v2\/product_tag?post=3323"}],"curies":[{"name":"wp","href":"https:\/\/api.w.org\/{rel}","templated":true}]}}