{"id":3317,"date":"2025-03-31T02:51:30","date_gmt":"2025-03-31T02:51:30","guid":{"rendered":"https:\/\/babypillowwholesale.com\/?post_type=product&#038;p=3317"},"modified":"2025-06-08T15:19:36","modified_gmt":"2025-06-08T15:19:36","slug":"obedient-bear-contour-pillow","status":"publish","type":"product","link":"https:\/\/babypillowwholesale.com\/lt\/product\/obedient-bear-contour-pillow\/","title":{"rendered":"Paklusnus me\u0161kiukas Kont\u016bro pagalv\u0117"},"content":{"rendered":"<div class=\"auto-hide-last-sibling-br paragraph-qzbcQC paragraph-element br-paragraph-space\" data-immersive-translate-walked=\"8e61f2e7-6af2-46e5-9672-3b9e4f4033d9\" data-immersive-translate-paragraph=\"1\">\n<div class=\"auto-hide-last-sibling-br paragraph-qzbcQC paragraph-element br-paragraph-space\">\n<div class=\"auto-hide-last-sibling-br paragraph-qzbcQC paragraph-element br-paragraph-space\">\n<div class=\"auto-hide-last-sibling-br paragraph-qzbcQC paragraph-element br-paragraph-space\">\n<div class=\"auto-hide-last-sibling-br paragraph-qzbcQC paragraph-element br-paragraph-space\">\n<div class=\"auto-hide-last-sibling-br paragraph-qzbcQC paragraph-element br-paragraph-space\">Pristatome \"Obedient Bear Contour Pillow\" - puik\u0173 mielumo ir funkcionalumo derin\u012f, sukurt\u0105 specialiai 0-12 m\u0117nesi\u0173 k\u016bdikiams. \u0160i pagalv\u0117l\u0117 - tai neatremiamai \u017eavingo me\u0161kiuko dizainas su p\u016bkuotomis ausimis, didel\u0117mis, dvasingomis akimis ir \u017eaviai rausvais skruostukais, kurie tikrai i\u0161tirpdys j\u016bs\u0173 \u0161ird\u012f i\u0161 pirmo \u017evilgsnio.<\/div>\n<p>&nbsp;<\/p>\n<div class=\"auto-hide-last-sibling-br paragraph-qzbcQC paragraph-element br-paragraph-space\">Pagalv\u0117s kont\u016brin\u0117 konstrukcija yra ergonomikos in\u017einerijos \u0161edevras. Ji \u0161velniai prisitaiko prie j\u016bs\u0173 k\u016bdikio galvos formos, suteikdama \u0161velni\u0105 ir tiksli\u0105 atram\u0105, kuri labai svarbi sveikos galvos formos ugdymui pirmaisiais m\u0117nesiais. 29* dyd\u017eio<em>21*<\/em>1,5 cm, jis puikiai dera \u012fvairiose vietose. Nesvarbu, ar ji priglausta jaukioje lovel\u0117je ramiam miegui, ar lydi j\u016bs\u0173 ma\u017eyl\u012f ve\u017eim\u0117lyje neskubant pasivaik\u0161\u010dioti po park\u0105, ar pad\u0117ta ant mink\u0161tos \u017eaidim\u0173 kilim\u0117lio, kad namuose b\u016bt\u0173 linksmai \u017eaid\u017eiama, \u0161i pagalv\u0117l\u0117 yra nuolatinis komforto \u0161altinis.<\/div>\n<p>&nbsp;<\/p>\n<div class=\"auto-hide-last-sibling-br paragraph-qzbcQC paragraph-element br-paragraph-space\">T\u0117vai d\u017eiaugiasi \"Obedient Bear Contour Pillow\". \"Mano k\u016bdikis be galo m\u0117gsta \u0161i\u0105 pagalv\u0119! Ji tokia mink\u0161ta, o me\u0161kiuko dizainas tiesiog per daug mielas. Pasteb\u0117jau, kad ji tikrai padeda i\u0161laikyti jos galvyt\u0119 geroje pad\u0117tyje\", - sak\u0117 viena susi\u017eav\u0117jusi mama. Vienas t\u0117tis pasidalijo: \"\u0160i\u0105 pagalv\u0119 ve\u017eam\u0117s visur, kur tik einame. Ji patvari, lengvai valoma, o spalv\u0173 pasirinkimas puikus. Ji tapo neatsiejama m\u016bs\u0173 k\u016bdikio kasdienio gyvenimo dalimi\".<\/div>\n<p>&nbsp;<\/p>\n<div class=\"auto-hide-last-sibling-br paragraph-qzbcQC paragraph-element br-paragraph-space\">\u017davi\u0173 ro\u017ein\u0117s ir m\u0117lynos spalv\u0173 \"Obedient Bear Contour Pillow\" - tai ne tik k\u016bdikio aksesuaras, bet ir brangus kompanionas, kuris sujungia \u017eav\u0173 me\u0161kiuko dizain\u0105 ir profesionali\u0105 galvos formavimo atram\u0105, kad j\u016bs\u0173 ma\u017eylis gal\u0117t\u0173 m\u0117gautis kiekviena brangia pirm\u0173j\u0173 dien\u0173 akimirka su did\u017eiausiu komfortu ir r\u016bpes\u010diu.<\/div>\n<\/div>\n<\/div>\n<\/div>\n<\/div>\n<\/div>","protected":false},"excerpt":{"rendered":"<p>\"Obedient Bear Contour Pillow\" yra idealus pasirinkimas 0-12 m\u0117nesi\u0173 k\u016bdikiams. Jos dizain\u0105 \u012fkv\u0117p\u0117 \u017eavus me\u0161kiukas su mielomis ausimis, didel\u0117mis akimis ir rausvais skruostais, tod\u0117l ji yra nepaprastai \u017eavinga. Pagalv\u0117s kont\u016brinis dizainas ne tik vizualiai patrauklus, bet ir atlieka praktin\u0119 funkcij\u0105. Ji suteikia ergonomi\u0161k\u0105 atram\u0105, \u0161velniai prisitaiko prie k\u016bdikio galvos formos ir padeda i\u0161laikyti sveik\u0105 galvos form\u0105. I\u0161matavimai: 29*<em>21*<\/em>1,5 cm, jis puikiai tinka lovel\u0117ms, ve\u017eim\u0117liams ar kitoms k\u016bdikio poilsio vietoms. Galima rinktis ro\u017ein\u0117s ir m\u0117lynos spalvos, tod\u0117l ji gali der\u0117ti prie \u012fvairi\u0173 vaik\u0173 dar\u017eelio dekor\u0173. \u0160i pagalv\u0117 sujungia me\u0161kiuko dizaino gro\u017e\u012f ir profesionali\u0105 galvos atram\u0105, suteikdama komfort\u0105 ir r\u016bpest\u012f ankstyvosioms j\u016bs\u0173 ma\u017eylio dienoms.<\/p>","protected":false},"featured_media":3318,"comment_status":"open","ping_status":"closed","template":"","meta":{"_uag_custom_page_level_css":"","site-sidebar-layout":"default","site-content-layout":"","ast-site-content-layout":"default","site-content-style":"default","site-sidebar-style":"default","ast-global-header-display":"","ast-banner-title-visibility":"","ast-main-header-display":"","ast-hfb-above-header-display":"","ast-hfb-below-header-display":"","ast-hfb-mobile-header-display":"","site-post-title":"","ast-breadcrumbs-content":"","ast-featured-img":"","footer-sml-layout":"","ast-disable-related-posts":"","theme-transparent-header-meta":"default","adv-header-id-meta":"","stick-header-meta":"","header-above-stick-meta":"","header-main-stick-meta":"","header-below-stick-meta":"","astra-migrate-meta-layouts":"set","ast-page-background-enabled":"default","ast-page-background-meta":{"desktop":{"background-color":"","background-image":"","background-repeat":"repeat","background-position":"center center","background-size":"auto","background-attachment":"scroll","background-type":"","background-media":"","overlay-type":"","overlay-color":"","overlay-opacity":"","overlay-gradient":""},"tablet":{"background-color":"","background-image":"","background-repeat":"repeat","background-position":"center center","background-size":"auto","background-attachment":"scroll","background-type":"","background-media":"","overlay-type":"","overlay-color":"","overlay-opacity":"","overlay-gradient":""},"mobile":{"background-color":"","background-image":"","background-repeat":"repeat","background-position":"center center","background-size":"auto","background-attachment":"scroll","background-type":"","background-media":"","overlay-type":"","overlay-color":"","overlay-opacity":"","overlay-gradient":""}},"ast-content-background-meta":{"desktop":{"background-color":"var(--ast-global-color-5)","background-image":"","background-repeat":"repeat","background-position":"center center","background-size":"auto","background-attachment":"scroll","background-type":"","background-media":"","overlay-type":"","overlay-color":"","overlay-opacity":"","overlay-gradient":""},"tablet":{"background-color":"var(--ast-global-color-5)","background-image":"","background-repeat":"repeat","background-position":"center center","background-size":"auto","background-attachment":"scroll","background-type":"","background-media":"","overlay-type":"","overlay-color":"","overlay-opacity":"","overlay-gradient":""},"mobile":{"background-color":"var(--ast-global-color-5)","background-image":"","background-repeat":"repeat","background-position":"center center","background-size":"auto","background-attachment":"scroll","background-type":"","background-media":"","overlay-type":"","overlay-color":"","overlay-opacity":"","overlay-gradient":""}}},"product_brand":[],"product_cat":[55,42],"product_tag":[70,68,71,69],"class_list":{"0":"post-3317","1":"product","2":"type-product","3":"status-publish","4":"has-post-thumbnail","6":"product_cat-0-to-1-year","7":"product_cat-merchandise","8":"product_tag-babypillow","9":"product_tag-cuteanimalpillow","10":"product_tag-headshapesupport","11":"product_tag-kouniushapingpillow","12":"desktop-align-left","13":"tablet-align-left","14":"mobile-align-left","16":"first","17":"instock","18":"shipping-taxable","19":"product-type-simple"},"aioseo_notices":[],"uagb_featured_image_src":{"full":["https:\/\/babypillowwholesale.com\/wp-content\/uploads\/2025\/03\/1066.jpg",1000,1000,false],"thumbnail":["https:\/\/babypillowwholesale.com\/wp-content\/uploads\/2025\/03\/1066-150x150.jpg",150,150,true],"medium":["https:\/\/babypillowwholesale.com\/wp-content\/uploads\/2025\/03\/1066-300x300.jpg",300,300,true],"medium_large":["https:\/\/babypillowwholesale.com\/wp-content\/uploads\/2025\/03\/1066-768x768.jpg",768,768,true],"large":["https:\/\/babypillowwholesale.com\/wp-content\/uploads\/2025\/03\/1066.jpg",1000,1000,false],"1536x1536":["https:\/\/babypillowwholesale.com\/wp-content\/uploads\/2025\/03\/1066.jpg",1000,1000,false],"2048x2048":["https:\/\/babypillowwholesale.com\/wp-content\/uploads\/2025\/03\/1066.jpg",1000,1000,false],"trp-custom-language-flag":["https:\/\/babypillowwholesale.com\/wp-content\/uploads\/2025\/03\/1066.jpg",12,12,false],"woocommerce_thumbnail":["https:\/\/babypillowwholesale.com\/wp-content\/uploads\/2025\/03\/1066-300x300.jpg",300,300,true],"woocommerce_single":["https:\/\/babypillowwholesale.com\/wp-content\/uploads\/2025\/03\/1066-600x600.jpg",600,600,true],"woocommerce_gallery_thumbnail":["https:\/\/babypillowwholesale.com\/wp-content\/uploads\/2025\/03\/1066-100x100.jpg",100,100,true]},"uagb_author_info":{"display_name":"Etnen zhong","author_link":"https:\/\/babypillowwholesale.com\/lt\/author\/"},"uagb_comment_info":0,"uagb_excerpt":"The Obedient Bear Contour Pillow is an ideal choice for infants aged 0 - 12 months. Its design is inspired by an adorable bear, with cute ears, big eyes, and blushing cheeks, which makes it irresistibly charming. The pillow's contour design is not only visually appealing but also serves a practical purpose. It provides ergonomic&hellip;","jetpack_sharing_enabled":true,"_links":{"self":[{"href":"https:\/\/babypillowwholesale.com\/lt\/wp-json\/wp\/v2\/product\/3317","targetHints":{"allow":["GET"]}}],"collection":[{"href":"https:\/\/babypillowwholesale.com\/lt\/wp-json\/wp\/v2\/product"}],"about":[{"href":"https:\/\/babypillowwholesale.com\/lt\/wp-json\/wp\/v2\/types\/product"}],"replies":[{"embeddable":true,"href":"https:\/\/babypillowwholesale.com\/lt\/wp-json\/wp\/v2\/comments?post=3317"}],"wp:featuredmedia":[{"embeddable":true,"href":"https:\/\/babypillowwholesale.com\/lt\/wp-json\/wp\/v2\/media\/3318"}],"wp:attachment":[{"href":"https:\/\/babypillowwholesale.com\/lt\/wp-json\/wp\/v2\/media?parent=3317"}],"wp:term":[{"taxonomy":"product_brand","embeddable":true,"href":"https:\/\/babypillowwholesale.com\/lt\/wp-json\/wp\/v2\/product_brand?post=3317"},{"taxonomy":"product_cat","embeddable":true,"href":"https:\/\/babypillowwholesale.com\/lt\/wp-json\/wp\/v2\/product_cat?post=3317"},{"taxonomy":"product_tag","embeddable":true,"href":"https:\/\/babypillowwholesale.com\/lt\/wp-json\/wp\/v2\/product_tag?post=3317"}],"curies":[{"name":"wp","href":"https:\/\/api.w.org\/{rel}","templated":true}]}}