{"id":3313,"date":"2025-03-26T08:34:46","date_gmt":"2025-03-26T08:34:46","guid":{"rendered":"https:\/\/babypillowwholesale.com\/?post_type=product&#038;p=3313"},"modified":"2025-06-08T15:21:39","modified_gmt":"2025-06-08T15:21:39","slug":"little-raccoon-contour-pillow","status":"publish","type":"product","link":"https:\/\/babypillowwholesale.com\/lt\/product\/little-raccoon-contour-pillow\/","title":{"rendered":"Ma\u017easis me\u0161k\u0117nas Kont\u016bro pagalv\u0117"},"content":{"rendered":"<div class=\"auto-hide-last-sibling-br paragraph-qzbcQC paragraph-element br-paragraph-space\" data-immersive-translate-walked=\"8e61f2e7-6af2-46e5-9672-3b9e4f4033d9\" data-immersive-translate-paragraph=\"1\">\n<div class=\"auto-hide-last-sibling-br paragraph-qzbcQC paragraph-element br-paragraph-space\">\n<div class=\"auto-hide-last-sibling-br paragraph-qzbcQC paragraph-element br-paragraph-space\">\n<div class=\"auto-hide-last-sibling-br paragraph-qzbcQC paragraph-element br-paragraph-space\">\n<div class=\"auto-hide-last-sibling-br paragraph-qzbcQC paragraph-element br-paragraph-space\">Pristatome \"Little Raccoon Contour Pillow\" - \u017eav\u0173 \u017eavingo dizaino ir profesionalios prie\u017ei\u016bros derin\u012f, kruop\u0161\u010diai sukurt\u0105 0-12 m\u0117nesi\u0173 k\u016bdikiams. \u017davus dizainas - mielas me\u0161k\u0117nas su pliu\u0161in\u0117mis apvaliomis ausimis ir ramia veido i\u0161rai\u0161ka - suteikia \u0161ilumos b\u016btiniausiems k\u016bdikio reikmenims. Be to, kad pagalv\u0117l\u0117 yra miela, jos kont\u016brin\u0117 strukt\u016bra yra moksli\u0161kai pagr\u012fsta, ergonomi\u0161ka, \u0161velniai prilaikanti k\u016bdikio galvyt\u0119 ir padedanti sveikam galvos formavimuisi.<\/div>\n<p>&nbsp;<\/p>\n<div class=\"auto-hide-last-sibling-br paragraph-qzbcQC paragraph-element br-paragraph-space\">Kasdieniame gyvenime jis skland\u017eiai \u012fsilieja \u012f \u012fvairias scenas. Namuose pad\u0117kite j\u0105 \u012f vaiki\u0161k\u0105 lovel\u0119: kai k\u016bdikis u\u017emigs, mink\u0161ti pagalv\u0117s kont\u016brai sukurs ramyb\u0117s prieglobst\u012f. Lauke - ar tai b\u016bt\u0173 pasivaik\u0161\u010diojimas po park\u0105, ar apsilankymas pas \u0161eim\u0105 - ji puikiai \u012fsitaiso ve\u017eim\u0117lyje ir suteikia nuolatin\u012f komfort\u0105. Net \u017eaisming\u0173 akimirk\u0173 ant mink\u0161to kilim\u0117lio metu pagalv\u0117 palaiko k\u016bdikio galvyt\u0119, u\u017etikrindama jaukum\u0105 kiekvienos veiklos metu.<\/div>\n<p>&nbsp;<\/p>\n<div class=\"auto-hide-last-sibling-br paragraph-qzbcQC paragraph-element br-paragraph-space\">T\u0117vai puikiai vertina \u0161i\u0105 pagalv\u0119. \"Mano k\u016bdikis atrodo toks jaukus ant \"Little Raccoon Contour Pillow\" (liet. \"Ma\u017eojo me\u0161k\u0117no kont\u016brin\u0117 pagalv\u0117l\u0117\")! Ji ne\u012ftik\u0117tinai mink\u0161ta ir man patinka, kad kont\u016brin\u0117 konstrukcija \u0161velniai palaiko galv\u0105. Be to, ro\u017ein\u0117 spalva pagyvina vaik\u0173 kambar\u012f\", - dalijosi susi\u017eav\u0117jusi mama. Vienas t\u0117tis prid\u016br\u0117: \"\u0160i\u0105 pagalv\u0119 visur ve\u017eiojam\u0117s su savimi. Ji patvari, lengvai valoma, o m\u0117lynos spalvos variantas puikiai dera prie m\u016bs\u0173 k\u016bdikio daikt\u0173. B\u016btina tur\u0117ti ir d\u0117l patogumo, ir d\u0117l galvos formavimo privalum\u0173!\"<\/div>\n<p>&nbsp;<\/p>\n<div class=\"auto-hide-last-sibling-br paragraph-qzbcQC paragraph-element br-paragraph-space\">\u0160velnios ro\u017ein\u0117s arba raminan\u010dios m\u0117lynos spalvos pagalv\u0117l\u0117 \"Little Raccoon Contour Pillow\" yra ne tik k\u016bdikio aksesuaras. Tai atsidav\u0119s draugas, kuriame susilieja \u017eavinga estetika ir profesionali galvos formavimo atrama, u\u017etikrinanti j\u016bs\u0173 ma\u017eyliui komfort\u0105 ir r\u016bpest\u012f kiekvien\u0105 brangi\u0105 ankstyvojo augimo akimirk\u0105.<\/div>\n<\/div>\n<\/div>\n<\/div>\n<\/div>","protected":false},"excerpt":{"rendered":"<p>\"Little Raccoon Contour Pillow\", pritaikyta 0-12 m\u0117nesi\u0173 k\u016bdikiams, suderina mielum\u0105 ir profesionali\u0105 prie\u017ei\u016br\u0105. Jos dizainas, \u012fkv\u0117ptas mielo me\u0161k\u0117no su apvaliomis ausimis ir ramia veido i\u0161rai\u0161ka, suteikia k\u016bdikiui reikalingiems daiktams \u017eavumo. Pagalv\u0117s kont\u016brin\u0117 strukt\u016bra suteikia mokslin\u0119, ergonomi\u0161k\u0105 atram\u0105, \u0161velniai apgl\u0117bia k\u016bdikio galv\u0105, kad b\u016bt\u0173 puosel\u0117jamas sveikas galvos formos vystymasis. 29* dyd\u017eio<em>21*<\/em>1,5 cm, tod\u0117l jis lengvai telpa \u012f lovytes, kad gal\u0117tum\u0117te ramiai miegoti, \u012f ve\u017eim\u0117lius i\u0161vyk\u0173 metu ar \u017eaidim\u0173 metu namuose. \u0160velnios ro\u017ein\u0117s arba raminan\u010dios m\u0117lynos spalvos pagalv\u0117l\u0117 yra ne tik funkcinis galvos atramos elementas - tai \u0161iltas draugas, u\u017etikrinantis komfort\u0105 ir \u017eaves\u012f ankstyvaisiais k\u016bdikio augimo etapais.<\/p>","protected":false},"featured_media":3314,"comment_status":"open","ping_status":"closed","template":"","meta":{"_uag_custom_page_level_css":"","site-sidebar-layout":"default","site-content-layout":"","ast-site-content-layout":"default","site-content-style":"default","site-sidebar-style":"default","ast-global-header-display":"","ast-banner-title-visibility":"","ast-main-header-display":"","ast-hfb-above-header-display":"","ast-hfb-below-header-display":"","ast-hfb-mobile-header-display":"","site-post-title":"","ast-breadcrumbs-content":"","ast-featured-img":"","footer-sml-layout":"","ast-disable-related-posts":"","theme-transparent-header-meta":"default","adv-header-id-meta":"","stick-header-meta":"","header-above-stick-meta":"","header-main-stick-meta":"","header-below-stick-meta":"","astra-migrate-meta-layouts":"set","ast-page-background-enabled":"default","ast-page-background-meta":{"desktop":{"background-color":"","background-image":"","background-repeat":"repeat","background-position":"center center","background-size":"auto","background-attachment":"scroll","background-type":"","background-media":"","overlay-type":"","overlay-color":"","overlay-opacity":"","overlay-gradient":""},"tablet":{"background-color":"","background-image":"","background-repeat":"repeat","background-position":"center center","background-size":"auto","background-attachment":"scroll","background-type":"","background-media":"","overlay-type":"","overlay-color":"","overlay-opacity":"","overlay-gradient":""},"mobile":{"background-color":"","background-image":"","background-repeat":"repeat","background-position":"center center","background-size":"auto","background-attachment":"scroll","background-type":"","background-media":"","overlay-type":"","overlay-color":"","overlay-opacity":"","overlay-gradient":""}},"ast-content-background-meta":{"desktop":{"background-color":"var(--ast-global-color-5)","background-image":"","background-repeat":"repeat","background-position":"center center","background-size":"auto","background-attachment":"scroll","background-type":"","background-media":"","overlay-type":"","overlay-color":"","overlay-opacity":"","overlay-gradient":""},"tablet":{"background-color":"var(--ast-global-color-5)","background-image":"","background-repeat":"repeat","background-position":"center center","background-size":"auto","background-attachment":"scroll","background-type":"","background-media":"","overlay-type":"","overlay-color":"","overlay-opacity":"","overlay-gradient":""},"mobile":{"background-color":"var(--ast-global-color-5)","background-image":"","background-repeat":"repeat","background-position":"center center","background-size":"auto","background-attachment":"scroll","background-type":"","background-media":"","overlay-type":"","overlay-color":"","overlay-opacity":"","overlay-gradient":""}}},"product_brand":[],"product_cat":[55,42],"product_tag":[70,68,71,69],"class_list":{"0":"post-3313","1":"product","2":"type-product","3":"status-publish","4":"has-post-thumbnail","6":"product_cat-0-to-1-year","7":"product_cat-merchandise","8":"product_tag-babypillow","9":"product_tag-cuteanimalpillow","10":"product_tag-headshapesupport","11":"product_tag-kouniushapingpillow","12":"desktop-align-left","13":"tablet-align-left","14":"mobile-align-left","16":"first","17":"instock","18":"featured","19":"shipping-taxable","20":"product-type-simple"},"aioseo_notices":[],"uagb_featured_image_src":{"full":["https:\/\/babypillowwholesale.com\/wp-content\/uploads\/2025\/03\/1520.jpg",1000,1000,false],"thumbnail":["https:\/\/babypillowwholesale.com\/wp-content\/uploads\/2025\/03\/1520-150x150.jpg",150,150,true],"medium":["https:\/\/babypillowwholesale.com\/wp-content\/uploads\/2025\/03\/1520-300x300.jpg",300,300,true],"medium_large":["https:\/\/babypillowwholesale.com\/wp-content\/uploads\/2025\/03\/1520-768x768.jpg",768,768,true],"large":["https:\/\/babypillowwholesale.com\/wp-content\/uploads\/2025\/03\/1520.jpg",1000,1000,false],"1536x1536":["https:\/\/babypillowwholesale.com\/wp-content\/uploads\/2025\/03\/1520.jpg",1000,1000,false],"2048x2048":["https:\/\/babypillowwholesale.com\/wp-content\/uploads\/2025\/03\/1520.jpg",1000,1000,false],"trp-custom-language-flag":["https:\/\/babypillowwholesale.com\/wp-content\/uploads\/2025\/03\/1520.jpg",12,12,false],"woocommerce_thumbnail":["https:\/\/babypillowwholesale.com\/wp-content\/uploads\/2025\/03\/1520-300x300.jpg",300,300,true],"woocommerce_single":["https:\/\/babypillowwholesale.com\/wp-content\/uploads\/2025\/03\/1520-600x600.jpg",600,600,true],"woocommerce_gallery_thumbnail":["https:\/\/babypillowwholesale.com\/wp-content\/uploads\/2025\/03\/1520-100x100.jpg",100,100,true]},"uagb_author_info":{"display_name":"Etnen zhong","author_link":"https:\/\/babypillowwholesale.com\/lt\/author\/"},"uagb_comment_info":0,"uagb_excerpt":"The Little Raccoon Contour Pillow, tailored for infants aged 0\u201312 months, harmonizes cuteness with professional care. Its design, inspired by a cuddly little raccoon with round ears and a serene expression, adds an endearing touch to baby essentials. The pillow\u2019s contour structure offers scientific, ergonomic support, gently embracing the baby\u2019s head to nurture healthy head&hellip;","jetpack_sharing_enabled":true,"_links":{"self":[{"href":"https:\/\/babypillowwholesale.com\/lt\/wp-json\/wp\/v2\/product\/3313","targetHints":{"allow":["GET"]}}],"collection":[{"href":"https:\/\/babypillowwholesale.com\/lt\/wp-json\/wp\/v2\/product"}],"about":[{"href":"https:\/\/babypillowwholesale.com\/lt\/wp-json\/wp\/v2\/types\/product"}],"replies":[{"embeddable":true,"href":"https:\/\/babypillowwholesale.com\/lt\/wp-json\/wp\/v2\/comments?post=3313"}],"wp:featuredmedia":[{"embeddable":true,"href":"https:\/\/babypillowwholesale.com\/lt\/wp-json\/wp\/v2\/media\/3314"}],"wp:attachment":[{"href":"https:\/\/babypillowwholesale.com\/lt\/wp-json\/wp\/v2\/media?parent=3313"}],"wp:term":[{"taxonomy":"product_brand","embeddable":true,"href":"https:\/\/babypillowwholesale.com\/lt\/wp-json\/wp\/v2\/product_brand?post=3313"},{"taxonomy":"product_cat","embeddable":true,"href":"https:\/\/babypillowwholesale.com\/lt\/wp-json\/wp\/v2\/product_cat?post=3313"},{"taxonomy":"product_tag","embeddable":true,"href":"https:\/\/babypillowwholesale.com\/lt\/wp-json\/wp\/v2\/product_tag?post=3313"}],"curies":[{"name":"wp","href":"https:\/\/api.w.org\/{rel}","templated":true}]}}