{"id":3306,"date":"2025-03-24T15:28:09","date_gmt":"2025-03-24T15:28:09","guid":{"rendered":"https:\/\/babypillowwholesale.com\/?post_type=product&#038;p=3306"},"modified":"2025-06-08T15:34:36","modified_gmt":"2025-06-08T15:34:36","slug":"bear-shaping-pillow","status":"publish","type":"product","link":"https:\/\/babypillowwholesale.com\/lt\/product\/bear-shaping-pillow\/","title":{"rendered":"Lokio formavimo pagalv\u0117"},"content":{"rendered":"<div class=\"auto-hide-last-sibling-br paragraph-qzbcQC paragraph-element br-paragraph-space\" data-immersive-translate-walked=\"8e61f2e7-6af2-46e5-9672-3b9e4f4033d9\" data-immersive-translate-paragraph=\"1\">\n<div class=\"auto-hide-last-sibling-br paragraph-qzbcQC paragraph-element br-paragraph-space\">\n<div class=\"auto-hide-last-sibling-br paragraph-qzbcQC paragraph-element br-paragraph-space\">Atraskite me\u0161kiuk\u0105 formuojan\u010di\u0105 pagalv\u0119 - \u017eaving\u0105 \u017eavesio ir prakti\u0161kumo jungin\u012f, skirt\u0105 k\u016bdikiams nuo 0 iki 6 m\u0117nesi\u0173. \u012emantraus dizaino pagalv\u0117l\u0117 vaizduoja me\u0161kiuk\u0105, laikant\u012f \u017evaig\u017edut\u0119, su rausvais skruostukais ir svajingu reginiu, kuris i\u0161 karto sukelia d\u017eiaugsm\u0105. Be \u017eavingos i\u0161vaizdos, \u0161is 25*<em>20*<\/em>1,5 cm pagalv\u0117 ergonomi\u0161kai palaiko k\u016bdikio galv\u0105, \u0161velniai skatindama sveik\u0105 galvos vystym\u0105si ankstyvuoju laikotarpiu.<\/div>\n<p>&nbsp;<\/p>\n<div class=\"auto-hide-last-sibling-br paragraph-qzbcQC paragraph-element br-paragraph-space\">Kasdieniame gyvenime jis lengvai pritaikomas \u012fvairiuose scenarijuose: \u012fd\u0117tas \u012f vaiki\u0161k\u0105 lovyt\u0119, kad namuose b\u016bt\u0173 ramus prieglobstis miegui, \u012fd\u0117tas \u012f ve\u017eim\u0117l\u012f, kad b\u016bt\u0173 patogu pasivaik\u0161\u010dioti parke ar aplankyti senelius, arba pad\u0117tas ant \u017eaidim\u0173 kilim\u0117lio, kad b\u016bt\u0173 jauku \u017eaisti.<\/div>\n<p>&nbsp;<\/p>\n<div class=\"auto-hide-last-sibling-br paragraph-qzbcQC paragraph-element br-paragraph-space\">T\u0117vai j\u012f nuo\u0161ird\u017eiai giria. \"Mano k\u016bdikis nu\u0161vito nuo mielo me\u0161kiuko dizaino! Pagalv\u0117l\u0117 yra ne\u012ftik\u0117tinai mink\u0161ta, ir pasteb\u0117jau, kad pastebimai pager\u0117jo galvos formavimas. Be to, \"Ma\u017eojo dinozauro\" spalva puikiai dera prie m\u016bs\u0173 vaik\u0173 kambario\", - d\u017eiaug\u0117si viena susi\u017eav\u0117jusi mama. Vienas t\u0117tis prid\u016br\u0117: \"\u0160i pagalv\u0117l\u0117 tapo b\u016btina kiekvienoje kelion\u0117je. Lengva ne\u0161iotis, o teminiai spalv\u0173 variantai suteikia d\u017eiaugsmo. Negalime jo rekomenduoti!\"<\/div>\n<div><\/div>\n<div class=\"auto-hide-last-sibling-br paragraph-qzbcQC paragraph-element br-paragraph-space\">Rausvas triu\u0161is, ma\u017eas dinozauras ir ma\u017eas li\u016btukas, tod\u0117l pagalv\u0117 \"Bear Shaping Pillow\" yra funkcin\u0117 atrama ir i\u0161radingas dizainas. Tai daugiau nei k\u016bdikio aksesuaras - tai \u0161velnus draugas, apgaubiantis j\u016bs\u0173 ma\u017eyl\u012f patogumu, mielumu ir r\u016bpes\u010diu kiekvien\u0105 brangi\u0105 pirm\u0173j\u0173 dien\u0173 akimirk\u0105.<\/div>\n<\/div>\n<\/div>","protected":false},"excerpt":{"rendered":"<p>Me\u0161kiuko formavimo pagalv\u0117l\u0117 yra nepakei\u010diama priemon\u0117 k\u016bdikiams nuo 0 iki 6 m\u0117nesi\u0173. Ant jos pavaizduotas \u017eavingas me\u0161kiuko motyvas - \u017eavus, su tokiomis detal\u0117mis kaip \u017evaig\u017ed\u0117s poza, rausvi skruostai ir nuotaikinga aplinka. I\u0161matavimai: 25*<em>20*<\/em>1,5 cm pagalv\u0117 ergonomi\u0161kai palaiko k\u016bdikio galv\u0105 ir \u0161velniai formuoja sveik\u0105 galvos form\u0105 ankstyvuoju augimo laikotarpiu. Pagalv\u0117 puikiai tinka \u012fvairiose situacijose: ji gali b\u016bti dedama \u012f lovel\u0119 ramiam miegui, dedama \u012f ve\u017eim\u0117l\u012f nuotyki\u0173 lauke metu arba dedama ant mink\u0161to kilim\u0117lio namuose. Ro\u017einio triu\u0161io, ma\u017eojo dinozauro ir ma\u017eojo li\u016bto spalv\u0173 variantai - tai funkcionalumas ir fantazija, \u0161velni atrama ir \u017eaismingas, mielas k\u016bdikio prie\u017ei\u016bros akcentas, tenkinantis ir praktinius poreikius, ir estetin\u012f skon\u012f.<\/p>","protected":false},"featured_media":3307,"comment_status":"open","ping_status":"closed","template":"","meta":{"_uag_custom_page_level_css":"","site-sidebar-layout":"default","site-content-layout":"","ast-site-content-layout":"default","site-content-style":"default","site-sidebar-style":"default","ast-global-header-display":"","ast-banner-title-visibility":"","ast-main-header-display":"","ast-hfb-above-header-display":"","ast-hfb-below-header-display":"","ast-hfb-mobile-header-display":"","site-post-title":"","ast-breadcrumbs-content":"","ast-featured-img":"","footer-sml-layout":"","ast-disable-related-posts":"","theme-transparent-header-meta":"default","adv-header-id-meta":"","stick-header-meta":"","header-above-stick-meta":"","header-main-stick-meta":"","header-below-stick-meta":"","astra-migrate-meta-layouts":"set","ast-page-background-enabled":"default","ast-page-background-meta":{"desktop":{"background-color":"","background-image":"","background-repeat":"repeat","background-position":"center center","background-size":"auto","background-attachment":"scroll","background-type":"","background-media":"","overlay-type":"","overlay-color":"","overlay-opacity":"","overlay-gradient":""},"tablet":{"background-color":"","background-image":"","background-repeat":"repeat","background-position":"center center","background-size":"auto","background-attachment":"scroll","background-type":"","background-media":"","overlay-type":"","overlay-color":"","overlay-opacity":"","overlay-gradient":""},"mobile":{"background-color":"","background-image":"","background-repeat":"repeat","background-position":"center center","background-size":"auto","background-attachment":"scroll","background-type":"","background-media":"","overlay-type":"","overlay-color":"","overlay-opacity":"","overlay-gradient":""}},"ast-content-background-meta":{"desktop":{"background-color":"var(--ast-global-color-5)","background-image":"","background-repeat":"repeat","background-position":"center center","background-size":"auto","background-attachment":"scroll","background-type":"","background-media":"","overlay-type":"","overlay-color":"","overlay-opacity":"","overlay-gradient":""},"tablet":{"background-color":"var(--ast-global-color-5)","background-image":"","background-repeat":"repeat","background-position":"center center","background-size":"auto","background-attachment":"scroll","background-type":"","background-media":"","overlay-type":"","overlay-color":"","overlay-opacity":"","overlay-gradient":""},"mobile":{"background-color":"var(--ast-global-color-5)","background-image":"","background-repeat":"repeat","background-position":"center center","background-size":"auto","background-attachment":"scroll","background-type":"","background-media":"","overlay-type":"","overlay-color":"","overlay-opacity":"","overlay-gradient":""}}},"product_brand":[],"product_cat":[54,42],"product_tag":[70,68,71,69],"class_list":{"0":"post-3306","1":"product","2":"type-product","3":"status-publish","4":"has-post-thumbnail","6":"product_cat-0-to-6months","7":"product_cat-merchandise","8":"product_tag-babypillow","9":"product_tag-cuteanimalpillow","10":"product_tag-headshapesupport","11":"product_tag-kouniushapingpillow","12":"desktop-align-left","13":"tablet-align-left","14":"mobile-align-left","16":"first","17":"instock","18":"shipping-taxable","19":"product-type-simple"},"aioseo_notices":[],"uagb_featured_image_src":{"full":["https:\/\/babypillowwholesale.com\/wp-content\/uploads\/2025\/03\/1137.jpg",1000,1000,false],"thumbnail":["https:\/\/babypillowwholesale.com\/wp-content\/uploads\/2025\/03\/1137-150x150.jpg",150,150,true],"medium":["https:\/\/babypillowwholesale.com\/wp-content\/uploads\/2025\/03\/1137-300x300.jpg",300,300,true],"medium_large":["https:\/\/babypillowwholesale.com\/wp-content\/uploads\/2025\/03\/1137-768x768.jpg",768,768,true],"large":["https:\/\/babypillowwholesale.com\/wp-content\/uploads\/2025\/03\/1137.jpg",1000,1000,false],"1536x1536":["https:\/\/babypillowwholesale.com\/wp-content\/uploads\/2025\/03\/1137.jpg",1000,1000,false],"2048x2048":["https:\/\/babypillowwholesale.com\/wp-content\/uploads\/2025\/03\/1137.jpg",1000,1000,false],"trp-custom-language-flag":["https:\/\/babypillowwholesale.com\/wp-content\/uploads\/2025\/03\/1137.jpg",12,12,false],"woocommerce_thumbnail":["https:\/\/babypillowwholesale.com\/wp-content\/uploads\/2025\/03\/1137-300x300.jpg",300,300,true],"woocommerce_single":["https:\/\/babypillowwholesale.com\/wp-content\/uploads\/2025\/03\/1137-600x600.jpg",600,600,true],"woocommerce_gallery_thumbnail":["https:\/\/babypillowwholesale.com\/wp-content\/uploads\/2025\/03\/1137-100x100.jpg",100,100,true]},"uagb_author_info":{"display_name":"Etnen zhong","author_link":"https:\/\/babypillowwholesale.com\/lt\/author\/"},"uagb_comment_info":0,"uagb_excerpt":"The Bear Shaping Pillow is a delightful essential for infants aged 0 to 6 months. Its design showcases a charming bear motif\u2014adorable with details like a star - wielding pose, blushing cheeks, and whimsical surroundings. Measuring 25*20*1.5CM, the pillow ergonomically supports a baby\u2019s head, gently guiding healthy head shaping during early growth. It fits seamlessly&hellip;","jetpack_sharing_enabled":true,"_links":{"self":[{"href":"https:\/\/babypillowwholesale.com\/lt\/wp-json\/wp\/v2\/product\/3306","targetHints":{"allow":["GET"]}}],"collection":[{"href":"https:\/\/babypillowwholesale.com\/lt\/wp-json\/wp\/v2\/product"}],"about":[{"href":"https:\/\/babypillowwholesale.com\/lt\/wp-json\/wp\/v2\/types\/product"}],"replies":[{"embeddable":true,"href":"https:\/\/babypillowwholesale.com\/lt\/wp-json\/wp\/v2\/comments?post=3306"}],"wp:featuredmedia":[{"embeddable":true,"href":"https:\/\/babypillowwholesale.com\/lt\/wp-json\/wp\/v2\/media\/3307"}],"wp:attachment":[{"href":"https:\/\/babypillowwholesale.com\/lt\/wp-json\/wp\/v2\/media?parent=3306"}],"wp:term":[{"taxonomy":"product_brand","embeddable":true,"href":"https:\/\/babypillowwholesale.com\/lt\/wp-json\/wp\/v2\/product_brand?post=3306"},{"taxonomy":"product_cat","embeddable":true,"href":"https:\/\/babypillowwholesale.com\/lt\/wp-json\/wp\/v2\/product_cat?post=3306"},{"taxonomy":"product_tag","embeddable":true,"href":"https:\/\/babypillowwholesale.com\/lt\/wp-json\/wp\/v2\/product_tag?post=3306"}],"curies":[{"name":"wp","href":"https:\/\/api.w.org\/{rel}","templated":true}]}}