{"id":3300,"date":"2025-03-22T02:53:38","date_gmt":"2025-03-22T02:53:38","guid":{"rendered":"https:\/\/babypillowwholesale.com\/?post_type=product&#038;p=3300"},"modified":"2025-06-08T15:41:34","modified_gmt":"2025-06-08T15:41:34","slug":"penguin-shaping-pillow","status":"publish","type":"product","link":"https:\/\/babypillowwholesale.com\/lt\/product\/penguin-shaping-pillow\/","title":{"rendered":"Pingvin\u0173 formavimo pagalv\u0117"},"content":{"rendered":"<div class=\"auto-hide-last-sibling-br paragraph-qzbcQC paragraph-element br-paragraph-space\" data-immersive-translate-walked=\"8e61f2e7-6af2-46e5-9672-3b9e4f4033d9\" data-immersive-translate-paragraph=\"1\">\n<div class=\"auto-hide-last-sibling-br paragraph-qzbcQC paragraph-element br-paragraph-space\">Apgl\u0117bkite m\u016bs\u0173 pingvin\u0173 formavimo pagalv\u0117l\u0119, su meile sukurt\u0105 ma\u017eiausiems nuotyki\u0173 ie\u0161kotojams nuo 0 iki 6 m\u0117nesi\u0173 am\u017eiaus. \u0160i pagalv\u0117, primenanti \u017eav\u0173 pingvin\u0105 su putliu k\u016bneliu, dailiomis pla\u0161takomis ir mielu snapeliu, yra vizualus malonumas, kuris akimirksniu suteiks j\u016bs\u0173 k\u016bdikiui mielumo doz\u0119. \u0160i pagalv\u0117l\u0117 atitinka funkcionalum\u0105 ir stili\u0173. \u012emantriai i\u0161kirpta centrin\u0117 i\u0161pjova suteikia \u0161velni\u0105, glostan\u010di\u0105 atram\u0105 \u0161velniai k\u016bdikio galvutei, skland\u017eiai padedan\u010di\u0105 jai \u012fgauti tobul\u0105 form\u0105, kai k\u016bdikis keliauja per savo brangi\u0105sias ankstyv\u0105sias dienas. 26,5*25*1,5 cm dyd\u017eio pagalv\u0117 yra ne\u012ftik\u0117tinai lengvai pritaikoma. Ramiais vakarais namuose pad\u0117kite j\u012f \u012f k\u016bdikio lovel\u0119 ir steb\u0117kite, kaip jis sukuria jauk\u0173 pingvin\u0173 temos prieglobst\u012f, u\u017emigdant\u012f j\u016bs\u0173 ma\u017eyl\u012f ramiam miegui. \u017diemos pasivaik\u0161\u010diojimo ar apsilankymo zoologijos sode metu pagalv\u0117l\u0117 lengvai \u012fsitaisys ve\u017eim\u0117lyje ir u\u017etikrins, kad j\u016bs\u0173 k\u016bdikis jaust\u0173si patogiai, apsuptas \u017eavingo pingvin\u0173 dizaino. T\u0117vai visi\u0161kai \u012fsimyl\u0117jo \u0161i\u0105 pagalv\u0119! Viena mama d\u017eiaug\u0117si: \"Mano k\u016bdikis negali atsig\u0117r\u0117ti \u0161ios pingvin\u0173 pagalv\u0117s. Ji tokia mink\u0161ta, o dizainas tiesiog \u017eavus. Be to, ji labai padeda i\u0161laikyti ger\u0105 galvos pad\u0117t\u012f.\" T\u0117tis prid\u016br\u0117: \"\u0160i pagalv\u0117l\u0117 tapo m\u016bs\u0173 pagalv\u0117le kiekvienoje i\u0161vykoje. Spalv\u0173 pasirinkimas puikus, o m\u016bs\u0173 vaikas visada atrodo toks laimingas, kai pamato pingvin\u0105. Labai rekomenduojame!\" \u017daving\u0173 ro\u017ein\u0117s ir m\u0117lynos spalv\u0173 pingvin\u0173 formavimo pagalv\u0117 yra daugiau nei tik k\u016bdikio aksesuaras - tai brangus draugas, \u017eadantis patogum\u0105, atram\u0105 ir daugyb\u0119 pingvin\u0173 \u012fkv\u0117pto d\u017eiaugsmo pirmaisiais k\u016bdikio gyvenimo m\u0117nesiais.<\/div>\n<\/div>","protected":false},"excerpt":{"rendered":"<p>\"Pingvin\u0173 formavimo pagalv\u0117l\u0117\" yra nepaprastai mielas ir prakti\u0161kas gaminys, pritaikytas k\u016bdikiams nuo 0 iki 6 m\u0117nesi\u0173. Pagalv\u0117l\u0117s dizainas, sukurtas pagal \u017eav\u0173 pingvin\u0105 su putliu k\u016bnu, pla\u0161takomis ir mielu snapu, tikrai u\u017ekariaus \u0161irdis i\u0161 pirmo \u017evilgsnio. Centrinis pagalv\u0117s i\u0161pjova kruop\u0161\u010diai suprojektuota taip, kad \u0161velniai ir ergonomi\u0161kai palaikyt\u0173 k\u016bdikio galv\u0105 ir pad\u0117t\u0173 i\u0161laikyti tinkam\u0105 galvos form\u0105 ankstyvuoju raidos etapu. 26,5* dyd\u017eio<em>25*<\/em>1,5 cm, jis puikiai tinka lovel\u0117se, ve\u017eim\u0117liuose ar k\u016bdiki\u0173 ne\u0161iokl\u0117se ir suteikia jauki\u0105 ir pa\u017e\u012fstam\u0105 poilsio viet\u0105 j\u016bs\u0173 ma\u017eyliui, kad ir kur jis b\u016bt\u0173. Galimos ro\u017ein\u0117s ir m\u0117lynos spalvos, tod\u0117l t\u0117vai gali pasirinkti spalv\u0105, atitinkan\u010di\u0105 j\u0173 pageidavimus ar vaik\u0173 kambario interjer\u0105, derinant \u017eaves\u012f ir funkcionalum\u0105, kad pagerint\u0173 k\u016bdikio prie\u017ei\u016br\u0105.<\/p>","protected":false},"featured_media":3301,"comment_status":"open","ping_status":"closed","template":"","meta":{"_uag_custom_page_level_css":"","site-sidebar-layout":"default","site-content-layout":"","ast-site-content-layout":"default","site-content-style":"default","site-sidebar-style":"default","ast-global-header-display":"","ast-banner-title-visibility":"","ast-main-header-display":"","ast-hfb-above-header-display":"","ast-hfb-below-header-display":"","ast-hfb-mobile-header-display":"","site-post-title":"","ast-breadcrumbs-content":"","ast-featured-img":"","footer-sml-layout":"","ast-disable-related-posts":"","theme-transparent-header-meta":"default","adv-header-id-meta":"","stick-header-meta":"","header-above-stick-meta":"","header-main-stick-meta":"","header-below-stick-meta":"","astra-migrate-meta-layouts":"set","ast-page-background-enabled":"default","ast-page-background-meta":{"desktop":{"background-color":"","background-image":"","background-repeat":"repeat","background-position":"center center","background-size":"auto","background-attachment":"scroll","background-type":"","background-media":"","overlay-type":"","overlay-color":"","overlay-opacity":"","overlay-gradient":""},"tablet":{"background-color":"","background-image":"","background-repeat":"repeat","background-position":"center center","background-size":"auto","background-attachment":"scroll","background-type":"","background-media":"","overlay-type":"","overlay-color":"","overlay-opacity":"","overlay-gradient":""},"mobile":{"background-color":"","background-image":"","background-repeat":"repeat","background-position":"center center","background-size":"auto","background-attachment":"scroll","background-type":"","background-media":"","overlay-type":"","overlay-color":"","overlay-opacity":"","overlay-gradient":""}},"ast-content-background-meta":{"desktop":{"background-color":"var(--ast-global-color-5)","background-image":"","background-repeat":"repeat","background-position":"center center","background-size":"auto","background-attachment":"scroll","background-type":"","background-media":"","overlay-type":"","overlay-color":"","overlay-opacity":"","overlay-gradient":""},"tablet":{"background-color":"var(--ast-global-color-5)","background-image":"","background-repeat":"repeat","background-position":"center center","background-size":"auto","background-attachment":"scroll","background-type":"","background-media":"","overlay-type":"","overlay-color":"","overlay-opacity":"","overlay-gradient":""},"mobile":{"background-color":"var(--ast-global-color-5)","background-image":"","background-repeat":"repeat","background-position":"center center","background-size":"auto","background-attachment":"scroll","background-type":"","background-media":"","overlay-type":"","overlay-color":"","overlay-opacity":"","overlay-gradient":""}}},"product_brand":[],"product_cat":[54,42],"product_tag":[70,68,71,69],"class_list":{"0":"post-3300","1":"product","2":"type-product","3":"status-publish","4":"has-post-thumbnail","6":"product_cat-0-to-6months","7":"product_cat-merchandise","8":"product_tag-babypillow","9":"product_tag-cuteanimalpillow","10":"product_tag-headshapesupport","11":"product_tag-kouniushapingpillow","12":"desktop-align-left","13":"tablet-align-left","14":"mobile-align-left","16":"first","17":"instock","18":"shipping-taxable","19":"product-type-simple"},"aioseo_notices":[],"uagb_featured_image_src":{"full":["https:\/\/babypillowwholesale.com\/wp-content\/uploads\/2025\/03\/1511.jpg",1000,1000,false],"thumbnail":["https:\/\/babypillowwholesale.com\/wp-content\/uploads\/2025\/03\/1511-150x150.jpg",150,150,true],"medium":["https:\/\/babypillowwholesale.com\/wp-content\/uploads\/2025\/03\/1511-300x300.jpg",300,300,true],"medium_large":["https:\/\/babypillowwholesale.com\/wp-content\/uploads\/2025\/03\/1511-768x768.jpg",768,768,true],"large":["https:\/\/babypillowwholesale.com\/wp-content\/uploads\/2025\/03\/1511.jpg",1000,1000,false],"1536x1536":["https:\/\/babypillowwholesale.com\/wp-content\/uploads\/2025\/03\/1511.jpg",1000,1000,false],"2048x2048":["https:\/\/babypillowwholesale.com\/wp-content\/uploads\/2025\/03\/1511.jpg",1000,1000,false],"trp-custom-language-flag":["https:\/\/babypillowwholesale.com\/wp-content\/uploads\/2025\/03\/1511.jpg",12,12,false],"woocommerce_thumbnail":["https:\/\/babypillowwholesale.com\/wp-content\/uploads\/2025\/03\/1511-300x300.jpg",300,300,true],"woocommerce_single":["https:\/\/babypillowwholesale.com\/wp-content\/uploads\/2025\/03\/1511-600x600.jpg",600,600,true],"woocommerce_gallery_thumbnail":["https:\/\/babypillowwholesale.com\/wp-content\/uploads\/2025\/03\/1511-100x100.jpg",100,100,true]},"uagb_author_info":{"display_name":"Etnen zhong","author_link":"https:\/\/babypillowwholesale.com\/lt\/author\/"},"uagb_comment_info":0,"uagb_excerpt":"The Penguin Shaping Pillow is an irresistibly cute and practical product tailored for infants aged 0 to 6 months. Its design, modeled after an adorable penguin with a chubby body, flippers, and a sweet beak, is sure to win hearts at first sight. The central cut - out of the pillow is carefully engineered to&hellip;","jetpack_sharing_enabled":true,"_links":{"self":[{"href":"https:\/\/babypillowwholesale.com\/lt\/wp-json\/wp\/v2\/product\/3300","targetHints":{"allow":["GET"]}}],"collection":[{"href":"https:\/\/babypillowwholesale.com\/lt\/wp-json\/wp\/v2\/product"}],"about":[{"href":"https:\/\/babypillowwholesale.com\/lt\/wp-json\/wp\/v2\/types\/product"}],"replies":[{"embeddable":true,"href":"https:\/\/babypillowwholesale.com\/lt\/wp-json\/wp\/v2\/comments?post=3300"}],"wp:featuredmedia":[{"embeddable":true,"href":"https:\/\/babypillowwholesale.com\/lt\/wp-json\/wp\/v2\/media\/3301"}],"wp:attachment":[{"href":"https:\/\/babypillowwholesale.com\/lt\/wp-json\/wp\/v2\/media?parent=3300"}],"wp:term":[{"taxonomy":"product_brand","embeddable":true,"href":"https:\/\/babypillowwholesale.com\/lt\/wp-json\/wp\/v2\/product_brand?post=3300"},{"taxonomy":"product_cat","embeddable":true,"href":"https:\/\/babypillowwholesale.com\/lt\/wp-json\/wp\/v2\/product_cat?post=3300"},{"taxonomy":"product_tag","embeddable":true,"href":"https:\/\/babypillowwholesale.com\/lt\/wp-json\/wp\/v2\/product_tag?post=3300"}],"curies":[{"name":"wp","href":"https:\/\/api.w.org\/{rel}","templated":true}]}}