{"id":3297,"date":"2025-03-22T02:36:47","date_gmt":"2025-03-22T02:36:47","guid":{"rendered":"https:\/\/babypillowwholesale.com\/?post_type=product&#038;p=3297"},"modified":"2025-06-08T16:05:37","modified_gmt":"2025-06-08T16:05:37","slug":"snotty-elephant-shaping-pillow","status":"publish","type":"product","link":"https:\/\/babypillowwholesale.com\/lt\/product\/snotty-elephant-shaping-pillow\/","title":{"rendered":"Snotty Elephant formuojanti pagalv\u0117"},"content":{"rendered":"<div class=\"auto-hide-last-sibling-br paragraph-qzbcQC paragraph-element br-paragraph-space\" data-immersive-translate-walked=\"8e61f2e7-6af2-46e5-9672-3b9e4f4033d9\" data-immersive-translate-paragraph=\"1\">\n<div class=\"auto-hide-last-sibling-br paragraph-qzbcQC paragraph-element br-paragraph-space\">Pasinerkite \u012f patogumo ir mielumo pasaul\u012f su m\u016bs\u0173 \"Snotty Elephant Shaping Pillow\" - svajinga pagalv\u0117l\u0117, sukurta specialiai ma\u017eiausiems 0-6 m\u0117nesi\u0173 am\u017eiaus lobiams. U\u017eburian\u010dio dizaino, \u012fkv\u0117pto \u0161velnaus drambliuko Snotty, didel\u0117s atl\u0117pusios ausys ir mielas minimalistinis veidelis akimirksniu suteiks j\u016bs\u0173 k\u016bdikio kambariui vandenyni\u0161ko \u017eavesio. \u0160i pagalv\u0117 - tai ne tik \u017eavinga i\u0161vaizda, bet ir atramos j\u0117ga. Precizi\u0161kai suformuota centrin\u0117 i\u0161pjova \u0161velniai ir ramiai apkabina \u0161velni\u0105 k\u016bdikio galvyt\u0119 ir grak\u0161\u010diai padeda jai \u012fgauti tobul\u0105 form\u0105 tyrin\u0117jant pirm\u0173j\u0173 dien\u0173 stebuklus. 26,5*25*1,5 cm dyd\u017eio gultukas yra ne\u012ftik\u0117tinai universalus. Ramiomis popiet\u0117mis namuose pad\u0117kite j\u012f \u012f k\u016bdikio lovel\u0119 ir steb\u0117kite, kaip jis paver\u010dia snaudim\u0105 ramiu vandenyno nuotykiu. Kai su \u0161eima i\u0161vykstate \u012f papl\u016bdim\u012f ar akvarium\u0105, pagalv\u0117l\u0117 patogiai \u012fsitaiso ve\u017eim\u0117lyje ir u\u017etikrina, kad j\u016bs\u0173 ma\u017eylis patogiai keliaus pa\u017e\u012fstamo drambliuko Snotty \u017eavesio apsuptyje. T\u0117vai yra su\u017eav\u0117ti \u0161ia pagalve! \"Mano k\u016bdikiui labai patinka prisiglausti prie \u0161ios \"Snotty\" drambliuko pagalv\u0117s. Ji tokia mink\u0161ta, o dizainas unikalus. Taip pat pasteb\u0117jau, kad ji puikiai padeda palaikyti ger\u0105 galvos form\u0105\", - sak\u0117 viena susi\u017eav\u0117jusi mama. Vienas t\u0117tis pasidalijo: \"Tai tapo privalomu m\u016bs\u0173 daiktu. Lengva ne\u0161iotis, o spalv\u0173 pasirinkimai tikrai gra\u017e\u016bs. M\u016bs\u0173 k\u016bdikis visada atrodo toks patenkintas, kai j\u012f naudoja\". \u017daving\u0173 ro\u017ein\u0117s ir m\u0117lynos spalv\u0173 pagalv\u0117l\u0117 \"Ocean Elephant Shaping Pillow\" yra daugiau nei tik k\u016bdikio aksesuaras - tai mylimas draugas, \u017eadantis komfort\u0105, atram\u0105 ir daug vandenyno \u017eavesio pirmaisiais k\u016bdikio gyvenimo m\u0117nesiais.<\/div>\n<\/div>","protected":false},"excerpt":{"rendered":"<p>\"Snotty Elephant\" formuojanti pagalv\u0117l\u0117 yra patrauklus ir prakti\u0161kas pasirinkimas k\u016bdikiams nuo 0 iki 6 m\u0117nesi\u0173. Jos dizainas, sukurtas pagal vandenyno tematikos drambl\u012f su didel\u0117mis ausimis ir paprastu, mielu veidu, traukia ak\u012f. Centrinis pagalv\u0117s i\u0161pjovimas yra kruop\u0161\u010diai suformuotas taip, kad \u0161velniai remt\u0173 k\u016bdikio galv\u0105 ir pad\u0117t\u0173 i\u0161laikyti tinkam\u0105 galvos form\u0105 ankstyvojo vystymosi laikotarpiu. 26,5* dyd\u017eio<em>25*<\/em>1,5 cm, tod\u0117l puikiai tinka lovel\u0117se, ve\u017eim\u0117liuose arba kai k\u016bdikis ilsisi ant \u017eaidim\u0173 kilim\u0117lio. Galimos ro\u017ein\u0117s ir m\u0117lynos spalvos, tod\u0117l t\u0117vams suteikiama galimyb\u0117 pasirinkti j\u0173 skon\u012f ar vaik\u0173 kambario interjer\u0105 atitinkan\u010di\u0105 spalv\u0105, derinant \u017eaves\u012f ir funkcionalum\u0105 k\u016bdikio prie\u017ei\u016brai.<\/p>","protected":false},"featured_media":3298,"comment_status":"open","ping_status":"closed","template":"","meta":{"_uag_custom_page_level_css":"","site-sidebar-layout":"default","site-content-layout":"","ast-site-content-layout":"default","site-content-style":"default","site-sidebar-style":"default","ast-global-header-display":"","ast-banner-title-visibility":"","ast-main-header-display":"","ast-hfb-above-header-display":"","ast-hfb-below-header-display":"","ast-hfb-mobile-header-display":"","site-post-title":"","ast-breadcrumbs-content":"","ast-featured-img":"","footer-sml-layout":"","ast-disable-related-posts":"","theme-transparent-header-meta":"default","adv-header-id-meta":"","stick-header-meta":"","header-above-stick-meta":"","header-main-stick-meta":"","header-below-stick-meta":"","astra-migrate-meta-layouts":"set","ast-page-background-enabled":"default","ast-page-background-meta":{"desktop":{"background-color":"","background-image":"","background-repeat":"repeat","background-position":"center center","background-size":"auto","background-attachment":"scroll","background-type":"","background-media":"","overlay-type":"","overlay-color":"","overlay-opacity":"","overlay-gradient":""},"tablet":{"background-color":"","background-image":"","background-repeat":"repeat","background-position":"center center","background-size":"auto","background-attachment":"scroll","background-type":"","background-media":"","overlay-type":"","overlay-color":"","overlay-opacity":"","overlay-gradient":""},"mobile":{"background-color":"","background-image":"","background-repeat":"repeat","background-position":"center center","background-size":"auto","background-attachment":"scroll","background-type":"","background-media":"","overlay-type":"","overlay-color":"","overlay-opacity":"","overlay-gradient":""}},"ast-content-background-meta":{"desktop":{"background-color":"var(--ast-global-color-5)","background-image":"","background-repeat":"repeat","background-position":"center center","background-size":"auto","background-attachment":"scroll","background-type":"","background-media":"","overlay-type":"","overlay-color":"","overlay-opacity":"","overlay-gradient":""},"tablet":{"background-color":"var(--ast-global-color-5)","background-image":"","background-repeat":"repeat","background-position":"center center","background-size":"auto","background-attachment":"scroll","background-type":"","background-media":"","overlay-type":"","overlay-color":"","overlay-opacity":"","overlay-gradient":""},"mobile":{"background-color":"var(--ast-global-color-5)","background-image":"","background-repeat":"repeat","background-position":"center center","background-size":"auto","background-attachment":"scroll","background-type":"","background-media":"","overlay-type":"","overlay-color":"","overlay-opacity":"","overlay-gradient":""}}},"product_brand":[],"product_cat":[54,42],"product_tag":[70,68,71,69],"class_list":{"0":"post-3297","1":"product","2":"type-product","3":"status-publish","4":"has-post-thumbnail","6":"product_cat-0-to-6months","7":"product_cat-merchandise","8":"product_tag-babypillow","9":"product_tag-cuteanimalpillow","10":"product_tag-headshapesupport","11":"product_tag-kouniushapingpillow","12":"desktop-align-left","13":"tablet-align-left","14":"mobile-align-left","16":"first","17":"instock","18":"shipping-taxable","19":"product-type-simple"},"aioseo_notices":[],"uagb_featured_image_src":{"full":["https:\/\/babypillowwholesale.com\/wp-content\/uploads\/2025\/03\/1510.jpg",1000,1000,false],"thumbnail":["https:\/\/babypillowwholesale.com\/wp-content\/uploads\/2025\/03\/1510-150x150.jpg",150,150,true],"medium":["https:\/\/babypillowwholesale.com\/wp-content\/uploads\/2025\/03\/1510-300x300.jpg",300,300,true],"medium_large":["https:\/\/babypillowwholesale.com\/wp-content\/uploads\/2025\/03\/1510-768x768.jpg",768,768,true],"large":["https:\/\/babypillowwholesale.com\/wp-content\/uploads\/2025\/03\/1510.jpg",1000,1000,false],"1536x1536":["https:\/\/babypillowwholesale.com\/wp-content\/uploads\/2025\/03\/1510.jpg",1000,1000,false],"2048x2048":["https:\/\/babypillowwholesale.com\/wp-content\/uploads\/2025\/03\/1510.jpg",1000,1000,false],"trp-custom-language-flag":["https:\/\/babypillowwholesale.com\/wp-content\/uploads\/2025\/03\/1510.jpg",12,12,false],"woocommerce_thumbnail":["https:\/\/babypillowwholesale.com\/wp-content\/uploads\/2025\/03\/1510-300x300.jpg",300,300,true],"woocommerce_single":["https:\/\/babypillowwholesale.com\/wp-content\/uploads\/2025\/03\/1510-600x600.jpg",600,600,true],"woocommerce_gallery_thumbnail":["https:\/\/babypillowwholesale.com\/wp-content\/uploads\/2025\/03\/1510-100x100.jpg",100,100,true]},"uagb_author_info":{"display_name":"Etnen zhong","author_link":"https:\/\/babypillowwholesale.com\/lt\/author\/"},"uagb_comment_info":1,"uagb_excerpt":"The Snotty Elephant Shaping Pillow is an appealing and practical choice for infants aged 0 to 6 months. Its design, modeled after an ocean - themed elephant with large ears and a simple, cute face, is eye - catching. The central cut - out of the pillow is carefully shaped to provide gentle support for&hellip;","jetpack_sharing_enabled":true,"_links":{"self":[{"href":"https:\/\/babypillowwholesale.com\/lt\/wp-json\/wp\/v2\/product\/3297","targetHints":{"allow":["GET"]}}],"collection":[{"href":"https:\/\/babypillowwholesale.com\/lt\/wp-json\/wp\/v2\/product"}],"about":[{"href":"https:\/\/babypillowwholesale.com\/lt\/wp-json\/wp\/v2\/types\/product"}],"replies":[{"embeddable":true,"href":"https:\/\/babypillowwholesale.com\/lt\/wp-json\/wp\/v2\/comments?post=3297"}],"wp:featuredmedia":[{"embeddable":true,"href":"https:\/\/babypillowwholesale.com\/lt\/wp-json\/wp\/v2\/media\/3298"}],"wp:attachment":[{"href":"https:\/\/babypillowwholesale.com\/lt\/wp-json\/wp\/v2\/media?parent=3297"}],"wp:term":[{"taxonomy":"product_brand","embeddable":true,"href":"https:\/\/babypillowwholesale.com\/lt\/wp-json\/wp\/v2\/product_brand?post=3297"},{"taxonomy":"product_cat","embeddable":true,"href":"https:\/\/babypillowwholesale.com\/lt\/wp-json\/wp\/v2\/product_cat?post=3297"},{"taxonomy":"product_tag","embeddable":true,"href":"https:\/\/babypillowwholesale.com\/lt\/wp-json\/wp\/v2\/product_tag?post=3297"}],"curies":[{"name":"wp","href":"https:\/\/api.w.org\/{rel}","templated":true}]}}