{"id":3291,"date":"2025-03-22T01:54:48","date_gmt":"2025-03-22T01:54:48","guid":{"rendered":"https:\/\/babypillowwholesale.com\/?post_type=product&#038;p=3291"},"modified":"2025-06-08T16:08:25","modified_gmt":"2025-06-08T16:08:25","slug":"kitten-shaping-pillow","status":"publish","type":"product","link":"https:\/\/babypillowwholesale.com\/lt\/product\/kitten-shaping-pillow\/","title":{"rendered":"Ka\u010diuko formavimo pagalv\u0117"},"content":{"rendered":"<div class=\"auto-hide-last-sibling-br paragraph-qzbcQC paragraph-element br-paragraph-space\" data-immersive-translate-walked=\"8e61f2e7-6af2-46e5-9672-3b9e4f4033d9\" data-immersive-translate-paragraph=\"1\">\n<div class=\"auto-hide-last-sibling-br paragraph-qzbcQC paragraph-element br-paragraph-space\">Sveiki atvyk\u0119 \u012f nepaprastai \u017eaving\u0105 ka\u010diuko formavimo pagalv\u0119 - komforto prieglobst\u012f, pritaikyt\u0105 ma\u017eiausiems d\u017eiaugsmo pli\u016bpsniams nuo 0 iki 6 m\u0117nesi\u0173 am\u017eiaus. Jos dizainas, kur\u012f \u012fkv\u0117p\u0117 \u017eavus ka\u010diukas su ausyt\u0117mis ir miela, \u017eavinga veido i\u0161rai\u0161ka, yra vizualus malonumas, suteikiantis j\u016bs\u0173 k\u016bdikio pasauliui ka\u010di\u0173 \u017eavesio. \u0160i pagalv\u0117l\u0117 - tai ne tik puota akims, bet ir funkcionalumo \u0161edevras. Strategi\u0161kai i\u0161d\u0117styta centrin\u0117 i\u0161pjova \u0161velniai ir ergonomi\u0161kai apkabina trapi\u0105 k\u016bdikio galvyt\u0119 ir grak\u0161\u010diai padeda jai \u012fgauti tobul\u0105 form\u0105, kai k\u016bdikis patiria pirm\u0173j\u0173 dien\u0173 magij\u0105. 26,5*25*1,5 cm matmenys - tai universalus draugas \u012fvairioms situacijoms. Tingiais rytais namuose pad\u0117kite j\u012f \u012f k\u016bdikio lovel\u0119 ir steb\u0117kite, kaip jis paver\u010dia erdv\u0119 jaukia ka\u010diuko tema sukurta prieb\u0117ga, u\u017emigdan\u010dia j\u016bs\u0173 ma\u017eyl\u012f ramiam miegui. Kai keliaujate \u012f \u0161eimos nuotykius, nesvarbu, ar tai b\u016bt\u0173 kelion\u0117 \u012f akvarium\u0105, ar pas senelius, pagalv\u0117l\u0117 patogiai \u012fsitaiso ve\u017eim\u0117lyje, kad k\u016bdikiui b\u016bt\u0173 patogu visos kelion\u0117s metu. T\u0117vai d\u017eiaugiasi \u0161ia pagalve! Viena mama pasidalijo: \"Mano k\u016bdikis nu\u0161vinta, kai tik pamato \u0161i\u0105 ka\u010diuko pagalv\u0119. Ji labai mink\u0161ta, o dizainas tiesiog per daug mielas. Be to, ji puikiai padeda i\u0161laikyti ger\u0105 galvos pad\u0117t\u012f.\" Vienas t\u0117tis prid\u016br\u0117: \"Man patinka, kaip lengva j\u0105 ne\u0161iotis. \u012evairi\u0173 spalv\u0173 variantai yra didelis pliusas. Tai tapo svarbia m\u016bs\u0173 k\u016bdikio kasdienyb\u0117s dalimi.\" \u017daving\u0173 ro\u017ein\u0117s, m\u0117lynos ir tamsiai \u017ealios spalv\u0173 pagalv\u0117 \"Kitten Shaping Pillow\" yra daugiau nei tik k\u016bdikio aksesuaras - tai mylimas draugas, \u017eadantis patogum\u0105, atram\u0105 ir daug mielumo pirmaisiais k\u016bdikio gyvenimo m\u0117nesiais.<\/div>\n<\/div>","protected":false},"excerpt":{"rendered":"<p>Ka\u010diuko formavimo pagalv\u0117l\u0117 yra \u017eavus ir funkcionalus gaminys, skirtas k\u016bdikiams nuo 0 iki 6 m\u0117nesi\u0173. Miel\u0173 ka\u010diuk\u0173 \u012fkv\u0117ptas dizainas su ausyt\u0117mis ir miela veido i\u0161rai\u0161ka yra vizualiai patrauklus ir tikrai pavergs tiek t\u0117v\u0173, tiek k\u016bdiki\u0173 \u0161irdis. Centrinis pagalv\u0117s i\u0161pjovimas \u0161velniai ir ergonomi\u0161kai palaiko k\u016bdikio galv\u0105, padeda i\u0161laikyti tinkam\u0105 galvos form\u0105 ankstyvuoju raidos etapu. 26,5* dyd\u017eio<em>25*<\/em>1,5 cm, tod\u0117l patogiai telpa \u012f lovytes, ve\u017eim\u0117lius ar automobilines k\u0117dutes ir suteikia ma\u017eyliui jauki\u0105 poilsio viet\u0105, kad ir kur jis b\u016bt\u0173. Galimos ro\u017ein\u0117s, m\u0117lynos ir tamsiai \u017ealios spalvos, tod\u0117l t\u0117vai gali pasirinkti spalv\u0105, atitinkan\u010di\u0105 j\u0173 pageidavimus ar vaik\u0173 kambario interjer\u0105, derindami mielum\u0105 ir prakti\u0161kum\u0105, kad pagerint\u0173 k\u016bdikio prie\u017ei\u016br\u0105.<\/p>","protected":false},"featured_media":3292,"comment_status":"open","ping_status":"closed","template":"","meta":{"_uag_custom_page_level_css":"","site-sidebar-layout":"default","site-content-layout":"","ast-site-content-layout":"default","site-content-style":"default","site-sidebar-style":"default","ast-global-header-display":"","ast-banner-title-visibility":"","ast-main-header-display":"","ast-hfb-above-header-display":"","ast-hfb-below-header-display":"","ast-hfb-mobile-header-display":"","site-post-title":"","ast-breadcrumbs-content":"","ast-featured-img":"","footer-sml-layout":"","ast-disable-related-posts":"","theme-transparent-header-meta":"default","adv-header-id-meta":"","stick-header-meta":"","header-above-stick-meta":"","header-main-stick-meta":"","header-below-stick-meta":"","astra-migrate-meta-layouts":"set","ast-page-background-enabled":"default","ast-page-background-meta":{"desktop":{"background-color":"","background-image":"","background-repeat":"repeat","background-position":"center center","background-size":"auto","background-attachment":"scroll","background-type":"","background-media":"","overlay-type":"","overlay-color":"","overlay-opacity":"","overlay-gradient":""},"tablet":{"background-color":"","background-image":"","background-repeat":"repeat","background-position":"center center","background-size":"auto","background-attachment":"scroll","background-type":"","background-media":"","overlay-type":"","overlay-color":"","overlay-opacity":"","overlay-gradient":""},"mobile":{"background-color":"","background-image":"","background-repeat":"repeat","background-position":"center center","background-size":"auto","background-attachment":"scroll","background-type":"","background-media":"","overlay-type":"","overlay-color":"","overlay-opacity":"","overlay-gradient":""}},"ast-content-background-meta":{"desktop":{"background-color":"var(--ast-global-color-5)","background-image":"","background-repeat":"repeat","background-position":"center center","background-size":"auto","background-attachment":"scroll","background-type":"","background-media":"","overlay-type":"","overlay-color":"","overlay-opacity":"","overlay-gradient":""},"tablet":{"background-color":"var(--ast-global-color-5)","background-image":"","background-repeat":"repeat","background-position":"center center","background-size":"auto","background-attachment":"scroll","background-type":"","background-media":"","overlay-type":"","overlay-color":"","overlay-opacity":"","overlay-gradient":""},"mobile":{"background-color":"var(--ast-global-color-5)","background-image":"","background-repeat":"repeat","background-position":"center center","background-size":"auto","background-attachment":"scroll","background-type":"","background-media":"","overlay-type":"","overlay-color":"","overlay-opacity":"","overlay-gradient":""}}},"product_brand":[],"product_cat":[54,42],"product_tag":[70,68,71,69],"class_list":{"0":"post-3291","1":"product","2":"type-product","3":"status-publish","4":"has-post-thumbnail","6":"product_cat-0-to-6months","7":"product_cat-merchandise","8":"product_tag-babypillow","9":"product_tag-cuteanimalpillow","10":"product_tag-headshapesupport","11":"product_tag-kouniushapingpillow","12":"desktop-align-left","13":"tablet-align-left","14":"mobile-align-left","16":"first","17":"instock","18":"shipping-taxable","19":"product-type-simple"},"aioseo_notices":[],"uagb_featured_image_src":{"full":["https:\/\/babypillowwholesale.com\/wp-content\/uploads\/2025\/03\/1509.jpg",1000,1000,false],"thumbnail":["https:\/\/babypillowwholesale.com\/wp-content\/uploads\/2025\/03\/1509-150x150.jpg",150,150,true],"medium":["https:\/\/babypillowwholesale.com\/wp-content\/uploads\/2025\/03\/1509-300x300.jpg",300,300,true],"medium_large":["https:\/\/babypillowwholesale.com\/wp-content\/uploads\/2025\/03\/1509-768x768.jpg",768,768,true],"large":["https:\/\/babypillowwholesale.com\/wp-content\/uploads\/2025\/03\/1509.jpg",1000,1000,false],"1536x1536":["https:\/\/babypillowwholesale.com\/wp-content\/uploads\/2025\/03\/1509.jpg",1000,1000,false],"2048x2048":["https:\/\/babypillowwholesale.com\/wp-content\/uploads\/2025\/03\/1509.jpg",1000,1000,false],"trp-custom-language-flag":["https:\/\/babypillowwholesale.com\/wp-content\/uploads\/2025\/03\/1509.jpg",12,12,false],"woocommerce_thumbnail":["https:\/\/babypillowwholesale.com\/wp-content\/uploads\/2025\/03\/1509-300x300.jpg",300,300,true],"woocommerce_single":["https:\/\/babypillowwholesale.com\/wp-content\/uploads\/2025\/03\/1509-600x600.jpg",600,600,true],"woocommerce_gallery_thumbnail":["https:\/\/babypillowwholesale.com\/wp-content\/uploads\/2025\/03\/1509-100x100.jpg",100,100,true]},"uagb_author_info":{"display_name":"Etnen zhong","author_link":"https:\/\/babypillowwholesale.com\/lt\/author\/"},"uagb_comment_info":0,"uagb_excerpt":"The Kitten Shaping Pillow is a charming and functional product designed for infants aged 0 to 6 months. Its cute kitten - inspired design, with perky ears and a sweet - faced expression, is visually appealing and sure to capture the hearts of both parents and babies. The central cut - out of the pillow&hellip;","jetpack_sharing_enabled":true,"_links":{"self":[{"href":"https:\/\/babypillowwholesale.com\/lt\/wp-json\/wp\/v2\/product\/3291","targetHints":{"allow":["GET"]}}],"collection":[{"href":"https:\/\/babypillowwholesale.com\/lt\/wp-json\/wp\/v2\/product"}],"about":[{"href":"https:\/\/babypillowwholesale.com\/lt\/wp-json\/wp\/v2\/types\/product"}],"replies":[{"embeddable":true,"href":"https:\/\/babypillowwholesale.com\/lt\/wp-json\/wp\/v2\/comments?post=3291"}],"wp:featuredmedia":[{"embeddable":true,"href":"https:\/\/babypillowwholesale.com\/lt\/wp-json\/wp\/v2\/media\/3292"}],"wp:attachment":[{"href":"https:\/\/babypillowwholesale.com\/lt\/wp-json\/wp\/v2\/media?parent=3291"}],"wp:term":[{"taxonomy":"product_brand","embeddable":true,"href":"https:\/\/babypillowwholesale.com\/lt\/wp-json\/wp\/v2\/product_brand?post=3291"},{"taxonomy":"product_cat","embeddable":true,"href":"https:\/\/babypillowwholesale.com\/lt\/wp-json\/wp\/v2\/product_cat?post=3291"},{"taxonomy":"product_tag","embeddable":true,"href":"https:\/\/babypillowwholesale.com\/lt\/wp-json\/wp\/v2\/product_tag?post=3291"}],"curies":[{"name":"wp","href":"https:\/\/api.w.org\/{rel}","templated":true}]}}