{"id":3289,"date":"2025-03-20T08:23:07","date_gmt":"2025-03-20T08:23:07","guid":{"rendered":"https:\/\/babypillowwholesale.com\/?post_type=product&#038;p=3289"},"modified":"2025-06-08T16:10:06","modified_gmt":"2025-06-08T16:10:06","slug":"crown-shaping-pillow","status":"publish","type":"product","link":"https:\/\/babypillowwholesale.com\/lt\/product\/crown-shaping-pillow\/","title":{"rendered":"Kar\u016bnos formavimo pagalv\u0117"},"content":{"rendered":"<div class=\"auto-hide-last-sibling-br paragraph-qzbcQC paragraph-element br-paragraph-space\" data-immersive-translate-walked=\"8e61f2e7-6af2-46e5-9672-3b9e4f4033d9\" data-immersive-translate-paragraph=\"1\">\n<div class=\"auto-hide-last-sibling-br paragraph-qzbcQC paragraph-element br-paragraph-space\">Pristatome \"Crown Shaping Pillow\" - puik\u0173 elegancijos ir funkcionalumo derin\u012f, kruop\u0161\u010diai sukurt\u0105 ma\u017eiausiems karali\u0161kiesiems asmenims nuo 0 iki 6 m\u0117nesi\u0173 am\u017eiaus. I\u0161skirtinio dizaino pagalv\u0117l\u0117 su dailia kar\u016bna vir\u0161uje suteikia karali\u0161ko \u017eavesio, tod\u0117l tai ne tik pagalv\u0117l\u0117, bet ir i\u0161skirtinis elementas bet kuriame vaik\u0173 kambaryje. \u0160i pagalv\u0117 - tai patogumo ir atramos \u0161ventov\u0117. Precizi\u0161kai suformuotas centrinis i\u0161pjovimas \u0161velniai priglaud\u017eia \u0161velni\u0105 k\u016bdikio galvyt\u0119 ir grak\u0161\u010diai padeda jai \u012fgauti tobul\u0105 form\u0105, kai k\u016bdikis i\u0161keliauja per savo brangias pirm\u0105sias dienas. 26,5*25*1,5 cm matmenys - idealiai tinka \u012fvairioms patalpoms. Nesvarbu, ar ji bus \u012fd\u0117ta \u012f prabangi\u0105 mink\u0161t\u0105 k\u016bdikio lovyt\u0119, sukurdama jauk\u0173 sost\u0105 ramiam miegui, ar lyd\u0117s j\u012f ve\u017eim\u0117lyje saul\u0117tame pasivaik\u0161\u010diojime po apylinkes, \u0161i pagalv\u0117 u\u017etikrins neabejotin\u0105 komfort\u0105. Ji taip pat puikiai tinka k\u016bdiki\u0173 ne\u0161iokl\u0117se, tod\u0117l i\u0161vykos taps lengvos, o j\u016bs\u0173 ma\u017eylis bus patogiai prilaikomas. \u0160i pagalv\u0117 su\u017eav\u0117jo t\u0117vus! Viena susi\u017eav\u0117jusi mama pasidalijo: \"Mano k\u016bdikis atrodo tarsi ma\u017eas princas ar princes\u0117, besiilsintis ant \u0161ios kar\u016bnos pagalv\u0117s. Ji ne\u012ftik\u0117tinai mink\u0161ta ir pasteb\u0117jau, kad labai pager\u0117jo j\u0173 galvos forma. M\u0117lyna spalva, kuri\u0105 pasirinkome, yra tiesiog stulbinanti vaik\u0173 kambaryje\". T\u0117tis prid\u016br\u0117: \"J\u0105 taip patogu visur pasiimti su savimi. Dizainas unikalus, o mano k\u016bdikiui, atrodo, labai patinka. Tai puikus m\u016bs\u0173 k\u016bdikio reikmen\u0173 papildymas\". \u017daving\u0173 ro\u017ein\u0117s ir m\u0117lynos spalv\u0173 kar\u016bnos formavimo pagalv\u0117 yra daugiau nei tik k\u016bdikio aksesuaras - tai brangus draugas, \u017eadantis komfort\u0105, atram\u0105 ir karali\u0161ko \u017eavesio pirmaisiais k\u016bdikio gyvenimo m\u0117nesiais.<\/div>\n<\/div>","protected":false},"excerpt":{"rendered":"<p>Kar\u016bn\u0105 formuojanti pagalv\u0117l\u0117 yra \u017eavingas ir prakti\u0161kas gaminys, skirtas 0-6 m\u0117nesi\u0173 k\u016bdikiams. Unikalus dizainas su miela kar\u016bna vir\u0161uje suteikia karali\u0161k\u0105 ir \u017eavi\u0105 i\u0161vaizd\u0105. Centrinis pagalv\u0117s i\u0161pjovimas kruop\u0161\u010diai sukurtas taip, kad \u0161velniai remt\u0173 k\u016bdikio galv\u0105 ir pad\u0117t\u0173 i\u0161laikyti tinkam\u0105 galvos form\u0105 svarbiu ankstyvuoju raidos etapu. I\u0161matavimai: 26,5<em>25<\/em>1,5 cm, jis patogiai telpa lovel\u0117se, ve\u017eim\u0117liuose arba kai k\u016bdikis ilsisi ant antklod\u0117s. Galimos ro\u017ein\u0117s ir m\u0117lynos spalvos, tod\u0117l t\u0117vai gali rinktis spalv\u0105, atitinkan\u010di\u0105 j\u0173 skon\u012f ar vaik\u0173 kambario interjer\u0105, derinant stili\u0173 ir funkcionalum\u0105 optimaliai k\u016bdikio prie\u017ei\u016brai.<\/p>","protected":false},"featured_media":3290,"comment_status":"open","ping_status":"closed","template":"","meta":{"_uag_custom_page_level_css":"","site-sidebar-layout":"default","site-content-layout":"","ast-site-content-layout":"default","site-content-style":"default","site-sidebar-style":"default","ast-global-header-display":"","ast-banner-title-visibility":"","ast-main-header-display":"","ast-hfb-above-header-display":"","ast-hfb-below-header-display":"","ast-hfb-mobile-header-display":"","site-post-title":"","ast-breadcrumbs-content":"","ast-featured-img":"","footer-sml-layout":"","ast-disable-related-posts":"","theme-transparent-header-meta":"default","adv-header-id-meta":"","stick-header-meta":"","header-above-stick-meta":"","header-main-stick-meta":"","header-below-stick-meta":"","astra-migrate-meta-layouts":"set","ast-page-background-enabled":"default","ast-page-background-meta":{"desktop":{"background-color":"","background-image":"","background-repeat":"repeat","background-position":"center center","background-size":"auto","background-attachment":"scroll","background-type":"","background-media":"","overlay-type":"","overlay-color":"","overlay-opacity":"","overlay-gradient":""},"tablet":{"background-color":"","background-image":"","background-repeat":"repeat","background-position":"center center","background-size":"auto","background-attachment":"scroll","background-type":"","background-media":"","overlay-type":"","overlay-color":"","overlay-opacity":"","overlay-gradient":""},"mobile":{"background-color":"","background-image":"","background-repeat":"repeat","background-position":"center center","background-size":"auto","background-attachment":"scroll","background-type":"","background-media":"","overlay-type":"","overlay-color":"","overlay-opacity":"","overlay-gradient":""}},"ast-content-background-meta":{"desktop":{"background-color":"var(--ast-global-color-5)","background-image":"","background-repeat":"repeat","background-position":"center center","background-size":"auto","background-attachment":"scroll","background-type":"","background-media":"","overlay-type":"","overlay-color":"","overlay-opacity":"","overlay-gradient":""},"tablet":{"background-color":"var(--ast-global-color-5)","background-image":"","background-repeat":"repeat","background-position":"center center","background-size":"auto","background-attachment":"scroll","background-type":"","background-media":"","overlay-type":"","overlay-color":"","overlay-opacity":"","overlay-gradient":""},"mobile":{"background-color":"var(--ast-global-color-5)","background-image":"","background-repeat":"repeat","background-position":"center center","background-size":"auto","background-attachment":"scroll","background-type":"","background-media":"","overlay-type":"","overlay-color":"","overlay-opacity":"","overlay-gradient":""}}},"product_brand":[],"product_cat":[54,42],"product_tag":[70,68,71,69],"class_list":{"0":"post-3289","1":"product","2":"type-product","3":"status-publish","4":"has-post-thumbnail","6":"product_cat-0-to-6months","7":"product_cat-merchandise","8":"product_tag-babypillow","9":"product_tag-cuteanimalpillow","10":"product_tag-headshapesupport","11":"product_tag-kouniushapingpillow","12":"desktop-align-left","13":"tablet-align-left","14":"mobile-align-left","16":"first","17":"instock","18":"shipping-taxable","19":"product-type-simple"},"aioseo_notices":[],"uagb_featured_image_src":{"full":["https:\/\/babypillowwholesale.com\/wp-content\/uploads\/2025\/03\/1508.jpg",1000,1000,false],"thumbnail":["https:\/\/babypillowwholesale.com\/wp-content\/uploads\/2025\/03\/1508-150x150.jpg",150,150,true],"medium":["https:\/\/babypillowwholesale.com\/wp-content\/uploads\/2025\/03\/1508-300x300.jpg",300,300,true],"medium_large":["https:\/\/babypillowwholesale.com\/wp-content\/uploads\/2025\/03\/1508-768x768.jpg",768,768,true],"large":["https:\/\/babypillowwholesale.com\/wp-content\/uploads\/2025\/03\/1508.jpg",1000,1000,false],"1536x1536":["https:\/\/babypillowwholesale.com\/wp-content\/uploads\/2025\/03\/1508.jpg",1000,1000,false],"2048x2048":["https:\/\/babypillowwholesale.com\/wp-content\/uploads\/2025\/03\/1508.jpg",1000,1000,false],"trp-custom-language-flag":["https:\/\/babypillowwholesale.com\/wp-content\/uploads\/2025\/03\/1508.jpg",12,12,false],"woocommerce_thumbnail":["https:\/\/babypillowwholesale.com\/wp-content\/uploads\/2025\/03\/1508-300x300.jpg",300,300,true],"woocommerce_single":["https:\/\/babypillowwholesale.com\/wp-content\/uploads\/2025\/03\/1508-600x600.jpg",600,600,true],"woocommerce_gallery_thumbnail":["https:\/\/babypillowwholesale.com\/wp-content\/uploads\/2025\/03\/1508-100x100.jpg",100,100,true]},"uagb_author_info":{"display_name":"yangli","author_link":"https:\/\/babypillowwholesale.com\/lt\/author\/"},"uagb_comment_info":0,"uagb_excerpt":"The Crown Shaping Pillow is a charming and practical product designed for infants aged 0 to 6 months. Its unique design, featuring a cute crown on top, gives it a regal and adorable look. The central cut - out of the pillow is carefully crafted to provide gentle support for a baby's head, helping to&hellip;","jetpack_sharing_enabled":true,"_links":{"self":[{"href":"https:\/\/babypillowwholesale.com\/lt\/wp-json\/wp\/v2\/product\/3289","targetHints":{"allow":["GET"]}}],"collection":[{"href":"https:\/\/babypillowwholesale.com\/lt\/wp-json\/wp\/v2\/product"}],"about":[{"href":"https:\/\/babypillowwholesale.com\/lt\/wp-json\/wp\/v2\/types\/product"}],"replies":[{"embeddable":true,"href":"https:\/\/babypillowwholesale.com\/lt\/wp-json\/wp\/v2\/comments?post=3289"}],"wp:featuredmedia":[{"embeddable":true,"href":"https:\/\/babypillowwholesale.com\/lt\/wp-json\/wp\/v2\/media\/3290"}],"wp:attachment":[{"href":"https:\/\/babypillowwholesale.com\/lt\/wp-json\/wp\/v2\/media?parent=3289"}],"wp:term":[{"taxonomy":"product_brand","embeddable":true,"href":"https:\/\/babypillowwholesale.com\/lt\/wp-json\/wp\/v2\/product_brand?post=3289"},{"taxonomy":"product_cat","embeddable":true,"href":"https:\/\/babypillowwholesale.com\/lt\/wp-json\/wp\/v2\/product_cat?post=3289"},{"taxonomy":"product_tag","embeddable":true,"href":"https:\/\/babypillowwholesale.com\/lt\/wp-json\/wp\/v2\/product_tag?post=3289"}],"curies":[{"name":"wp","href":"https:\/\/api.w.org\/{rel}","templated":true}]}}