{"id":3286,"date":"2025-03-18T15:34:57","date_gmt":"2025-03-18T15:34:57","guid":{"rendered":"https:\/\/babypillowwholesale.com\/?post_type=product&#038;p=3286"},"modified":"2025-06-08T16:11:21","modified_gmt":"2025-06-08T16:11:21","slug":"monster-shaping-pillow","status":"publish","type":"product","link":"https:\/\/babypillowwholesale.com\/lt\/product\/monster-shaping-pillow\/","title":{"rendered":"Monstro formavimo pagalv\u0117"},"content":{"rendered":"<div class=\"auto-hide-last-sibling-br paragraph-qzbcQC paragraph-element br-paragraph-space\" data-immersive-translate-walked=\"8e61f2e7-6af2-46e5-9672-3b9e4f4033d9\" data-immersive-translate-paragraph=\"1\">\n<div class=\"auto-hide-last-sibling-br paragraph-qzbcQC paragraph-element br-paragraph-space\">\u017denkite \u012f \u017eaisming\u0105 ir patog\u0173 pasaul\u012f su m\u016bs\u0173 monstr\u0173 formavimo pagalve, kuri yra b\u016btina ma\u017eiausiems nuotyki\u0173 ie\u0161kotojams nuo 0 iki 6 m\u0117nesi\u0173 am\u017eiaus. \u017davus monstr\u0173 \u012fkv\u0117ptas dizainas su didel\u0117mis smalsiomis apvaliomis akimis, ma\u017ea nosimi ir ausimis - \u017eaismingas priedas, kuris akimirksniu pagyvins bet kur\u012f vaik\u0173 kambar\u012f. \u0160i pagalv\u0117 ne tik \u017eavingai atrodo, bet ir yra atramos oaz\u0117. Kruop\u0161\u010diai suformuota centrin\u0117 i\u0161pjova \u0161velniai ir ramiai apkabina \u0161velni\u0105 k\u016bdikio galvyt\u0119 ir grak\u0161\u010diai padeda jai \u012fgauti tobul\u0105 form\u0105, kol ji tyrin\u0117ja pirm\u0105sias savo gyvenimo dienas. 26,5*25*1,5 cm matmenys - ne\u012ftik\u0117tinai universal\u016bs. Per tingias sekmadienio popietes namuose pad\u0117kite j\u012f \u012f k\u016bdikio lovel\u0119 ir steb\u0117kite, kaip jis paver\u010dia snaudim\u0105 jaukia, svajoni\u0173 kupina patirtimi. Kai su \u0161eima i\u0161vykstate \u012f zoologijos sod\u0105 ar piknik\u0105 parke, pagalv\u0117l\u0117 patogiai \u012fsitaiso ve\u017eim\u0117lyje ir u\u017etikrina, kad j\u016bs\u0173 ma\u017eyliui b\u016bt\u0173 patogu keliauti. T\u0117vai \u017eavisi \u0161ia nuostabia pagalve! Viena mama d\u017eiaug\u0117si: \"Mano k\u016bdikis aps\u0117stas \u0161ios pabaisos pagalv\u0117s. Ji tokia mink\u0161ta, o jos dizainas visada priver\u010dia juos kikenti. Be to, ji puikiai padeda i\u0161laikyti ger\u0105 galvos pad\u0117t\u012f.\" Vienas t\u0117tis dalijosi: \"Man patinka, kaip lengva j\u0105 ne\u0161iotis. Ji tapo pagrindiniu m\u016bs\u0173 kelioni\u0173 reikmeniu, o spalv\u0173 pasirinkimai tikrai gra\u017e\u016bs. Labai rekomenduoju kitiems t\u0117vams\". \u017daving\u0173 ro\u017ein\u0117s ir m\u0117lynos spalv\u0173 pagalv\u0117l\u0117 \"Monster Shaping Pillow\" yra daugiau nei tik k\u016bdikio aksesuaras - tai mylimas draugas, \u017eadantis komfort\u0105, param\u0105 ir daug d\u017eiaugsmo brangiomis pirmosiomis k\u016bdikio dienomis.<\/div>\n<\/div>","protected":false},"excerpt":{"rendered":"<p>\"Monstro formavimo pagalv\u0117\" yra \u012fdomus ir prakti\u0161kas gaminys, skirtas k\u016bdikiams nuo 0 iki 6 m\u0117nesi\u0173. D\u0117l savo mielos i\u0161vaizdos su pabaisa, apvaliomis akimis, ma\u017ea nosimi ir ma\u017eomis ausyt\u0117mis ji yra vizualiai \u012fdomi. Unikalus centrinis pagalv\u0117s i\u0161pjovimas \u0161velniai palaiko k\u016bdikio galv\u0105 ir padeda i\u0161laikyti tinkam\u0105 galvos form\u0105 ankstyvojo augimo laikotarpiu. I\u0161matavimai: 26,5<em>25<\/em>1,5 cm, jis tinka naudoti lovel\u0117se, ve\u017eim\u0117liuose arba kai k\u016bdikis guli ant \u017eaidim\u0173 kilim\u0117lio. Galimos ro\u017ein\u0117s ir m\u0117lynos spalvos, tod\u0117l t\u0117vams suteikiama galimyb\u0117 pasirinkti spalv\u0105, atitinkan\u010di\u0105 j\u0173 pageidavimus ar vaik\u0173 kambario interjer\u0105, derinant ir smagum\u0105, ir funkcionalum\u0105 k\u016bdikio prie\u017ei\u016brai.<\/p>","protected":false},"featured_media":3287,"comment_status":"open","ping_status":"closed","template":"","meta":{"_uag_custom_page_level_css":"","site-sidebar-layout":"default","site-content-layout":"","ast-site-content-layout":"default","site-content-style":"default","site-sidebar-style":"default","ast-global-header-display":"","ast-banner-title-visibility":"","ast-main-header-display":"","ast-hfb-above-header-display":"","ast-hfb-below-header-display":"","ast-hfb-mobile-header-display":"","site-post-title":"","ast-breadcrumbs-content":"","ast-featured-img":"","footer-sml-layout":"","ast-disable-related-posts":"","theme-transparent-header-meta":"default","adv-header-id-meta":"","stick-header-meta":"","header-above-stick-meta":"","header-main-stick-meta":"","header-below-stick-meta":"","astra-migrate-meta-layouts":"set","ast-page-background-enabled":"default","ast-page-background-meta":{"desktop":{"background-color":"","background-image":"","background-repeat":"repeat","background-position":"center center","background-size":"auto","background-attachment":"scroll","background-type":"","background-media":"","overlay-type":"","overlay-color":"","overlay-opacity":"","overlay-gradient":""},"tablet":{"background-color":"","background-image":"","background-repeat":"repeat","background-position":"center center","background-size":"auto","background-attachment":"scroll","background-type":"","background-media":"","overlay-type":"","overlay-color":"","overlay-opacity":"","overlay-gradient":""},"mobile":{"background-color":"","background-image":"","background-repeat":"repeat","background-position":"center center","background-size":"auto","background-attachment":"scroll","background-type":"","background-media":"","overlay-type":"","overlay-color":"","overlay-opacity":"","overlay-gradient":""}},"ast-content-background-meta":{"desktop":{"background-color":"var(--ast-global-color-5)","background-image":"","background-repeat":"repeat","background-position":"center center","background-size":"auto","background-attachment":"scroll","background-type":"","background-media":"","overlay-type":"","overlay-color":"","overlay-opacity":"","overlay-gradient":""},"tablet":{"background-color":"var(--ast-global-color-5)","background-image":"","background-repeat":"repeat","background-position":"center center","background-size":"auto","background-attachment":"scroll","background-type":"","background-media":"","overlay-type":"","overlay-color":"","overlay-opacity":"","overlay-gradient":""},"mobile":{"background-color":"var(--ast-global-color-5)","background-image":"","background-repeat":"repeat","background-position":"center center","background-size":"auto","background-attachment":"scroll","background-type":"","background-media":"","overlay-type":"","overlay-color":"","overlay-opacity":"","overlay-gradient":""}}},"product_brand":[],"product_cat":[54,42],"product_tag":[70,68,71,69],"class_list":{"0":"post-3286","1":"product","2":"type-product","3":"status-publish","4":"has-post-thumbnail","6":"product_cat-0-to-6months","7":"product_cat-merchandise","8":"product_tag-babypillow","9":"product_tag-cuteanimalpillow","10":"product_tag-headshapesupport","11":"product_tag-kouniushapingpillow","12":"desktop-align-left","13":"tablet-align-left","14":"mobile-align-left","16":"first","17":"instock","18":"shipping-taxable","19":"product-type-simple"},"aioseo_notices":[],"uagb_featured_image_src":{"full":["https:\/\/babypillowwholesale.com\/wp-content\/uploads\/2025\/03\/1507.jpg",1000,1000,false],"thumbnail":["https:\/\/babypillowwholesale.com\/wp-content\/uploads\/2025\/03\/1507-150x150.jpg",150,150,true],"medium":["https:\/\/babypillowwholesale.com\/wp-content\/uploads\/2025\/03\/1507-300x300.jpg",300,300,true],"medium_large":["https:\/\/babypillowwholesale.com\/wp-content\/uploads\/2025\/03\/1507-768x768.jpg",768,768,true],"large":["https:\/\/babypillowwholesale.com\/wp-content\/uploads\/2025\/03\/1507.jpg",1000,1000,false],"1536x1536":["https:\/\/babypillowwholesale.com\/wp-content\/uploads\/2025\/03\/1507.jpg",1000,1000,false],"2048x2048":["https:\/\/babypillowwholesale.com\/wp-content\/uploads\/2025\/03\/1507.jpg",1000,1000,false],"trp-custom-language-flag":["https:\/\/babypillowwholesale.com\/wp-content\/uploads\/2025\/03\/1507.jpg",12,12,false],"woocommerce_thumbnail":["https:\/\/babypillowwholesale.com\/wp-content\/uploads\/2025\/03\/1507-300x300.jpg",300,300,true],"woocommerce_single":["https:\/\/babypillowwholesale.com\/wp-content\/uploads\/2025\/03\/1507-600x600.jpg",600,600,true],"woocommerce_gallery_thumbnail":["https:\/\/babypillowwholesale.com\/wp-content\/uploads\/2025\/03\/1507-100x100.jpg",100,100,true]},"uagb_author_info":{"display_name":"Etnen zhong","author_link":"https:\/\/babypillowwholesale.com\/lt\/author\/"},"uagb_comment_info":0,"uagb_excerpt":"The Monster Shaping Pillow is an engaging and practical product designed for infants aged 0 to 6 months. Its cute monster - themed appearance, with round eyes, a small nose, and little ears, makes it visually interesting. The unique central cut - out of the pillow provides gentle support for a baby's head, helping to&hellip;","jetpack_sharing_enabled":true,"_links":{"self":[{"href":"https:\/\/babypillowwholesale.com\/lt\/wp-json\/wp\/v2\/product\/3286","targetHints":{"allow":["GET"]}}],"collection":[{"href":"https:\/\/babypillowwholesale.com\/lt\/wp-json\/wp\/v2\/product"}],"about":[{"href":"https:\/\/babypillowwholesale.com\/lt\/wp-json\/wp\/v2\/types\/product"}],"replies":[{"embeddable":true,"href":"https:\/\/babypillowwholesale.com\/lt\/wp-json\/wp\/v2\/comments?post=3286"}],"wp:featuredmedia":[{"embeddable":true,"href":"https:\/\/babypillowwholesale.com\/lt\/wp-json\/wp\/v2\/media\/3287"}],"wp:attachment":[{"href":"https:\/\/babypillowwholesale.com\/lt\/wp-json\/wp\/v2\/media?parent=3286"}],"wp:term":[{"taxonomy":"product_brand","embeddable":true,"href":"https:\/\/babypillowwholesale.com\/lt\/wp-json\/wp\/v2\/product_brand?post=3286"},{"taxonomy":"product_cat","embeddable":true,"href":"https:\/\/babypillowwholesale.com\/lt\/wp-json\/wp\/v2\/product_cat?post=3286"},{"taxonomy":"product_tag","embeddable":true,"href":"https:\/\/babypillowwholesale.com\/lt\/wp-json\/wp\/v2\/product_tag?post=3286"}],"curies":[{"name":"wp","href":"https:\/\/api.w.org\/{rel}","templated":true}]}}