{"id":3273,"date":"2025-03-18T07:02:19","date_gmt":"2025-03-18T07:02:19","guid":{"rendered":"https:\/\/babypillowwholesale.com\/?post_type=product&#038;p=3273"},"modified":"2025-06-08T16:12:27","modified_gmt":"2025-06-08T16:12:27","slug":"adorable-bunny-shaping-pillow","status":"publish","type":"product","link":"https:\/\/babypillowwholesale.com\/lt\/product\/adorable-bunny-shaping-pillow\/","title":{"rendered":"\u017davinga zuikio formavimo pagalv\u0117"},"content":{"rendered":"<div class=\"auto-hide-last-sibling-br paragraph-qzbcQC paragraph-element br-paragraph-space\" data-immersive-translate-walked=\"8e61f2e7-6af2-46e5-9672-3b9e4f4033d9\" data-immersive-translate-paragraph=\"1\">\n<div class=\"auto-hide-last-sibling-br paragraph-qzbcQC paragraph-element br-paragraph-space\">Suteikite savo ma\u017eyliui komforto jausm\u0105 su m\u016bs\u0173 \"Adorable Bunny Shaping Pillow\" - tai privaloma pagalv\u0117l\u0117 k\u016bdikiams nuo 0 iki 6 m\u0117nesi\u0173 am\u017eiaus. Pagaminta taip, kad imituoja brang\u0173 zuikut\u012f su atl\u0117pusiomis ausyt\u0117mis ir ramia, pusiau u\u017emerkt\u0173 aki\u0173 i\u0161rai\u0161ka, tai vizualinis \u0161edevras, kuris bet kuriam vaik\u0173 kambariui suteiks pasaki\u0161ko \u017eavesio. \u0160i pagalv\u0117 yra funkcionalumo pavyzdys. Strategi\u0161kai i\u0161d\u0117styta centrin\u0117 i\u0161pjova suteikia \u0161velni\u0105, glostan\u010di\u0105 atram\u0105 \u0161velniai j\u016bs\u0173 k\u016bdikio galvai ir grak\u0161\u010diai padeda jai \u012fgauti tobul\u0105 form\u0105, kai ji patiria pirm\u0173j\u0173 m\u0117nesi\u0173 stebuklus. 26,5*25*1,5 cm dyd\u017eio pagalv\u0117l\u0117 yra ne\u012ftik\u0117tinai universali. Nesvarbu, ar ji priglausta mink\u0161tame k\u016bdikio lovel\u0117s gl\u0117byje, paver\u010dianti snaudim\u0105 svajingu pab\u0117gimu, ar \u012fd\u0117ta \u012f ve\u017eim\u0117l\u012f, kad gal\u0117tum\u0117te v\u0117siai pasivaik\u0161\u010dioti papl\u016bdimiu, \u0161i pagalv\u0117 visada u\u017etikrina, kad j\u016bs\u0173 ma\u017eajai d\u017eiaugsmo g\u0117rybei b\u016bt\u0173 patogu. Ji taip pat puikiai tinka k\u016bdiki\u0173 automobilin\u0117se k\u0117dut\u0117se, tod\u0117l ilgos kelion\u0117s automobiliu j\u016bs\u0173 k\u016bdikiui taps ramios. T\u0117vai \u012fsimyl\u0117jo \u0161i\u0105 pagalv\u0119! \"Kai tik pad\u0117jau \u0161i\u0105 \"Adorable Bunny Shaping Pillow\" pagalv\u0117l\u0119 \u012f savo k\u016bdikio lovel\u0119, supratau, kad ji laim\u0117jo. Ji ne tik labai mink\u0161ta, bet ir pastebimai pakeit\u0117 mano k\u016bdikio galvos form\u0105\", - d\u017eiaug\u0117si viena laiminga mama. Vienas t\u0117tis pasidalijo: \"A\u0161 j\u0105 pasiimu su savimi visur, kur tik einame. Skirting\u0173 spalv\u0173 variantai yra puik\u016bs, o zuiku\u010dio dizainas visada priver\u010dia mano k\u016bdik\u012f nusi\u0161ypsoti. Tai neabejotinas privalomas pirkinys naujiems t\u0117vams.\" \u017daving\u0173 ro\u017ein\u0117s, m\u0117lynos ir tamsiai \u017ealios spalv\u0173 \"Adorable Bunny Shaping Pillow\" yra daugiau nei tik k\u016bdikio aksesuaras - tai mylimas draugas, \u017eadantis patogum\u0105, atram\u0105 ir daug mielumo pirmosiomis k\u016bdikio gyvenimo dienomis.<\/div>\n<\/div>","protected":false},"excerpt":{"rendered":"<p>\"Adorable Bunny Shaping Pillow\" - tai nuostabus gaminys, pritaikytas k\u016bdikiams nuo 0 iki 6 m\u0117nesi\u0173. Jos dizainas, sukurtas pagal \u017eav\u0173 zuikut\u012f ilgomis ausimis ir mieguista, mieguista veido i\u0161rai\u0161ka, yra vizualiai patrauklus ir tikrai su\u017eav\u0117s tiek t\u0117vus, tiek k\u016bdikius. Centrinis pagalv\u0117s i\u0161pjovimas ergonomi\u0161kai suprojektuotas taip, kad \u0161velniai remt\u0173 k\u016bdikio galv\u0105 ir pad\u0117t\u0173 i\u0161laikyti tinkam\u0105 galvos form\u0105 ankstyvuoju raidos laikotarpiu. 26,5*<em>25*<\/em>1,5 cm, tod\u0117l patogiai telpa \u012f lovytes, ve\u017eim\u0117lius ar automobilines k\u0117dutes ir suteikia jauki\u0105 poilsio viet\u0105, kad ir kur b\u016bt\u0173 j\u016bs\u0173 k\u016bdikis. Rausvos, m\u0117lynos ir tamsiai \u017ealios spalvos, tod\u0117l t\u0117vai gali pasirinkti atspalv\u012f, atitinkant\u012f j\u0173 pageidavimus ar vaik\u0173 kambario interjer\u0105, derindami mielum\u0105 ir prakti\u0161kum\u0105 optimaliai k\u016bdikio prie\u017ei\u016brai.<\/p>","protected":false},"featured_media":3285,"comment_status":"open","ping_status":"closed","template":"","meta":{"_uag_custom_page_level_css":"","site-sidebar-layout":"default","site-content-layout":"","ast-site-content-layout":"default","site-content-style":"default","site-sidebar-style":"default","ast-global-header-display":"","ast-banner-title-visibility":"","ast-main-header-display":"","ast-hfb-above-header-display":"","ast-hfb-below-header-display":"","ast-hfb-mobile-header-display":"","site-post-title":"","ast-breadcrumbs-content":"","ast-featured-img":"","footer-sml-layout":"","ast-disable-related-posts":"","theme-transparent-header-meta":"default","adv-header-id-meta":"","stick-header-meta":"","header-above-stick-meta":"","header-main-stick-meta":"","header-below-stick-meta":"","astra-migrate-meta-layouts":"set","ast-page-background-enabled":"default","ast-page-background-meta":{"desktop":{"background-color":"","background-image":"","background-repeat":"repeat","background-position":"center center","background-size":"auto","background-attachment":"scroll","background-type":"","background-media":"","overlay-type":"","overlay-color":"","overlay-opacity":"","overlay-gradient":""},"tablet":{"background-color":"","background-image":"","background-repeat":"repeat","background-position":"center center","background-size":"auto","background-attachment":"scroll","background-type":"","background-media":"","overlay-type":"","overlay-color":"","overlay-opacity":"","overlay-gradient":""},"mobile":{"background-color":"","background-image":"","background-repeat":"repeat","background-position":"center center","background-size":"auto","background-attachment":"scroll","background-type":"","background-media":"","overlay-type":"","overlay-color":"","overlay-opacity":"","overlay-gradient":""}},"ast-content-background-meta":{"desktop":{"background-color":"var(--ast-global-color-5)","background-image":"","background-repeat":"repeat","background-position":"center center","background-size":"auto","background-attachment":"scroll","background-type":"","background-media":"","overlay-type":"","overlay-color":"","overlay-opacity":"","overlay-gradient":""},"tablet":{"background-color":"var(--ast-global-color-5)","background-image":"","background-repeat":"repeat","background-position":"center center","background-size":"auto","background-attachment":"scroll","background-type":"","background-media":"","overlay-type":"","overlay-color":"","overlay-opacity":"","overlay-gradient":""},"mobile":{"background-color":"var(--ast-global-color-5)","background-image":"","background-repeat":"repeat","background-position":"center center","background-size":"auto","background-attachment":"scroll","background-type":"","background-media":"","overlay-type":"","overlay-color":"","overlay-opacity":"","overlay-gradient":""}}},"product_brand":[],"product_cat":[54,42],"product_tag":[70,68,71,69],"class_list":{"0":"post-3273","1":"product","2":"type-product","3":"status-publish","4":"has-post-thumbnail","6":"product_cat-0-to-6months","7":"product_cat-merchandise","8":"product_tag-babypillow","9":"product_tag-cuteanimalpillow","10":"product_tag-headshapesupport","11":"product_tag-kouniushapingpillow","12":"desktop-align-left","13":"tablet-align-left","14":"mobile-align-left","16":"first","17":"instock","18":"shipping-taxable","19":"product-type-simple"},"aioseo_notices":[],"uagb_featured_image_src":{"full":["https:\/\/babypillowwholesale.com\/wp-content\/uploads\/2025\/03\/1506-1.jpg",1000,1000,false],"thumbnail":["https:\/\/babypillowwholesale.com\/wp-content\/uploads\/2025\/03\/1506-1-150x150.jpg",150,150,true],"medium":["https:\/\/babypillowwholesale.com\/wp-content\/uploads\/2025\/03\/1506-1-300x300.jpg",300,300,true],"medium_large":["https:\/\/babypillowwholesale.com\/wp-content\/uploads\/2025\/03\/1506-1-768x768.jpg",768,768,true],"large":["https:\/\/babypillowwholesale.com\/wp-content\/uploads\/2025\/03\/1506-1.jpg",1000,1000,false],"1536x1536":["https:\/\/babypillowwholesale.com\/wp-content\/uploads\/2025\/03\/1506-1.jpg",1000,1000,false],"2048x2048":["https:\/\/babypillowwholesale.com\/wp-content\/uploads\/2025\/03\/1506-1.jpg",1000,1000,false],"trp-custom-language-flag":["https:\/\/babypillowwholesale.com\/wp-content\/uploads\/2025\/03\/1506-1.jpg",12,12,false],"woocommerce_thumbnail":["https:\/\/babypillowwholesale.com\/wp-content\/uploads\/2025\/03\/1506-1-300x300.jpg",300,300,true],"woocommerce_single":["https:\/\/babypillowwholesale.com\/wp-content\/uploads\/2025\/03\/1506-1-600x600.jpg",600,600,true],"woocommerce_gallery_thumbnail":["https:\/\/babypillowwholesale.com\/wp-content\/uploads\/2025\/03\/1506-1-100x100.jpg",100,100,true]},"uagb_author_info":{"display_name":"Etnen zhong","author_link":"https:\/\/babypillowwholesale.com\/lt\/author\/"},"uagb_comment_info":1,"uagb_excerpt":"The Adorable Bunny Shaping Pillow is a delightful product tailored for infants aged 0 to 6 months. Its design, modeled after an adorable bunny with long ears and a sweet, sleepy - eyed expression, is visually appealing and sure to charm both parents and babies. The central cut - out of the pillow is ergonomically&hellip;","jetpack_sharing_enabled":true,"_links":{"self":[{"href":"https:\/\/babypillowwholesale.com\/lt\/wp-json\/wp\/v2\/product\/3273","targetHints":{"allow":["GET"]}}],"collection":[{"href":"https:\/\/babypillowwholesale.com\/lt\/wp-json\/wp\/v2\/product"}],"about":[{"href":"https:\/\/babypillowwholesale.com\/lt\/wp-json\/wp\/v2\/types\/product"}],"replies":[{"embeddable":true,"href":"https:\/\/babypillowwholesale.com\/lt\/wp-json\/wp\/v2\/comments?post=3273"}],"wp:featuredmedia":[{"embeddable":true,"href":"https:\/\/babypillowwholesale.com\/lt\/wp-json\/wp\/v2\/media\/3285"}],"wp:attachment":[{"href":"https:\/\/babypillowwholesale.com\/lt\/wp-json\/wp\/v2\/media?parent=3273"}],"wp:term":[{"taxonomy":"product_brand","embeddable":true,"href":"https:\/\/babypillowwholesale.com\/lt\/wp-json\/wp\/v2\/product_brand?post=3273"},{"taxonomy":"product_cat","embeddable":true,"href":"https:\/\/babypillowwholesale.com\/lt\/wp-json\/wp\/v2\/product_cat?post=3273"},{"taxonomy":"product_tag","embeddable":true,"href":"https:\/\/babypillowwholesale.com\/lt\/wp-json\/wp\/v2\/product_tag?post=3273"}],"curies":[{"name":"wp","href":"https:\/\/api.w.org\/{rel}","templated":true}]}}