{"id":3271,"date":"2025-03-18T06:30:20","date_gmt":"2025-03-18T06:30:20","guid":{"rendered":"https:\/\/babypillowwholesale.com\/?post_type=product&#038;p=3271"},"modified":"2025-06-08T16:13:28","modified_gmt":"2025-06-08T16:13:28","slug":"cute-one-shaping-pillow","status":"publish","type":"product","link":"https:\/\/babypillowwholesale.com\/lt\/product\/cute-one-shaping-pillow\/","title":{"rendered":"Mielos vienos formos pagalv\u0117s"},"content":{"rendered":"<div class=\"auto-hide-last-sibling-br paragraph-qzbcQC paragraph-element br-paragraph-space\" data-immersive-translate-walked=\"8e61f2e7-6af2-46e5-9672-3b9e4f4033d9\" data-immersive-translate-paragraph=\"1\">\n<div class=\"auto-hide-last-sibling-br paragraph-qzbcQC paragraph-element br-paragraph-space\">Nepaprastai \u017eavinga pagalv\u0117l\u0117 \"Cute One Shaping Pillow\" - tai svajinga pagalv\u0117l\u0117, kruop\u0161\u010diai sukurta patiems ma\u017eiausiems 0-6 m\u0117nesi\u0173 am\u017eiaus ma\u017eyliams. \u0160i\u0105 pagalv\u0117l\u0119 puo\u0161ia \u017eavios gyv\u016bn\u0173 \u012fkv\u0117ptos ausys ir mielas, \u017eavus veidelis, tod\u0117l ne\u012fmanoma i\u0161 pirmo \u017evilgsnio nesusi\u017eav\u0117ti \u0161ia pagalv\u0117le.<\/div>\n<div class=\"auto-hide-last-sibling-br paragraph-qzbcQC paragraph-element br-paragraph-space\">\u0160i pagalv\u0117 ne tik \u017eavi savo i\u0161ore, bet ir yra funkcionalumo pavyzdys. I\u0161radingai suprojektuota centrin\u0117 i\u0161pjova \u0161velniai apkabina ir palaiko \u0161velni\u0105 j\u016bs\u0173 k\u016bdikio galvyt\u0119, \u0161velniai nukreipdama j\u0105 tobulos formos link, kai k\u016bdikis keliauja per savo brangias pirm\u0105sias dienas. 26,5*<em>25*<\/em>1,5 cm dyd\u017eio, tod\u0117l jis puikiai tinka \u012fvairiose vietose.<\/div>\n<div class=\"auto-hide-last-sibling-br paragraph-qzbcQC paragraph-element br-paragraph-space\">Nesvarbu, ar \u0161i pagalv\u0117l\u0117 priglausta pliu\u0161in\u0117je k\u016bdikio lovel\u0117je, ar sukuria ramyb\u0117s prieglobst\u012f ilgam, atstatomajam miegui, ar lydi ma\u017eyl\u012f ve\u017eim\u0117lyje, kai jis ramiai vaik\u0161tin\u0117ja po park\u0105, ji u\u017etikrina nepajudinam\u0105 komfort\u0105. Ji taip pat idealiai tinka jaukioms popiet\u0117ms namuose, kai j\u016bs\u0173 k\u016bdikis ilsisi ant mink\u0161tos antklod\u0117s, suteikdama pa\u017e\u012fstam\u0105 ir raminan\u010di\u0105 viet\u0105.<\/div>\n<div class=\"auto-hide-last-sibling-br paragraph-qzbcQC paragraph-element br-paragraph-space\">T\u0117vai yra visi\u0161kai su\u017eav\u0117ti \"Cute One\" formuojan\u010dia pagalve! Viena susi\u017eav\u0117jusi mama pasidalijo: \"\u0160i pagalv\u0117 yra ne tik ne\u012ftik\u0117tinai miela, bet ir stebuklingai tinka mano k\u016bdikio galvos formai. Ji tokia mink\u0161ta, o mano ma\u017eyliui, atrodo, patinka ant jos ils\u0117tis. Be to, spalv\u0173 pasirinkimai puik\u016bs - mes pasirinkome m\u0117lyn\u0105 ir ji nuostabiai atrodo vaik\u0173 kambaryje.\" Kitas t\u0117tis prid\u016br\u0117: \"Tai tapo m\u016bs\u0173 kasdien\u0117s rutinos pagrindu. Lengva ne\u0161iotis ir visada sukelia \u0161ypsen\u0105 mano k\u016bdikio veide. Labai rekomenduoju!\"<\/div>\n<div class=\"auto-hide-last-sibling-br paragraph-qzbcQC paragraph-element br-paragraph-space\">\u017davi\u0173 ro\u017ein\u0117s, m\u0117lynos ir tamsiai \u017ealios spalv\u0173 pagalv\u0117l\u0117 \"Cute One Shaping Pillow\" yra daugiau nei tik k\u016bdikio aksesuaras - tai brangus draugas, kuriame puikiai dera gro\u017eis, patogumas ir prakti\u0161kumas pirmaisiais k\u016bdikio gyvenimo m\u0117nesiais.<\/div>\n<\/div>","protected":false},"excerpt":{"rendered":"<p>\"Cute One Shaping Pillow\" yra puikus ir funkcionalus gaminys, skirtas k\u016bdikiams nuo 0 iki 6 m\u0117nesi\u0173. \u017davios i\u0161vaizdos, su mielomis, \u012f gyv\u016bnus pana\u0161iomis ausimis ir mielu veidu, ji tikrai pavergs \u0161irdis. Unikalus pagalv\u0117s viduryje esantis i\u0161kirptas dizainas \u0161velniai palaiko k\u016bdikio galv\u0105 ir padeda i\u0161laikyti sveik\u0105 galvos form\u0105 ankstyvuoju raidos etapu. 26,5* dyd\u017eio<em>25*<\/em>1,5 cm, jis patogiai telpa lovel\u0117je, ve\u017eim\u0117lyje arba kai k\u016bdikis ilsisi ant antklod\u0117s. Galimos ro\u017ein\u0117s, m\u0117lynos ir tamsiai \u017ealios spalvos, tod\u0117l t\u0117vai gali rinktis pagal savo pageidavimus ar vaik\u0173 kambario interjer\u0105, derindami ir mielum\u0105, ir prakti\u0161kum\u0105 k\u016bdikio prie\u017ei\u016brai.<\/p>","protected":false},"featured_media":3284,"comment_status":"open","ping_status":"closed","template":"","meta":{"_uag_custom_page_level_css":"","site-sidebar-layout":"default","site-content-layout":"","ast-site-content-layout":"default","site-content-style":"default","site-sidebar-style":"default","ast-global-header-display":"","ast-banner-title-visibility":"","ast-main-header-display":"","ast-hfb-above-header-display":"","ast-hfb-below-header-display":"","ast-hfb-mobile-header-display":"","site-post-title":"","ast-breadcrumbs-content":"","ast-featured-img":"","footer-sml-layout":"","ast-disable-related-posts":"","theme-transparent-header-meta":"default","adv-header-id-meta":"","stick-header-meta":"","header-above-stick-meta":"","header-main-stick-meta":"","header-below-stick-meta":"","astra-migrate-meta-layouts":"set","ast-page-background-enabled":"default","ast-page-background-meta":{"desktop":{"background-color":"","background-image":"","background-repeat":"repeat","background-position":"center center","background-size":"auto","background-attachment":"scroll","background-type":"","background-media":"","overlay-type":"","overlay-color":"","overlay-opacity":"","overlay-gradient":""},"tablet":{"background-color":"","background-image":"","background-repeat":"repeat","background-position":"center center","background-size":"auto","background-attachment":"scroll","background-type":"","background-media":"","overlay-type":"","overlay-color":"","overlay-opacity":"","overlay-gradient":""},"mobile":{"background-color":"","background-image":"","background-repeat":"repeat","background-position":"center center","background-size":"auto","background-attachment":"scroll","background-type":"","background-media":"","overlay-type":"","overlay-color":"","overlay-opacity":"","overlay-gradient":""}},"ast-content-background-meta":{"desktop":{"background-color":"var(--ast-global-color-5)","background-image":"","background-repeat":"repeat","background-position":"center center","background-size":"auto","background-attachment":"scroll","background-type":"","background-media":"","overlay-type":"","overlay-color":"","overlay-opacity":"","overlay-gradient":""},"tablet":{"background-color":"var(--ast-global-color-5)","background-image":"","background-repeat":"repeat","background-position":"center center","background-size":"auto","background-attachment":"scroll","background-type":"","background-media":"","overlay-type":"","overlay-color":"","overlay-opacity":"","overlay-gradient":""},"mobile":{"background-color":"var(--ast-global-color-5)","background-image":"","background-repeat":"repeat","background-position":"center center","background-size":"auto","background-attachment":"scroll","background-type":"","background-media":"","overlay-type":"","overlay-color":"","overlay-opacity":"","overlay-gradient":""}}},"product_brand":[],"product_cat":[54,42],"product_tag":[70,68,71,69],"class_list":{"0":"post-3271","1":"product","2":"type-product","3":"status-publish","4":"has-post-thumbnail","6":"product_cat-0-to-6months","7":"product_cat-merchandise","8":"product_tag-babypillow","9":"product_tag-cuteanimalpillow","10":"product_tag-headshapesupport","11":"product_tag-kouniushapingpillow","12":"desktop-align-left","13":"tablet-align-left","14":"mobile-align-left","16":"first","17":"instock","18":"shipping-taxable","19":"product-type-simple"},"aioseo_notices":[],"uagb_featured_image_src":{"full":["https:\/\/babypillowwholesale.com\/wp-content\/uploads\/2025\/03\/1167-1.jpg",1000,1000,false],"thumbnail":["https:\/\/babypillowwholesale.com\/wp-content\/uploads\/2025\/03\/1167-1-150x150.jpg",150,150,true],"medium":["https:\/\/babypillowwholesale.com\/wp-content\/uploads\/2025\/03\/1167-1-300x300.jpg",300,300,true],"medium_large":["https:\/\/babypillowwholesale.com\/wp-content\/uploads\/2025\/03\/1167-1-768x768.jpg",768,768,true],"large":["https:\/\/babypillowwholesale.com\/wp-content\/uploads\/2025\/03\/1167-1.jpg",1000,1000,false],"1536x1536":["https:\/\/babypillowwholesale.com\/wp-content\/uploads\/2025\/03\/1167-1.jpg",1000,1000,false],"2048x2048":["https:\/\/babypillowwholesale.com\/wp-content\/uploads\/2025\/03\/1167-1.jpg",1000,1000,false],"trp-custom-language-flag":["https:\/\/babypillowwholesale.com\/wp-content\/uploads\/2025\/03\/1167-1.jpg",12,12,false],"woocommerce_thumbnail":["https:\/\/babypillowwholesale.com\/wp-content\/uploads\/2025\/03\/1167-1-300x300.jpg",300,300,true],"woocommerce_single":["https:\/\/babypillowwholesale.com\/wp-content\/uploads\/2025\/03\/1167-1-600x600.jpg",600,600,true],"woocommerce_gallery_thumbnail":["https:\/\/babypillowwholesale.com\/wp-content\/uploads\/2025\/03\/1167-1-100x100.jpg",100,100,true]},"uagb_author_info":{"display_name":"Etnen zhong","author_link":"https:\/\/babypillowwholesale.com\/lt\/author\/"},"uagb_comment_info":0,"uagb_excerpt":"The Cute One Shaping Pillow is a delightful and functional product designed for infants aged 0 to 6 months. Its charming appearance, featuring cute animal - like ears and a sweet - faced design, is sure to capture hearts. The pillow's unique cut - out design in the middle provides gentle support for a baby's&hellip;","jetpack_sharing_enabled":true,"_links":{"self":[{"href":"https:\/\/babypillowwholesale.com\/lt\/wp-json\/wp\/v2\/product\/3271","targetHints":{"allow":["GET"]}}],"collection":[{"href":"https:\/\/babypillowwholesale.com\/lt\/wp-json\/wp\/v2\/product"}],"about":[{"href":"https:\/\/babypillowwholesale.com\/lt\/wp-json\/wp\/v2\/types\/product"}],"replies":[{"embeddable":true,"href":"https:\/\/babypillowwholesale.com\/lt\/wp-json\/wp\/v2\/comments?post=3271"}],"wp:featuredmedia":[{"embeddable":true,"href":"https:\/\/babypillowwholesale.com\/lt\/wp-json\/wp\/v2\/media\/3284"}],"wp:attachment":[{"href":"https:\/\/babypillowwholesale.com\/lt\/wp-json\/wp\/v2\/media?parent=3271"}],"wp:term":[{"taxonomy":"product_brand","embeddable":true,"href":"https:\/\/babypillowwholesale.com\/lt\/wp-json\/wp\/v2\/product_brand?post=3271"},{"taxonomy":"product_cat","embeddable":true,"href":"https:\/\/babypillowwholesale.com\/lt\/wp-json\/wp\/v2\/product_cat?post=3271"},{"taxonomy":"product_tag","embeddable":true,"href":"https:\/\/babypillowwholesale.com\/lt\/wp-json\/wp\/v2\/product_tag?post=3271"}],"curies":[{"name":"wp","href":"https:\/\/api.w.org\/{rel}","templated":true}]}}