{"id":3269,"date":"2025-03-17T15:47:20","date_gmt":"2025-03-17T15:47:20","guid":{"rendered":"https:\/\/babypillowwholesale.com\/?post_type=product&#038;p=3269"},"modified":"2025-06-08T16:14:39","modified_gmt":"2025-06-08T16:14:39","slug":"little-bear-crescent-pillow","status":"publish","type":"product","link":"https:\/\/babypillowwholesale.com\/lt\/product\/little-bear-crescent-pillow\/","title":{"rendered":"Ma\u017easis lokys Pusm\u0117nulio pagalv\u0117"},"content":{"rendered":"<div class=\"auto-hide-last-sibling-br paragraph-qzbcQC paragraph-element br-paragraph-space\" data-immersive-translate-walked=\"8e61f2e7-6af2-46e5-9672-3b9e4f4033d9\" data-immersive-translate-paragraph=\"1\">Susipa\u017einkite su \u017eavinga pagalv\u0117le \"Little Bear Crescent Pillow\" - puikiu \u017eavesio ir funkcionalumo deriniu, pritaikytu patiems ma\u017eiausiems 0-6 m\u0117nesi\u0173 am\u017eiaus miegantiems vaikams. Primenanti \u017eav\u0173 me\u0161kiuk\u0105 su ausyt\u0117mis ir \u0161ilum\u0105 spinduliuojan\u010diu veidu, ji i\u0161 karto pavogs \u0161ird\u012f ir suteiks j\u016bs\u0173 k\u016bdikio pasauliui mielumo. \u0160i pagalv\u0117l\u0117 ne tik d\u017eiugina vizualiai, bet ir suteikia komforto. Kruop\u0161\u010diai i\u0161gaubta pusm\u0117nulio forma \u0161velniai ir ergonomi\u0161kai apkabina \u0161velni\u0105 k\u016bdikio galvyt\u0119, pad\u0117dama jai \u012fgauti gra\u017ei\u0105 form\u0105, kai ji keliauja per brangius pirmuosius m\u0117nesius. K\u0117dut\u0117 yra 23\/20,5*0\/5 cm dyd\u017eio, tod\u0117l idealiai tinka \u012fvairioms vietoms. Per ilgas ir tingias popietes namuose pad\u0117kite j\u012f \u012f k\u016bdikio lovel\u0119 ir steb\u0117kite, kaip jis paver\u010dia erdv\u0119 jaukiu prieglobs\u010diu, u\u017emigdydamas j\u016bs\u0173 ma\u017eyl\u012f ramiam miegui. Kai keliaujate, nesvarbu, ar tai b\u016bt\u0173 greita kelion\u0117 \u012f parduotuv\u0119, ar savaitgalio i\u0161vyka, pagalv\u0117l\u0117 patogiai \u012fsitaiso k\u016bdikio ne\u0161iokl\u0117je, u\u017etikrindama k\u016bdikio komfort\u0105 visos kelion\u0117s metu. T\u0117vai \u017eavisi \u0161iuo ma\u017ey\u010diu perlu! Viena laiminga mama pasidalijo: \"Mano k\u016bdikis \u0161i\u0105 me\u0161kiuko pagalv\u0119 naudoja nuo keli\u0173 savai\u010di\u0173. Ji tokia mink\u0161ta, o man patinka mielas dizainas. Be to, atrodo, kad ji tikrai padeda i\u0161laikyti ger\u0105 galvos pad\u0117t\u012f.\" Kitas t\u0117tis antrino: \"Skirting\u0173 spalv\u0173 variantai buvo didelis pliusas. Mes \u012fsigijome tamsiai \u017eali\u0105, ir ji nuostabiai atrodo vaik\u0173 kambaryje. Jis tapo svarbia m\u016bs\u0173 k\u016bdikio kasdienyb\u0117s dalimi.\" \u017daving\u0173 ro\u017ein\u0117s, m\u0117lynos ir tamsiai \u017ealios spalv\u0173 pagalv\u0117l\u0117 \"Little Bear Crescent Pillow\" yra daugiau nei tik k\u016bdikio aksesuaras - tai mylimas palydovas, \u017eadantis patogum\u0105, atram\u0105 ir daug mielumo pirmosiomis k\u016bdikio dienomis.<\/div>","protected":false},"excerpt":{"rendered":"<p>Pagalv\u0117l\u0117 \"Little Bear Crescent\" yra \u017eavingas ir prakti\u0161kas pasirinkimas k\u016bdikiams nuo 0 iki 6 m\u0117nesi\u0173. Pagalv\u0117l\u0117 suformuota kaip \u017eavus me\u0161kiukas, turi mielas ausytes ir miel\u0105 veidel\u012f, tod\u0117l yra vizualiai patraukli. Pusm\u0117nulio formos pagalv\u0117s konstrukcija \u0161velniai ir ergonomi\u0161kai palaiko k\u016bdikio galv\u0105, padeda i\u0161laikyti tinkam\u0105 galvos form\u0105 ankstyvojo vystymosi laikotarpiu. 23\/20,5*0\/5 cm dyd\u017eio pagalv\u0117 tinka naudoti lovel\u0117se, k\u016bdiki\u0173 ne\u0161ykl\u0117se arba kai k\u016bdikis guli ant \u017eaidim\u0173 kilim\u0117lio. Galimos ro\u017ein\u0117s, m\u0117lynos ir tamsiai \u017ealios spalvos, tod\u0117l t\u0117vai gali pasirinkti spalv\u0105, atitinkan\u010di\u0105 j\u0173 skon\u012f ar vaik\u0173 kambario interjer\u0105, derinant funkcionalum\u0105 ir mielum\u0105, kad k\u016bdikiui b\u016bt\u0173 patogiau.<\/p>","protected":false},"featured_media":3283,"comment_status":"open","ping_status":"closed","template":"","meta":{"_uag_custom_page_level_css":"","site-sidebar-layout":"default","site-content-layout":"","ast-site-content-layout":"default","site-content-style":"default","site-sidebar-style":"default","ast-global-header-display":"","ast-banner-title-visibility":"","ast-main-header-display":"","ast-hfb-above-header-display":"","ast-hfb-below-header-display":"","ast-hfb-mobile-header-display":"","site-post-title":"","ast-breadcrumbs-content":"","ast-featured-img":"","footer-sml-layout":"","ast-disable-related-posts":"","theme-transparent-header-meta":"default","adv-header-id-meta":"","stick-header-meta":"","header-above-stick-meta":"","header-main-stick-meta":"","header-below-stick-meta":"","astra-migrate-meta-layouts":"set","ast-page-background-enabled":"default","ast-page-background-meta":{"desktop":{"background-color":"","background-image":"","background-repeat":"repeat","background-position":"center center","background-size":"auto","background-attachment":"scroll","background-type":"","background-media":"","overlay-type":"","overlay-color":"","overlay-opacity":"","overlay-gradient":""},"tablet":{"background-color":"","background-image":"","background-repeat":"repeat","background-position":"center center","background-size":"auto","background-attachment":"scroll","background-type":"","background-media":"","overlay-type":"","overlay-color":"","overlay-opacity":"","overlay-gradient":""},"mobile":{"background-color":"","background-image":"","background-repeat":"repeat","background-position":"center center","background-size":"auto","background-attachment":"scroll","background-type":"","background-media":"","overlay-type":"","overlay-color":"","overlay-opacity":"","overlay-gradient":""}},"ast-content-background-meta":{"desktop":{"background-color":"var(--ast-global-color-5)","background-image":"","background-repeat":"repeat","background-position":"center center","background-size":"auto","background-attachment":"scroll","background-type":"","background-media":"","overlay-type":"","overlay-color":"","overlay-opacity":"","overlay-gradient":""},"tablet":{"background-color":"var(--ast-global-color-5)","background-image":"","background-repeat":"repeat","background-position":"center center","background-size":"auto","background-attachment":"scroll","background-type":"","background-media":"","overlay-type":"","overlay-color":"","overlay-opacity":"","overlay-gradient":""},"mobile":{"background-color":"var(--ast-global-color-5)","background-image":"","background-repeat":"repeat","background-position":"center center","background-size":"auto","background-attachment":"scroll","background-type":"","background-media":"","overlay-type":"","overlay-color":"","overlay-opacity":"","overlay-gradient":""}}},"product_brand":[],"product_cat":[54,42],"product_tag":[70,68,71,69],"class_list":{"0":"post-3269","1":"product","2":"type-product","3":"status-publish","4":"has-post-thumbnail","6":"product_cat-0-to-6months","7":"product_cat-merchandise","8":"product_tag-babypillow","9":"product_tag-cuteanimalpillow","10":"product_tag-headshapesupport","11":"product_tag-kouniushapingpillow","12":"desktop-align-left","13":"tablet-align-left","14":"mobile-align-left","16":"first","17":"instock","18":"shipping-taxable","19":"product-type-simple"},"aioseo_notices":[],"uagb_featured_image_src":{"full":["https:\/\/babypillowwholesale.com\/wp-content\/uploads\/2025\/03\/1135-1.jpg",1000,1000,false],"thumbnail":["https:\/\/babypillowwholesale.com\/wp-content\/uploads\/2025\/03\/1135-1-150x150.jpg",150,150,true],"medium":["https:\/\/babypillowwholesale.com\/wp-content\/uploads\/2025\/03\/1135-1-300x300.jpg",300,300,true],"medium_large":["https:\/\/babypillowwholesale.com\/wp-content\/uploads\/2025\/03\/1135-1-768x768.jpg",768,768,true],"large":["https:\/\/babypillowwholesale.com\/wp-content\/uploads\/2025\/03\/1135-1.jpg",1000,1000,false],"1536x1536":["https:\/\/babypillowwholesale.com\/wp-content\/uploads\/2025\/03\/1135-1.jpg",1000,1000,false],"2048x2048":["https:\/\/babypillowwholesale.com\/wp-content\/uploads\/2025\/03\/1135-1.jpg",1000,1000,false],"trp-custom-language-flag":["https:\/\/babypillowwholesale.com\/wp-content\/uploads\/2025\/03\/1135-1.jpg",12,12,false],"woocommerce_thumbnail":["https:\/\/babypillowwholesale.com\/wp-content\/uploads\/2025\/03\/1135-1-300x300.jpg",300,300,true],"woocommerce_single":["https:\/\/babypillowwholesale.com\/wp-content\/uploads\/2025\/03\/1135-1-600x600.jpg",600,600,true],"woocommerce_gallery_thumbnail":["https:\/\/babypillowwholesale.com\/wp-content\/uploads\/2025\/03\/1135-1-100x100.jpg",100,100,true]},"uagb_author_info":{"display_name":"Etnen zhong","author_link":"https:\/\/babypillowwholesale.com\/lt\/author\/"},"uagb_comment_info":0,"uagb_excerpt":"The Little Bear Crescent Pillow is a charming and practical choice for infants aged 0 to 6 months. Shaped like an endearing little bear, it features cute ears and a sweet face, making it visually appealing. The crescent - shaped design of the pillow provides gentle and ergonomic support for a baby's head, helping to&hellip;","jetpack_sharing_enabled":true,"_links":{"self":[{"href":"https:\/\/babypillowwholesale.com\/lt\/wp-json\/wp\/v2\/product\/3269","targetHints":{"allow":["GET"]}}],"collection":[{"href":"https:\/\/babypillowwholesale.com\/lt\/wp-json\/wp\/v2\/product"}],"about":[{"href":"https:\/\/babypillowwholesale.com\/lt\/wp-json\/wp\/v2\/types\/product"}],"replies":[{"embeddable":true,"href":"https:\/\/babypillowwholesale.com\/lt\/wp-json\/wp\/v2\/comments?post=3269"}],"wp:featuredmedia":[{"embeddable":true,"href":"https:\/\/babypillowwholesale.com\/lt\/wp-json\/wp\/v2\/media\/3283"}],"wp:attachment":[{"href":"https:\/\/babypillowwholesale.com\/lt\/wp-json\/wp\/v2\/media?parent=3269"}],"wp:term":[{"taxonomy":"product_brand","embeddable":true,"href":"https:\/\/babypillowwholesale.com\/lt\/wp-json\/wp\/v2\/product_brand?post=3269"},{"taxonomy":"product_cat","embeddable":true,"href":"https:\/\/babypillowwholesale.com\/lt\/wp-json\/wp\/v2\/product_cat?post=3269"},{"taxonomy":"product_tag","embeddable":true,"href":"https:\/\/babypillowwholesale.com\/lt\/wp-json\/wp\/v2\/product_tag?post=3269"}],"curies":[{"name":"wp","href":"https:\/\/api.w.org\/{rel}","templated":true}]}}