{"id":3267,"date":"2025-03-17T15:38:34","date_gmt":"2025-03-17T15:38:34","guid":{"rendered":"https:\/\/babypillowwholesale.com\/?post_type=product&#038;p=3267"},"modified":"2025-06-08T16:15:31","modified_gmt":"2025-06-08T16:15:31","slug":"little-tiger-shaping-pillow","status":"publish","type":"product","link":"https:\/\/babypillowwholesale.com\/lt\/product\/little-tiger-shaping-pillow\/","title":{"rendered":"Ma\u017eojo tigro formavimo pagalv\u0117"},"content":{"rendered":"<div class=\"auto-hide-last-sibling-br paragraph-qzbcQC paragraph-element br-paragraph-space\" data-immersive-translate-walked=\"8e61f2e7-6af2-46e5-9672-3b9e4f4033d9\" data-immersive-translate-paragraph=\"1\">\"Little Tiger Shaping Pillow\" - \u017eavingas \u017eavesio ir funkcionalumo derinys, kruop\u0161\u010diai sukurtas patiems ma\u017eiausiems 0-6 m\u0117nesi\u0173 am\u017eiaus lobiams. \u017davus tigro \u012fkv\u0117ptas dizainas su didel\u0117mis, nekaltomis apvaliomis akimis ir firmin\u0117mis juostel\u0117mis - tai absoliutus malonumas, akimirksniu suteikiantis j\u016bs\u0173 k\u016bdikiui laukin\u0117s \u012fmantryb\u0117s. \u0160i pagalv\u0117 - tai ne tik \u017eavi i\u0161vaizda, bet ir patogumo bei atramos oaz\u0117. Sumaniai suformuota, ji \u0161velniai priglunda prie \u0161velnios k\u016bdikio galvyt\u0117s, r\u016bpestingai j\u0105 prilaikydama ir u\u017etikrindama tobul\u0105 form\u0105 ankstyvojoje augimo kelion\u0117je. 26*23*0\/3 cm dyd\u017eio, tod\u0117l tai idealus palydovas \u012fvairioje aplinkoje. Ramiai snaud\u017eiant vaik\u0173 kambaryje, \u012fsitaisiusi mink\u0161toje lovyt\u0117je, \"Little Tiger Shaping Pillow\" sukuria jauki\u0105 ir saugi\u0105 erdv\u0119 j\u016bs\u0173 ma\u017eyliui. \u0160eimos i\u0161vykose, nesvarbu, ar tai b\u016bt\u0173 piknikas parke, ar diena papl\u016bdimyje, \u0161i pagalv\u0117l\u0117 patogiai \u012fsitaiso ve\u017eim\u0117lyje, suteikdama pa\u017e\u012fstam\u0105 komfort\u0105 kelion\u0117je. T\u0117vai d\u017eiaugiasi \u0161iuo gaminiu! Viena mama pasidalijo: \"Mano k\u016bdikis m\u0117gsta prisiglausti prie \u0161ios ma\u017eos tigrin\u0117s pagalv\u0117l\u0117s. Ji tokia mink\u0161ta ir pasteb\u0117jau, kad labai pager\u0117jo j\u0173 galvos forma. Be to, m\u0117lyna spalva yra tiesiog nuostabi\". Kitas t\u0117tis pamin\u0117jo: \"Tai tapo b\u016btina m\u016bs\u0173 kelioni\u0173 priemone. Lengva ne\u0161iotis ir visada sukelia \u0161ypsen\u0105 mano k\u016bdikiui, kai jis pamato t\u0105 miel\u0105 tigriuko dizain\u0105.\" \u017daving\u0173 ro\u017ein\u0117s ir m\u0117lynos spalv\u0173 pagalv\u0117l\u0117 \"Little Tiger Shaping Pillow\" yra daugiau nei tik k\u016bdikio aksesuaras - tai patikimas draugas, kuriame dera mielumas, patogumas ir funkcionalumas brangiomis pirmosiomis k\u016bdikio dienomis.<\/div>","protected":false},"excerpt":{"rendered":"<p>\"Little Tiger Shaping Pillow\" yra \u017eavingas ir funkcionalus gaminys, skirtas k\u016bdikiams nuo 0 iki 6 m\u0117nesi\u0173. Mielas tigriukas su didel\u0117mis apvaliomis akimis ir ry\u0161kiomis juostel\u0117mis i\u0161 karto patraukia ak\u012f. Pagalv\u0117s dizainas yra kruop\u0161\u010diai suformuotas taip, kad \u0161velniai paremt\u0173 \u0161velni\u0105 k\u016bdikio galvyt\u0119 ir pad\u0117t\u0173 palaikyti tinkam\u0105 galvos form\u0105 ankstyvuoju raidos laikotarpiu. I\u0161matavimai: 26*<em data-immersive-translate-walked=\"af7bf617-a59f-4215-833d-5c6d97166ab5\">23*<\/em>0\/3CM, jis puikiai tinka lovel\u0117se, ve\u017eim\u0117liuose arba kai k\u016bdikis ilsisi ant antklod\u0117s. Galimos ro\u017ein\u0117s ir m\u0117lynos spalvos, tod\u0117l t\u0117vai gali rinktis spalv\u0105, atitinkan\u010di\u0105 j\u0173 pageidavimus ar vaik\u0173 kambario interjer\u0105, derindami mielum\u0105 ir prakti\u0161kum\u0105 k\u016bdikio prie\u017ei\u016brai.<\/p>","protected":false},"featured_media":3282,"comment_status":"open","ping_status":"closed","template":"","meta":{"_uag_custom_page_level_css":"","site-sidebar-layout":"default","site-content-layout":"","ast-site-content-layout":"default","site-content-style":"default","site-sidebar-style":"default","ast-global-header-display":"","ast-banner-title-visibility":"","ast-main-header-display":"","ast-hfb-above-header-display":"","ast-hfb-below-header-display":"","ast-hfb-mobile-header-display":"","site-post-title":"","ast-breadcrumbs-content":"","ast-featured-img":"","footer-sml-layout":"","ast-disable-related-posts":"","theme-transparent-header-meta":"default","adv-header-id-meta":"","stick-header-meta":"","header-above-stick-meta":"","header-main-stick-meta":"","header-below-stick-meta":"","astra-migrate-meta-layouts":"set","ast-page-background-enabled":"default","ast-page-background-meta":{"desktop":{"background-color":"","background-image":"","background-repeat":"repeat","background-position":"center center","background-size":"auto","background-attachment":"scroll","background-type":"","background-media":"","overlay-type":"","overlay-color":"","overlay-opacity":"","overlay-gradient":""},"tablet":{"background-color":"","background-image":"","background-repeat":"repeat","background-position":"center center","background-size":"auto","background-attachment":"scroll","background-type":"","background-media":"","overlay-type":"","overlay-color":"","overlay-opacity":"","overlay-gradient":""},"mobile":{"background-color":"","background-image":"","background-repeat":"repeat","background-position":"center center","background-size":"auto","background-attachment":"scroll","background-type":"","background-media":"","overlay-type":"","overlay-color":"","overlay-opacity":"","overlay-gradient":""}},"ast-content-background-meta":{"desktop":{"background-color":"var(--ast-global-color-5)","background-image":"","background-repeat":"repeat","background-position":"center center","background-size":"auto","background-attachment":"scroll","background-type":"","background-media":"","overlay-type":"","overlay-color":"","overlay-opacity":"","overlay-gradient":""},"tablet":{"background-color":"var(--ast-global-color-5)","background-image":"","background-repeat":"repeat","background-position":"center center","background-size":"auto","background-attachment":"scroll","background-type":"","background-media":"","overlay-type":"","overlay-color":"","overlay-opacity":"","overlay-gradient":""},"mobile":{"background-color":"var(--ast-global-color-5)","background-image":"","background-repeat":"repeat","background-position":"center center","background-size":"auto","background-attachment":"scroll","background-type":"","background-media":"","overlay-type":"","overlay-color":"","overlay-opacity":"","overlay-gradient":""}}},"product_brand":[],"product_cat":[54,42],"product_tag":[70,68,71,69],"class_list":{"0":"post-3267","1":"product","2":"type-product","3":"status-publish","4":"has-post-thumbnail","6":"product_cat-0-to-6months","7":"product_cat-merchandise","8":"product_tag-babypillow","9":"product_tag-cuteanimalpillow","10":"product_tag-headshapesupport","11":"product_tag-kouniushapingpillow","12":"desktop-align-left","13":"tablet-align-left","14":"mobile-align-left","16":"first","17":"instock","18":"shipping-taxable","19":"product-type-simple"},"aioseo_notices":[],"uagb_featured_image_src":{"full":["https:\/\/babypillowwholesale.com\/wp-content\/uploads\/2025\/03\/1131-1.jpg",1000,1000,false],"thumbnail":["https:\/\/babypillowwholesale.com\/wp-content\/uploads\/2025\/03\/1131-1-150x150.jpg",150,150,true],"medium":["https:\/\/babypillowwholesale.com\/wp-content\/uploads\/2025\/03\/1131-1-300x300.jpg",300,300,true],"medium_large":["https:\/\/babypillowwholesale.com\/wp-content\/uploads\/2025\/03\/1131-1-768x768.jpg",768,768,true],"large":["https:\/\/babypillowwholesale.com\/wp-content\/uploads\/2025\/03\/1131-1.jpg",1000,1000,false],"1536x1536":["https:\/\/babypillowwholesale.com\/wp-content\/uploads\/2025\/03\/1131-1.jpg",1000,1000,false],"2048x2048":["https:\/\/babypillowwholesale.com\/wp-content\/uploads\/2025\/03\/1131-1.jpg",1000,1000,false],"trp-custom-language-flag":["https:\/\/babypillowwholesale.com\/wp-content\/uploads\/2025\/03\/1131-1.jpg",12,12,false],"woocommerce_thumbnail":["https:\/\/babypillowwholesale.com\/wp-content\/uploads\/2025\/03\/1131-1-300x300.jpg",300,300,true],"woocommerce_single":["https:\/\/babypillowwholesale.com\/wp-content\/uploads\/2025\/03\/1131-1-600x600.jpg",600,600,true],"woocommerce_gallery_thumbnail":["https:\/\/babypillowwholesale.com\/wp-content\/uploads\/2025\/03\/1131-1-100x100.jpg",100,100,true]},"uagb_author_info":{"display_name":"Etnen zhong","author_link":"https:\/\/babypillowwholesale.com\/lt\/author\/"},"uagb_comment_info":0,"uagb_excerpt":"The Little Tiger Shaping Pillow is a charming and functional product designed for infants aged 0 to 6 months. With its cute tiger - themed appearance, featuring big round eyes and distinctive stripes, it instantly catches the eye. The pillow's design is carefully contoured to provide gentle support for a baby's delicate head, helping to&hellip;","jetpack_sharing_enabled":true,"_links":{"self":[{"href":"https:\/\/babypillowwholesale.com\/lt\/wp-json\/wp\/v2\/product\/3267","targetHints":{"allow":["GET"]}}],"collection":[{"href":"https:\/\/babypillowwholesale.com\/lt\/wp-json\/wp\/v2\/product"}],"about":[{"href":"https:\/\/babypillowwholesale.com\/lt\/wp-json\/wp\/v2\/types\/product"}],"replies":[{"embeddable":true,"href":"https:\/\/babypillowwholesale.com\/lt\/wp-json\/wp\/v2\/comments?post=3267"}],"wp:featuredmedia":[{"embeddable":true,"href":"https:\/\/babypillowwholesale.com\/lt\/wp-json\/wp\/v2\/media\/3282"}],"wp:attachment":[{"href":"https:\/\/babypillowwholesale.com\/lt\/wp-json\/wp\/v2\/media?parent=3267"}],"wp:term":[{"taxonomy":"product_brand","embeddable":true,"href":"https:\/\/babypillowwholesale.com\/lt\/wp-json\/wp\/v2\/product_brand?post=3267"},{"taxonomy":"product_cat","embeddable":true,"href":"https:\/\/babypillowwholesale.com\/lt\/wp-json\/wp\/v2\/product_cat?post=3267"},{"taxonomy":"product_tag","embeddable":true,"href":"https:\/\/babypillowwholesale.com\/lt\/wp-json\/wp\/v2\/product_tag?post=3267"}],"curies":[{"name":"wp","href":"https:\/\/api.w.org\/{rel}","templated":true}]}}