{"id":3265,"date":"2025-03-17T15:04:04","date_gmt":"2025-03-17T15:04:04","guid":{"rendered":"https:\/\/babypillowwholesale.com\/?post_type=product&#038;p=3265"},"modified":"2025-06-08T16:16:25","modified_gmt":"2025-06-08T16:16:25","slug":"naughty-bunny-shaping-pillow","status":"publish","type":"product","link":"https:\/\/babypillowwholesale.com\/lt\/product\/naughty-bunny-shaping-pillow\/","title":{"rendered":"\"Naughty Bunny\" formavimo pagalv\u0117"},"content":{"rendered":"<div class=\"auto-hide-last-sibling-br paragraph-qzbcQC paragraph-element br-paragraph-space\" data-immersive-translate-walked=\"8e61f2e7-6af2-46e5-9672-3b9e4f4033d9\" data-immersive-translate-paragraph=\"1\">Sveiki atvyk\u0119 \u012f \"Naughty Bunny\" formuojam\u0105 pagalv\u0119 - nuostabi\u0105 komforto oaz\u0119, sukurt\u0105 patiems ma\u017eiausiems nuotyki\u0173 ie\u0161kotojams nuo 0 iki 6 m\u0117nesi\u0173 am\u017eiaus. \u017davus zuiku\u010dio dizainas su didel\u0117mis akimis, \u0161ird\u012f tirpstan\u010dia \u0161ypsena ir ilgomis ausimis akimirksniu pakelia nuotaik\u0105 ir \u012f j\u016bs\u0173 k\u016bdikio pasaul\u012f \u012fne\u0161a \u0161iek tiek magijos. \u0160i pagalv\u0117l\u0117 - tai ne tik vizualinis malonumas, bet ir funkcionalumo j\u0117ga. Kruop\u0161\u010diai sukurta unikalios formos pagalv\u0117l\u0117 \u0161velniai ir \u0161velniai palaiko \u0161velni\u0105 j\u016bs\u0173 k\u016bdikio galvyt\u0119, pad\u0117dama jai \u012fgauti tobul\u0105 form\u0105, kai k\u016bdikis keliauja savo brangiais pirmaisiais gyvenimo m\u0117nesiais. 26*23*0\/3CM dyd\u017eio, tod\u0117l tai idealus dydis, kad b\u016bt\u0173 galima lengvai integruoti \u012f \u012fvairias erdves. Per tingias popietes namuose pad\u0117kite j\u012f \u012f k\u016bdikio lovel\u0119 ir steb\u0117kite, kaip jis ramiai snaud\u017eia, \u012fsisup\u0119s \u012f mink\u0161t\u0105 jo gl\u0117b\u012f. Kai i\u0161vykstate tyrin\u0117ti pasaulio, nesvarbu, ar tai b\u016bt\u0173 kelion\u0117 \u012f vietin\u012f park\u0105, ar pas senelius, \u012fd\u0117kite j\u012f \u012f ve\u017eim\u0117l\u012f. Jis u\u017etikrins, kad j\u016bs\u0173 ma\u017eylis patogiai va\u017eiuos apsuptas pa\u017e\u012fstamo zuiku\u010dio \u017eavesio. T\u0117vai giria \u0161\u012f ve\u017eim\u0117l\u012f! Vienas i\u0161 susi\u017eav\u0117jusi\u0173 t\u0117v\u0173 pasidalijo: \"Mano k\u016bdikio veidas nu\u0161vinta, kai tik jis pamato \u0161i\u0105 miel\u0105 zuiku\u010dio pagalv\u0117l\u0119. Ji ne tik labai mink\u0161ta, bet ir puikiai pad\u0117jo i\u0161laikyti gra\u017ei\u0105 galvos form\u0105. Man patinka, kad ji yra dviej\u0173 gra\u017ei\u0173 spalv\u0173.\" Kita mama prid\u016br\u0117: \"J\u0105 taip patogu ne\u0161iotis su savimi. Nesvarbu, ar esame namuose, ar keliaujame, jis tapo b\u016btinu mano k\u016bdikio patogumui.\" \u017daving\u0173 ro\u017ein\u0117s ir m\u0117lynos spalv\u0173 pagalv\u0117l\u0117 \"Naughty Bunny Shaping Pillow\" yra daugiau nei tik k\u016bdikio aksesuaras - tai brangus j\u016bs\u0173 ma\u017eylio palydovas pirmosiomis jo gyvenimo dienomis.<\/div>","protected":false},"excerpt":{"rendered":"<p>\"Naughty Bunny Shaping Pillow\" yra \u017eavus ir prakti\u0161kas gaminys, skirtas k\u016bdikiams nuo 0 iki 6 m\u0117nesi\u0173. Mielas zuikutis su didel\u0117mis akimis, miela \u0161ypsena ir ilgomis ausimis yra labai patrauklus. Specialios konstrukcijos pagalv\u0117 \u0161velniai palaiko k\u016bdikio galvyt\u0119 ir padeda formuoti sveik\u0105 galvyt\u0119 svarbiu ankstyvuoju augimo etapu. 26 dyd\u017ei\u0173<em>23<\/em>0\/3CM, jis tinka naudoti lovel\u0117se, ve\u017eim\u0117liuose arba kai k\u016bdikis ilsisi ant \u017eaidim\u0173 kilim\u0117lio. Galimos ro\u017ein\u0117s ir m\u0117lynos spalvos, tod\u0117l t\u0117vai gali rinktis pagal savo pageidavimus arba k\u016bdikio kambario interjer\u0105, derindami funkcionalum\u0105 ir \u017eaves\u012f k\u016bdikio prie\u017ei\u016brai.<\/p>","protected":false},"featured_media":3281,"comment_status":"open","ping_status":"closed","template":"","meta":{"_uag_custom_page_level_css":"","site-sidebar-layout":"default","site-content-layout":"","ast-site-content-layout":"default","site-content-style":"default","site-sidebar-style":"default","ast-global-header-display":"","ast-banner-title-visibility":"","ast-main-header-display":"","ast-hfb-above-header-display":"","ast-hfb-below-header-display":"","ast-hfb-mobile-header-display":"","site-post-title":"","ast-breadcrumbs-content":"","ast-featured-img":"","footer-sml-layout":"","ast-disable-related-posts":"","theme-transparent-header-meta":"default","adv-header-id-meta":"","stick-header-meta":"","header-above-stick-meta":"","header-main-stick-meta":"","header-below-stick-meta":"","astra-migrate-meta-layouts":"set","ast-page-background-enabled":"default","ast-page-background-meta":{"desktop":{"background-color":"","background-image":"","background-repeat":"repeat","background-position":"center center","background-size":"auto","background-attachment":"scroll","background-type":"","background-media":"","overlay-type":"","overlay-color":"","overlay-opacity":"","overlay-gradient":""},"tablet":{"background-color":"","background-image":"","background-repeat":"repeat","background-position":"center center","background-size":"auto","background-attachment":"scroll","background-type":"","background-media":"","overlay-type":"","overlay-color":"","overlay-opacity":"","overlay-gradient":""},"mobile":{"background-color":"","background-image":"","background-repeat":"repeat","background-position":"center center","background-size":"auto","background-attachment":"scroll","background-type":"","background-media":"","overlay-type":"","overlay-color":"","overlay-opacity":"","overlay-gradient":""}},"ast-content-background-meta":{"desktop":{"background-color":"var(--ast-global-color-5)","background-image":"","background-repeat":"repeat","background-position":"center center","background-size":"auto","background-attachment":"scroll","background-type":"","background-media":"","overlay-type":"","overlay-color":"","overlay-opacity":"","overlay-gradient":""},"tablet":{"background-color":"var(--ast-global-color-5)","background-image":"","background-repeat":"repeat","background-position":"center center","background-size":"auto","background-attachment":"scroll","background-type":"","background-media":"","overlay-type":"","overlay-color":"","overlay-opacity":"","overlay-gradient":""},"mobile":{"background-color":"var(--ast-global-color-5)","background-image":"","background-repeat":"repeat","background-position":"center center","background-size":"auto","background-attachment":"scroll","background-type":"","background-media":"","overlay-type":"","overlay-color":"","overlay-opacity":"","overlay-gradient":""}}},"product_brand":[],"product_cat":[54,42],"product_tag":[70,68,71,69],"class_list":{"0":"post-3265","1":"product","2":"type-product","3":"status-publish","4":"has-post-thumbnail","6":"product_cat-0-to-6months","7":"product_cat-merchandise","8":"product_tag-babypillow","9":"product_tag-cuteanimalpillow","10":"product_tag-headshapesupport","11":"product_tag-kouniushapingpillow","12":"desktop-align-left","13":"tablet-align-left","14":"mobile-align-left","16":"first","17":"instock","18":"shipping-taxable","19":"product-type-simple"},"aioseo_notices":[],"uagb_featured_image_src":{"full":["https:\/\/babypillowwholesale.com\/wp-content\/uploads\/2025\/03\/1130-1.jpg",1000,1000,false],"thumbnail":["https:\/\/babypillowwholesale.com\/wp-content\/uploads\/2025\/03\/1130-1-150x150.jpg",150,150,true],"medium":["https:\/\/babypillowwholesale.com\/wp-content\/uploads\/2025\/03\/1130-1-300x300.jpg",300,300,true],"medium_large":["https:\/\/babypillowwholesale.com\/wp-content\/uploads\/2025\/03\/1130-1-768x768.jpg",768,768,true],"large":["https:\/\/babypillowwholesale.com\/wp-content\/uploads\/2025\/03\/1130-1.jpg",1000,1000,false],"1536x1536":["https:\/\/babypillowwholesale.com\/wp-content\/uploads\/2025\/03\/1130-1.jpg",1000,1000,false],"2048x2048":["https:\/\/babypillowwholesale.com\/wp-content\/uploads\/2025\/03\/1130-1.jpg",1000,1000,false],"trp-custom-language-flag":["https:\/\/babypillowwholesale.com\/wp-content\/uploads\/2025\/03\/1130-1.jpg",12,12,false],"woocommerce_thumbnail":["https:\/\/babypillowwholesale.com\/wp-content\/uploads\/2025\/03\/1130-1-300x300.jpg",300,300,true],"woocommerce_single":["https:\/\/babypillowwholesale.com\/wp-content\/uploads\/2025\/03\/1130-1-600x600.jpg",600,600,true],"woocommerce_gallery_thumbnail":["https:\/\/babypillowwholesale.com\/wp-content\/uploads\/2025\/03\/1130-1-100x100.jpg",100,100,true]},"uagb_author_info":{"display_name":"Etnen zhong","author_link":"https:\/\/babypillowwholesale.com\/lt\/author\/"},"uagb_comment_info":0,"uagb_excerpt":"The Naughty Bunny Shaping Pillow is an adorable and practical product designed for infants aged 0 to 6 months. Its cute bunny - like appearance, with big eyes, a sweet smile, and long ears, is extremely appealing. The special design of the pillow provides gentle support for the baby's head, helping to promote a healthy&hellip;","jetpack_sharing_enabled":true,"_links":{"self":[{"href":"https:\/\/babypillowwholesale.com\/lt\/wp-json\/wp\/v2\/product\/3265","targetHints":{"allow":["GET"]}}],"collection":[{"href":"https:\/\/babypillowwholesale.com\/lt\/wp-json\/wp\/v2\/product"}],"about":[{"href":"https:\/\/babypillowwholesale.com\/lt\/wp-json\/wp\/v2\/types\/product"}],"replies":[{"embeddable":true,"href":"https:\/\/babypillowwholesale.com\/lt\/wp-json\/wp\/v2\/comments?post=3265"}],"wp:featuredmedia":[{"embeddable":true,"href":"https:\/\/babypillowwholesale.com\/lt\/wp-json\/wp\/v2\/media\/3281"}],"wp:attachment":[{"href":"https:\/\/babypillowwholesale.com\/lt\/wp-json\/wp\/v2\/media?parent=3265"}],"wp:term":[{"taxonomy":"product_brand","embeddable":true,"href":"https:\/\/babypillowwholesale.com\/lt\/wp-json\/wp\/v2\/product_brand?post=3265"},{"taxonomy":"product_cat","embeddable":true,"href":"https:\/\/babypillowwholesale.com\/lt\/wp-json\/wp\/v2\/product_cat?post=3265"},{"taxonomy":"product_tag","embeddable":true,"href":"https:\/\/babypillowwholesale.com\/lt\/wp-json\/wp\/v2\/product_tag?post=3265"}],"curies":[{"name":"wp","href":"https:\/\/api.w.org\/{rel}","templated":true}]}}