{"id":3261,"date":"2025-03-17T03:26:37","date_gmt":"2025-03-17T03:26:37","guid":{"rendered":"https:\/\/babypillowwholesale.com\/?post_type=product&#038;p=3261"},"modified":"2025-06-08T16:18:10","modified_gmt":"2025-06-08T16:18:10","slug":"apple-shaping-pillow","status":"publish","type":"product","link":"https:\/\/babypillowwholesale.com\/lt\/product\/apple-shaping-pillow\/","title":{"rendered":"\"Apple\" formavimo pagalv\u0117"},"content":{"rendered":"<div class=\"auto-hide-last-sibling-br paragraph-qzbcQC paragraph-element br-paragraph-space\" data-immersive-translate-walked=\"8e61f2e7-6af2-46e5-9672-3b9e4f4033d9\" data-immersive-translate-paragraph=\"1\">Susipa\u017einkite su \"Apple Shaping Pillow\" - puikiu \u017eavesio ir funkcionalumo deriniu, pritaikytu 0-6 m\u0117nesi\u0173 am\u017eiaus k\u016bdikiams. \u017davingas obuolio siluetas su dailiais lap\u0173 akcentais ne tik suteikia k\u016bdikiui mielumo, bet ir atlieka svarbi\u0105 funkcij\u0105. Strategi\u0161kai i\u0161d\u0117styta centrin\u0117 i\u0161pjova suteikia \u0161velni\u0105, \u0161velni\u0105 atram\u0105 \u0161velniai ma\u017eylio galvutei, padedan\u010di\u0105 jai augant \u012fgauti gra\u017ei\u0105 form\u0105. 22*20*1,5*1,5\/3 cm dyd\u017eio, tod\u0117l jis yra ne\u012ftik\u0117tinai universalus. \u012estumkite j\u012f \u012f jauki\u0105 k\u016bdikio lovyt\u0119 ir steb\u0117kite, kaip jis paver\u010dia mieg\u0105 svajinga patirtimi. Saul\u0117t\u0105 dien\u0105 \u012fd\u0117kite j\u012f \u012f ve\u017eim\u0117l\u012f ir u\u017etikrinkite, kad j\u016bs\u0173 k\u016bdikiui b\u016bt\u0173 patogu va\u017eiuoti. O ilg\u0173 kelioni\u0173 automobiliu metu jis puikiai \u012fsitaiso automobilio k\u0117dut\u0117je ir suteikia j\u016bs\u0173 k\u016bdikiui pa\u017e\u012fstam\u0105 ir raminan\u010di\u0105 poilsio viet\u0105. T\u0117vai \u017eavisi \u0161ia pagalve! Daugelis dalijasi, kad ji tapo nepakei\u010diama j\u0173 k\u016bdikio prie\u017ei\u016bros rutinos dalimi. \"Mano ma\u017eylis taip ramiai miega ant \u0161ios obuolio formos pagalv\u0117s. Ji mink\u0161ta, ir a\u0161 jau matau skirtum\u0105 j\u0173 galvos formoje\", - sako viena laiminga mama. Kitas t\u0117tis komentuoja: \"D\u0117l \u012fvairi\u0173 spalv\u0173 pasirinkimo j\u0105 buvo lengva priderinti prie m\u016bs\u0173 dar\u017eelio interjero. Be to, j\u0105 taip patogu pasiimti su savimi, kad ir kur eitume\". Galima \u012fsigyti \u017eavi\u0173 ro\u017ein\u0117s, rafinuotos tamsiai \u017ealios ir raminan\u010dios m\u0117lynos spalvos atspalvi\u0173, tod\u0117l \"Apple Shaping Pillow\" pagalv\u0117l\u0119 galite rinktis labiausiai j\u016bs\u0173 skon\u012f atitinkant\u012f atspalv\u012f. Tai ne tik pagalv\u0117 - tai mylimas k\u016bdikio palydovas pirmosiomis jo gyvenimo dienomis.<\/div>","protected":false},"excerpt":{"rendered":"<p>\"Apple Shaping Pillow\" - tai gudriai suprojektuotas gaminys, skirtas k\u016bdikiams nuo 0 iki 6 m\u0117nesi\u0173. Jos obuolio forma ne tik miela, bet ir prakti\u0161ka. Unikali viduryje esanti i\u0161kirpt\u0117 \u0161velniai paremia k\u016bdikio galv\u0105 ir padeda i\u0161laikyti optimali\u0105 form\u0105 pirmaisiais gyvenimo m\u0117nesiais. 22* dyd\u017eio<em data-immersive-translate-walked=\"5509ee64-5f83-48cf-a52f-9b37e33a2d1d\">20*<\/em>1,5\/3CM, jis kompakti\u0161kas ir lengvai dedamas \u012f lovel\u0119, ve\u017eim\u0117l\u012f ar k\u016bdikio automobilin\u0119 k\u0117dut\u0119. Ro\u017ein\u0117s, tamsiai \u017ealios ir m\u0117lynos spalvos, tod\u0117l jis atitinka skirtingus stiliaus pageidavimus ir yra \u017eavus bei funkcionalus k\u016bdikio prie\u017ei\u016bros reikmen\u0173 priedas.<\/p>","protected":false},"featured_media":3279,"comment_status":"open","ping_status":"closed","template":"","meta":{"_uag_custom_page_level_css":"","site-sidebar-layout":"default","site-content-layout":"","ast-site-content-layout":"default","site-content-style":"default","site-sidebar-style":"default","ast-global-header-display":"","ast-banner-title-visibility":"","ast-main-header-display":"","ast-hfb-above-header-display":"","ast-hfb-below-header-display":"","ast-hfb-mobile-header-display":"","site-post-title":"","ast-breadcrumbs-content":"","ast-featured-img":"","footer-sml-layout":"","ast-disable-related-posts":"","theme-transparent-header-meta":"default","adv-header-id-meta":"","stick-header-meta":"","header-above-stick-meta":"","header-main-stick-meta":"","header-below-stick-meta":"","astra-migrate-meta-layouts":"set","ast-page-background-enabled":"default","ast-page-background-meta":{"desktop":{"background-color":"","background-image":"","background-repeat":"repeat","background-position":"center center","background-size":"auto","background-attachment":"scroll","background-type":"","background-media":"","overlay-type":"","overlay-color":"","overlay-opacity":"","overlay-gradient":""},"tablet":{"background-color":"","background-image":"","background-repeat":"repeat","background-position":"center center","background-size":"auto","background-attachment":"scroll","background-type":"","background-media":"","overlay-type":"","overlay-color":"","overlay-opacity":"","overlay-gradient":""},"mobile":{"background-color":"","background-image":"","background-repeat":"repeat","background-position":"center center","background-size":"auto","background-attachment":"scroll","background-type":"","background-media":"","overlay-type":"","overlay-color":"","overlay-opacity":"","overlay-gradient":""}},"ast-content-background-meta":{"desktop":{"background-color":"var(--ast-global-color-5)","background-image":"","background-repeat":"repeat","background-position":"center center","background-size":"auto","background-attachment":"scroll","background-type":"","background-media":"","overlay-type":"","overlay-color":"","overlay-opacity":"","overlay-gradient":""},"tablet":{"background-color":"var(--ast-global-color-5)","background-image":"","background-repeat":"repeat","background-position":"center center","background-size":"auto","background-attachment":"scroll","background-type":"","background-media":"","overlay-type":"","overlay-color":"","overlay-opacity":"","overlay-gradient":""},"mobile":{"background-color":"var(--ast-global-color-5)","background-image":"","background-repeat":"repeat","background-position":"center center","background-size":"auto","background-attachment":"scroll","background-type":"","background-media":"","overlay-type":"","overlay-color":"","overlay-opacity":"","overlay-gradient":""}}},"product_brand":[],"product_cat":[54,42],"product_tag":[70,68,71,69],"class_list":{"0":"post-3261","1":"product","2":"type-product","3":"status-publish","4":"has-post-thumbnail","6":"product_cat-0-to-6months","7":"product_cat-merchandise","8":"product_tag-babypillow","9":"product_tag-cuteanimalpillow","10":"product_tag-headshapesupport","11":"product_tag-kouniushapingpillow","12":"desktop-align-left","13":"tablet-align-left","14":"mobile-align-left","16":"first","17":"instock","18":"shipping-taxable","19":"product-type-simple"},"aioseo_notices":[],"uagb_featured_image_src":{"full":["https:\/\/babypillowwholesale.com\/wp-content\/uploads\/2025\/03\/1112-1.jpg",1000,1000,false],"thumbnail":["https:\/\/babypillowwholesale.com\/wp-content\/uploads\/2025\/03\/1112-1-150x150.jpg",150,150,true],"medium":["https:\/\/babypillowwholesale.com\/wp-content\/uploads\/2025\/03\/1112-1-300x300.jpg",300,300,true],"medium_large":["https:\/\/babypillowwholesale.com\/wp-content\/uploads\/2025\/03\/1112-1-768x768.jpg",768,768,true],"large":["https:\/\/babypillowwholesale.com\/wp-content\/uploads\/2025\/03\/1112-1.jpg",1000,1000,false],"1536x1536":["https:\/\/babypillowwholesale.com\/wp-content\/uploads\/2025\/03\/1112-1.jpg",1000,1000,false],"2048x2048":["https:\/\/babypillowwholesale.com\/wp-content\/uploads\/2025\/03\/1112-1.jpg",1000,1000,false],"trp-custom-language-flag":["https:\/\/babypillowwholesale.com\/wp-content\/uploads\/2025\/03\/1112-1.jpg",12,12,false],"woocommerce_thumbnail":["https:\/\/babypillowwholesale.com\/wp-content\/uploads\/2025\/03\/1112-1-300x300.jpg",300,300,true],"woocommerce_single":["https:\/\/babypillowwholesale.com\/wp-content\/uploads\/2025\/03\/1112-1-600x600.jpg",600,600,true],"woocommerce_gallery_thumbnail":["https:\/\/babypillowwholesale.com\/wp-content\/uploads\/2025\/03\/1112-1-100x100.jpg",100,100,true]},"uagb_author_info":{"display_name":"Etnen zhong","author_link":"https:\/\/babypillowwholesale.com\/lt\/author\/"},"uagb_comment_info":0,"uagb_excerpt":"The Apple Shaping Pillow is a cleverly designed product for infants aged 0 to 6 months. Its apple - shaped form is not only cute but also practical. The unique cut - out design in the middle gently supports the baby's head, helping to maintain an optimal shape during the crucial early months. Measuring 22*20*1.5\/3CM,&hellip;","jetpack_sharing_enabled":true,"_links":{"self":[{"href":"https:\/\/babypillowwholesale.com\/lt\/wp-json\/wp\/v2\/product\/3261","targetHints":{"allow":["GET"]}}],"collection":[{"href":"https:\/\/babypillowwholesale.com\/lt\/wp-json\/wp\/v2\/product"}],"about":[{"href":"https:\/\/babypillowwholesale.com\/lt\/wp-json\/wp\/v2\/types\/product"}],"replies":[{"embeddable":true,"href":"https:\/\/babypillowwholesale.com\/lt\/wp-json\/wp\/v2\/comments?post=3261"}],"wp:featuredmedia":[{"embeddable":true,"href":"https:\/\/babypillowwholesale.com\/lt\/wp-json\/wp\/v2\/media\/3279"}],"wp:attachment":[{"href":"https:\/\/babypillowwholesale.com\/lt\/wp-json\/wp\/v2\/media?parent=3261"}],"wp:term":[{"taxonomy":"product_brand","embeddable":true,"href":"https:\/\/babypillowwholesale.com\/lt\/wp-json\/wp\/v2\/product_brand?post=3261"},{"taxonomy":"product_cat","embeddable":true,"href":"https:\/\/babypillowwholesale.com\/lt\/wp-json\/wp\/v2\/product_cat?post=3261"},{"taxonomy":"product_tag","embeddable":true,"href":"https:\/\/babypillowwholesale.com\/lt\/wp-json\/wp\/v2\/product_tag?post=3261"}],"curies":[{"name":"wp","href":"https:\/\/api.w.org\/{rel}","templated":true}]}}