{"id":3259,"date":"2025-03-17T03:01:05","date_gmt":"2025-03-17T03:01:05","guid":{"rendered":"https:\/\/babypillowwholesale.com\/?post_type=product&#038;p=3259"},"modified":"2025-06-08T16:19:14","modified_gmt":"2025-06-08T16:19:14","slug":"hydrophilic-cotton-shaping-pillow","status":"publish","type":"product","link":"https:\/\/babypillowwholesale.com\/lt\/product\/hydrophilic-cotton-shaping-pillow\/","title":{"rendered":"Hidrofilin\u0117 medviln\u0117 Formuojanti pagalv\u0117"},"content":{"rendered":"<div class=\"auto-hide-last-sibling-br paragraph-qzbcQC paragraph-element br-paragraph-space\" data-immersive-translate-walked=\"8e61f2e7-6af2-46e5-9672-3b9e4f4033d9\" data-immersive-translate-paragraph=\"1\">Pristatome hidrofilin\u0119 medvilnin\u0119 formuojan\u010di\u0105 pagalv\u0117l\u0119 - nuostab\u0173 \u017eavesio ir funkcionalumo derin\u012f, pritaikyt\u0105 tik patiems ma\u017eiausiems 0-6 m\u0117nesi\u0173 am\u017eiaus miegaliams. \u0160i pagalv\u0117, papuo\u0161ta \u017eaviomis ausyt\u0117mis ir dailiu lankeliu, yra vizualus \u0161edevras, kuris akimirksniu pagyvins bet kur\u012f vaik\u0173 kambar\u012f.<br \/>\nKruop\u0161\u010diai ir precizi\u0161kai sukurtas unikalus jos kont\u016bras \u0161velniai apkabina \u0161velni\u0105 k\u016bdikio galvyt\u0119 ir \u0161velniai padeda jai \u012fgauti tobul\u0105 form\u0105 ankstyvojoje augimo kelion\u0117je. 26230\/3CM dyd\u017eio k\u0117dut\u0117 yra idealaus dyd\u017eio, tod\u0117l j\u0105 galima lengvai integruoti \u012f \u012fvairias erdves.<br \/>\nNesvarbu, ar \u0161i pagalv\u0117l\u0117 priglausta pliu\u0161in\u0117je j\u016bs\u0173 k\u016bdikio lovel\u0117je, ar yra jauki miego oaz\u0117 viduryje dienos, ar lydi k\u016bdik\u012f ne\u0161iokl\u0117je, kai \u0161eima eina \u012f zoologijos sod\u0105, ji u\u017etikrina nuolatin\u012f komfort\u0105. Ji taip pat yra puikus palydovas ilg\u0173 skryd\u017ei\u0173 metu, nes suteikia pa\u017e\u012fstam\u0105 ir raminan\u010di\u0105 viet\u0105 j\u016bs\u0173 ma\u017eyliui pails\u0117ti \u0161urmulio apsuptyje.<br \/>\nGalima rinktis \u0161velniai ro\u017ein\u0117s ir sodriai tamsiai \u017ealios spalv\u0173 atspalvius, tod\u0117l galite pasirinkti atspalv\u012f, kuris geriausiai atitinka j\u016bs\u0173 estetinius poj\u016b\u010dius ar vaik\u0173 dar\u017eelio tem\u0105. Pagerinkite k\u016bdikio miego patirt\u012f su hidrofiline medvilnine formuojan\u010dia pagalve, kurioje kiekvienas miegas yra \u017eingsnis link gra\u017eios galvos formos ir sald\u017ei\u0173 sapn\u0173.<\/div>","protected":false},"excerpt":{"rendered":"<p>Hidrofilin\u0117 medvilnin\u0117 formuojanti pagalv\u0117 yra patrauklus ir prakti\u0161kas gaminys, skirtas 0-6 m\u0117nesi\u0173 k\u016bdikiams. \u017davios i\u0161vaizdos su mielomis ausyt\u0117mis ir gra\u017eiu lankeliu, ji vizualiai patraukli. Pagalv\u0117s dizainas kruop\u0161\u010diai sukurtas taip, kad \u0161velniai palaikyt\u0173 k\u016bdikio galv\u0105 ir pad\u0117t\u0173 i\u0161laikyti tinkam\u0105 form\u0105 ankstyvuoju raidos laikotarpiu. 26230\/3CM dyd\u017eio pagalv\u0117 puikiai tinka lovel\u0117se ar k\u016bdiki\u0173 ne\u0161ykl\u0117se. Si\u016bloma sald\u017eiai ro\u017ein\u0117s ir eleganti\u0161kos tamsiai \u017ealios spalvos, tod\u0117l t\u0117vai gali rinktis pagal savo pageidavimus ar vaik\u0173 kambario interjer\u0105, derindami funkcionalum\u0105 ir mielum\u0105 k\u016bdikio prie\u017ei\u016brai.<\/p>","protected":false},"featured_media":3278,"comment_status":"open","ping_status":"closed","template":"","meta":{"_uag_custom_page_level_css":"","site-sidebar-layout":"default","site-content-layout":"","ast-site-content-layout":"default","site-content-style":"default","site-sidebar-style":"default","ast-global-header-display":"","ast-banner-title-visibility":"","ast-main-header-display":"","ast-hfb-above-header-display":"","ast-hfb-below-header-display":"","ast-hfb-mobile-header-display":"","site-post-title":"","ast-breadcrumbs-content":"","ast-featured-img":"","footer-sml-layout":"","ast-disable-related-posts":"","theme-transparent-header-meta":"default","adv-header-id-meta":"","stick-header-meta":"","header-above-stick-meta":"","header-main-stick-meta":"","header-below-stick-meta":"","astra-migrate-meta-layouts":"set","ast-page-background-enabled":"default","ast-page-background-meta":{"desktop":{"background-color":"","background-image":"","background-repeat":"repeat","background-position":"center center","background-size":"auto","background-attachment":"scroll","background-type":"","background-media":"","overlay-type":"","overlay-color":"","overlay-opacity":"","overlay-gradient":""},"tablet":{"background-color":"","background-image":"","background-repeat":"repeat","background-position":"center center","background-size":"auto","background-attachment":"scroll","background-type":"","background-media":"","overlay-type":"","overlay-color":"","overlay-opacity":"","overlay-gradient":""},"mobile":{"background-color":"","background-image":"","background-repeat":"repeat","background-position":"center center","background-size":"auto","background-attachment":"scroll","background-type":"","background-media":"","overlay-type":"","overlay-color":"","overlay-opacity":"","overlay-gradient":""}},"ast-content-background-meta":{"desktop":{"background-color":"var(--ast-global-color-5)","background-image":"","background-repeat":"repeat","background-position":"center center","background-size":"auto","background-attachment":"scroll","background-type":"","background-media":"","overlay-type":"","overlay-color":"","overlay-opacity":"","overlay-gradient":""},"tablet":{"background-color":"var(--ast-global-color-5)","background-image":"","background-repeat":"repeat","background-position":"center center","background-size":"auto","background-attachment":"scroll","background-type":"","background-media":"","overlay-type":"","overlay-color":"","overlay-opacity":"","overlay-gradient":""},"mobile":{"background-color":"var(--ast-global-color-5)","background-image":"","background-repeat":"repeat","background-position":"center center","background-size":"auto","background-attachment":"scroll","background-type":"","background-media":"","overlay-type":"","overlay-color":"","overlay-opacity":"","overlay-gradient":""}}},"product_brand":[],"product_cat":[54,42],"product_tag":[70,68,71,69],"class_list":{"0":"post-3259","1":"product","2":"type-product","3":"status-publish","4":"has-post-thumbnail","6":"product_cat-0-to-6months","7":"product_cat-merchandise","8":"product_tag-babypillow","9":"product_tag-cuteanimalpillow","10":"product_tag-headshapesupport","11":"product_tag-kouniushapingpillow","12":"desktop-align-left","13":"tablet-align-left","14":"mobile-align-left","16":"first","17":"instock","18":"shipping-taxable","19":"product-type-simple"},"aioseo_notices":[],"uagb_featured_image_src":{"full":["https:\/\/babypillowwholesale.com\/wp-content\/uploads\/2025\/03\/1125-1.jpg",1000,1000,false],"thumbnail":["https:\/\/babypillowwholesale.com\/wp-content\/uploads\/2025\/03\/1125-1-150x150.jpg",150,150,true],"medium":["https:\/\/babypillowwholesale.com\/wp-content\/uploads\/2025\/03\/1125-1-300x300.jpg",300,300,true],"medium_large":["https:\/\/babypillowwholesale.com\/wp-content\/uploads\/2025\/03\/1125-1-768x768.jpg",768,768,true],"large":["https:\/\/babypillowwholesale.com\/wp-content\/uploads\/2025\/03\/1125-1.jpg",1000,1000,false],"1536x1536":["https:\/\/babypillowwholesale.com\/wp-content\/uploads\/2025\/03\/1125-1.jpg",1000,1000,false],"2048x2048":["https:\/\/babypillowwholesale.com\/wp-content\/uploads\/2025\/03\/1125-1.jpg",1000,1000,false],"trp-custom-language-flag":["https:\/\/babypillowwholesale.com\/wp-content\/uploads\/2025\/03\/1125-1.jpg",12,12,false],"woocommerce_thumbnail":["https:\/\/babypillowwholesale.com\/wp-content\/uploads\/2025\/03\/1125-1-300x300.jpg",300,300,true],"woocommerce_single":["https:\/\/babypillowwholesale.com\/wp-content\/uploads\/2025\/03\/1125-1-600x600.jpg",600,600,true],"woocommerce_gallery_thumbnail":["https:\/\/babypillowwholesale.com\/wp-content\/uploads\/2025\/03\/1125-1-100x100.jpg",100,100,true]},"uagb_author_info":{"display_name":"Etnen zhong","author_link":"https:\/\/babypillowwholesale.com\/lt\/author\/"},"uagb_comment_info":0,"uagb_excerpt":"The Hydrophilic cotton Shaping Pillow is an appealing and practical product designed for infants between 0 and 6 months old. With a charming appearance featuring cute ears and a lovely bow, it's visually attractive. The pillow's design is carefully crafted to provide gentle support for a baby's head, helping to maintain a proper shape during&hellip;","jetpack_sharing_enabled":true,"_links":{"self":[{"href":"https:\/\/babypillowwholesale.com\/lt\/wp-json\/wp\/v2\/product\/3259","targetHints":{"allow":["GET"]}}],"collection":[{"href":"https:\/\/babypillowwholesale.com\/lt\/wp-json\/wp\/v2\/product"}],"about":[{"href":"https:\/\/babypillowwholesale.com\/lt\/wp-json\/wp\/v2\/types\/product"}],"replies":[{"embeddable":true,"href":"https:\/\/babypillowwholesale.com\/lt\/wp-json\/wp\/v2\/comments?post=3259"}],"wp:featuredmedia":[{"embeddable":true,"href":"https:\/\/babypillowwholesale.com\/lt\/wp-json\/wp\/v2\/media\/3278"}],"wp:attachment":[{"href":"https:\/\/babypillowwholesale.com\/lt\/wp-json\/wp\/v2\/media?parent=3259"}],"wp:term":[{"taxonomy":"product_brand","embeddable":true,"href":"https:\/\/babypillowwholesale.com\/lt\/wp-json\/wp\/v2\/product_brand?post=3259"},{"taxonomy":"product_cat","embeddable":true,"href":"https:\/\/babypillowwholesale.com\/lt\/wp-json\/wp\/v2\/product_cat?post=3259"},{"taxonomy":"product_tag","embeddable":true,"href":"https:\/\/babypillowwholesale.com\/lt\/wp-json\/wp\/v2\/product_tag?post=3259"}],"curies":[{"name":"wp","href":"https:\/\/api.w.org\/{rel}","templated":true}]}}