{"id":3152,"date":"2025-02-24T03:46:58","date_gmt":"2025-02-24T03:46:58","guid":{"rendered":"https:\/\/babypillowwholesale.com\/?post_type=product&#038;p=3152"},"modified":"2025-06-08T16:21:25","modified_gmt":"2025-06-08T16:21:25","slug":"koala-shaping-pillow","status":"publish","type":"product","link":"https:\/\/babypillowwholesale.com\/lt\/product\/koala-shaping-pillow\/","title":{"rendered":"Koalos formavimo pagalv\u0117"},"content":{"rendered":"<p>Atraskite \"Koala Shaping Pillow\" - patogumo ir funkcionalumo \u0161edevr\u0105, kruop\u0161\u010diai sukurt\u0105 patiems ma\u017eiausiems 0-6 m\u0117nesi\u0173 am\u017eiaus miegaliams. Jos \u017eavus gyv\u016bno \u012fkv\u0117ptas siluetas yra ne tik vizualus malonumas, bet ir vartai \u012f sald\u017eius sapnus j\u016bs\u0173 ma\u017eajam d\u017eiaugsmo k\u016bdikiui. Ergonomi\u0161ka pagalv\u0117s forma \u0161velniai apkabina \u0161velni\u0105 k\u016bdikio galvyt\u0119, r\u016bpestingai ir tiksliai j\u0105 prilaiko, kad augant k\u016bdikiui b\u016bt\u0173 i\u0161laikyta tobula forma. Patogaus 26*23*3 cm dyd\u017eio pagalv\u0117 yra universali ir puikiai tinka \u012fvairiose vietose. \u012esivaizduokite, kaip jis \u012fsitaiso mink\u0161toje j\u016bs\u0173 k\u016bdikio lovel\u0117je ir sukuria jauk\u0173 prieglobst\u012f ilgam ir ramiam miegui dienos metu. Kai keliaujate, nesvarbu, ar tai b\u016bt\u0173 ramus pasivaik\u0161\u010diojimas ve\u017eim\u0117lyje, ar \u0161eimos nuotykis automobilyje, \"Koala Shaping Pillow\" pagalv\u0117l\u0117 u\u017etikrina nuolatin\u0119 atram\u0105 ir komfort\u0105, tod\u0117l kiekviena kelion\u0117 bus rami. Galima \u012fsigyti \u017eaving\u0173 ro\u017ein\u0117s ir m\u0117lynos spalv\u0173, tod\u0117l gal\u0117site pasirinkti atspalv\u012f, kuris geriausiai atitinka j\u016bs\u0173 k\u016bdikio dar\u017eelio interjer\u0105 ar asmenin\u012f skon\u012f. Koala formuojanti pagalv\u0117 yra daugiau nei tik pagalv\u0117 - tai prakti\u0161kumo ir \u017eavesio derinys, privalomas j\u016bs\u0173 k\u016bdikio pasaulio papildymas, kuris sujungia miego men\u0105 ir formavimo moksl\u0105.<\/p>","protected":false},"excerpt":{"rendered":"<p>\"Koala\" formuojanti pagalv\u0117 pritaikyta k\u016bdikiams nuo 0 iki 6 m\u0117nesi\u0173. Jos \u017eavus dizainas primena \u017eav\u0173 gyv\u016bn\u0105, kuris tikrai patiks ir k\u016bdikiams, ir t\u0117vams. Ergonomi\u0161ka pagalv\u0117s forma sukurta taip, kad \u0161velniai kreipt\u0173 ir palaikyt\u0173 k\u016bdikio galv\u0105, skatindama tinkam\u0105 galvos formavim\u0105si. Patogaus dyd\u017eio - 26<em data-immersive-translate-walked=\"000db34a-f9f0-4794-a784-0d6465363590\">23<\/em>0\/3CM, tod\u0117l j\u012f lengva u\u017ed\u0117ti \u012fvairiose su k\u016bdikiu susijusiose vietose, pavyzd\u017eiui, lovel\u0117se ar ve\u017eim\u0117liuose. Galimos dvi gra\u017eios spalvos, ro\u017ein\u0117 ir m\u0117lyna, tod\u0117l ji gali atitikti skirtingus stiliaus pageidavimus, derindama funkcionalum\u0105 ir mielum\u0105 j\u016bs\u0173 ma\u017eyliui.<\/p>","protected":false},"featured_media":3276,"comment_status":"open","ping_status":"closed","template":"","meta":{"_uag_custom_page_level_css":"","site-sidebar-layout":"default","site-content-layout":"","ast-site-content-layout":"default","site-content-style":"default","site-sidebar-style":"default","ast-global-header-display":"","ast-banner-title-visibility":"","ast-main-header-display":"","ast-hfb-above-header-display":"","ast-hfb-below-header-display":"","ast-hfb-mobile-header-display":"","site-post-title":"","ast-breadcrumbs-content":"","ast-featured-img":"","footer-sml-layout":"","ast-disable-related-posts":"","theme-transparent-header-meta":"default","adv-header-id-meta":"","stick-header-meta":"","header-above-stick-meta":"","header-main-stick-meta":"","header-below-stick-meta":"","astra-migrate-meta-layouts":"set","ast-page-background-enabled":"default","ast-page-background-meta":{"desktop":{"background-color":"","background-image":"","background-repeat":"repeat","background-position":"center center","background-size":"auto","background-attachment":"scroll","background-type":"","background-media":"","overlay-type":"","overlay-color":"","overlay-opacity":"","overlay-gradient":""},"tablet":{"background-color":"","background-image":"","background-repeat":"repeat","background-position":"center center","background-size":"auto","background-attachment":"scroll","background-type":"","background-media":"","overlay-type":"","overlay-color":"","overlay-opacity":"","overlay-gradient":""},"mobile":{"background-color":"","background-image":"","background-repeat":"repeat","background-position":"center center","background-size":"auto","background-attachment":"scroll","background-type":"","background-media":"","overlay-type":"","overlay-color":"","overlay-opacity":"","overlay-gradient":""}},"ast-content-background-meta":{"desktop":{"background-color":"var(--ast-global-color-5)","background-image":"","background-repeat":"repeat","background-position":"center center","background-size":"auto","background-attachment":"scroll","background-type":"","background-media":"","overlay-type":"","overlay-color":"","overlay-opacity":"","overlay-gradient":""},"tablet":{"background-color":"var(--ast-global-color-5)","background-image":"","background-repeat":"repeat","background-position":"center center","background-size":"auto","background-attachment":"scroll","background-type":"","background-media":"","overlay-type":"","overlay-color":"","overlay-opacity":"","overlay-gradient":""},"mobile":{"background-color":"var(--ast-global-color-5)","background-image":"","background-repeat":"repeat","background-position":"center center","background-size":"auto","background-attachment":"scroll","background-type":"","background-media":"","overlay-type":"","overlay-color":"","overlay-opacity":"","overlay-gradient":""}}},"product_brand":[],"product_cat":[54,42],"product_tag":[70,68,71,69],"class_list":{"0":"post-3152","1":"product","2":"type-product","3":"status-publish","4":"has-post-thumbnail","6":"product_cat-0-to-6months","7":"product_cat-merchandise","8":"product_tag-babypillow","9":"product_tag-cuteanimalpillow","10":"product_tag-headshapesupport","11":"product_tag-kouniushapingpillow","12":"desktop-align-left","13":"tablet-align-left","14":"mobile-align-left","16":"first","17":"instock","18":"featured","19":"shipping-taxable","20":"product-type-simple"},"aioseo_notices":[],"uagb_featured_image_src":{"full":["https:\/\/babypillowwholesale.com\/wp-content\/uploads\/2025\/02\/1122.jpg",1000,1000,false],"thumbnail":["https:\/\/babypillowwholesale.com\/wp-content\/uploads\/2025\/02\/1122-150x150.jpg",150,150,true],"medium":["https:\/\/babypillowwholesale.com\/wp-content\/uploads\/2025\/02\/1122-300x300.jpg",300,300,true],"medium_large":["https:\/\/babypillowwholesale.com\/wp-content\/uploads\/2025\/02\/1122-768x768.jpg",768,768,true],"large":["https:\/\/babypillowwholesale.com\/wp-content\/uploads\/2025\/02\/1122.jpg",1000,1000,false],"1536x1536":["https:\/\/babypillowwholesale.com\/wp-content\/uploads\/2025\/02\/1122.jpg",1000,1000,false],"2048x2048":["https:\/\/babypillowwholesale.com\/wp-content\/uploads\/2025\/02\/1122.jpg",1000,1000,false],"trp-custom-language-flag":["https:\/\/babypillowwholesale.com\/wp-content\/uploads\/2025\/02\/1122.jpg",12,12,false],"woocommerce_thumbnail":["https:\/\/babypillowwholesale.com\/wp-content\/uploads\/2025\/02\/1122-300x300.jpg",300,300,true],"woocommerce_single":["https:\/\/babypillowwholesale.com\/wp-content\/uploads\/2025\/02\/1122-600x600.jpg",600,600,true],"woocommerce_gallery_thumbnail":["https:\/\/babypillowwholesale.com\/wp-content\/uploads\/2025\/02\/1122-100x100.jpg",100,100,true]},"uagb_author_info":{"display_name":"Etnen zhong","author_link":"https:\/\/babypillowwholesale.com\/lt\/author\/"},"uagb_comment_info":0,"uagb_excerpt":"The Koala Shaping Pillow is tailored for infants aged 0 to 6 months. Its charming design resembles an adorable animal, which is sure to appeal to both babies and parents. The pillow's ergonomic shape is crafted to gently guide and support a baby's head, promoting proper head shape development. With a convenient size of 26230\/3CM,&hellip;","jetpack_sharing_enabled":true,"_links":{"self":[{"href":"https:\/\/babypillowwholesale.com\/lt\/wp-json\/wp\/v2\/product\/3152","targetHints":{"allow":["GET"]}}],"collection":[{"href":"https:\/\/babypillowwholesale.com\/lt\/wp-json\/wp\/v2\/product"}],"about":[{"href":"https:\/\/babypillowwholesale.com\/lt\/wp-json\/wp\/v2\/types\/product"}],"replies":[{"embeddable":true,"href":"https:\/\/babypillowwholesale.com\/lt\/wp-json\/wp\/v2\/comments?post=3152"}],"wp:featuredmedia":[{"embeddable":true,"href":"https:\/\/babypillowwholesale.com\/lt\/wp-json\/wp\/v2\/media\/3276"}],"wp:attachment":[{"href":"https:\/\/babypillowwholesale.com\/lt\/wp-json\/wp\/v2\/media?parent=3152"}],"wp:term":[{"taxonomy":"product_brand","embeddable":true,"href":"https:\/\/babypillowwholesale.com\/lt\/wp-json\/wp\/v2\/product_brand?post=3152"},{"taxonomy":"product_cat","embeddable":true,"href":"https:\/\/babypillowwholesale.com\/lt\/wp-json\/wp\/v2\/product_cat?post=3152"},{"taxonomy":"product_tag","embeddable":true,"href":"https:\/\/babypillowwholesale.com\/lt\/wp-json\/wp\/v2\/product_tag?post=3152"}],"curies":[{"name":"wp","href":"https:\/\/api.w.org\/{rel}","templated":true}]}}