{"id":1199,"date":"2025-02-17T16:07:49","date_gmt":"2025-02-17T16:07:49","guid":{"rendered":"http:\/\/babypillowwholesale.com\/product\/boho-bangle-bracelet-2\/"},"modified":"2025-06-08T16:23:33","modified_gmt":"2025-06-08T16:23:33","slug":"boho-bangle-bracelet-2","status":"publish","type":"product","link":"https:\/\/babypillowwholesale.com\/lt\/product\/boho-bangle-bracelet-2\/","title":{"rendered":"Mi\u010dio me\u0161kiuko formavimo pagalv\u0117"},"content":{"rendered":"<p>Pristatome \u017eaving\u0105 formuojan\u010di\u0105 pagalv\u0117l\u0119 \"Mickey Bear Shaping Pillow\" - ideal\u0173 draug\u0105, puikiai pritaikyt\u0105 brangiems k\u016bdikiams nuo 0 iki 6 m\u0117nesi\u0173 am\u017eiaus. Nepakartojamai mielas me\u0161kiukas ne tik d\u017eiugina ak\u012f, bet ir padeda \u0161velniai formuoti \u0161velni\u0105 k\u016bdikio galvyt\u0119. 26*23*0\/3 cm dyd\u017eio gultukas puikiai priglunda prie k\u016bdikio k\u016bno linij\u0173, tod\u0117l u\u017etikrina maksimal\u0173 komfort\u0105. Galimos \u017eavios ro\u017ein\u0117s ir raminan\u010dios m\u0117lynos spalvos, tod\u0117l ji atitinka \u012fvairius estetinius pageidavimus. \u0160i\u0105 formuojan\u010di\u0105 pagalv\u0119 galima naudoti \u012fvairiapusi\u0161kai. Dienos miego metu vaik\u0173 kambaryje jos mink\u0161ta tekst\u016bra ir atramin\u0117 konstrukcija padeda k\u016bdikiui atsipalaiduoti ir ramiai miegoti. \u0160eimos kelion\u0117je j\u0105 galima \u012fd\u0117ti \u012f k\u016bdikio automobilin\u0119 k\u0117dut\u0119, kad ma\u017eylis gal\u0117t\u0173 pails\u0117ti pa\u017e\u012fstamoje ir jaukioje vietoje. Net ir trumpam nuvyk\u0119 pas senelius, tiesiog pasiimkite su savimi \u0161i\u0105 kompakti\u0161k\u0105 pagalv\u0117l\u0119 ir sukurkite k\u016bdikiui raminan\u010di\u0105 miego aplink\u0105. Mikio me\u0161kiuko formavimo pagalv\u0117 yra daugiau nei tik miego reikmuo - tai funkcionalumo, \u017eavesio ir patogumo derinys, privalomas k\u016bdikio prie\u017ei\u016bros reikmen\u0173 priedas, kuriame prakti\u0161kumas dera su magijos prieskoniu.<\/p>","protected":false},"excerpt":{"rendered":"<p>\u0160i \"Mickey\" me\u0161kiuko formavimo pagalv\u0117 specialiai sukurta k\u016bdikiams nuo 0 iki 6 m\u0117nesi\u0173 am\u017eiaus. Mielos me\u0161kiuko formos pagalv\u0117l\u0117 yra labai patraukli. Unikali konstrukcija padeda formuoti k\u016bdikio galv\u0105. Tinkamo dyd\u017eio 26\/<em>3<\/em>0\/3CM atitinka k\u016bdikio k\u016bno linkius. Galimos dvi spalvos - ro\u017ein\u0117 ir m\u0117lyna, tod\u0117l gali atitikti skirtingus pageidavimus. Tai prakti\u0161kas ir mielas k\u016bdikio prie\u017ei\u016bros gaminys.<\/p>","protected":false},"featured_media":3275,"comment_status":"open","ping_status":"closed","template":"","meta":{"_uag_custom_page_level_css":"","site-sidebar-layout":"default","site-content-layout":"","ast-site-content-layout":"default","site-content-style":"default","site-sidebar-style":"default","ast-global-header-display":"","ast-banner-title-visibility":"","ast-main-header-display":"","ast-hfb-above-header-display":"","ast-hfb-below-header-display":"","ast-hfb-mobile-header-display":"","site-post-title":"","ast-breadcrumbs-content":"","ast-featured-img":"","footer-sml-layout":"","ast-disable-related-posts":"","theme-transparent-header-meta":"default","adv-header-id-meta":"","stick-header-meta":"","header-above-stick-meta":"","header-main-stick-meta":"","header-below-stick-meta":"","astra-migrate-meta-layouts":"set","ast-page-background-enabled":"default","ast-page-background-meta":{"desktop":{"background-color":"","background-image":"","background-repeat":"repeat","background-position":"center center","background-size":"auto","background-attachment":"scroll","background-type":"","background-media":"","overlay-type":"","overlay-color":"","overlay-opacity":"","overlay-gradient":""},"tablet":{"background-color":"","background-image":"","background-repeat":"repeat","background-position":"center center","background-size":"auto","background-attachment":"scroll","background-type":"","background-media":"","overlay-type":"","overlay-color":"","overlay-opacity":"","overlay-gradient":""},"mobile":{"background-color":"","background-image":"","background-repeat":"repeat","background-position":"center center","background-size":"auto","background-attachment":"scroll","background-type":"","background-media":"","overlay-type":"","overlay-color":"","overlay-opacity":"","overlay-gradient":""}},"ast-content-background-meta":{"desktop":{"background-color":"var(--ast-global-color-5)","background-image":"","background-repeat":"repeat","background-position":"center center","background-size":"auto","background-attachment":"scroll","background-type":"","background-media":"","overlay-type":"","overlay-color":"","overlay-opacity":"","overlay-gradient":""},"tablet":{"background-color":"var(--ast-global-color-5)","background-image":"","background-repeat":"repeat","background-position":"center center","background-size":"auto","background-attachment":"scroll","background-type":"","background-media":"","overlay-type":"","overlay-color":"","overlay-opacity":"","overlay-gradient":""},"mobile":{"background-color":"var(--ast-global-color-5)","background-image":"","background-repeat":"repeat","background-position":"center center","background-size":"auto","background-attachment":"scroll","background-type":"","background-media":"","overlay-type":"","overlay-color":"","overlay-opacity":"","overlay-gradient":""}}},"product_brand":[],"product_cat":[54,42],"product_tag":[70,68,71,69],"class_list":{"0":"post-1199","1":"product","2":"type-product","3":"status-publish","4":"has-post-thumbnail","6":"product_cat-0-to-6months","7":"product_cat-merchandise","8":"product_tag-babypillow","9":"product_tag-cuteanimalpillow","10":"product_tag-headshapesupport","11":"product_tag-kouniushapingpillow","12":"desktop-align-left","13":"tablet-align-left","14":"mobile-align-left","16":"first","17":"instock","18":"shipping-taxable","19":"product-type-simple"},"aioseo_notices":[],"uagb_featured_image_src":{"full":["https:\/\/babypillowwholesale.com\/wp-content\/uploads\/2025\/02\/1119.jpg",1000,1000,false],"thumbnail":["https:\/\/babypillowwholesale.com\/wp-content\/uploads\/2025\/02\/1119-150x150.jpg",150,150,true],"medium":["https:\/\/babypillowwholesale.com\/wp-content\/uploads\/2025\/02\/1119-300x300.jpg",300,300,true],"medium_large":["https:\/\/babypillowwholesale.com\/wp-content\/uploads\/2025\/02\/1119-768x768.jpg",768,768,true],"large":["https:\/\/babypillowwholesale.com\/wp-content\/uploads\/2025\/02\/1119.jpg",1000,1000,false],"1536x1536":["https:\/\/babypillowwholesale.com\/wp-content\/uploads\/2025\/02\/1119.jpg",1000,1000,false],"2048x2048":["https:\/\/babypillowwholesale.com\/wp-content\/uploads\/2025\/02\/1119.jpg",1000,1000,false],"trp-custom-language-flag":["https:\/\/babypillowwholesale.com\/wp-content\/uploads\/2025\/02\/1119.jpg",12,12,false],"woocommerce_thumbnail":["https:\/\/babypillowwholesale.com\/wp-content\/uploads\/2025\/02\/1119-300x300.jpg",300,300,true],"woocommerce_single":["https:\/\/babypillowwholesale.com\/wp-content\/uploads\/2025\/02\/1119-600x600.jpg",600,600,true],"woocommerce_gallery_thumbnail":["https:\/\/babypillowwholesale.com\/wp-content\/uploads\/2025\/02\/1119-100x100.jpg",100,100,true]},"uagb_author_info":{"display_name":"Etnen zhong","author_link":"https:\/\/babypillowwholesale.com\/lt\/author\/"},"uagb_comment_info":0,"uagb_excerpt":"This Mickey Bear Shaping Pillow is specially designed for babies aged 0 to 6 months. With its cute bear - shaped appearance, it's very attractive. The unique design helps to shape the baby's head. The appropriate size of 26\/30\/3CM fits the baby's body curve. Available in two colors, pink and blue, it can meet different&hellip;","jetpack_sharing_enabled":true,"_links":{"self":[{"href":"https:\/\/babypillowwholesale.com\/lt\/wp-json\/wp\/v2\/product\/1199","targetHints":{"allow":["GET"]}}],"collection":[{"href":"https:\/\/babypillowwholesale.com\/lt\/wp-json\/wp\/v2\/product"}],"about":[{"href":"https:\/\/babypillowwholesale.com\/lt\/wp-json\/wp\/v2\/types\/product"}],"replies":[{"embeddable":true,"href":"https:\/\/babypillowwholesale.com\/lt\/wp-json\/wp\/v2\/comments?post=1199"}],"wp:featuredmedia":[{"embeddable":true,"href":"https:\/\/babypillowwholesale.com\/lt\/wp-json\/wp\/v2\/media\/3275"}],"wp:attachment":[{"href":"https:\/\/babypillowwholesale.com\/lt\/wp-json\/wp\/v2\/media?parent=1199"}],"wp:term":[{"taxonomy":"product_brand","embeddable":true,"href":"https:\/\/babypillowwholesale.com\/lt\/wp-json\/wp\/v2\/product_brand?post=1199"},{"taxonomy":"product_cat","embeddable":true,"href":"https:\/\/babypillowwholesale.com\/lt\/wp-json\/wp\/v2\/product_cat?post=1199"},{"taxonomy":"product_tag","embeddable":true,"href":"https:\/\/babypillowwholesale.com\/lt\/wp-json\/wp\/v2\/product_tag?post=1199"}],"curies":[{"name":"wp","href":"https:\/\/api.w.org\/{rel}","templated":true}]}}