{"id":3411,"date":"2025-04-15T08:13:19","date_gmt":"2025-04-15T08:13:19","guid":{"rendered":"https:\/\/babypillowwholesale.com\/?post_type=product&#038;p=3411"},"modified":"2025-06-08T03:18:15","modified_gmt":"2025-06-08T03:18:15","slug":"good-bear-and-happy-rabbit-childrens-pillow","status":"publish","type":"product","link":"https:\/\/babypillowwholesale.com\/it\/product\/good-bear-and-happy-rabbit-childrens-pillow\/","title":{"rendered":"Cuscino per bambini Orso buono e Coniglio felice"},"content":{"rendered":"<div class=\"auto-hide-last-sibling-br paragraph-qzbcQC paragraph-element br-paragraph-space\" data-immersive-translate-walked=\"8e61f2e7-6af2-46e5-9672-3b9e4f4033d9\" data-immersive-translate-paragraph=\"1\">\n<div class=\"auto-hide-last-sibling-br paragraph-qzbcQC paragraph-element br-paragraph-space\">\n<div class=\"auto-hide-last-sibling-br paragraph-qzbcQC paragraph-element br-paragraph-space\">\n<div class=\"auto-hide-last-sibling-br paragraph-qzbcQC paragraph-element br-paragraph-space\">\n<div class=\"auto-hide-last-sibling-br paragraph-qzbcQC paragraph-element br-paragraph-space\">\n<div class=\"auto-hide-last-sibling-br paragraph-qzbcQC paragraph-element br-paragraph-space\">\n<div class=\"inter-wlTS5w\">\n<div class=\"container-QE4ayg\">\n<div class=\"item-jU10IN\">\n<div class=\"container-jODEnh chrome70-container\">\n<div class=\"inner-eE95c9 inner-item-aL3Ui_\" data-target-id=\"message-box-target-id\" data-testid=\"union_message\">\n<div class=\"message-block-container-liuetz\" data-testid=\"message-block-container\">\n<div class=\"message-box-ZWbBdF\" data-testid=\"receive_message\">\n<div class=\"message-box-content-wrapper-srHdUj\">\n<div class=\"message-content message-box-content-otxGGw receive-message-box-content-_lREFj samantha-message-box-content-Qjmpja\" data-testid=\"message_content\">\n<div class=\"container-hfX5E8 flow-markdown-body theme-samantha-yJEgBp\" dir=\"ltr\" data-testid=\"message_text_content\" data-show-indicator=\"false\">\n<div class=\"auto-hide-last-sibling-br paragraph-qzbcQC paragraph-element br-paragraph-space\">\n<div class=\"auto-hide-last-sibling-br paragraph-qzbcQC paragraph-element br-paragraph-space\">\n<div class=\"auto-hide-last-sibling-br paragraph-qzbcQC paragraph-element br-paragraph-space\">Vi presentiamo il cuscino per bambini \"Orso buono e coniglio felice\", un delizioso compagno di sonno pensato per i bambini dai 2 agli 8 anni. Questo cuscino presenta due incantevoli disegni: un lato mostra un simpatico orso ornato da un'allegra sciarpa, mentre l'altro lato presenta un adorabile coniglio, entrambi su sfondi dai toni tenui. Disponibile in rosa (perfetto per il disegno del coniglio) e verde scuro (che completa il fascino dell'orso), soddisfa diverse preferenze estetiche.<\/div>\n<p>&nbsp;<\/p>\n<div class=\"auto-hide-last-sibling-br paragraph-qzbcQC paragraph-element br-paragraph-space\">Con una specifica di 45*<em>28*<\/em>Con una dimensione di 3\/5 cm, offre una dimensione ideale per i piccoli dormiglioni, fornendo un ampio supporto per la testa e il collo. Realizzato con materiali morbidissimi, assicura un sonno accogliente e riposante, sia che il bambino si stia addormentando dopo un'intensa giornata di gioco, sia che si stia sistemando per un pisolino nel fine settimana. Le deliziose stampe di animali aggiungono un tocco di fantasia a qualsiasi cameretta, trasformandola in un rifugio giocoso.<\/div>\n<p>&nbsp;<\/p>\n<div class=\"auto-hide-last-sibling-br paragraph-qzbcQC paragraph-element br-paragraph-space\">I genitori sono entusiasti del suo fascino. \"Il mio bambino di 5 anni adora passare dal lato dell'orso a quello del coniglio! Il cuscino \u00e8 cos\u00ec morbido e i colori sono vivaci. \u00c8 diventato uno dei momenti preferiti della nanna\", ha commentato una mamma soddisfatta. Un pap\u00e0 ha aggiunto: \"Apprezziamo la qualit\u00e0: dopo mesi di utilizzo e di lavaggi, ha ancora un ottimo aspetto. \u00c8 un mix meraviglioso di comfort e bellezza\".<\/div>\n<p>&nbsp;<\/p>\n<div class=\"auto-hide-last-sibling-br paragraph-qzbcQC paragraph-element br-paragraph-space\">In sostanza, questo cuscino non \u00e8 solo per dormire: \u00e8 un'affascinante aggiunta alla stanza di ogni bambino, che stimola l'immaginazione durante il gioco e offre un morbido rifugio per il riposo. \u00c8 una scelta perfetta per migliorare il comfort e la gioia della routine quotidiana del bambino.<\/div>\n<\/div>\n<\/div>\n<\/div>\n<\/div>\n<\/div>\n<\/div>\n<\/div>\n<\/div>\n<\/div>\n<\/div>\n<\/div>\n<\/div>\n<\/div>\n<\/div>\n<\/div>\n<\/div>\n<\/div>\n<\/div>","protected":false},"excerpt":{"rendered":"<p>Il cuscino per bambini Good Bear and Happy Rabbit \u00e8 un eccellente accessorio per il sonno dei bambini di et\u00e0 compresa tra 2 e 8 anni. Il suo design presenta due graziosi motivi: un simpatico orso sul lato azzurro e un affascinante coniglio sul lato rosa, per soddisfare le diverse preferenze. Con una dimensione di 45*.<em>28*<\/em>3\/5CM, \u00e8 una misura confortevole per i bambini di questa fascia d'et\u00e0. Il cuscino \u00e8 realizzato con materiali morbidi, che assicurano un sonno accogliente e riposante. Non solo offre un sostegno adeguato alla testa e al collo, ma aggiunge anche un tocco di carineria alla cameretta con le sue deliziose stampe di animali, rendendolo un'ottima scelta per migliorare l'esperienza del sonno dei bambini.<\/p>","protected":false},"featured_media":3412,"comment_status":"open","ping_status":"closed","template":"","meta":{"_uag_custom_page_level_css":"","site-sidebar-layout":"default","site-content-layout":"","ast-site-content-layout":"default","site-content-style":"default","site-sidebar-style":"default","ast-global-header-display":"","ast-banner-title-visibility":"","ast-main-header-display":"","ast-hfb-above-header-display":"","ast-hfb-below-header-display":"","ast-hfb-mobile-header-display":"","site-post-title":"","ast-breadcrumbs-content":"","ast-featured-img":"","footer-sml-layout":"","ast-disable-related-posts":"","theme-transparent-header-meta":"default","adv-header-id-meta":"","stick-header-meta":"","header-above-stick-meta":"","header-main-stick-meta":"","header-below-stick-meta":"","astra-migrate-meta-layouts":"set","ast-page-background-enabled":"default","ast-page-background-meta":{"desktop":{"background-color":"","background-image":"","background-repeat":"repeat","background-position":"center center","background-size":"auto","background-attachment":"scroll","background-type":"","background-media":"","overlay-type":"","overlay-color":"","overlay-opacity":"","overlay-gradient":""},"tablet":{"background-color":"","background-image":"","background-repeat":"repeat","background-position":"center center","background-size":"auto","background-attachment":"scroll","background-type":"","background-media":"","overlay-type":"","overlay-color":"","overlay-opacity":"","overlay-gradient":""},"mobile":{"background-color":"","background-image":"","background-repeat":"repeat","background-position":"center center","background-size":"auto","background-attachment":"scroll","background-type":"","background-media":"","overlay-type":"","overlay-color":"","overlay-opacity":"","overlay-gradient":""}},"ast-content-background-meta":{"desktop":{"background-color":"var(--ast-global-color-5)","background-image":"","background-repeat":"repeat","background-position":"center center","background-size":"auto","background-attachment":"scroll","background-type":"","background-media":"","overlay-type":"","overlay-color":"","overlay-opacity":"","overlay-gradient":""},"tablet":{"background-color":"var(--ast-global-color-5)","background-image":"","background-repeat":"repeat","background-position":"center center","background-size":"auto","background-attachment":"scroll","background-type":"","background-media":"","overlay-type":"","overlay-color":"","overlay-opacity":"","overlay-gradient":""},"mobile":{"background-color":"var(--ast-global-color-5)","background-image":"","background-repeat":"repeat","background-position":"center center","background-size":"auto","background-attachment":"scroll","background-type":"","background-media":"","overlay-type":"","overlay-color":"","overlay-opacity":"","overlay-gradient":""}}},"product_brand":[],"product_cat":[57,42],"product_tag":[70,68,71,69],"class_list":{"0":"post-3411","1":"product","2":"type-product","3":"status-publish","4":"has-post-thumbnail","6":"product_cat-2-to-8-years","7":"product_cat-merchandise","8":"product_tag-babypillow","9":"product_tag-cuteanimalpillow","10":"product_tag-headshapesupport","11":"product_tag-kouniushapingpillow","12":"desktop-align-left","13":"tablet-align-left","14":"mobile-align-left","16":"first","17":"instock","18":"shipping-taxable","19":"product-type-simple"},"aioseo_notices":[],"uagb_featured_image_src":{"full":["https:\/\/babypillowwholesale.com\/wp-content\/uploads\/2025\/04\/1630.jpg",1000,1000,false],"thumbnail":["https:\/\/babypillowwholesale.com\/wp-content\/uploads\/2025\/04\/1630-150x150.jpg",150,150,true],"medium":["https:\/\/babypillowwholesale.com\/wp-content\/uploads\/2025\/04\/1630-300x300.jpg",300,300,true],"medium_large":["https:\/\/babypillowwholesale.com\/wp-content\/uploads\/2025\/04\/1630-768x768.jpg",768,768,true],"large":["https:\/\/babypillowwholesale.com\/wp-content\/uploads\/2025\/04\/1630.jpg",1000,1000,false],"1536x1536":["https:\/\/babypillowwholesale.com\/wp-content\/uploads\/2025\/04\/1630.jpg",1000,1000,false],"2048x2048":["https:\/\/babypillowwholesale.com\/wp-content\/uploads\/2025\/04\/1630.jpg",1000,1000,false],"trp-custom-language-flag":["https:\/\/babypillowwholesale.com\/wp-content\/uploads\/2025\/04\/1630.jpg",12,12,false],"woocommerce_thumbnail":["https:\/\/babypillowwholesale.com\/wp-content\/uploads\/2025\/04\/1630-300x300.jpg",300,300,true],"woocommerce_single":["https:\/\/babypillowwholesale.com\/wp-content\/uploads\/2025\/04\/1630-600x600.jpg",600,600,true],"woocommerce_gallery_thumbnail":["https:\/\/babypillowwholesale.com\/wp-content\/uploads\/2025\/04\/1630-100x100.jpg",100,100,true]},"uagb_author_info":{"display_name":"Etnen zhong","author_link":"https:\/\/babypillowwholesale.com\/it\/author\/"},"uagb_comment_info":0,"uagb_excerpt":"The Good Bear and Happy Rabbit Children's Pillow is an excellent sleep accessory for children aged 2 - 8 years. Its design features two lovely patterns: a cute bear on the light blue side and a charming rabbit on the pink side, catering to different preferences. With a specification of 45*28*3\/5CM, it provides a comfortable&hellip;","jetpack_sharing_enabled":true,"_links":{"self":[{"href":"https:\/\/babypillowwholesale.com\/it\/wp-json\/wp\/v2\/product\/3411","targetHints":{"allow":["GET"]}}],"collection":[{"href":"https:\/\/babypillowwholesale.com\/it\/wp-json\/wp\/v2\/product"}],"about":[{"href":"https:\/\/babypillowwholesale.com\/it\/wp-json\/wp\/v2\/types\/product"}],"replies":[{"embeddable":true,"href":"https:\/\/babypillowwholesale.com\/it\/wp-json\/wp\/v2\/comments?post=3411"}],"wp:featuredmedia":[{"embeddable":true,"href":"https:\/\/babypillowwholesale.com\/it\/wp-json\/wp\/v2\/media\/3412"}],"wp:attachment":[{"href":"https:\/\/babypillowwholesale.com\/it\/wp-json\/wp\/v2\/media?parent=3411"}],"wp:term":[{"taxonomy":"product_brand","embeddable":true,"href":"https:\/\/babypillowwholesale.com\/it\/wp-json\/wp\/v2\/product_brand?post=3411"},{"taxonomy":"product_cat","embeddable":true,"href":"https:\/\/babypillowwholesale.com\/it\/wp-json\/wp\/v2\/product_cat?post=3411"},{"taxonomy":"product_tag","embeddable":true,"href":"https:\/\/babypillowwholesale.com\/it\/wp-json\/wp\/v2\/product_tag?post=3411"}],"curies":[{"name":"wp","href":"https:\/\/api.w.org\/{rel}","templated":true}]}}