{"id":3383,"date":"2025-04-11T07:55:31","date_gmt":"2025-04-11T07:55:31","guid":{"rendered":"https:\/\/babypillowwholesale.com\/?post_type=product&#038;p=3383"},"modified":"2025-06-08T08:07:13","modified_gmt":"2025-06-08T08:07:13","slug":"little-apple-memory-pillow","status":"publish","type":"product","link":"https:\/\/babypillowwholesale.com\/it\/product\/little-apple-memory-pillow\/","title":{"rendered":"Cuscino di memoria a forma di piccola mela"},"content":{"rendered":"<div class=\"auto-hide-last-sibling-br paragraph-qzbcQC paragraph-element br-paragraph-space\" data-immersive-translate-walked=\"8e61f2e7-6af2-46e5-9672-3b9e4f4033d9\" data-immersive-translate-paragraph=\"1\">\n<div class=\"auto-hide-last-sibling-br paragraph-qzbcQC paragraph-element br-paragraph-space\">\n<div class=\"auto-hide-last-sibling-br paragraph-qzbcQC paragraph-element br-paragraph-space\">\n<div class=\"auto-hide-last-sibling-br paragraph-qzbcQC paragraph-element br-paragraph-space\">Vi presentiamo il cuscino Little Apple Memory, un adorabile e indispensabile compagno di nanna creato appositamente per i neonati nella tenera fase da 0 a 3 mesi. Questo cuscino, con la sua incantevole silhouette a forma di mela, attira subito l'attenzione, trasmettendo fin da subito un senso di dolcezza e giocosit\u00e0.<\/div>\n<p>&nbsp;<\/p>\n<div class=\"auto-hide-last-sibling-br paragraph-qzbcQC paragraph-element br-paragraph-space\">Realizzato in schiuma a memoria di forma, \u00e8 un esempio di comfort. Si modella delicatamente e senza soluzione di continuit\u00e0 ai contorni unici della testa del bambino, fornendo un livello di sostegno su misura che \u00e8 tenero e rassicurante. La superficie del cuscino \u00e8 una tela incantevole, ornata da deliziose stampe casuali che aggiungono un pizzico di fantasia e calore. Ogni stampa \u00e8 come una piccola storia che contribuisce alla bellezza complessiva del cuscino.<\/div>\n<p>&nbsp;<\/p>\n<div class=\"auto-hide-last-sibling-br paragraph-qzbcQC paragraph-element br-paragraph-space\">Misura 20*<em>22*<\/em>1,5 cm, si adatta perfettamente alla culla del bambino, creando un rifugio accogliente per il vostro piccolo. Immaginate il vostro prezioso bambino, sdraiato nella sua culla, con la testa dolcemente cullata da questo cuscino a forma di mela. Diventa un luogo morbido e sicuro in cui abbandonarsi a un sonno tranquillo, circondato dal dolce abbraccio del memory foam e dalle simpatiche stampe.<\/div>\n<p>&nbsp;<\/p>\n<div class=\"auto-hide-last-sibling-br paragraph-qzbcQC paragraph-element br-paragraph-space\">Durante i primi giorni di vita, quando il bambino passa gran parte del tempo a dormire, il cuscino Little Apple Memory Pillow \u00e8 una fonte costante di comfort. Che si tratti di un breve sonnellino diurno o di una lunga dormita notturna, questo cuscino offre una superficie costante e rilassante. Inoltre, diventa un punto focale della cameretta, aggiungendo un tocco di simpatia all'arredamento generale.<\/div>\n<p>&nbsp;<\/p>\n<div class=\"auto-hide-last-sibling-br paragraph-qzbcQC paragraph-element br-paragraph-space\">I genitori hanno espresso parole di elogio per questo delizioso cuscino. \"Sono innamorata del cuscino Memory Little Apple! \u00c8 cos\u00ec carino e il mio neonato sembra molto pi\u00f9 comodo. La schiuma a memoria di forma cambia le carte in tavola\", ha esclamato una neomamma. Un pap\u00e0 ha aggiunto: \"Ci piace che aggiunga un po' di fascino alla cameretta. Si \u00e8 mantenuto bene e sembra davvero che aiuti il nostro bambino a dormire meglio\".<\/div>\n<p>&nbsp;<\/p>\n<div class=\"auto-hide-last-sibling-br paragraph-qzbcQC paragraph-element br-paragraph-space\">In sostanza, il cuscino di memoria Little Apple \u00e8 una miscela armoniosa di comfort, bellezza e funzionalit\u00e0. Non \u00e8 solo un articolo da letto, ma una parte importante della vita del vostro bambino, che infonde in ogni momento di sonno un senso di tranquillit\u00e0 e tenerezza.<\/div>\n<\/div>\n<\/div>\n<\/div>","protected":false},"excerpt":{"rendered":"<p>Il cuscino Memory Little Apple \u00e8 un dolce e pratico ausilio per il sonno, pensato per i neonati da 0 a 3 mesi. A forma di mela, cattura immediatamente l'attenzione con la sua forma adorabile. Realizzato in memory foam, si adatta dolcemente alla testa del bambino, fornendo un sostegno delicato e personalizzato. La superficie \u00e8 decorata con affascinanti stampe casuali, che aggiungono un tocco di bellezza. Con una dimensione compatta di 20*.<em>22*<\/em>1,5 cm, si adatta perfettamente alla culla del bambino. Questo cuscino non solo aiuta a mantenere la forma della testa del bambino, ma offre anche un luogo di riposo accogliente e confortevole, creando un ambiente sereno per un sonno tranquillo del bambino.<\/p>","protected":false},"featured_media":3384,"comment_status":"open","ping_status":"closed","template":"","meta":{"_uag_custom_page_level_css":"","site-sidebar-layout":"default","site-content-layout":"","ast-site-content-layout":"default","site-content-style":"default","site-sidebar-style":"default","ast-global-header-display":"","ast-banner-title-visibility":"","ast-main-header-display":"","ast-hfb-above-header-display":"","ast-hfb-below-header-display":"","ast-hfb-mobile-header-display":"","site-post-title":"","ast-breadcrumbs-content":"","ast-featured-img":"","footer-sml-layout":"","ast-disable-related-posts":"","theme-transparent-header-meta":"default","adv-header-id-meta":"","stick-header-meta":"","header-above-stick-meta":"","header-main-stick-meta":"","header-below-stick-meta":"","astra-migrate-meta-layouts":"set","ast-page-background-enabled":"default","ast-page-background-meta":{"desktop":{"background-color":"","background-image":"","background-repeat":"repeat","background-position":"center center","background-size":"auto","background-attachment":"scroll","background-type":"","background-media":"","overlay-type":"","overlay-color":"","overlay-opacity":"","overlay-gradient":""},"tablet":{"background-color":"","background-image":"","background-repeat":"repeat","background-position":"center center","background-size":"auto","background-attachment":"scroll","background-type":"","background-media":"","overlay-type":"","overlay-color":"","overlay-opacity":"","overlay-gradient":""},"mobile":{"background-color":"","background-image":"","background-repeat":"repeat","background-position":"center center","background-size":"auto","background-attachment":"scroll","background-type":"","background-media":"","overlay-type":"","overlay-color":"","overlay-opacity":"","overlay-gradient":""}},"ast-content-background-meta":{"desktop":{"background-color":"var(--ast-global-color-5)","background-image":"","background-repeat":"repeat","background-position":"center center","background-size":"auto","background-attachment":"scroll","background-type":"","background-media":"","overlay-type":"","overlay-color":"","overlay-opacity":"","overlay-gradient":""},"tablet":{"background-color":"var(--ast-global-color-5)","background-image":"","background-repeat":"repeat","background-position":"center center","background-size":"auto","background-attachment":"scroll","background-type":"","background-media":"","overlay-type":"","overlay-color":"","overlay-opacity":"","overlay-gradient":""},"mobile":{"background-color":"var(--ast-global-color-5)","background-image":"","background-repeat":"repeat","background-position":"center center","background-size":"auto","background-attachment":"scroll","background-type":"","background-media":"","overlay-type":"","overlay-color":"","overlay-opacity":"","overlay-gradient":""}}},"product_brand":[],"product_cat":[54,42],"product_tag":[70,68,71,69],"class_list":{"0":"post-3383","1":"product","2":"type-product","3":"status-publish","4":"has-post-thumbnail","6":"product_cat-0-to-6months","7":"product_cat-merchandise","8":"product_tag-babypillow","9":"product_tag-cuteanimalpillow","10":"product_tag-headshapesupport","11":"product_tag-kouniushapingpillow","12":"desktop-align-left","13":"tablet-align-left","14":"mobile-align-left","16":"first","17":"instock","18":"shipping-taxable","19":"product-type-simple"},"aioseo_notices":[],"uagb_featured_image_src":{"full":["https:\/\/babypillowwholesale.com\/wp-content\/uploads\/2025\/04\/1003.jpg",1000,1000,false],"thumbnail":["https:\/\/babypillowwholesale.com\/wp-content\/uploads\/2025\/04\/1003-150x150.jpg",150,150,true],"medium":["https:\/\/babypillowwholesale.com\/wp-content\/uploads\/2025\/04\/1003-300x300.jpg",300,300,true],"medium_large":["https:\/\/babypillowwholesale.com\/wp-content\/uploads\/2025\/04\/1003-768x768.jpg",768,768,true],"large":["https:\/\/babypillowwholesale.com\/wp-content\/uploads\/2025\/04\/1003.jpg",1000,1000,false],"1536x1536":["https:\/\/babypillowwholesale.com\/wp-content\/uploads\/2025\/04\/1003.jpg",1000,1000,false],"2048x2048":["https:\/\/babypillowwholesale.com\/wp-content\/uploads\/2025\/04\/1003.jpg",1000,1000,false],"trp-custom-language-flag":["https:\/\/babypillowwholesale.com\/wp-content\/uploads\/2025\/04\/1003.jpg",12,12,false],"woocommerce_thumbnail":["https:\/\/babypillowwholesale.com\/wp-content\/uploads\/2025\/04\/1003-300x300.jpg",300,300,true],"woocommerce_single":["https:\/\/babypillowwholesale.com\/wp-content\/uploads\/2025\/04\/1003-600x600.jpg",600,600,true],"woocommerce_gallery_thumbnail":["https:\/\/babypillowwholesale.com\/wp-content\/uploads\/2025\/04\/1003-100x100.jpg",100,100,true]},"uagb_author_info":{"display_name":"Etnen zhong","author_link":"https:\/\/babypillowwholesale.com\/it\/author\/"},"uagb_comment_info":0,"uagb_excerpt":"The Little Apple Memory Pillow is a sweet and practical sleep essential designed for infants aged 0 - 3 months. Shaped like a cute apple, it immediately catches the eye with its adorable form. Made of memory foam, it softly conforms to the baby's head, providing gentle and customized support. The surface is decorated with&hellip;","jetpack_sharing_enabled":true,"_links":{"self":[{"href":"https:\/\/babypillowwholesale.com\/it\/wp-json\/wp\/v2\/product\/3383","targetHints":{"allow":["GET"]}}],"collection":[{"href":"https:\/\/babypillowwholesale.com\/it\/wp-json\/wp\/v2\/product"}],"about":[{"href":"https:\/\/babypillowwholesale.com\/it\/wp-json\/wp\/v2\/types\/product"}],"replies":[{"embeddable":true,"href":"https:\/\/babypillowwholesale.com\/it\/wp-json\/wp\/v2\/comments?post=3383"}],"wp:featuredmedia":[{"embeddable":true,"href":"https:\/\/babypillowwholesale.com\/it\/wp-json\/wp\/v2\/media\/3384"}],"wp:attachment":[{"href":"https:\/\/babypillowwholesale.com\/it\/wp-json\/wp\/v2\/media?parent=3383"}],"wp:term":[{"taxonomy":"product_brand","embeddable":true,"href":"https:\/\/babypillowwholesale.com\/it\/wp-json\/wp\/v2\/product_brand?post=3383"},{"taxonomy":"product_cat","embeddable":true,"href":"https:\/\/babypillowwholesale.com\/it\/wp-json\/wp\/v2\/product_cat?post=3383"},{"taxonomy":"product_tag","embeddable":true,"href":"https:\/\/babypillowwholesale.com\/it\/wp-json\/wp\/v2\/product_tag?post=3383"}],"curies":[{"name":"wp","href":"https:\/\/api.w.org\/{rel}","templated":true}]}}