{"id":3380,"date":"2025-04-11T07:23:24","date_gmt":"2025-04-11T07:23:24","guid":{"rendered":"https:\/\/babypillowwholesale.com\/?post_type=product&#038;p=3380"},"modified":"2025-06-08T08:11:45","modified_gmt":"2025-06-08T08:11:45","slug":"little-bear-memory-pillow","status":"publish","type":"product","link":"https:\/\/babypillowwholesale.com\/it\/product\/little-bear-memory-pillow\/","title":{"rendered":"Cuscino con memoria dell'orsetto"},"content":{"rendered":"<div class=\"auto-hide-last-sibling-br paragraph-qzbcQC paragraph-element br-paragraph-space\" data-immersive-translate-walked=\"8e61f2e7-6af2-46e5-9672-3b9e4f4033d9\" data-immersive-translate-paragraph=\"1\">\n<div class=\"auto-hide-last-sibling-br paragraph-qzbcQC paragraph-element br-paragraph-space\">\n<div class=\"auto-hide-last-sibling-br paragraph-qzbcQC paragraph-element br-paragraph-space\">Vi presentiamo il cuscino Little Bear Memory Pillow, un tenero ed essenziale compagno di sonno meticolosamente realizzato per i neonati nella fase da 0 a 6 mesi. Questo cuscino \u00e8 un esempio di comfort, realizzato in schiuma di memoria di prima qualit\u00e0 che si modella con grazia ai contorni della testa del bambino. Offre un abbraccio su misura, assicurando un comfort delicato ma di sostegno, fondamentale per lo sviluppo della forma della testa del bambino.<\/div>\n<p>&nbsp;<\/p>\n<div class=\"auto-hide-last-sibling-br paragraph-qzbcQC paragraph-element br-paragraph-space\">La superficie del cuscino \u00e8 una tela di carineria, ornata da una serie di deliziose stampe casuali con affascinanti motivi di orsetti. Ogni orsetto, con la sua espressione accattivante e il suo atteggiamento giocoso, aggiunge un tocco di allegria e calore, rendendo il cuscino non solo un oggetto funzionale ma anche una fonte di gioia visiva.<\/div>\n<p>&nbsp;<\/p>\n<div class=\"auto-hide-last-sibling-br paragraph-qzbcQC paragraph-element br-paragraph-space\">Misura compatta 25*<em>20*<\/em>1,5 cm, \u00e8 perfetto per la culla o il lettino del bambino. Immaginate il vostro prezioso neonato, rannicchiato nel suo accogliente spazio per dormire, con la testolina delicatamente appoggiata su questo cuscino. Diventa un'oasi di morbidezza, un luogo in cui abbandonarsi a un sonno tranquillo, circondati dalla presenza confortante delle impronte dell'orsetto.<\/div>\n<p>&nbsp;<\/p>\n<div class=\"auto-hide-last-sibling-br paragraph-qzbcQC paragraph-element br-paragraph-space\">Nei primi giorni di vita, quando il bambino fa brevi sonnellini durante il giorno, il cuscino Memory Little Bear offre un punto di appoggio costante e confortevole. \u00c8 anche un'aggiunta rassicurante durante il sonno notturno, che aiuta il bambino a sentirsi sicuro e a suo agio.<\/div>\n<p>&nbsp;<\/p>\n<div class=\"auto-hide-last-sibling-br paragraph-qzbcQC paragraph-element br-paragraph-space\">I genitori sono entusiasti di questo prodotto. \"Questo cuscino di memoria Little Bear cambia le carte in tavola! Il mio neonato sembra molto pi\u00f9 comodo e adoro le stampe degli orsetti. Mi d\u00e0 tranquillit\u00e0 sapere che aiuta anche la forma della testa\", ha commentato una neomamma. Un pap\u00e0 ha aggiunto: \"Siamo davvero impressionati dalla qualit\u00e0. Ha resistito bene ed \u00e8 diventato una parte essenziale della configurazione del sonno del nostro bambino\".<\/div>\n<p>&nbsp;<\/p>\n<div class=\"auto-hide-last-sibling-br paragraph-qzbcQC paragraph-element br-paragraph-space\">In sostanza, il cuscino Memory Little Bear \u00e8 una miscela armoniosa di comfort, simpatia e funzionalit\u00e0. Non \u00e8 un semplice oggetto da letto, ma una parte preziosa dei primi giorni di vita del bambino, che infonde in ogni momento di sonno un senso di sicurezza e tenerezza.<\/div>\n<\/div>\n<\/div>","protected":false},"excerpt":{"rendered":"<p>Il cuscino Little Bear Memory \u00e8 un accessorio per il sonno delicato e funzionale, pensato per i neonati da 0 a 6 mesi. Realizzato in memory foam, si adatta delicatamente alla forma della testa del bambino, fornendo un sostegno personalizzato. La sua superficie \u00e8 decorata con simpatiche stampe casuali di motivi di orsetti, che aggiungono un elemento di fascino. Con un ingombro ridotto di 25*.<em>20*<\/em>1,5 cm, \u00e8 adatto alla culla o al lettino del bambino. Questo cuscino non solo aiuta a mantenere la forma della testa del bambino, ma offre anche un luogo di riposo morbido e confortevole, creando un ambiente accogliente per il sonno del bambino.<\/p>","protected":false},"featured_media":3381,"comment_status":"open","ping_status":"closed","template":"","meta":{"_uag_custom_page_level_css":"","site-sidebar-layout":"default","site-content-layout":"","ast-site-content-layout":"default","site-content-style":"default","site-sidebar-style":"default","ast-global-header-display":"","ast-banner-title-visibility":"","ast-main-header-display":"","ast-hfb-above-header-display":"","ast-hfb-below-header-display":"","ast-hfb-mobile-header-display":"","site-post-title":"","ast-breadcrumbs-content":"","ast-featured-img":"","footer-sml-layout":"","ast-disable-related-posts":"","theme-transparent-header-meta":"default","adv-header-id-meta":"","stick-header-meta":"","header-above-stick-meta":"","header-main-stick-meta":"","header-below-stick-meta":"","astra-migrate-meta-layouts":"set","ast-page-background-enabled":"default","ast-page-background-meta":{"desktop":{"background-color":"","background-image":"","background-repeat":"repeat","background-position":"center center","background-size":"auto","background-attachment":"scroll","background-type":"","background-media":"","overlay-type":"","overlay-color":"","overlay-opacity":"","overlay-gradient":""},"tablet":{"background-color":"","background-image":"","background-repeat":"repeat","background-position":"center center","background-size":"auto","background-attachment":"scroll","background-type":"","background-media":"","overlay-type":"","overlay-color":"","overlay-opacity":"","overlay-gradient":""},"mobile":{"background-color":"","background-image":"","background-repeat":"repeat","background-position":"center center","background-size":"auto","background-attachment":"scroll","background-type":"","background-media":"","overlay-type":"","overlay-color":"","overlay-opacity":"","overlay-gradient":""}},"ast-content-background-meta":{"desktop":{"background-color":"var(--ast-global-color-5)","background-image":"","background-repeat":"repeat","background-position":"center center","background-size":"auto","background-attachment":"scroll","background-type":"","background-media":"","overlay-type":"","overlay-color":"","overlay-opacity":"","overlay-gradient":""},"tablet":{"background-color":"var(--ast-global-color-5)","background-image":"","background-repeat":"repeat","background-position":"center center","background-size":"auto","background-attachment":"scroll","background-type":"","background-media":"","overlay-type":"","overlay-color":"","overlay-opacity":"","overlay-gradient":""},"mobile":{"background-color":"var(--ast-global-color-5)","background-image":"","background-repeat":"repeat","background-position":"center center","background-size":"auto","background-attachment":"scroll","background-type":"","background-media":"","overlay-type":"","overlay-color":"","overlay-opacity":"","overlay-gradient":""}}},"product_brand":[],"product_cat":[54,42],"product_tag":[70,68,71,69],"class_list":{"0":"post-3380","1":"product","2":"type-product","3":"status-publish","4":"has-post-thumbnail","6":"product_cat-0-to-6months","7":"product_cat-merchandise","8":"product_tag-babypillow","9":"product_tag-cuteanimalpillow","10":"product_tag-headshapesupport","11":"product_tag-kouniushapingpillow","12":"desktop-align-left","13":"tablet-align-left","14":"mobile-align-left","16":"first","17":"instock","18":"shipping-taxable","19":"product-type-simple"},"aioseo_notices":[],"uagb_featured_image_src":{"full":["https:\/\/babypillowwholesale.com\/wp-content\/uploads\/2025\/04\/1002.jpg",1000,1000,false],"thumbnail":["https:\/\/babypillowwholesale.com\/wp-content\/uploads\/2025\/04\/1002-150x150.jpg",150,150,true],"medium":["https:\/\/babypillowwholesale.com\/wp-content\/uploads\/2025\/04\/1002-300x300.jpg",300,300,true],"medium_large":["https:\/\/babypillowwholesale.com\/wp-content\/uploads\/2025\/04\/1002-768x768.jpg",768,768,true],"large":["https:\/\/babypillowwholesale.com\/wp-content\/uploads\/2025\/04\/1002.jpg",1000,1000,false],"1536x1536":["https:\/\/babypillowwholesale.com\/wp-content\/uploads\/2025\/04\/1002.jpg",1000,1000,false],"2048x2048":["https:\/\/babypillowwholesale.com\/wp-content\/uploads\/2025\/04\/1002.jpg",1000,1000,false],"trp-custom-language-flag":["https:\/\/babypillowwholesale.com\/wp-content\/uploads\/2025\/04\/1002.jpg",12,12,false],"woocommerce_thumbnail":["https:\/\/babypillowwholesale.com\/wp-content\/uploads\/2025\/04\/1002-300x300.jpg",300,300,true],"woocommerce_single":["https:\/\/babypillowwholesale.com\/wp-content\/uploads\/2025\/04\/1002-600x600.jpg",600,600,true],"woocommerce_gallery_thumbnail":["https:\/\/babypillowwholesale.com\/wp-content\/uploads\/2025\/04\/1002-100x100.jpg",100,100,true]},"uagb_author_info":{"display_name":"Etnen zhong","author_link":"https:\/\/babypillowwholesale.com\/it\/author\/"},"uagb_comment_info":0,"uagb_excerpt":"The Little Bear Memory Pillow is a delicate and functional sleep accessory designed for infants aged 0 - 6 months. Made with memory foam, it gently conforms to the shape of the baby's head, providing customized support. Its surface is adorned with cute random prints of little bear motifs, adding an element of charm. With&hellip;","jetpack_sharing_enabled":true,"_links":{"self":[{"href":"https:\/\/babypillowwholesale.com\/it\/wp-json\/wp\/v2\/product\/3380","targetHints":{"allow":["GET"]}}],"collection":[{"href":"https:\/\/babypillowwholesale.com\/it\/wp-json\/wp\/v2\/product"}],"about":[{"href":"https:\/\/babypillowwholesale.com\/it\/wp-json\/wp\/v2\/types\/product"}],"replies":[{"embeddable":true,"href":"https:\/\/babypillowwholesale.com\/it\/wp-json\/wp\/v2\/comments?post=3380"}],"wp:featuredmedia":[{"embeddable":true,"href":"https:\/\/babypillowwholesale.com\/it\/wp-json\/wp\/v2\/media\/3381"}],"wp:attachment":[{"href":"https:\/\/babypillowwholesale.com\/it\/wp-json\/wp\/v2\/media?parent=3380"}],"wp:term":[{"taxonomy":"product_brand","embeddable":true,"href":"https:\/\/babypillowwholesale.com\/it\/wp-json\/wp\/v2\/product_brand?post=3380"},{"taxonomy":"product_cat","embeddable":true,"href":"https:\/\/babypillowwholesale.com\/it\/wp-json\/wp\/v2\/product_cat?post=3380"},{"taxonomy":"product_tag","embeddable":true,"href":"https:\/\/babypillowwholesale.com\/it\/wp-json\/wp\/v2\/product_tag?post=3380"}],"curies":[{"name":"wp","href":"https:\/\/api.w.org\/{rel}","templated":true}]}}