{"id":3329,"date":"2025-04-03T15:57:48","date_gmt":"2025-04-03T15:57:48","guid":{"rendered":"https:\/\/babypillowwholesale.com\/?post_type=product&#038;p=3329"},"modified":"2025-06-08T14:55:14","modified_gmt":"2025-06-08T14:55:14","slug":"cute-pig-infant-pillow","status":"publish","type":"product","link":"https:\/\/babypillowwholesale.com\/it\/product\/cute-pig-infant-pillow\/","title":{"rendered":"Cuscino per neonati con maialino"},"content":{"rendered":"<div class=\"auto-hide-last-sibling-br paragraph-qzbcQC paragraph-element br-paragraph-space\" data-immersive-translate-walked=\"8e61f2e7-6af2-46e5-9672-3b9e4f4033d9\" data-immersive-translate-paragraph=\"1\">\n<div class=\"auto-hide-last-sibling-br paragraph-qzbcQC paragraph-element br-paragraph-space\">\n<div class=\"auto-hide-last-sibling-br paragraph-qzbcQC paragraph-element br-paragraph-space\">\n<div class=\"auto-hide-last-sibling-br paragraph-qzbcQC paragraph-element br-paragraph-space\">\n<div class=\"auto-hide-last-sibling-br paragraph-qzbcQC paragraph-element br-paragraph-space\">\n<div class=\"auto-hide-last-sibling-br paragraph-qzbcQC paragraph-element br-paragraph-space\">\n<div class=\"auto-hide-last-sibling-br paragraph-qzbcQC paragraph-element br-paragraph-space\">\n<div class=\"auto-hide-last-sibling-br paragraph-qzbcQC paragraph-element br-paragraph-space\">\n<div class=\"auto-hide-last-sibling-br paragraph-qzbcQC paragraph-element br-paragraph-space\">\n<div class=\"auto-hide-last-sibling-br paragraph-qzbcQC paragraph-element br-paragraph-space\">Vi presentiamo il cuscino per neonati Cute Pig, un compagno di sonno affascinante ed essenziale per i bambini da 1 a 3 anni. Il suo design \u00e8 un'adorabile ode all'adorabile maiale, con un'espressione serena e chiusa, un naso perfettamente rotondo e orecchie delicatamente morbide che, insieme, creano un volto irresistibilmente accattivante.<\/div>\n<p>&nbsp;<\/p>\n<div class=\"auto-hide-last-sibling-br paragraph-qzbcQC paragraph-element br-paragraph-space\">Misura 40*<em>24*<\/em>Questo cuscino, con una dimensione di 3 cm, \u00e8 stato progettato per fornire un supporto ottimale alla testa e al collo del bambino. Incoraggia delicatamente una postura sana durante il sonno, assicurando che ogni sonno sia tanto riposante quanto dolce. Realizzato con materiali sontuosamente morbidi, offre un tocco simile a una carezza, avvolgendo il bambino nel suo comfort. Disponibile nelle delicate tonalit\u00e0 del rosa e dell'azzurro, si abbina senza sforzo a qualsiasi arredamento della cameretta, adattandosi con facilit\u00e0 ai gusti individuali.<\/div>\n<p>&nbsp;<\/p>\n<div class=\"auto-hide-last-sibling-br paragraph-qzbcQC paragraph-element br-paragraph-space\">Immaginate le serate tranquille in cui il vostro bambino, rannicchiato nel suo lettino, abbraccia da vicino il cuscino per neonati Cute Pig. Diventa una fonte di conforto, un amico silenzioso che lo tranquillizza e lo fa sognare. Di giorno, invece, pu\u00f2 essere uno strumento di gioco per i loro giochi fantasiosi, un morbido punto d'appoggio per i sonnellini improvvisati sul pavimento del salotto o un compagno di coccole nei momenti di stanchezza.<\/div>\n<p>&nbsp;<\/p>\n<div class=\"auto-hide-last-sibling-br paragraph-qzbcQC paragraph-element br-paragraph-space\">I genitori sono entusiasti di questo delizioso cuscino. \"Il mio bambino adora il cuscino Cute Pig! \u00c8 diventato il loro strumento preferito per andare a dormire. La morbidezza \u00e8 meravigliosa e il design simpatico lo rende uno degli elementi preferiti della sua stanza\", ha condiviso una mamma entusiasta. Un pap\u00e0 ha aggiunto: \"Adoriamo il fatto che aggiunga un tocco di bizzarria alla stanza del sonno di nostro figlio. \u00c8 anche durevole e resiste a tutti gli abbracci e le strette. Sicuramente una grande scoperta!\".<\/div>\n<p>&nbsp;<\/p>\n<div class=\"auto-hide-last-sibling-br paragraph-qzbcQC paragraph-element br-paragraph-space\">In sostanza, il cuscino per neonati Cute Pig \u00e8 pi\u00f9 di un semplice cuscino: \u00e8 un fascio di comfort, simpatia e ricordi d'infanzia, che valorizza ogni momento prezioso della fase di 1 - 3 anni del vostro bambino.<\/div>\n<\/div>\n<\/div>\n<\/div>\n<\/div>\n<\/div>\n<\/div>\n<\/div>\n<\/div>\n<\/div>","protected":false},"excerpt":{"rendered":"<div class=\"container-QE4ayg\">\n<div class=\"item-jU10IN\">\n<div class=\"container-jODEnh chrome70-container\">\n<div class=\"inner-eE95c9 inner-item-aL3Ui_\" data-target-id=\"message-box-target-id\" data-testid=\"union_message\">\n<div class=\"message-block-container-liuetz\" data-testid=\"message-block-container\">\n<div class=\"message-box-ZWbBdF\" data-testid=\"receive_message\">\n<div class=\"message-box-content-wrapper-srHdUj\">\n<div class=\"message-content message-box-content-otxGGw receive-message-box-content-_lREFj samantha-message-box-content-Qjmpja\" data-testid=\"message_content\">\n<div class=\"container-hfX5E8 flow-markdown-body theme-samantha-yJEgBp\" dir=\"ltr\" data-testid=\"message_text_content\" data-show-indicator=\"false\">\n<div class=\"auto-hide-last-sibling-br paragraph-qzbcQC paragraph-element br-paragraph-space\">Il cuscino per neonati Cute Pig \u00e8 un simpatico accessorio per la nanna pensato per i bambini da 1 a 3 anni. Il suo design \u00e8 ispirato a un simpatico maialino, con caratteristiche affascinanti come l'espressione degli occhi chiusi, il naso rotondo e le orecchie morbide, che creano un look irresistibilmente adorabile. Misura 40*<em>24*<\/em>Con un'altezza di 3 cm, offre un sostegno adeguato alla testa e al collo del bambino, favorendo una postura comoda e sana durante il sonno. Realizzato con materiali morbidi, offre un tocco delicato e accogliente. Disponibile nei colori rosa e blu, si adatta a diverse decorazioni e preferenze personali. Questo cuscino non solo aiuta a garantire un buon sonno, ma aggiunge anche un tocco di simpatia e calore alla routine della nanna del bambino.<\/div>\n<\/div>\n<\/div>\n<\/div>\n<\/div>\n<\/div>\n<\/div>\n<\/div>\n<\/div>\n<\/div>","protected":false},"featured_media":3331,"comment_status":"open","ping_status":"closed","template":"","meta":{"_uag_custom_page_level_css":"","site-sidebar-layout":"default","site-content-layout":"","ast-site-content-layout":"default","site-content-style":"default","site-sidebar-style":"default","ast-global-header-display":"","ast-banner-title-visibility":"","ast-main-header-display":"","ast-hfb-above-header-display":"","ast-hfb-below-header-display":"","ast-hfb-mobile-header-display":"","site-post-title":"","ast-breadcrumbs-content":"","ast-featured-img":"","footer-sml-layout":"","ast-disable-related-posts":"","theme-transparent-header-meta":"default","adv-header-id-meta":"","stick-header-meta":"","header-above-stick-meta":"","header-main-stick-meta":"","header-below-stick-meta":"","astra-migrate-meta-layouts":"set","ast-page-background-enabled":"default","ast-page-background-meta":{"desktop":{"background-color":"","background-image":"","background-repeat":"repeat","background-position":"center center","background-size":"auto","background-attachment":"scroll","background-type":"","background-media":"","overlay-type":"","overlay-color":"","overlay-opacity":"","overlay-gradient":""},"tablet":{"background-color":"","background-image":"","background-repeat":"repeat","background-position":"center center","background-size":"auto","background-attachment":"scroll","background-type":"","background-media":"","overlay-type":"","overlay-color":"","overlay-opacity":"","overlay-gradient":""},"mobile":{"background-color":"","background-image":"","background-repeat":"repeat","background-position":"center center","background-size":"auto","background-attachment":"scroll","background-type":"","background-media":"","overlay-type":"","overlay-color":"","overlay-opacity":"","overlay-gradient":""}},"ast-content-background-meta":{"desktop":{"background-color":"var(--ast-global-color-5)","background-image":"","background-repeat":"repeat","background-position":"center center","background-size":"auto","background-attachment":"scroll","background-type":"","background-media":"","overlay-type":"","overlay-color":"","overlay-opacity":"","overlay-gradient":""},"tablet":{"background-color":"var(--ast-global-color-5)","background-image":"","background-repeat":"repeat","background-position":"center center","background-size":"auto","background-attachment":"scroll","background-type":"","background-media":"","overlay-type":"","overlay-color":"","overlay-opacity":"","overlay-gradient":""},"mobile":{"background-color":"var(--ast-global-color-5)","background-image":"","background-repeat":"repeat","background-position":"center center","background-size":"auto","background-attachment":"scroll","background-type":"","background-media":"","overlay-type":"","overlay-color":"","overlay-opacity":"","overlay-gradient":""}}},"product_brand":[],"product_cat":[56,42],"product_tag":[70,68,71,69],"class_list":{"0":"post-3329","1":"product","2":"type-product","3":"status-publish","4":"has-post-thumbnail","6":"product_cat-1-to-3-years","7":"product_cat-merchandise","8":"product_tag-babypillow","9":"product_tag-cuteanimalpillow","10":"product_tag-headshapesupport","11":"product_tag-kouniushapingpillow","12":"desktop-align-left","13":"tablet-align-left","14":"mobile-align-left","16":"first","17":"instock","18":"shipping-taxable","19":"product-type-simple"},"aioseo_notices":[],"uagb_featured_image_src":{"full":["https:\/\/babypillowwholesale.com\/wp-content\/uploads\/2025\/04\/1096-1.jpg",1000,1000,false],"thumbnail":["https:\/\/babypillowwholesale.com\/wp-content\/uploads\/2025\/04\/1096-1-150x150.jpg",150,150,true],"medium":["https:\/\/babypillowwholesale.com\/wp-content\/uploads\/2025\/04\/1096-1-300x300.jpg",300,300,true],"medium_large":["https:\/\/babypillowwholesale.com\/wp-content\/uploads\/2025\/04\/1096-1-768x768.jpg",768,768,true],"large":["https:\/\/babypillowwholesale.com\/wp-content\/uploads\/2025\/04\/1096-1.jpg",1000,1000,false],"1536x1536":["https:\/\/babypillowwholesale.com\/wp-content\/uploads\/2025\/04\/1096-1.jpg",1000,1000,false],"2048x2048":["https:\/\/babypillowwholesale.com\/wp-content\/uploads\/2025\/04\/1096-1.jpg",1000,1000,false],"trp-custom-language-flag":["https:\/\/babypillowwholesale.com\/wp-content\/uploads\/2025\/04\/1096-1.jpg",12,12,false],"woocommerce_thumbnail":["https:\/\/babypillowwholesale.com\/wp-content\/uploads\/2025\/04\/1096-1-300x300.jpg",300,300,true],"woocommerce_single":["https:\/\/babypillowwholesale.com\/wp-content\/uploads\/2025\/04\/1096-1-600x600.jpg",600,600,true],"woocommerce_gallery_thumbnail":["https:\/\/babypillowwholesale.com\/wp-content\/uploads\/2025\/04\/1096-1-100x100.jpg",100,100,true]},"uagb_author_info":{"display_name":"Etnen zhong","author_link":"https:\/\/babypillowwholesale.com\/it\/author\/"},"uagb_comment_info":0,"uagb_excerpt":"The Cute Pig Infant Pillow is an endearing sleep accessory designed for children aged 1 - 3 years. Its design is inspired by a cute pig, with charming features like closed - eye expressions, a round nose, and soft ears, creating an irresistibly adorable look. Measuring 40*24*3CM, it offers proper support for a child's head&hellip;","jetpack_sharing_enabled":true,"_links":{"self":[{"href":"https:\/\/babypillowwholesale.com\/it\/wp-json\/wp\/v2\/product\/3329","targetHints":{"allow":["GET"]}}],"collection":[{"href":"https:\/\/babypillowwholesale.com\/it\/wp-json\/wp\/v2\/product"}],"about":[{"href":"https:\/\/babypillowwholesale.com\/it\/wp-json\/wp\/v2\/types\/product"}],"replies":[{"embeddable":true,"href":"https:\/\/babypillowwholesale.com\/it\/wp-json\/wp\/v2\/comments?post=3329"}],"wp:featuredmedia":[{"embeddable":true,"href":"https:\/\/babypillowwholesale.com\/it\/wp-json\/wp\/v2\/media\/3331"}],"wp:attachment":[{"href":"https:\/\/babypillowwholesale.com\/it\/wp-json\/wp\/v2\/media?parent=3329"}],"wp:term":[{"taxonomy":"product_brand","embeddable":true,"href":"https:\/\/babypillowwholesale.com\/it\/wp-json\/wp\/v2\/product_brand?post=3329"},{"taxonomy":"product_cat","embeddable":true,"href":"https:\/\/babypillowwholesale.com\/it\/wp-json\/wp\/v2\/product_cat?post=3329"},{"taxonomy":"product_tag","embeddable":true,"href":"https:\/\/babypillowwholesale.com\/it\/wp-json\/wp\/v2\/product_tag?post=3329"}],"curies":[{"name":"wp","href":"https:\/\/api.w.org\/{rel}","templated":true}]}}