{"id":3323,"date":"2025-04-02T16:47:01","date_gmt":"2025-04-02T16:47:01","guid":{"rendered":"https:\/\/babypillowwholesale.com\/?post_type=product&#038;p=3323"},"modified":"2025-06-08T15:14:33","modified_gmt":"2025-06-08T15:14:33","slug":"hydrophilic-sponge-soothing-cloud-shaped-pillow","status":"publish","type":"product","link":"https:\/\/babypillowwholesale.com\/it\/product\/hydrophilic-sponge-soothing-cloud-shaped-pillow\/","title":{"rendered":"Cuscino a forma di nuvola in spugna idrofila"},"content":{"rendered":"<div class=\"auto-hide-last-sibling-br paragraph-qzbcQC paragraph-element br-paragraph-space\" data-immersive-translate-walked=\"8e61f2e7-6af2-46e5-9672-3b9e4f4033d9\" data-immersive-translate-paragraph=\"1\">\n<div class=\"auto-hide-last-sibling-br paragraph-qzbcQC paragraph-element br-paragraph-space\">\n<div class=\"auto-hide-last-sibling-br paragraph-qzbcQC paragraph-element br-paragraph-space\">\n<div class=\"auto-hide-last-sibling-br paragraph-qzbcQC paragraph-element br-paragraph-space\">\n<div class=\"auto-hide-last-sibling-br paragraph-qzbcQC paragraph-element br-paragraph-space\">\n<div class=\"auto-hide-last-sibling-br paragraph-qzbcQC paragraph-element br-paragraph-space\">\n<div class=\"auto-hide-last-sibling-br paragraph-qzbcQC paragraph-element br-paragraph-space\">\n<div class=\"auto-hide-last-sibling-br paragraph-qzbcQC paragraph-element br-paragraph-space\">Vi presentiamo il cuscino a forma di nuvola in spugna idrofila, un tenero abbraccio per i bambini nel primo anno di vita. Realizzato in modo da imitare la forma morbida e confortante di una nuvola, avvolge immediatamente il vostro piccolo in un senso di sicurezza e calore. Il cuscino \u00e8 realizzato in spugna idrofila di prima qualit\u00e0, che offre un tocco vellutato e liscio, squisitamente delicato sulla pelle delicata del bambino.<\/div>\n<p>&nbsp;<\/p>\n<div class=\"auto-hide-last-sibling-br paragraph-qzbcQC paragraph-element br-paragraph-space\">Adornato con una serie di adorabili stampe di animali distribuite in modo casuale sulla sua superficie, questo cuscino \u00e8 una delizia visiva, che stimola la curiosit\u00e0 e la gioia nel mondo del bambino. Misura 45<em>28<\/em>1,5 cm, offre uno spazio generoso per cullare comodamente la testa e il corpo del bambino durante i sonnellini e i momenti di gioco.<\/div>\n<p>&nbsp;<\/p>\n<div class=\"auto-hide-last-sibling-br paragraph-qzbcQC paragraph-element br-paragraph-space\">Immaginate sereni momenti di sonnellino, in cui il vostro bambino si rannicchia nel cuscino e si abbandona al mondo dei sogni come se fosse abbracciato da una soffice nuvola. Oppure immaginate momenti di gioco, con il bambino che allunga la mano affascinato dalle simpatiche stampe di animali. \u00c8 anche un perfetto calmante nei momenti di nervosismo, offrendo un tocco familiare e confortante.<\/div>\n<p>&nbsp;<\/p>\n<div class=\"auto-hide-last-sibling-br paragraph-qzbcQC paragraph-element br-paragraph-space\">I genitori sono entusiasti delle loro lodi. \"Questo cuscino a forma di nuvola \u00e8 un salvavita! Il mio bambino si calma quasi istantaneamente quando vi si posa sopra. La morbidezza della spugna idrofila e le simpatiche stampe sono semplicemente meravigliose\", ha dichiarato una mamma sollevata. Un pap\u00e0 ha aggiunto: \"\u00c8 diventato un punto fermo nella routine del nostro bambino. Che si tratti di un pisolino veloce o di un momento di tranquillit\u00e0, questo cuscino \u00e8 sempre l\u00ec, a fornire comfort e un po' di divertimento\".<\/div>\n<p>&nbsp;<\/p>\n<div class=\"auto-hide-last-sibling-br paragraph-qzbcQC paragraph-element br-paragraph-space\">In sostanza, il cuscino a forma di nuvola in spugna idrofila \u00e8 pi\u00f9 di un semplice articolo da letto. \u00c8 un mix di funzionalit\u00e0, comfort e bellezza, un compagno essenziale che valorizza ogni momento prezioso dei primi giorni di vita del bambino.<\/div>\n<\/div>\n<\/div>\n<\/div>\n<\/div>\n<\/div>\n<\/div>\n<\/div>","protected":false},"excerpt":{"rendered":"<p>Il cuscino a forma di nuvola in spugna idrofila \u00e8 un compagno meraviglioso per i bambini da 0 a 1 anno. Il suo design assume la forma di una soffice nuvola, creando un senso di sicurezza e comfort. Realizzato in spugna idrofila, offre un tocco delicato e piacevole, perfetto per la pelle sensibile del bambino. Il cuscino \u00e8 ornato da simpatiche stampe di animali distribuite in modo casuale, che aggiungono un elemento giocoso e affascinante. Con una misura di 45*.<em>28*<\/em>1,5 cm, offre un ampio spazio per la testa e il corpo del bambino. Questo cuscino non \u00e8 solo ideale per il sonnellino, ma serve anche come oggetto di conforto durante il gioco o quando il bambino ha bisogno di essere calmato. Combina funzionalit\u00e0, morbidezza e un'estetica simpatica, rendendolo un oggetto essenziale per i primi giorni di vita del bambino.<\/p>","protected":false},"featured_media":3324,"comment_status":"open","ping_status":"closed","template":"","meta":{"_uag_custom_page_level_css":"","site-sidebar-layout":"default","site-content-layout":"","ast-site-content-layout":"default","site-content-style":"default","site-sidebar-style":"default","ast-global-header-display":"","ast-banner-title-visibility":"","ast-main-header-display":"","ast-hfb-above-header-display":"","ast-hfb-below-header-display":"","ast-hfb-mobile-header-display":"","site-post-title":"","ast-breadcrumbs-content":"","ast-featured-img":"","footer-sml-layout":"","ast-disable-related-posts":"","theme-transparent-header-meta":"default","adv-header-id-meta":"","stick-header-meta":"","header-above-stick-meta":"","header-main-stick-meta":"","header-below-stick-meta":"","astra-migrate-meta-layouts":"set","ast-page-background-enabled":"default","ast-page-background-meta":{"desktop":{"background-color":"","background-image":"","background-repeat":"repeat","background-position":"center center","background-size":"auto","background-attachment":"scroll","background-type":"","background-media":"","overlay-type":"","overlay-color":"","overlay-opacity":"","overlay-gradient":""},"tablet":{"background-color":"","background-image":"","background-repeat":"repeat","background-position":"center center","background-size":"auto","background-attachment":"scroll","background-type":"","background-media":"","overlay-type":"","overlay-color":"","overlay-opacity":"","overlay-gradient":""},"mobile":{"background-color":"","background-image":"","background-repeat":"repeat","background-position":"center center","background-size":"auto","background-attachment":"scroll","background-type":"","background-media":"","overlay-type":"","overlay-color":"","overlay-opacity":"","overlay-gradient":""}},"ast-content-background-meta":{"desktop":{"background-color":"var(--ast-global-color-5)","background-image":"","background-repeat":"repeat","background-position":"center center","background-size":"auto","background-attachment":"scroll","background-type":"","background-media":"","overlay-type":"","overlay-color":"","overlay-opacity":"","overlay-gradient":""},"tablet":{"background-color":"var(--ast-global-color-5)","background-image":"","background-repeat":"repeat","background-position":"center center","background-size":"auto","background-attachment":"scroll","background-type":"","background-media":"","overlay-type":"","overlay-color":"","overlay-opacity":"","overlay-gradient":""},"mobile":{"background-color":"var(--ast-global-color-5)","background-image":"","background-repeat":"repeat","background-position":"center center","background-size":"auto","background-attachment":"scroll","background-type":"","background-media":"","overlay-type":"","overlay-color":"","overlay-opacity":"","overlay-gradient":""}}},"product_brand":[],"product_cat":[55,42],"product_tag":[70,68,71,69],"class_list":{"0":"post-3323","1":"product","2":"type-product","3":"status-publish","4":"has-post-thumbnail","6":"product_cat-0-to-1-year","7":"product_cat-merchandise","8":"product_tag-babypillow","9":"product_tag-cuteanimalpillow","10":"product_tag-headshapesupport","11":"product_tag-kouniushapingpillow","12":"desktop-align-left","13":"tablet-align-left","14":"mobile-align-left","16":"first","17":"instock","18":"shipping-taxable","19":"product-type-simple"},"aioseo_notices":[],"uagb_featured_image_src":{"full":["https:\/\/babypillowwholesale.com\/wp-content\/uploads\/2025\/04\/1026.jpg",1000,1000,false],"thumbnail":["https:\/\/babypillowwholesale.com\/wp-content\/uploads\/2025\/04\/1026-150x150.jpg",150,150,true],"medium":["https:\/\/babypillowwholesale.com\/wp-content\/uploads\/2025\/04\/1026-300x300.jpg",300,300,true],"medium_large":["https:\/\/babypillowwholesale.com\/wp-content\/uploads\/2025\/04\/1026-768x768.jpg",768,768,true],"large":["https:\/\/babypillowwholesale.com\/wp-content\/uploads\/2025\/04\/1026.jpg",1000,1000,false],"1536x1536":["https:\/\/babypillowwholesale.com\/wp-content\/uploads\/2025\/04\/1026.jpg",1000,1000,false],"2048x2048":["https:\/\/babypillowwholesale.com\/wp-content\/uploads\/2025\/04\/1026.jpg",1000,1000,false],"trp-custom-language-flag":["https:\/\/babypillowwholesale.com\/wp-content\/uploads\/2025\/04\/1026.jpg",12,12,false],"woocommerce_thumbnail":["https:\/\/babypillowwholesale.com\/wp-content\/uploads\/2025\/04\/1026-300x300.jpg",300,300,true],"woocommerce_single":["https:\/\/babypillowwholesale.com\/wp-content\/uploads\/2025\/04\/1026-600x600.jpg",600,600,true],"woocommerce_gallery_thumbnail":["https:\/\/babypillowwholesale.com\/wp-content\/uploads\/2025\/04\/1026-100x100.jpg",100,100,true]},"uagb_author_info":{"display_name":"Etnen zhong","author_link":"https:\/\/babypillowwholesale.com\/it\/author\/"},"uagb_comment_info":0,"uagb_excerpt":"The Hydrophilic Sponge Soothing Cloud - Shaped Pillow is a wonderful companion for babies aged 0 - 1 year. Its design takes the form of a soft cloud, creating a sense of security and comfort. Made from hydrophilic sponge, it offers a gentle and pleasant touch, perfect for a baby's sensitive skin. The pillow is&hellip;","jetpack_sharing_enabled":true,"_links":{"self":[{"href":"https:\/\/babypillowwholesale.com\/it\/wp-json\/wp\/v2\/product\/3323","targetHints":{"allow":["GET"]}}],"collection":[{"href":"https:\/\/babypillowwholesale.com\/it\/wp-json\/wp\/v2\/product"}],"about":[{"href":"https:\/\/babypillowwholesale.com\/it\/wp-json\/wp\/v2\/types\/product"}],"replies":[{"embeddable":true,"href":"https:\/\/babypillowwholesale.com\/it\/wp-json\/wp\/v2\/comments?post=3323"}],"wp:featuredmedia":[{"embeddable":true,"href":"https:\/\/babypillowwholesale.com\/it\/wp-json\/wp\/v2\/media\/3324"}],"wp:attachment":[{"href":"https:\/\/babypillowwholesale.com\/it\/wp-json\/wp\/v2\/media?parent=3323"}],"wp:term":[{"taxonomy":"product_brand","embeddable":true,"href":"https:\/\/babypillowwholesale.com\/it\/wp-json\/wp\/v2\/product_brand?post=3323"},{"taxonomy":"product_cat","embeddable":true,"href":"https:\/\/babypillowwholesale.com\/it\/wp-json\/wp\/v2\/product_cat?post=3323"},{"taxonomy":"product_tag","embeddable":true,"href":"https:\/\/babypillowwholesale.com\/it\/wp-json\/wp\/v2\/product_tag?post=3323"}],"curies":[{"name":"wp","href":"https:\/\/api.w.org\/{rel}","templated":true}]}}