{"id":3317,"date":"2025-03-31T02:51:30","date_gmt":"2025-03-31T02:51:30","guid":{"rendered":"https:\/\/babypillowwholesale.com\/?post_type=product&#038;p=3317"},"modified":"2025-06-08T15:19:36","modified_gmt":"2025-06-08T15:19:36","slug":"obedient-bear-contour-pillow","status":"publish","type":"product","link":"https:\/\/babypillowwholesale.com\/it\/product\/obedient-bear-contour-pillow\/","title":{"rendered":"Cuscino per il contorno dell'orso obbediente"},"content":{"rendered":"<div class=\"auto-hide-last-sibling-br paragraph-qzbcQC paragraph-element br-paragraph-space\" data-immersive-translate-walked=\"8e61f2e7-6af2-46e5-9672-3b9e4f4033d9\" data-immersive-translate-paragraph=\"1\">\n<div class=\"auto-hide-last-sibling-br paragraph-qzbcQC paragraph-element br-paragraph-space\">\n<div class=\"auto-hide-last-sibling-br paragraph-qzbcQC paragraph-element br-paragraph-space\">\n<div class=\"auto-hide-last-sibling-br paragraph-qzbcQC paragraph-element br-paragraph-space\">\n<div class=\"auto-hide-last-sibling-br paragraph-qzbcQC paragraph-element br-paragraph-space\">\n<div class=\"auto-hide-last-sibling-br paragraph-qzbcQC paragraph-element br-paragraph-space\">Vi presentiamo il cuscino contorno orso Obedient Bear, una fusione perfetta di carineria e funzionalit\u00e0, progettato appositamente per i preziosi neonati di et\u00e0 compresa tra 0 e 12 mesi. Questo cuscino presenta un disegno di orso irresistibilmente affascinante, completo di orecchie soffici, occhi grandi e pieni d'anima e guance adorabilmente arrossate che faranno sicuramente sciogliere il cuore a prima vista.<\/div>\n<p>&nbsp;<\/p>\n<div class=\"auto-hide-last-sibling-br paragraph-qzbcQC paragraph-element br-paragraph-space\">Il design del cuscino \u00e8 un capolavoro di ingegneria ergonomica. Si modella delicatamente sulla forma della testa del bambino, fornendo un sostegno tenero e preciso, fondamentale per favorire una forma sana della testa nei primi mesi di vita. Misura 29*<em>21*<\/em>1,5 cm, si adatta perfettamente a diversi ambienti. Sia che venga adagiato in un'accogliente culla per un pisolino tranquillo, sia che accompagni il piccolo nel passeggino durante una piacevole passeggiata al parco, sia che venga posizionato su un morbido playmat per divertenti sessioni di gioco a casa, questo cuscino \u00e8 una costante fonte di comfort.<\/div>\n<p>&nbsp;<\/p>\n<div class=\"auto-hide-last-sibling-br paragraph-qzbcQC paragraph-element br-paragraph-space\">I genitori sono entusiasti del cuscino di contenimento Obedient Bear. \"Il mio bambino adora questo cuscino! \u00c8 cos\u00ec morbido e il disegno dell'orso \u00e8 troppo carino. Ho notato che aiuta davvero a tenere la testa in una buona posizione\", ha detto una mamma entusiasta. Un pap\u00e0 ha condiviso: \"Portiamo questo cuscino ovunque andiamo. \u00c8 resistente, facile da pulire e le opzioni di colore sono fantastiche. \u00c8 diventato una parte essenziale della vita quotidiana del nostro bambino\".<\/div>\n<p>&nbsp;<\/p>\n<div class=\"auto-hide-last-sibling-br paragraph-qzbcQC paragraph-element br-paragraph-space\">Disponibile nelle affascinanti tonalit\u00e0 del rosa e dell'azzurro, il cuscino Obedient Bear Contour Pillow non \u00e8 solo un accessorio per bambini, ma un caro compagno che combina il fascino accattivante di un design a tema orso con un supporto professionale per la modellazione della testa, assicurando che il vostro piccolo si goda ogni momento prezioso dei suoi primi giorni di vita con il massimo comfort e cura.<\/div>\n<\/div>\n<\/div>\n<\/div>\n<\/div>\n<\/div>","protected":false},"excerpt":{"rendered":"<p>Il cuscino sagomato Obedient Bear \u00e8 la scelta ideale per i neonati da 0 a 12 mesi. Il suo design \u00e8 ispirato a un adorabile orsetto, con orecchie simpatiche, occhi grandi e guance arrossate, che lo rendono irresistibilmente affascinante. Il design sagomato del cuscino non \u00e8 solo visivamente accattivante, ma ha anche una funzione pratica. Fornisce un supporto ergonomico, conformandosi delicatamente alla forma della testa del bambino per aiutarlo a mantenere una forma sana. Misura 29*<em>21*<\/em>1,5 cm, si adatta bene a culle, passeggini o altri luoghi di riposo per bambini. Disponibile nei colori rosa e blu, pu\u00f2 essere abbinato a diverse camerette. Questo cuscino combina la bellezza di un design a tema orso con un supporto professionale per la modellazione della testa, portando conforto e cura ai primi giorni di vita del vostro piccolo.<\/p>","protected":false},"featured_media":3318,"comment_status":"open","ping_status":"closed","template":"","meta":{"_uag_custom_page_level_css":"","site-sidebar-layout":"default","site-content-layout":"","ast-site-content-layout":"default","site-content-style":"default","site-sidebar-style":"default","ast-global-header-display":"","ast-banner-title-visibility":"","ast-main-header-display":"","ast-hfb-above-header-display":"","ast-hfb-below-header-display":"","ast-hfb-mobile-header-display":"","site-post-title":"","ast-breadcrumbs-content":"","ast-featured-img":"","footer-sml-layout":"","ast-disable-related-posts":"","theme-transparent-header-meta":"default","adv-header-id-meta":"","stick-header-meta":"","header-above-stick-meta":"","header-main-stick-meta":"","header-below-stick-meta":"","astra-migrate-meta-layouts":"set","ast-page-background-enabled":"default","ast-page-background-meta":{"desktop":{"background-color":"","background-image":"","background-repeat":"repeat","background-position":"center center","background-size":"auto","background-attachment":"scroll","background-type":"","background-media":"","overlay-type":"","overlay-color":"","overlay-opacity":"","overlay-gradient":""},"tablet":{"background-color":"","background-image":"","background-repeat":"repeat","background-position":"center center","background-size":"auto","background-attachment":"scroll","background-type":"","background-media":"","overlay-type":"","overlay-color":"","overlay-opacity":"","overlay-gradient":""},"mobile":{"background-color":"","background-image":"","background-repeat":"repeat","background-position":"center center","background-size":"auto","background-attachment":"scroll","background-type":"","background-media":"","overlay-type":"","overlay-color":"","overlay-opacity":"","overlay-gradient":""}},"ast-content-background-meta":{"desktop":{"background-color":"var(--ast-global-color-5)","background-image":"","background-repeat":"repeat","background-position":"center center","background-size":"auto","background-attachment":"scroll","background-type":"","background-media":"","overlay-type":"","overlay-color":"","overlay-opacity":"","overlay-gradient":""},"tablet":{"background-color":"var(--ast-global-color-5)","background-image":"","background-repeat":"repeat","background-position":"center center","background-size":"auto","background-attachment":"scroll","background-type":"","background-media":"","overlay-type":"","overlay-color":"","overlay-opacity":"","overlay-gradient":""},"mobile":{"background-color":"var(--ast-global-color-5)","background-image":"","background-repeat":"repeat","background-position":"center center","background-size":"auto","background-attachment":"scroll","background-type":"","background-media":"","overlay-type":"","overlay-color":"","overlay-opacity":"","overlay-gradient":""}}},"product_brand":[],"product_cat":[55,42],"product_tag":[70,68,71,69],"class_list":{"0":"post-3317","1":"product","2":"type-product","3":"status-publish","4":"has-post-thumbnail","6":"product_cat-0-to-1-year","7":"product_cat-merchandise","8":"product_tag-babypillow","9":"product_tag-cuteanimalpillow","10":"product_tag-headshapesupport","11":"product_tag-kouniushapingpillow","12":"desktop-align-left","13":"tablet-align-left","14":"mobile-align-left","16":"first","17":"instock","18":"shipping-taxable","19":"product-type-simple"},"aioseo_notices":[],"uagb_featured_image_src":{"full":["https:\/\/babypillowwholesale.com\/wp-content\/uploads\/2025\/03\/1066.jpg",1000,1000,false],"thumbnail":["https:\/\/babypillowwholesale.com\/wp-content\/uploads\/2025\/03\/1066-150x150.jpg",150,150,true],"medium":["https:\/\/babypillowwholesale.com\/wp-content\/uploads\/2025\/03\/1066-300x300.jpg",300,300,true],"medium_large":["https:\/\/babypillowwholesale.com\/wp-content\/uploads\/2025\/03\/1066-768x768.jpg",768,768,true],"large":["https:\/\/babypillowwholesale.com\/wp-content\/uploads\/2025\/03\/1066.jpg",1000,1000,false],"1536x1536":["https:\/\/babypillowwholesale.com\/wp-content\/uploads\/2025\/03\/1066.jpg",1000,1000,false],"2048x2048":["https:\/\/babypillowwholesale.com\/wp-content\/uploads\/2025\/03\/1066.jpg",1000,1000,false],"trp-custom-language-flag":["https:\/\/babypillowwholesale.com\/wp-content\/uploads\/2025\/03\/1066.jpg",12,12,false],"woocommerce_thumbnail":["https:\/\/babypillowwholesale.com\/wp-content\/uploads\/2025\/03\/1066-300x300.jpg",300,300,true],"woocommerce_single":["https:\/\/babypillowwholesale.com\/wp-content\/uploads\/2025\/03\/1066-600x600.jpg",600,600,true],"woocommerce_gallery_thumbnail":["https:\/\/babypillowwholesale.com\/wp-content\/uploads\/2025\/03\/1066-100x100.jpg",100,100,true]},"uagb_author_info":{"display_name":"Etnen zhong","author_link":"https:\/\/babypillowwholesale.com\/it\/author\/"},"uagb_comment_info":0,"uagb_excerpt":"The Obedient Bear Contour Pillow is an ideal choice for infants aged 0 - 12 months. Its design is inspired by an adorable bear, with cute ears, big eyes, and blushing cheeks, which makes it irresistibly charming. The pillow's contour design is not only visually appealing but also serves a practical purpose. It provides ergonomic&hellip;","jetpack_sharing_enabled":true,"_links":{"self":[{"href":"https:\/\/babypillowwholesale.com\/it\/wp-json\/wp\/v2\/product\/3317","targetHints":{"allow":["GET"]}}],"collection":[{"href":"https:\/\/babypillowwholesale.com\/it\/wp-json\/wp\/v2\/product"}],"about":[{"href":"https:\/\/babypillowwholesale.com\/it\/wp-json\/wp\/v2\/types\/product"}],"replies":[{"embeddable":true,"href":"https:\/\/babypillowwholesale.com\/it\/wp-json\/wp\/v2\/comments?post=3317"}],"wp:featuredmedia":[{"embeddable":true,"href":"https:\/\/babypillowwholesale.com\/it\/wp-json\/wp\/v2\/media\/3318"}],"wp:attachment":[{"href":"https:\/\/babypillowwholesale.com\/it\/wp-json\/wp\/v2\/media?parent=3317"}],"wp:term":[{"taxonomy":"product_brand","embeddable":true,"href":"https:\/\/babypillowwholesale.com\/it\/wp-json\/wp\/v2\/product_brand?post=3317"},{"taxonomy":"product_cat","embeddable":true,"href":"https:\/\/babypillowwholesale.com\/it\/wp-json\/wp\/v2\/product_cat?post=3317"},{"taxonomy":"product_tag","embeddable":true,"href":"https:\/\/babypillowwholesale.com\/it\/wp-json\/wp\/v2\/product_tag?post=3317"}],"curies":[{"name":"wp","href":"https:\/\/api.w.org\/{rel}","templated":true}]}}