{"id":3306,"date":"2025-03-24T15:28:09","date_gmt":"2025-03-24T15:28:09","guid":{"rendered":"https:\/\/babypillowwholesale.com\/?post_type=product&#038;p=3306"},"modified":"2025-06-08T15:34:36","modified_gmt":"2025-06-08T15:34:36","slug":"bear-shaping-pillow","status":"publish","type":"product","link":"https:\/\/babypillowwholesale.com\/it\/product\/bear-shaping-pillow\/","title":{"rendered":"Cuscino sagomato a forma di orso"},"content":{"rendered":"<div class=\"auto-hide-last-sibling-br paragraph-qzbcQC paragraph-element br-paragraph-space\" data-immersive-translate-walked=\"8e61f2e7-6af2-46e5-9672-3b9e4f4033d9\" data-immersive-translate-paragraph=\"1\">\n<div class=\"auto-hide-last-sibling-br paragraph-qzbcQC paragraph-element br-paragraph-space\">\n<div class=\"auto-hide-last-sibling-br paragraph-qzbcQC paragraph-element br-paragraph-space\">Scoprite il cuscino modellabile Bear, un'accattivante fusione di fascino e praticit\u00e0 pensata per i neonati da 0 a 6 mesi. Il suo design stravagante mostra un tenero orsetto che stringe una stella, abbinato a guance rosee e a una scena da sogno, che scatena immediatamente la gioia. Al di l\u00e0 del suo aspetto adorabile, questo 25<em>20*<\/em>Il cuscino da 1,5 cm sostiene in modo ergonomico la testa del bambino, favorendo un sano sviluppo della testa durante le prime fasi di vita.<\/div>\n<p>&nbsp;<\/p>\n<div class=\"auto-hide-last-sibling-br paragraph-qzbcQC paragraph-element br-paragraph-space\">Nella vita di tutti i giorni, si adatta perfettamente a diversi scenari: annidato in una culla per creare un tranquillo rifugio per il pisolino a casa, collocato in un passeggino per comode uscite - che si tratti di una passeggiata al parco o di una visita ai nonni - o appoggiato su un tappeto gioco per momenti di intimit\u00e0 durante la ricreazione.<\/div>\n<p>&nbsp;<\/p>\n<div class=\"auto-hide-last-sibling-br paragraph-qzbcQC paragraph-element br-paragraph-space\">I genitori lo elogiano con tutto il cuore. \"Il mio bambino si illumina davanti al simpatico design dell'orsetto! Il cuscino \u00e8 incredibilmente morbido e ho notato notevoli miglioramenti nella formazione della testa. Il colore di Little Dinosaur, inoltre, si abbina perfettamente alla nostra cameretta\", ha commentato una mamma entusiasta. Un pap\u00e0 ha aggiunto: \"\u00c8 diventato indispensabile per ogni viaggio. \u00c8 facile da trasportare e le opzioni di colore a tema aggiungono divertimento. Non lo raccomanderemo mai abbastanza!\".<\/div>\n<div><\/div>\n<div class=\"auto-hide-last-sibling-br paragraph-qzbcQC paragraph-element br-paragraph-space\">Con colori come il Coniglio rosa, il Dinosauro e il Leone, il cuscino sagomato Orso unisce un supporto funzionale a un design fantasioso. \u00c8 pi\u00f9 di un accessorio per bambini: \u00e8 un tenero compagno che avvolge il vostro piccolo in comfort, simpatia e cura in ogni momento prezioso dei suoi primi giorni di vita.<\/div>\n<\/div>\n<\/div>","protected":false},"excerpt":{"rendered":"<p>Il cuscino modellabile Orso \u00e8 un delizioso elemento essenziale per i neonati da 0 a 6 mesi. Il suo design presenta un affascinante motivo a forma di orso, adorabile grazie a dettagli come la posa con la stella, le guance arrossate e l'ambiente stravagante. Misura 25*<em>20*<\/em>Con un diametro di 1,5 cm, il cuscino sostiene ergonomicamente la testa del bambino, guidando delicatamente la formazione della testa durante la crescita. Si adatta perfettamente a diversi contesti: nelle culle per sonnellini tranquilli, nei passeggini durante le avventure all'aperto o sui morbidi tappetini di casa. Con le opzioni di colore Pink Rabbit, Little Dinosaur e Little Lion, unisce funzionalit\u00e0 e fantasia, offrendo un tenero sostegno e aggiungendo un tocco giocoso e carino alla cura del bambino, soddisfacendo sia le esigenze pratiche che i gusti estetici.<\/p>","protected":false},"featured_media":3307,"comment_status":"open","ping_status":"closed","template":"","meta":{"_uag_custom_page_level_css":"","site-sidebar-layout":"default","site-content-layout":"","ast-site-content-layout":"default","site-content-style":"default","site-sidebar-style":"default","ast-global-header-display":"","ast-banner-title-visibility":"","ast-main-header-display":"","ast-hfb-above-header-display":"","ast-hfb-below-header-display":"","ast-hfb-mobile-header-display":"","site-post-title":"","ast-breadcrumbs-content":"","ast-featured-img":"","footer-sml-layout":"","ast-disable-related-posts":"","theme-transparent-header-meta":"default","adv-header-id-meta":"","stick-header-meta":"","header-above-stick-meta":"","header-main-stick-meta":"","header-below-stick-meta":"","astra-migrate-meta-layouts":"set","ast-page-background-enabled":"default","ast-page-background-meta":{"desktop":{"background-color":"","background-image":"","background-repeat":"repeat","background-position":"center center","background-size":"auto","background-attachment":"scroll","background-type":"","background-media":"","overlay-type":"","overlay-color":"","overlay-opacity":"","overlay-gradient":""},"tablet":{"background-color":"","background-image":"","background-repeat":"repeat","background-position":"center center","background-size":"auto","background-attachment":"scroll","background-type":"","background-media":"","overlay-type":"","overlay-color":"","overlay-opacity":"","overlay-gradient":""},"mobile":{"background-color":"","background-image":"","background-repeat":"repeat","background-position":"center center","background-size":"auto","background-attachment":"scroll","background-type":"","background-media":"","overlay-type":"","overlay-color":"","overlay-opacity":"","overlay-gradient":""}},"ast-content-background-meta":{"desktop":{"background-color":"var(--ast-global-color-5)","background-image":"","background-repeat":"repeat","background-position":"center center","background-size":"auto","background-attachment":"scroll","background-type":"","background-media":"","overlay-type":"","overlay-color":"","overlay-opacity":"","overlay-gradient":""},"tablet":{"background-color":"var(--ast-global-color-5)","background-image":"","background-repeat":"repeat","background-position":"center center","background-size":"auto","background-attachment":"scroll","background-type":"","background-media":"","overlay-type":"","overlay-color":"","overlay-opacity":"","overlay-gradient":""},"mobile":{"background-color":"var(--ast-global-color-5)","background-image":"","background-repeat":"repeat","background-position":"center center","background-size":"auto","background-attachment":"scroll","background-type":"","background-media":"","overlay-type":"","overlay-color":"","overlay-opacity":"","overlay-gradient":""}}},"product_brand":[],"product_cat":[54,42],"product_tag":[70,68,71,69],"class_list":{"0":"post-3306","1":"product","2":"type-product","3":"status-publish","4":"has-post-thumbnail","6":"product_cat-0-to-6months","7":"product_cat-merchandise","8":"product_tag-babypillow","9":"product_tag-cuteanimalpillow","10":"product_tag-headshapesupport","11":"product_tag-kouniushapingpillow","12":"desktop-align-left","13":"tablet-align-left","14":"mobile-align-left","16":"first","17":"instock","18":"shipping-taxable","19":"product-type-simple"},"aioseo_notices":[],"uagb_featured_image_src":{"full":["https:\/\/babypillowwholesale.com\/wp-content\/uploads\/2025\/03\/1137.jpg",1000,1000,false],"thumbnail":["https:\/\/babypillowwholesale.com\/wp-content\/uploads\/2025\/03\/1137-150x150.jpg",150,150,true],"medium":["https:\/\/babypillowwholesale.com\/wp-content\/uploads\/2025\/03\/1137-300x300.jpg",300,300,true],"medium_large":["https:\/\/babypillowwholesale.com\/wp-content\/uploads\/2025\/03\/1137-768x768.jpg",768,768,true],"large":["https:\/\/babypillowwholesale.com\/wp-content\/uploads\/2025\/03\/1137.jpg",1000,1000,false],"1536x1536":["https:\/\/babypillowwholesale.com\/wp-content\/uploads\/2025\/03\/1137.jpg",1000,1000,false],"2048x2048":["https:\/\/babypillowwholesale.com\/wp-content\/uploads\/2025\/03\/1137.jpg",1000,1000,false],"trp-custom-language-flag":["https:\/\/babypillowwholesale.com\/wp-content\/uploads\/2025\/03\/1137.jpg",12,12,false],"woocommerce_thumbnail":["https:\/\/babypillowwholesale.com\/wp-content\/uploads\/2025\/03\/1137-300x300.jpg",300,300,true],"woocommerce_single":["https:\/\/babypillowwholesale.com\/wp-content\/uploads\/2025\/03\/1137-600x600.jpg",600,600,true],"woocommerce_gallery_thumbnail":["https:\/\/babypillowwholesale.com\/wp-content\/uploads\/2025\/03\/1137-100x100.jpg",100,100,true]},"uagb_author_info":{"display_name":"Etnen zhong","author_link":"https:\/\/babypillowwholesale.com\/it\/author\/"},"uagb_comment_info":0,"uagb_excerpt":"The Bear Shaping Pillow is a delightful essential for infants aged 0 to 6 months. Its design showcases a charming bear motif\u2014adorable with details like a star - wielding pose, blushing cheeks, and whimsical surroundings. Measuring 25*20*1.5CM, the pillow ergonomically supports a baby\u2019s head, gently guiding healthy head shaping during early growth. It fits seamlessly&hellip;","jetpack_sharing_enabled":true,"_links":{"self":[{"href":"https:\/\/babypillowwholesale.com\/it\/wp-json\/wp\/v2\/product\/3306","targetHints":{"allow":["GET"]}}],"collection":[{"href":"https:\/\/babypillowwholesale.com\/it\/wp-json\/wp\/v2\/product"}],"about":[{"href":"https:\/\/babypillowwholesale.com\/it\/wp-json\/wp\/v2\/types\/product"}],"replies":[{"embeddable":true,"href":"https:\/\/babypillowwholesale.com\/it\/wp-json\/wp\/v2\/comments?post=3306"}],"wp:featuredmedia":[{"embeddable":true,"href":"https:\/\/babypillowwholesale.com\/it\/wp-json\/wp\/v2\/media\/3307"}],"wp:attachment":[{"href":"https:\/\/babypillowwholesale.com\/it\/wp-json\/wp\/v2\/media?parent=3306"}],"wp:term":[{"taxonomy":"product_brand","embeddable":true,"href":"https:\/\/babypillowwholesale.com\/it\/wp-json\/wp\/v2\/product_brand?post=3306"},{"taxonomy":"product_cat","embeddable":true,"href":"https:\/\/babypillowwholesale.com\/it\/wp-json\/wp\/v2\/product_cat?post=3306"},{"taxonomy":"product_tag","embeddable":true,"href":"https:\/\/babypillowwholesale.com\/it\/wp-json\/wp\/v2\/product_tag?post=3306"}],"curies":[{"name":"wp","href":"https:\/\/api.w.org\/{rel}","templated":true}]}}