{"id":3497,"date":"2025-04-19T12:47:24","date_gmt":"2025-04-19T12:47:24","guid":{"rendered":"https:\/\/babypillowwholesale.com\/?post_type=product&#038;p=3497"},"modified":"2025-06-05T13:57:14","modified_gmt":"2025-06-05T13:57:14","slug":"memory-foam-pillow-heart-shaped-pillow-core","status":"publish","type":"product","link":"https:\/\/babypillowwholesale.com\/hu\/product\/memory-foam-pillow-heart-shaped-pillow-core\/","title":{"rendered":"Memory Foam P\u00e1rna - Sz\u00edv - alak\u00fa p\u00e1rna magja"},"content":{"rendered":"<div class=\"auto-hide-last-sibling-br paragraph-qzbcQC paragraph-element br-paragraph-space\">\n<div class=\"auto-hide-last-sibling-br paragraph-qzbcQC paragraph-element br-paragraph-space\">\n<div class=\"auto-hide-last-sibling-br paragraph-qzbcQC paragraph-element br-paragraph-space\">\n<div class=\"auto-hide-last-sibling-br paragraph-qzbcQC paragraph-element br-paragraph-space\">\n<div class=\"inter-wlTS5w\" data-immersive-translate-walked=\"d12d8f94-b8ff-4d99-b7de-4fecb356978f\">\n<div class=\"container-QE4ayg\">\n<div class=\"item-jU10IN\">\n<div class=\"container-jODEnh chrome70-container\">\n<div class=\"inner-eE95c9 inner-item-aL3Ui_\" data-target-id=\"message-box-target-id\" data-testid=\"union_message\">\n<div class=\"message-block-container-liuetz\" data-testid=\"message-block-container\">\n<div class=\"message-box-ZWbBdF\" data-testid=\"receive_message\" data-message-id=\"3380063449561346\">\n<div class=\"message-box-content-wrapper-srHdUj\">\n<div class=\"message-content message-box-content-otxGGw receive-message-box-content-_lREFj samantha-message-box-content-Qjmpja\" data-testid=\"message_content\">\n<div class=\"container-hfX5E8 flow-markdown-body theme-samantha-yJEgBp\" dir=\"ltr\" data-testid=\"message_text_content\" data-show-indicator=\"false\">\n<div class=\"auto-hide-last-sibling-br paragraph-qzbcQC paragraph-element br-paragraph-space\">\n<div class=\"auto-hide-last-sibling-br paragraph-qzbcQC paragraph-element br-paragraph-space\">Kiz\u00e1r\u00f3lag 0-6 h\u00f3napos csecsem\u0151k sz\u00e1m\u00e1ra k\u00e9sz\u00fclt, ez a Memory Foam P\u00e1rna - Sz\u00edv alak\u00fa p\u00e1rna mag a szem\u00e9lyre szabott luxusr\u00f3l tan\u00faskodik. B\u00fcszk\u00e9k vagyunk arra, hogy ezt a m\u00e1r eleve b\u00e1jos sz\u00edv - form\u00e1j\u00fa magot a legig\u00e9nyesebb \u00edzl\u00e9shez igaz\u00edtott, szem\u00e9lyre szabott m\u0171alkot\u00e1ss\u00e1 alak\u00edtjuk.<\/div>\n<p>&nbsp;<\/p>\n<div class=\"auto-hide-last-sibling-br paragraph-qzbcQC paragraph-element br-paragraph-space\">Azok sz\u00e1m\u00e1ra, akik szesz\u00e9lyesen \u00e1lmodnak, k\u00e9pzelje el a csillog\u00f3 csillagok csillagk\u00e9p\u00e9t \u00e9s egy mosolyg\u00f3 f\u00e9lholdat, finoman nyomtatva a sz\u00edvre. \u00dagy t\u0171nik, hogy minden egyes csillag az \u00e1lmok univerzum\u00e1t rejti mag\u00e1ban, olyan \u00e9gi mened\u00e9ket teremtve, amely megnyugtat \u00e9s elvar\u00e1zsol. Ha a term\u00e9szet sz\u00e9ps\u00e9g\u00e9t r\u00e9szes\u00edted el\u0151nyben, k\u00e9pzeld el a buja, z\u00f6ld leveleket, amelyek finom, vir\u00e1gz\u00f3 vir\u00e1gokkal fon\u00f3dnak \u00f6ssze. A l\u00e1gy, megnyugtat\u00f3 \u00e1rnyalatokban pomp\u00e1z\u00f3 szirmok a tavaszi kert frissess\u00e9g\u00e9t hozz\u00e1k a p\u00e1rn\u00e1ra, nyugodt \u00e9s friss\u00edt\u0151 vizu\u00e1lis \u00f6lel\u00e9st ny\u00fajtva.<\/div>\n<p>&nbsp;<\/p>\n<div class=\"auto-hide-last-sibling-br paragraph-qzbcQC paragraph-element br-paragraph-space\">A modern gondolkod\u00e1s\u00faak sz\u00e1m\u00e1ra a tiszta, minimalista vonalak \u00e9s a geometrikus mint\u00e1k z\u00f6kken\u0151mentesen integr\u00e1lhat\u00f3k. Az \u00e9les sz\u00f6gek \u00e9s a sima \u00edvek a kort\u00e1rs design t\u00e1nc\u00e1ban keresztezik egym\u00e1st, olyan megjelen\u00e9st teremtve, amely egyszerre st\u00edlusos \u00e9s sz\u00edvmelenget\u0151. Ezek a mint\u00e1k nem csup\u00e1n dekor\u00e1ci\u00f3k, hanem kijelent\u00e9sek, amelyek t\u00fckr\u00f6zik a baba gyerekszob\u00e1j\u00e1nak egyedi szem\u00e9lyis\u00e9g\u00e9t \u00e9s \u00edzl\u00e9s\u00e9t.<\/div>\n<p>&nbsp;<\/p>\n<div class=\"auto-hide-last-sibling-br paragraph-qzbcQC paragraph-element br-paragraph-space\">Minden egyedi tervez\u00e9s\u0171 mint\u00e1t a legnagyobb precizit\u00e1ssal \u00e9s gondoss\u00e1ggal, kiz\u00e1r\u00f3lag a legbiztons\u00e1gosabb, nem m\u00e9rgez\u0151 tint\u00e1k felhaszn\u00e1l\u00e1s\u00e1val k\u00e9sz\u00edt\u00fcnk. Ez biztos\u00edtja, hogy minden egyes p\u00e1rna magja nemcsak vizu\u00e1lis remekm\u0171, hanem biztons\u00e1gos \u00e9s k\u00e9nyelmes mened\u00e9k is a kisgyermeke sz\u00e1m\u00e1ra.<\/div>\n<p>&nbsp;<\/p>\n<div class=\"auto-hide-last-sibling-br paragraph-qzbcQC paragraph-element br-paragraph-space\">Az\u00e1ltal, hogy a testreszab\u00e1s ilyen sz\u00e9les spektrum\u00e1t k\u00edn\u00e1ljuk, lehet\u0151v\u00e9 tessz\u00fck, hogy minden eszt\u00e9tikai preferenci\u00e1nak megfeleljen. Legyen sz\u00f3 egy szesz\u00e9lyes csodavil\u00e1gr\u00f3l, egy term\u00e9szetes visszavonul\u00e1sr\u00f3l vagy egy modern minimalista o\u00e1zisr\u00f3l, ez a sz\u00edv alak\u00fa p\u00e1rna mag \u00fagy alak\u00edthat\u00f3 \u00e1t, hogy megfeleljen az elv\u00e1r\u00e1soknak \u00e9s t\u00falsz\u00e1rnyalja azokat. Az \u00e1ltal\u00e1nos term\u00e9kekkel tel\u00edtett piacon szem\u00e9lyre szabott formatervez\u00e9s\u00fcnk biztos\u00edtja, hogy az \u00d6n aj\u00e1nlata kiemelkedik, megragadja a figyelmet \u00e9s megnyeri a sz\u00edveket. A szem\u00e9lyre szab\u00e1s ezen szintje nem csak az elad\u00e1sokat fokozza, hanem m\u00e9lyebb kapcsolatot teremt az \u00fcgyfeleivel, olyan term\u00e9ket k\u00edn\u00e1lva nekik, amely olyan egyedi, mint a kisgyermek\u00fck.<\/div>\n<p>&nbsp;<\/p>\n<div class=\"auto-hide-last-sibling-br paragraph-qzbcQC paragraph-element br-paragraph-space\">Emelje fel term\u00e9kcsal\u00e1dj\u00e1t a Memory Foam Pillow - Heart - shaped Pillow Core term\u00e9kcsal\u00e1ddal, ahol a testreszab\u00e1s tal\u00e1lkozik a luxussal, \u00e9s minden p\u00e1rna egyedi t\u00f6rt\u00e9netet mes\u00e9l el.<\/div>\n<\/div>\n<\/div>\n<\/div>\n<\/div>\n<\/div>\n<\/div>\n<\/div>\n<\/div>\n<\/div>\n<\/div>\n<\/div>\n<\/div>\n<\/div>\n<\/div>\n<\/div>","protected":false},"excerpt":{"rendered":"<div class=\"auto-hide-last-sibling-br paragraph-qzbcQC paragraph-element br-paragraph-space\">Ez a 0-6 h\u00f3napos csecsem\u0151k sz\u00e1m\u00e1ra tervezett Memory Foam Pillow - Heart - shaped Pillow Core p\u00e1rnamag er\u0151teljes testreszab\u00e1si el\u0151nyt k\u00edn\u00e1l. Kiv\u00e1l\u00f3, szem\u00e9lyre szabott mint\u00e1kat tudunk k\u00e9sz\u00edteni az \u00d6n egyedi ig\u00e9nyeinek megfelel\u0151en. P\u00e9ld\u00e1ul, ha \u00fcgyfelei im\u00e1dj\u00e1k az aranyos st\u00edlusokat, b\u00e1jos rajzfilmfigur\u00e1kat vagy kecses vir\u00e1gmot\u00edvumokat nyomtathatunk. Ink\u00e1bb az eleg\u00e1ns \u00e9rint\u00e9st kedveli? Egyszer\u0171, m\u00e9gis st\u00edlusos geometriai mint\u00e1kat vagy l\u00e1gy pasztell\u00e1rnyalat\u00fa gradienseket alkalmazhatunk. Ezek a testreszabott mint\u00e1k nemcsak a term\u00e9k vizu\u00e1lis vonzerej\u00e9t emelik, hanem a piacon is kiemelked\u0151v\u00e9 teszik azt, \u00edgy t\u00f6bb v\u00e1s\u00e1rl\u00f3t vonzanak \u00e9s n\u00f6velik az elad\u00e1sokat. A k\u00fcl\u00f6nb\u00f6z\u0151 diz\u00e1jnpreferenci\u00e1khoz val\u00f3 alkalmazkod\u00e1ssal olyan term\u00e9ket k\u00edn\u00e1lhat, amely t\u00f6k\u00e9letesen illeszkedik a k\u00fcl\u00f6nb\u00f6z\u0151 fogyaszt\u00f3k eszt\u00e9tik\u00e1j\u00e1hoz, \u00edgy biztos\u00edtva a versenyel\u0151nyt.<\/div>","protected":false},"featured_media":3498,"comment_status":"open","ping_status":"closed","template":"","meta":{"_uag_custom_page_level_css":"","site-sidebar-layout":"default","site-content-layout":"","ast-site-content-layout":"default","site-content-style":"default","site-sidebar-style":"default","ast-global-header-display":"","ast-banner-title-visibility":"","ast-main-header-display":"","ast-hfb-above-header-display":"","ast-hfb-below-header-display":"","ast-hfb-mobile-header-display":"","site-post-title":"","ast-breadcrumbs-content":"","ast-featured-img":"","footer-sml-layout":"","ast-disable-related-posts":"","theme-transparent-header-meta":"default","adv-header-id-meta":"","stick-header-meta":"","header-above-stick-meta":"","header-main-stick-meta":"","header-below-stick-meta":"","astra-migrate-meta-layouts":"set","ast-page-background-enabled":"default","ast-page-background-meta":{"desktop":{"background-color":"","background-image":"","background-repeat":"repeat","background-position":"center center","background-size":"auto","background-attachment":"scroll","background-type":"","background-media":"","overlay-type":"","overlay-color":"","overlay-opacity":"","overlay-gradient":""},"tablet":{"background-color":"","background-image":"","background-repeat":"repeat","background-position":"center center","background-size":"auto","background-attachment":"scroll","background-type":"","background-media":"","overlay-type":"","overlay-color":"","overlay-opacity":"","overlay-gradient":""},"mobile":{"background-color":"","background-image":"","background-repeat":"repeat","background-position":"center center","background-size":"auto","background-attachment":"scroll","background-type":"","background-media":"","overlay-type":"","overlay-color":"","overlay-opacity":"","overlay-gradient":""}},"ast-content-background-meta":{"desktop":{"background-color":"var(--ast-global-color-5)","background-image":"","background-repeat":"repeat","background-position":"center center","background-size":"auto","background-attachment":"scroll","background-type":"","background-media":"","overlay-type":"","overlay-color":"","overlay-opacity":"","overlay-gradient":""},"tablet":{"background-color":"var(--ast-global-color-5)","background-image":"","background-repeat":"repeat","background-position":"center center","background-size":"auto","background-attachment":"scroll","background-type":"","background-media":"","overlay-type":"","overlay-color":"","overlay-opacity":"","overlay-gradient":""},"mobile":{"background-color":"var(--ast-global-color-5)","background-image":"","background-repeat":"repeat","background-position":"center center","background-size":"auto","background-attachment":"scroll","background-type":"","background-media":"","overlay-type":"","overlay-color":"","overlay-opacity":"","overlay-gradient":""}}},"product_brand":[],"product_cat":[65,32],"product_tag":[70,68,71,69],"class_list":{"0":"post-3497","1":"product","2":"type-product","3":"status-publish","4":"has-post-thumbnail","6":"product_cat-0-to-6months-oem","7":"product_cat-customize","8":"product_tag-babypillow","9":"product_tag-cuteanimalpillow","10":"product_tag-headshapesupport","11":"product_tag-kouniushapingpillow","12":"desktop-align-left","13":"tablet-align-left","14":"mobile-align-left","16":"first","17":"instock","18":"shipping-taxable","19":"product-type-simple"},"aioseo_notices":[],"uagb_featured_image_src":{"full":["https:\/\/babypillowwholesale.com\/wp-content\/uploads\/2025\/04\/0020.jpg",1000,1000,false],"thumbnail":["https:\/\/babypillowwholesale.com\/wp-content\/uploads\/2025\/04\/0020-150x150.jpg",150,150,true],"medium":["https:\/\/babypillowwholesale.com\/wp-content\/uploads\/2025\/04\/0020-300x300.jpg",300,300,true],"medium_large":["https:\/\/babypillowwholesale.com\/wp-content\/uploads\/2025\/04\/0020-768x768.jpg",768,768,true],"large":["https:\/\/babypillowwholesale.com\/wp-content\/uploads\/2025\/04\/0020.jpg",1000,1000,false],"1536x1536":["https:\/\/babypillowwholesale.com\/wp-content\/uploads\/2025\/04\/0020.jpg",1000,1000,false],"2048x2048":["https:\/\/babypillowwholesale.com\/wp-content\/uploads\/2025\/04\/0020.jpg",1000,1000,false],"trp-custom-language-flag":["https:\/\/babypillowwholesale.com\/wp-content\/uploads\/2025\/04\/0020.jpg",12,12,false],"woocommerce_thumbnail":["https:\/\/babypillowwholesale.com\/wp-content\/uploads\/2025\/04\/0020-300x300.jpg",300,300,true],"woocommerce_single":["https:\/\/babypillowwholesale.com\/wp-content\/uploads\/2025\/04\/0020-600x600.jpg",600,600,true],"woocommerce_gallery_thumbnail":["https:\/\/babypillowwholesale.com\/wp-content\/uploads\/2025\/04\/0020-100x100.jpg",100,100,true]},"uagb_author_info":{"display_name":"Etnen zhong","author_link":"https:\/\/babypillowwholesale.com\/hu\/author\/"},"uagb_comment_info":0,"uagb_excerpt":"This Memory Foam Pillow - Heart - shaped Pillow Core, designed for babies aged 0 - 6 months, offers a powerful customization advantage. We can craft exquisite, tailored patterns to meet your specific needs. For example, if your customers adore cute styles, we can print charming cartoon characters or dainty floral motifs. Prefer an elegant&hellip;","jetpack_sharing_enabled":true,"_links":{"self":[{"href":"https:\/\/babypillowwholesale.com\/hu\/wp-json\/wp\/v2\/product\/3497","targetHints":{"allow":["GET"]}}],"collection":[{"href":"https:\/\/babypillowwholesale.com\/hu\/wp-json\/wp\/v2\/product"}],"about":[{"href":"https:\/\/babypillowwholesale.com\/hu\/wp-json\/wp\/v2\/types\/product"}],"replies":[{"embeddable":true,"href":"https:\/\/babypillowwholesale.com\/hu\/wp-json\/wp\/v2\/comments?post=3497"}],"wp:featuredmedia":[{"embeddable":true,"href":"https:\/\/babypillowwholesale.com\/hu\/wp-json\/wp\/v2\/media\/3498"}],"wp:attachment":[{"href":"https:\/\/babypillowwholesale.com\/hu\/wp-json\/wp\/v2\/media?parent=3497"}],"wp:term":[{"taxonomy":"product_brand","embeddable":true,"href":"https:\/\/babypillowwholesale.com\/hu\/wp-json\/wp\/v2\/product_brand?post=3497"},{"taxonomy":"product_cat","embeddable":true,"href":"https:\/\/babypillowwholesale.com\/hu\/wp-json\/wp\/v2\/product_cat?post=3497"},{"taxonomy":"product_tag","embeddable":true,"href":"https:\/\/babypillowwholesale.com\/hu\/wp-json\/wp\/v2\/product_tag?post=3497"}],"curies":[{"name":"wp","href":"https:\/\/api.w.org\/{rel}","templated":true}]}}