{"id":3491,"date":"2025-04-19T09:25:10","date_gmt":"2025-04-19T09:25:10","guid":{"rendered":"https:\/\/babypillowwholesale.com\/?post_type=product&#038;p=3491"},"modified":"2025-06-05T14:43:03","modified_gmt":"2025-06-05T14:43:03","slug":"memory-foam-pillow-small-apple-shaped-pillow-core","status":"publish","type":"product","link":"https:\/\/babypillowwholesale.com\/hu\/product\/memory-foam-pillow-small-apple-shaped-pillow-core\/","title":{"rendered":"Memory Foam P\u00e1rna - Kis alma - alak\u00fa p\u00e1rna magja"},"content":{"rendered":"<div class=\"auto-hide-last-sibling-br paragraph-qzbcQC paragraph-element br-paragraph-space\">\n<div class=\"auto-hide-last-sibling-br paragraph-qzbcQC paragraph-element br-paragraph-space\">\n<div class=\"auto-hide-last-sibling-br paragraph-qzbcQC paragraph-element br-paragraph-space\">\n<div class=\"auto-hide-last-sibling-br paragraph-qzbcQC paragraph-element br-paragraph-space\">Bemutatjuk a Memory Foam Pillow - Small Apple - alak\u00fa p\u00e1rnatagot, amely a 0-6 h\u00f3napos kor\u00fa legkisebb \u00e1lmodoz\u00f3k sz\u00e1m\u00e1ra k\u00e9sz\u00fclt, elragad\u00f3 alv\u00e1si alapanyag. B\u00e1jos alma - ihlette sziluettje nem csak vizu\u00e1lis \u00e9lvezet; ez egy kapu a p\u00e1ratlan testreszabhat\u00f3s\u00e1g birodalm\u00e1ba.<\/div>\n<p>&nbsp;<\/p>\n<div class=\"auto-hide-last-sibling-br paragraph-qzbcQC paragraph-element br-paragraph-space\">Felismerj\u00fck, hogy minden baba egyedi, \u00e9s \u00edgy a k\u00e9nyelemnek is annak kell lennie. Ez\u00e9rt k\u00edn\u00e1lunk lehet\u0151s\u00e9get a hidrofil hab s\u0171r\u0171s\u00e9g\u00e9nek finomhangol\u00e1s\u00e1ra. Ak\u00e1r a felh\u0151szer\u0171 \u00f6lel\u00e9s pl\u00fcss puhas\u00e1g\u00e1t, ak\u00e1r a gyeng\u00e9d al\u00e1t\u00e1maszt\u00e1st ny\u00fajt\u00f3 megnyugtat\u00f3 kem\u00e9nys\u00e9get kedveli a kicsi, mi meg tudjuk teremteni a t\u00f6k\u00e9letes tapint\u00e1si \u00e9lm\u00e9nyt.<\/div>\n<p>&nbsp;<\/p>\n<div class=\"auto-hide-last-sibling-br paragraph-qzbcQC paragraph-element br-paragraph-space\">Ennek az alma alak\u00fa csod\u00e1nak a fel\u00fclete \u00fcres v\u00e1szon a kreativit\u00e1s sz\u00e1m\u00e1ra. Kiz\u00e1r\u00f3lag a legbiztons\u00e1gosabb, nem m\u00e9rgez\u0151 fest\u00e9keket haszn\u00e1lva var\u00e1zslatos nyomatokkal d\u00edsz\u00edthetj\u00fck. K\u00e9pzelj\u00fcnk el egy csillagk\u00e9pet, melyen csenev\u00e9sz almavir\u00e1gok szirmait l\u00e1tsz\u00f3lag l\u00e1gyan lobogtatja a szell\u0151, vagy egy j\u00e1t\u00e9kos katicabog\u00e1r-par\u00e1d\u00e9t, mintha csak az\u00e9rt lenn\u00e9nek itt, hogy mosolyt csaljanak a baba \u00e1lm\u00e1ra. Ezek a nyomatok nem csup\u00e1n dekor\u00e1ci\u00f3k, hanem mes\u00e9k, amelyek arra v\u00e1rnak, hogy elmes\u00e9lj\u00e9k \u0151ket, \u00e9s minden alv\u00e1shoz var\u00e1zslatot adnak.<\/div>\n<p>&nbsp;<\/p>\n<div class=\"auto-hide-last-sibling-br paragraph-qzbcQC paragraph-element br-paragraph-space\">De a testreszab\u00e1s nem \u00e1ll meg itt. A baba k\u00e9nyelme szempontj\u00e1b\u00f3l kulcsfontoss\u00e1g\u00fa k\u00f6zponti bem\u00e9lyed\u00e9s apr\u00f3l\u00e9kosan be\u00e1ll\u00edthat\u00f3. Pontosan m\u00f3dos\u00edthatjuk a m\u00e9ret\u00e9t \u00e9s g\u00f6rb\u00fclet\u00e9t, \u00edgy biztos\u00edtva, hogy szeret\u0151 \u00f6lel\u00e9sk\u00e9nt simuljon a baba fej\u00e9hez. Ez a r\u00e9szletekre val\u00f3 odafigyel\u00e9s, az egyedis\u00e9g ir\u00e1nti elk\u00f6telezetts\u00e9g teszi a Memory Foam Pillow - Small Apple - shaped Pillow Core p\u00e1rn\u00e1nkat nem csup\u00e1n egy term\u00e9kk\u00e9, hanem egy \u00e9rt\u00e9kes eml\u00e9kt\u00e1rgyg\u00e1, egy - egy - egy - fajta altat\u00f3dall\u00e1 kisgyermeke \u00e1lm\u00e1nak.<\/div>\n<\/div>\n<\/div>\n<\/div>","protected":false},"excerpt":{"rendered":"<div class=\"auto-hide-last-sibling-br paragraph-qzbcQC paragraph-element br-paragraph-space\">Ez a 0-6 h\u00f3napos csecsem\u0151k sz\u00e1m\u00e1ra alkalmas Memory Foam Pillow - Small Apple - alak\u00fa p\u00e1rnamag figyelemre m\u00e9lt\u00f3 testreszab\u00e1si \u00e9s tervez\u00e9si lehet\u0151s\u00e9geket k\u00edn\u00e1l. Az aranyos alma - mint\u00e1j\u00fa alakja csak a kiindul\u00f3pont. M\u00f3dos\u00edthatjuk a hidrofil hab s\u0171r\u0171s\u00e9g\u00e9t, hogy megfeleljen a baba egyedi k\u00e9nyelmi ig\u00e9nyeinek, legyen az puh\u00e1bb tapint\u00e1s\u00fa az extra k\u00e9nyelem\u00e9rt, vagy kem\u00e9nyebb text\u00fara a fokozott al\u00e1t\u00e1maszt\u00e1s\u00e9rt. a fel\u00fcletet bababiztons\u00e1gos, nem m\u00e9rgez\u0151 nyomatokkal lehet szem\u00e9lyre szabni. Gondoljon a finom almavir\u00e1g-mint\u00e1kra vagy apr\u00f3 katicabog\u00e1r-mot\u00edvumokra, amelyek szesz\u00e9lyes hangulatot k\u00f6lcs\u00f6n\u00f6znek. Ezenk\u00edv\u00fcl a k\u00f6zponti bem\u00e9lyed\u00e9s m\u00e9rete \u00e9s g\u00f6rb\u00fclete pontosan be\u00e1ll\u00edthat\u00f3, hogy t\u00f6k\u00e9letesen illeszkedjen a baba fej\u00e9hez, \u00edgy biztos\u00edtva az optim\u00e1lis k\u00e9nyelmet \u00e9s al\u00e1t\u00e1maszt\u00e1st. Ez lehet\u0151v\u00e9 teszi, hogy egy igaz\u00e1n egyedi p\u00e1rna magot hozzon l\u00e9tre, amely egyar\u00e1nt megfelel a baba ig\u00e9nyeinek \u00e9s az \u00d6n eszt\u00e9tikai preferenci\u00e1inak.<\/div>","protected":false},"featured_media":3492,"comment_status":"open","ping_status":"closed","template":"","meta":{"_uag_custom_page_level_css":"","site-sidebar-layout":"default","site-content-layout":"","ast-site-content-layout":"default","site-content-style":"default","site-sidebar-style":"default","ast-global-header-display":"","ast-banner-title-visibility":"","ast-main-header-display":"","ast-hfb-above-header-display":"","ast-hfb-below-header-display":"","ast-hfb-mobile-header-display":"","site-post-title":"","ast-breadcrumbs-content":"","ast-featured-img":"","footer-sml-layout":"","ast-disable-related-posts":"","theme-transparent-header-meta":"default","adv-header-id-meta":"","stick-header-meta":"","header-above-stick-meta":"","header-main-stick-meta":"","header-below-stick-meta":"","astra-migrate-meta-layouts":"set","ast-page-background-enabled":"default","ast-page-background-meta":{"desktop":{"background-color":"","background-image":"","background-repeat":"repeat","background-position":"center center","background-size":"auto","background-attachment":"scroll","background-type":"","background-media":"","overlay-type":"","overlay-color":"","overlay-opacity":"","overlay-gradient":""},"tablet":{"background-color":"","background-image":"","background-repeat":"repeat","background-position":"center center","background-size":"auto","background-attachment":"scroll","background-type":"","background-media":"","overlay-type":"","overlay-color":"","overlay-opacity":"","overlay-gradient":""},"mobile":{"background-color":"","background-image":"","background-repeat":"repeat","background-position":"center center","background-size":"auto","background-attachment":"scroll","background-type":"","background-media":"","overlay-type":"","overlay-color":"","overlay-opacity":"","overlay-gradient":""}},"ast-content-background-meta":{"desktop":{"background-color":"var(--ast-global-color-5)","background-image":"","background-repeat":"repeat","background-position":"center center","background-size":"auto","background-attachment":"scroll","background-type":"","background-media":"","overlay-type":"","overlay-color":"","overlay-opacity":"","overlay-gradient":""},"tablet":{"background-color":"var(--ast-global-color-5)","background-image":"","background-repeat":"repeat","background-position":"center center","background-size":"auto","background-attachment":"scroll","background-type":"","background-media":"","overlay-type":"","overlay-color":"","overlay-opacity":"","overlay-gradient":""},"mobile":{"background-color":"var(--ast-global-color-5)","background-image":"","background-repeat":"repeat","background-position":"center center","background-size":"auto","background-attachment":"scroll","background-type":"","background-media":"","overlay-type":"","overlay-color":"","overlay-opacity":"","overlay-gradient":""}}},"product_brand":[],"product_cat":[65,32],"product_tag":[70,68,71,69],"class_list":{"0":"post-3491","1":"product","2":"type-product","3":"status-publish","4":"has-post-thumbnail","6":"product_cat-0-to-6months-oem","7":"product_cat-customize","8":"product_tag-babypillow","9":"product_tag-cuteanimalpillow","10":"product_tag-headshapesupport","11":"product_tag-kouniushapingpillow","12":"desktop-align-left","13":"tablet-align-left","14":"mobile-align-left","16":"first","17":"instock","18":"shipping-taxable","19":"product-type-simple"},"aioseo_notices":[],"uagb_featured_image_src":{"full":["https:\/\/babypillowwholesale.com\/wp-content\/uploads\/2025\/04\/0004.jpg",1000,1000,false],"thumbnail":["https:\/\/babypillowwholesale.com\/wp-content\/uploads\/2025\/04\/0004-150x150.jpg",150,150,true],"medium":["https:\/\/babypillowwholesale.com\/wp-content\/uploads\/2025\/04\/0004-300x300.jpg",300,300,true],"medium_large":["https:\/\/babypillowwholesale.com\/wp-content\/uploads\/2025\/04\/0004-768x768.jpg",768,768,true],"large":["https:\/\/babypillowwholesale.com\/wp-content\/uploads\/2025\/04\/0004.jpg",1000,1000,false],"1536x1536":["https:\/\/babypillowwholesale.com\/wp-content\/uploads\/2025\/04\/0004.jpg",1000,1000,false],"2048x2048":["https:\/\/babypillowwholesale.com\/wp-content\/uploads\/2025\/04\/0004.jpg",1000,1000,false],"trp-custom-language-flag":["https:\/\/babypillowwholesale.com\/wp-content\/uploads\/2025\/04\/0004.jpg",12,12,false],"woocommerce_thumbnail":["https:\/\/babypillowwholesale.com\/wp-content\/uploads\/2025\/04\/0004-300x300.jpg",300,300,true],"woocommerce_single":["https:\/\/babypillowwholesale.com\/wp-content\/uploads\/2025\/04\/0004-600x600.jpg",600,600,true],"woocommerce_gallery_thumbnail":["https:\/\/babypillowwholesale.com\/wp-content\/uploads\/2025\/04\/0004-100x100.jpg",100,100,true]},"uagb_author_info":{"display_name":"Etnen zhong","author_link":"https:\/\/babypillowwholesale.com\/hu\/author\/"},"uagb_comment_info":0,"uagb_excerpt":"This Memory Foam Pillow - Small Apple - shaped Pillow Core, suitable for babies aged 0 - 6 months, offers remarkable customization and design potential. Its cute apple - like shape is just the starting point. We can modify the density of the hydrophilic foam to suit your baby's specific comfort requirements, whether it's a&hellip;","jetpack_sharing_enabled":true,"_links":{"self":[{"href":"https:\/\/babypillowwholesale.com\/hu\/wp-json\/wp\/v2\/product\/3491","targetHints":{"allow":["GET"]}}],"collection":[{"href":"https:\/\/babypillowwholesale.com\/hu\/wp-json\/wp\/v2\/product"}],"about":[{"href":"https:\/\/babypillowwholesale.com\/hu\/wp-json\/wp\/v2\/types\/product"}],"replies":[{"embeddable":true,"href":"https:\/\/babypillowwholesale.com\/hu\/wp-json\/wp\/v2\/comments?post=3491"}],"wp:featuredmedia":[{"embeddable":true,"href":"https:\/\/babypillowwholesale.com\/hu\/wp-json\/wp\/v2\/media\/3492"}],"wp:attachment":[{"href":"https:\/\/babypillowwholesale.com\/hu\/wp-json\/wp\/v2\/media?parent=3491"}],"wp:term":[{"taxonomy":"product_brand","embeddable":true,"href":"https:\/\/babypillowwholesale.com\/hu\/wp-json\/wp\/v2\/product_brand?post=3491"},{"taxonomy":"product_cat","embeddable":true,"href":"https:\/\/babypillowwholesale.com\/hu\/wp-json\/wp\/v2\/product_cat?post=3491"},{"taxonomy":"product_tag","embeddable":true,"href":"https:\/\/babypillowwholesale.com\/hu\/wp-json\/wp\/v2\/product_tag?post=3491"}],"curies":[{"name":"wp","href":"https:\/\/api.w.org\/{rel}","templated":true}]}}