{"id":3488,"date":"2025-04-19T02:55:35","date_gmt":"2025-04-19T02:55:35","guid":{"rendered":"https:\/\/babypillowwholesale.com\/?post_type=product&#038;p=3488"},"modified":"2025-06-05T14:47:34","modified_gmt":"2025-06-05T14:47:34","slug":"memory-foam-pillow-thin-bear-shaped-pillow-core","status":"publish","type":"product","link":"https:\/\/babypillowwholesale.com\/hu\/product\/memory-foam-pillow-thin-bear-shaped-pillow-core\/","title":{"rendered":"Memory Foam P\u00e1rna - V\u00e9kony medve - alak\u00fa p\u00e1rna magja"},"content":{"rendered":"<div class=\"auto-hide-last-sibling-br paragraph-qzbcQC paragraph-element br-paragraph-space\">\n<div class=\"auto-hide-last-sibling-br paragraph-qzbcQC paragraph-element br-paragraph-space\">\n<div class=\"auto-hide-last-sibling-br paragraph-qzbcQC paragraph-element br-paragraph-space\">\u00cdme a Memory Foam P\u00e1rna - V\u00e9kony mack\u00f3 - form\u00e1j\u00fa p\u00e1rnamag, egy mesterm\u0171, amelyet kifejezetten a legkisebb, 0-6 h\u00f3napos kor\u00fa alv\u00f3k sz\u00e1m\u00e1ra k\u00e9sz\u00edtettek. A medv\u00e9re eml\u00e9keztet\u0151 sziluett nem csup\u00e1n eszt\u00e9tikai v\u00e1laszt\u00e1s, hanem a testre szabott lehet\u0151s\u00e9gek univerzum\u00e1nak kapuja.<\/div>\n<p>&nbsp;<\/p>\n<div class=\"auto-hide-last-sibling-br paragraph-qzbcQC paragraph-element br-paragraph-space\">Meg\u00e9rtj\u00fck, hogy a k\u00e9nyelem olyan egy\u00e9ni, mint a baba \u00e9des mosolya. Ez\u00e9rt k\u00edn\u00e1lunk lehet\u0151s\u00e9get a hidrofil hab puhas\u00e1g\u00e1nak finomhangol\u00e1s\u00e1ra. Ak\u00e1r felh\u0151szer\u0171 puhas\u00e1gra v\u00e1gyik a legfinomabb fej\u0171ek sz\u00e1m\u00e1ra, ak\u00e1r egy kicsit kem\u00e9nyebbre, hogy t\u00f6bb t\u00e1mogat\u00e1st kapjon, mi gondoskodunk r\u00f3la. Ez a testreszabhat\u00f3s\u00e1g olyan szintje, amely ezt a p\u00e1rnatagot egyszer\u0171 tartoz\u00e9kb\u00f3l a pihen\u00e9s szem\u00e9lyre szabott mened\u00e9k\u00e9v\u00e9 v\u00e1ltoztatja.<\/div>\n<p>&nbsp;<\/p>\n<div class=\"auto-hide-last-sibling-br paragraph-qzbcQC paragraph-element br-paragraph-space\">Ennek a medve alak\u00fa csod\u00e1nak a fel\u00fclete egy \u00fcres v\u00e1szon, amely m\u0171v\u00e9szi kifejez\u00e9sre v\u00e1r. Kiz\u00e1r\u00f3lag a legbiztons\u00e1gosabb, nem m\u00e9rgez\u0151 fest\u00e9keket haszn\u00e1lva var\u00e1zslatos nyomatokkal d\u00edsz\u00edthetj\u00fck. K\u00e9pzeljen el egy csillagk\u00e9pet finom sz\u00e1zszorsz\u00e9pekb\u0151l, amelyek szirmait l\u00e1tsz\u00f3lag ringatja a l\u00e1gy szell\u0151, vagy egy nyomvonalnyi im\u00e1dnival\u00f3 nyuszi l\u00e1bnyomot, mintha az \u00e1lmok vil\u00e1g\u00e1ba vezetn\u00e9 a bab\u00e1t. Ezek a nyomatok nem csup\u00e1n dekor\u00e1ci\u00f3k, hanem mes\u00e9k, amelyek arra v\u00e1rnak, hogy elmes\u00e9lj\u00e9k \u0151ket, \u00e9s minden alv\u00e1shoz var\u00e1zslatot adnak.<\/div>\n<p>&nbsp;<\/p>\n<div class=\"auto-hide-last-sibling-br paragraph-qzbcQC paragraph-element br-paragraph-space\">\u00c9s ott van m\u00e9g a k\u00f6zponti bem\u00e9lyed\u00e9s, amely a baba k\u00e9nyelme \u00e9rdek\u00e9ben \u00fajragondolt, alapvet\u0151 fontoss\u00e1g\u00fa funkci\u00f3. M\u00e9ret\u00e9t \u00e9s m\u00e9lys\u00e9g\u00e9t seb\u00e9szi pontoss\u00e1ggal tudjuk be\u00e1ll\u00edtani, \u00edgy biztos\u00edtva, hogy a baba fej\u00e9t szeret\u0151 \u00f6lel\u00e9sk\u00e9nt \u00f6lelje. Ez a r\u00e9szletekre val\u00f3 odafigyel\u00e9s, az egyedis\u00e9g ir\u00e1nti elk\u00f6telezetts\u00e9g teszi a Memory Foam P\u00e1rna - V\u00e9kony mack\u00f3 - form\u00e1j\u00fa P\u00e1rna Magot nem csak egy term\u00e9kk\u00e9, hanem egy \u00e9rt\u00e9kes eml\u00e9kt\u00e1rgyg\u00e1, egy - egy - egy - fajta altat\u00f3dall\u00e1 a kisbaba \u00e1lm\u00e1t.<\/div>\n<\/div>\n<\/div>","protected":false},"excerpt":{"rendered":"<p>Ez a 0-6 h\u00f3napos csecsem\u0151k sz\u00e1m\u00e1ra tervezett Memory Foam Pillow - Thin Bear - alak\u00fa p\u00e1rna mag a testreszab\u00e1si \u00e9s tervez\u00e9si lehet\u0151s\u00e9gek vil\u00e1g\u00e1t k\u00edn\u00e1lja. Kedves mack\u00f3 - form\u00e1ja t\u00f6k\u00e9letes v\u00e1szon a kreativit\u00e1shoz. A hidrofil hab puhas\u00e1gi szintj\u00e9t az \u00d6n preferenci\u00e1i szerint testre szabhatjuk, \u00edgy biztos\u00edtva az ide\u00e1lis k\u00e9nyelmet a kicsinek. A fel\u00fcletet nem m\u00e9rgez\u0151, bababiztons\u00e1gos nyomatokkal d\u00edsz\u00edthetj\u00fck, p\u00e9ld\u00e1ul apr\u00f3 vir\u00e1gmint\u00e1kkal vagy aranyos \u00e1llatl\u00e1bnyomokkal, egyedi \u00e9s b\u00e1jos sz\u00ednt k\u00f6lcs\u00f6n\u00f6zve neki. Ezenk\u00edv\u00fcl a k\u00f6zponti bem\u00e9lyed\u00e9s m\u00e9rete \u00e9s m\u00e9lys\u00e9ge \u00e1ll\u00edthat\u00f3, hogy jobban al\u00e1t\u00e1massza a baba fejform\u00e1j\u00e1t. Ez lehet\u0151v\u00e9 teszi, hogy egy igaz\u00e1n szem\u00e9lyre szabott p\u00e1rna magot hozzon l\u00e9tre, amely nemcsak a baba k\u00e9nyelmi ig\u00e9nyeinek felel meg, hanem k\u00fcl\u00f6nleges, egyedi darabk\u00e9nt is kiemelkedik.<\/p>","protected":false},"featured_media":3489,"comment_status":"open","ping_status":"closed","template":"","meta":{"_uag_custom_page_level_css":"","site-sidebar-layout":"default","site-content-layout":"","ast-site-content-layout":"default","site-content-style":"default","site-sidebar-style":"default","ast-global-header-display":"","ast-banner-title-visibility":"","ast-main-header-display":"","ast-hfb-above-header-display":"","ast-hfb-below-header-display":"","ast-hfb-mobile-header-display":"","site-post-title":"","ast-breadcrumbs-content":"","ast-featured-img":"","footer-sml-layout":"","ast-disable-related-posts":"","theme-transparent-header-meta":"default","adv-header-id-meta":"","stick-header-meta":"","header-above-stick-meta":"","header-main-stick-meta":"","header-below-stick-meta":"","astra-migrate-meta-layouts":"set","ast-page-background-enabled":"default","ast-page-background-meta":{"desktop":{"background-color":"","background-image":"","background-repeat":"repeat","background-position":"center center","background-size":"auto","background-attachment":"scroll","background-type":"","background-media":"","overlay-type":"","overlay-color":"","overlay-opacity":"","overlay-gradient":""},"tablet":{"background-color":"","background-image":"","background-repeat":"repeat","background-position":"center center","background-size":"auto","background-attachment":"scroll","background-type":"","background-media":"","overlay-type":"","overlay-color":"","overlay-opacity":"","overlay-gradient":""},"mobile":{"background-color":"","background-image":"","background-repeat":"repeat","background-position":"center center","background-size":"auto","background-attachment":"scroll","background-type":"","background-media":"","overlay-type":"","overlay-color":"","overlay-opacity":"","overlay-gradient":""}},"ast-content-background-meta":{"desktop":{"background-color":"var(--ast-global-color-5)","background-image":"","background-repeat":"repeat","background-position":"center center","background-size":"auto","background-attachment":"scroll","background-type":"","background-media":"","overlay-type":"","overlay-color":"","overlay-opacity":"","overlay-gradient":""},"tablet":{"background-color":"var(--ast-global-color-5)","background-image":"","background-repeat":"repeat","background-position":"center center","background-size":"auto","background-attachment":"scroll","background-type":"","background-media":"","overlay-type":"","overlay-color":"","overlay-opacity":"","overlay-gradient":""},"mobile":{"background-color":"var(--ast-global-color-5)","background-image":"","background-repeat":"repeat","background-position":"center center","background-size":"auto","background-attachment":"scroll","background-type":"","background-media":"","overlay-type":"","overlay-color":"","overlay-opacity":"","overlay-gradient":""}}},"product_brand":[],"product_cat":[65,32],"product_tag":[70,68,71,69],"class_list":{"0":"post-3488","1":"product","2":"type-product","3":"status-publish","4":"has-post-thumbnail","6":"product_cat-0-to-6months-oem","7":"product_cat-customize","8":"product_tag-babypillow","9":"product_tag-cuteanimalpillow","10":"product_tag-headshapesupport","11":"product_tag-kouniushapingpillow","12":"desktop-align-left","13":"tablet-align-left","14":"mobile-align-left","16":"first","17":"instock","18":"shipping-taxable","19":"product-type-simple"},"aioseo_notices":[],"uagb_featured_image_src":{"full":["https:\/\/babypillowwholesale.com\/wp-content\/uploads\/2025\/04\/0003.jpg",1000,1000,false],"thumbnail":["https:\/\/babypillowwholesale.com\/wp-content\/uploads\/2025\/04\/0003-150x150.jpg",150,150,true],"medium":["https:\/\/babypillowwholesale.com\/wp-content\/uploads\/2025\/04\/0003-300x300.jpg",300,300,true],"medium_large":["https:\/\/babypillowwholesale.com\/wp-content\/uploads\/2025\/04\/0003-768x768.jpg",768,768,true],"large":["https:\/\/babypillowwholesale.com\/wp-content\/uploads\/2025\/04\/0003.jpg",1000,1000,false],"1536x1536":["https:\/\/babypillowwholesale.com\/wp-content\/uploads\/2025\/04\/0003.jpg",1000,1000,false],"2048x2048":["https:\/\/babypillowwholesale.com\/wp-content\/uploads\/2025\/04\/0003.jpg",1000,1000,false],"trp-custom-language-flag":["https:\/\/babypillowwholesale.com\/wp-content\/uploads\/2025\/04\/0003.jpg",12,12,false],"woocommerce_thumbnail":["https:\/\/babypillowwholesale.com\/wp-content\/uploads\/2025\/04\/0003-300x300.jpg",300,300,true],"woocommerce_single":["https:\/\/babypillowwholesale.com\/wp-content\/uploads\/2025\/04\/0003-600x600.jpg",600,600,true],"woocommerce_gallery_thumbnail":["https:\/\/babypillowwholesale.com\/wp-content\/uploads\/2025\/04\/0003-100x100.jpg",100,100,true]},"uagb_author_info":{"display_name":"Etnen zhong","author_link":"https:\/\/babypillowwholesale.com\/hu\/author\/"},"uagb_comment_info":0,"uagb_excerpt":"This Memory Foam Pillow - Thin Bear - shaped Pillow Core, designed for babies aged 0 - 6 months, offers a world of customization and design opportunities. Its endearing bear - shaped form is the perfect canvas for creativity. We can customize the softness level of the hydrophilic foam according to your preference, ensuring the&hellip;","jetpack_sharing_enabled":true,"_links":{"self":[{"href":"https:\/\/babypillowwholesale.com\/hu\/wp-json\/wp\/v2\/product\/3488","targetHints":{"allow":["GET"]}}],"collection":[{"href":"https:\/\/babypillowwholesale.com\/hu\/wp-json\/wp\/v2\/product"}],"about":[{"href":"https:\/\/babypillowwholesale.com\/hu\/wp-json\/wp\/v2\/types\/product"}],"replies":[{"embeddable":true,"href":"https:\/\/babypillowwholesale.com\/hu\/wp-json\/wp\/v2\/comments?post=3488"}],"wp:featuredmedia":[{"embeddable":true,"href":"https:\/\/babypillowwholesale.com\/hu\/wp-json\/wp\/v2\/media\/3489"}],"wp:attachment":[{"href":"https:\/\/babypillowwholesale.com\/hu\/wp-json\/wp\/v2\/media?parent=3488"}],"wp:term":[{"taxonomy":"product_brand","embeddable":true,"href":"https:\/\/babypillowwholesale.com\/hu\/wp-json\/wp\/v2\/product_brand?post=3488"},{"taxonomy":"product_cat","embeddable":true,"href":"https:\/\/babypillowwholesale.com\/hu\/wp-json\/wp\/v2\/product_cat?post=3488"},{"taxonomy":"product_tag","embeddable":true,"href":"https:\/\/babypillowwholesale.com\/hu\/wp-json\/wp\/v2\/product_tag?post=3488"}],"curies":[{"name":"wp","href":"https:\/\/api.w.org\/{rel}","templated":true}]}}