{"id":3472,"date":"2025-04-18T15:52:31","date_gmt":"2025-04-18T15:52:31","guid":{"rendered":"https:\/\/babypillowwholesale.com\/?post_type=product&#038;p=3472"},"modified":"2026-03-23T07:55:41","modified_gmt":"2026-03-23T07:55:41","slug":"anti-reflux-pillow-for-baby-co-sleeper","status":"publish","type":"product","link":"https:\/\/babypillowwholesale.com\/hu\/product\/anti-reflux-pillow-for-baby-co-sleeper\/","title":{"rendered":"Anti - reflux p\u00e1rna Baby Co - alv\u00f3nak"},"content":{"rendered":"<div class=\"auto-hide-last-sibling-br paragraph-qzbcQC paragraph-element br-paragraph-space\" data-immersive-translate-walked=\"8e61f2e7-6af2-46e5-9672-3b9e4f4033d9\" data-immersive-translate-paragraph=\"1\">\n<div class=\"auto-hide-last-sibling-br paragraph-qzbcQC paragraph-element br-paragraph-space\">\n<div class=\"auto-hide-last-sibling-br paragraph-qzbcQC paragraph-element br-paragraph-space\">\n<div class=\"auto-hide-last-sibling-br paragraph-qzbcQC paragraph-element br-paragraph-space\">\n<div class=\"auto-hide-last-sibling-br paragraph-qzbcQC paragraph-element br-paragraph-space\">\n<div class=\"auto-hide-last-sibling-br paragraph-qzbcQC paragraph-element br-paragraph-space\">\n<div class=\"inter-wlTS5w\">\n<div class=\"container-QE4ayg\">\n<div class=\"item-jU10IN\">\n<div class=\"container-jODEnh chrome70-container\">\n<div class=\"inner-eE95c9 inner-item-aL3Ui_\" data-target-id=\"message-box-target-id\" data-testid=\"union_message\">\n<div class=\"message-block-container-liuetz\" data-testid=\"message-block-container\">\n<div class=\"message-box-ZWbBdF\" data-testid=\"receive_message\">\n<div class=\"message-box-content-wrapper-srHdUj\">\n<div class=\"message-content message-box-content-otxGGw receive-message-box-content-_lREFj samantha-message-box-content-Qjmpja\" data-testid=\"message_content\">\n<div class=\"container-hfX5E8 flow-markdown-body theme-samantha-yJEgBp\" dir=\"ltr\" data-testid=\"message_text_content\" data-show-indicator=\"false\">\n<div class=\"auto-hide-last-sibling-br paragraph-qzbcQC paragraph-element br-paragraph-space\">\n<div class=\"auto-hide-last-sibling-br paragraph-qzbcQC paragraph-element br-paragraph-space\">\n<div class=\"auto-hide-last-sibling-br paragraph-qzbcQC paragraph-element br-paragraph-space\">\n<div class=\"auto-hide-last-sibling-br paragraph-qzbcQC paragraph-element br-paragraph-space\">\n<div class=\"message-box-content-wrapper-srHdUj\">\n<div class=\"message-content message-box-content-otxGGw receive-message-box-content-_lREFj samantha-message-box-content-Qjmpja\" data-testid=\"message_content\">\n<div class=\"container-hfX5E8 flow-markdown-body theme-samantha-yJEgBp\" dir=\"ltr\" data-testid=\"message_text_content\" data-show-indicator=\"false\">\n<div class=\"auto-hide-last-sibling-br paragraph-qzbcQC paragraph-element br-paragraph-space\">\n<div class=\"auto-hide-last-sibling-br paragraph-qzbcQC paragraph-element br-paragraph-space\">\n<div class=\"auto-hide-last-sibling-br paragraph-qzbcQC paragraph-element br-paragraph-space\">\n<div class=\"auto-hide-last-sibling-br paragraph-qzbcQC paragraph-element br-paragraph-space\">Bemutatjuk az Anti - reflux Pillow for Baby Co - sleeper-t, amely a baba alv\u00e1shoz sz\u00fcks\u00e9ges alapvet\u0151 felszerel\u00e9s\u00e9nek elengedhetetlen kieg\u00e9sz\u00edt\u0151je, 0 - 6 h\u00f3napos kor\u00fa csecsem\u0151kre szabva. Ez az innovat\u00edv p\u00e1rna a k\u00e9nyelem \u00e9s a biztons\u00e1g paradicsoma, amelyet apr\u00f3l\u00e9kosan \u00fagy terveztek, hogy az \u00faj sz\u00fcl\u0151k egyik leggyakoribb probl\u00e9m\u00e1j\u00e1t, a refluxot kezelje.<\/div>\n<p>&nbsp;<\/p>\n<div class=\"auto-hide-last-sibling-br paragraph-qzbcQC paragraph-element br-paragraph-space\">A bels\u0151 mag, amely puha ez\u00fcstsz\u00e1lak \u00e9s mem\u00f3riahab harmonikus kever\u00e9ke, gyeng\u00e9d, b\u00f6lcs\u0151szer\u0171 al\u00e1t\u00e1maszt\u00e1st biztos\u00edt, amely alkalmazkodik a baba finom form\u00e1j\u00e1hoz. Test\u00fckh\u00f6z simul, \u00e9ppen a megfelel\u0151 mennyis\u00e9g\u0171 p\u00e1rn\u00e1zotts\u00e1got \u00e9s stabilit\u00e1st ny\u00fajtva, biztos\u00edtva a pihentet\u0151 alv\u00e1st.<\/div>\n<p>&nbsp;<\/p>\n<div class=\"auto-hide-last-sibling-br paragraph-qzbcQC paragraph-element br-paragraph-space\">A k\u00fcls\u0151 anyagok, a l\u00e9legz\u0151 3D h\u00e1l\u00f3s sz\u00f6vet \u00e9s a puha pamutsz\u00f6vet kombin\u00e1ci\u00f3ja h\u0171v\u00f6s \u00e9s k\u00e9nyelmes mikrok\u00f6rnyezetet teremt. Ez nemcsak k\u00e9nyelmesen tartja a bab\u00e1t, hanem seg\u00edt szab\u00e1lyozni a testh\u0151m\u00e9rs\u00e9klet\u00e9t is, megel\u0151zve a t\u00falmeleged\u00e9st a hossz\u00fa alv\u00e1sok vagy \u00e9jszakai szuny\u00f3k\u00e1l\u00e1sok sor\u00e1n.<\/div>\n<p>&nbsp;<\/p>\n<div class=\"auto-hide-last-sibling-br paragraph-qzbcQC paragraph-element br-paragraph-space\">90* \u00e1gym\u00e9rettel<em>50*<\/em>11CM, egy l\u00e1bp\u00e1rna m\u00e9rete 42*<em>16CM, \u00e9s 31* lejt\u0151lemezzel.<\/em>31*5CM, \u00e1tfog\u00f3 t\u00e1mogat\u00e1st ny\u00fajt. Az etet\u00e9s ideje alatt a lejt\u0151lemez seg\u00edt optim\u00e1lis helyzetben tartani a bab\u00e1t, cs\u00f6kkentve a reflux val\u00f3sz\u00edn\u0171s\u00e9g\u00e9t. Alv\u00e1skor az eg\u00e9sz fel\u00e1ll\u00e1s biztons\u00e1gos \u00e9s k\u00e9nyelmes helyet biztos\u00edt, az anyam\u00e9h k\u00e9nyelm\u00e9t ut\u00e1nozva.<\/div>\n<p>&nbsp;<\/p>\n<div class=\"auto-hide-last-sibling-br paragraph-qzbcQC paragraph-element br-paragraph-space\">A sz\u00fcl\u0151k \u00e1radoztak a dics\u00e9retekr\u0151l. \"Ez a p\u00e1rna \u00e9letment\u0151 volt! A gyermekem kor\u00e1bban reflux-szal k\u00fczd\u00f6tt, de mi\u00f3ta ezt haszn\u00e1ljuk, ezek a probl\u00e9m\u00e1k jelent\u0151sen cs\u00f6kkentek. Annyira puha \u00e9s j\u00f3l megtervezett\" - osztotta meg egy megk\u00f6nnyebb\u00fclt anyuka. Egy m\u00e1sik sz\u00fcl\u0151 \u00edgy \u00e1radozott: \"Im\u00e1dom, hogy biztons\u00e1g\u00e9rzetet ad a bab\u00e1mnak. Olyan, mint egy kis f\u00e9szek, \u00e9s a min\u0151s\u00e9ge els\u0151 oszt\u00e1ly\u00fa. Mindenk\u00e9ppen k\u00f6telez\u0151 darab minden \u00fajdons\u00fclt sz\u00fcl\u0151nek\".<\/div>\n<p>&nbsp;<\/p>\n<div class=\"auto-hide-last-sibling-br paragraph-qzbcQC paragraph-element br-paragraph-space\">L\u00e9nyeg\u00e9ben az Anti - reflux Pillow for Baby Co - sleeper t\u00f6bb, mint egy p\u00e1rna; ez egy jegy a nyugodt \u00e9jszak\u00e1khoz \u00e9s az aggodalomt\u00f3l mentes sz\u00fcl\u0151i \u00e9lethez, biztos\u00edtva, hogy a kicsi nyugodtan \u00e9s k\u00e9nyelmesen aludjon.<\/div>\n<\/div>\n<\/div>\n<\/div>\n<\/div>\n<\/div>\n<\/div>\n<\/div>\n<\/div>\n<\/div>\n<\/div>\n<\/div>\n<\/div>\n<\/div>\n<\/div>\n<\/div>\n<\/div>\n<\/div>\n<\/div>\n<\/div>\n<\/div>\n<\/div>\n<\/div>\n<\/div>\n<\/div>\n<\/div>\n<\/div>","protected":false},"excerpt":{"rendered":"<p>Az Anti - reflux Pillow for Baby Co - sleeper a 0 - 6 h\u00f3napos csecsem\u0151k sz\u00e1m\u00e1ra elengedhetetlen. Kialak\u00edt\u00e1sa a reflux megel\u0151z\u00e9s\u00e9re \u00e9s a biztons\u00e1gos, k\u00e9nyelmes alv\u00e1si k\u00f6rnyezet biztos\u00edt\u00e1s\u00e1ra \u00f6sszpontos\u00edt. A bels\u0151 mag, amely puha ez\u00fcstsz\u00e1lak \u00e9s mem\u00f3riahab kombin\u00e1ci\u00f3ja, gyeng\u00e9d al\u00e1t\u00e1maszt\u00e1st ny\u00fajt \u00e9s alkalmazkodik a baba testform\u00e1j\u00e1hoz. A k\u00fcls\u0151 anyagok, a 3D h\u00e1l\u00f3s sz\u00f6vet \u00e9s a pamutsz\u00f6vet l\u00e9g\u00e1tereszt\u0151 \u00e9s puha, ami seg\u00edt h\u0171v\u00f6sen \u00e9s otthonosan tartani a bab\u00e1t. A 90* \u00e1gym\u00e9ret\u0171<em>50*<\/em>11CM, egy l\u00e1bp\u00e1rna m\u00e9rete 42*<em>16CM, \u00e9s 31* lejt\u0151lemezzel.<\/em>31*5CM, \u00e1tfog\u00f3 t\u00e1mogat\u00e1st ny\u00fajt. Ak\u00e1r szuny\u00f3k\u00e1l\u00e1shoz, ak\u00e1r \u00e9jszakai alv\u00e1shoz, ez a p\u00e1rna seg\u00edt cs\u00f6kkenteni a reflux kock\u00e1zat\u00e1t, \u00edgy a sz\u00fcl\u0151k nyugodtan, a bab\u00e1k pedig nyugodtan alhatnak.<\/p>","protected":false},"featured_media":3596,"comment_status":"open","ping_status":"closed","template":"","meta":{"_uag_custom_page_level_css":"","site-sidebar-layout":"default","site-content-layout":"","ast-site-content-layout":"default","site-content-style":"default","site-sidebar-style":"default","ast-global-header-display":"","ast-banner-title-visibility":"","ast-main-header-display":"","ast-hfb-above-header-display":"","ast-hfb-below-header-display":"","ast-hfb-mobile-header-display":"","site-post-title":"","ast-breadcrumbs-content":"","ast-featured-img":"","footer-sml-layout":"","ast-disable-related-posts":"","theme-transparent-header-meta":"default","adv-header-id-meta":"","stick-header-meta":"","header-above-stick-meta":"","header-main-stick-meta":"","header-below-stick-meta":"","astra-migrate-meta-layouts":"set","ast-page-background-enabled":"default","ast-page-background-meta":{"desktop":{"background-color":"","background-image":"","background-repeat":"repeat","background-position":"center center","background-size":"auto","background-attachment":"scroll","background-type":"","background-media":"","overlay-type":"","overlay-color":"","overlay-opacity":"","overlay-gradient":""},"tablet":{"background-color":"","background-image":"","background-repeat":"repeat","background-position":"center center","background-size":"auto","background-attachment":"scroll","background-type":"","background-media":"","overlay-type":"","overlay-color":"","overlay-opacity":"","overlay-gradient":""},"mobile":{"background-color":"","background-image":"","background-repeat":"repeat","background-position":"center center","background-size":"auto","background-attachment":"scroll","background-type":"","background-media":"","overlay-type":"","overlay-color":"","overlay-opacity":"","overlay-gradient":""}},"ast-content-background-meta":{"desktop":{"background-color":"var(--ast-global-color-5)","background-image":"","background-repeat":"repeat","background-position":"center center","background-size":"auto","background-attachment":"scroll","background-type":"","background-media":"","overlay-type":"","overlay-color":"","overlay-opacity":"","overlay-gradient":""},"tablet":{"background-color":"var(--ast-global-color-5)","background-image":"","background-repeat":"repeat","background-position":"center center","background-size":"auto","background-attachment":"scroll","background-type":"","background-media":"","overlay-type":"","overlay-color":"","overlay-opacity":"","overlay-gradient":""},"mobile":{"background-color":"var(--ast-global-color-5)","background-image":"","background-repeat":"repeat","background-position":"center center","background-size":"auto","background-attachment":"scroll","background-type":"","background-media":"","overlay-type":"","overlay-color":"","overlay-opacity":"","overlay-gradient":""}}},"product_brand":[],"product_cat":[21],"product_tag":[70,68,71,69],"class_list":{"0":"post-3472","1":"product","2":"type-product","3":"status-publish","4":"has-post-thumbnail","6":"product_cat-others","7":"product_tag-babypillow","8":"product_tag-cuteanimalpillow","9":"product_tag-headshapesupport","10":"product_tag-kouniushapingpillow","11":"desktop-align-left","12":"tablet-align-left","13":"mobile-align-left","15":"first","16":"instock","17":"shipping-taxable","18":"product-type-simple"},"aioseo_notices":[],"uagb_featured_image_src":{"full":["https:\/\/babypillowwholesale.com\/wp-content\/uploads\/2025\/04\/\u4ea7\u54c1\u4e3b\u56fe.jpg",1000,1000,false],"thumbnail":["https:\/\/babypillowwholesale.com\/wp-content\/uploads\/2025\/04\/\u4ea7\u54c1\u4e3b\u56fe-150x150.jpg",150,150,true],"medium":["https:\/\/babypillowwholesale.com\/wp-content\/uploads\/2025\/04\/\u4ea7\u54c1\u4e3b\u56fe-300x300.jpg",300,300,true],"medium_large":["https:\/\/babypillowwholesale.com\/wp-content\/uploads\/2025\/04\/\u4ea7\u54c1\u4e3b\u56fe-768x768.jpg",768,768,true],"large":["https:\/\/babypillowwholesale.com\/wp-content\/uploads\/2025\/04\/\u4ea7\u54c1\u4e3b\u56fe.jpg",1000,1000,false],"1536x1536":["https:\/\/babypillowwholesale.com\/wp-content\/uploads\/2025\/04\/\u4ea7\u54c1\u4e3b\u56fe.jpg",1000,1000,false],"2048x2048":["https:\/\/babypillowwholesale.com\/wp-content\/uploads\/2025\/04\/\u4ea7\u54c1\u4e3b\u56fe.jpg",1000,1000,false],"trp-custom-language-flag":["https:\/\/babypillowwholesale.com\/wp-content\/uploads\/2025\/04\/\u4ea7\u54c1\u4e3b\u56fe.jpg",12,12,false],"woocommerce_thumbnail":["https:\/\/babypillowwholesale.com\/wp-content\/uploads\/2025\/04\/\u4ea7\u54c1\u4e3b\u56fe-300x300.jpg",300,300,true],"woocommerce_single":["https:\/\/babypillowwholesale.com\/wp-content\/uploads\/2025\/04\/\u4ea7\u54c1\u4e3b\u56fe-600x600.jpg",600,600,true],"woocommerce_gallery_thumbnail":["https:\/\/babypillowwholesale.com\/wp-content\/uploads\/2025\/04\/\u4ea7\u54c1\u4e3b\u56fe-100x100.jpg",100,100,true]},"uagb_author_info":{"display_name":"Etnen zhong","author_link":"https:\/\/babypillowwholesale.com\/hu\/author\/"},"uagb_comment_info":1,"uagb_excerpt":"The Anti - reflux Pillow for Baby Co - sleeper is a must - have for infants aged 0 - 6 months. Its design focuses on preventing reflux and ensuring a safe, comfortable sleep environment. The inner core, a combination of soft silver fiber and memory foam, offers gentle support and adapts to the baby's&hellip;","jetpack_sharing_enabled":true,"_links":{"self":[{"href":"https:\/\/babypillowwholesale.com\/hu\/wp-json\/wp\/v2\/product\/3472","targetHints":{"allow":["GET"]}}],"collection":[{"href":"https:\/\/babypillowwholesale.com\/hu\/wp-json\/wp\/v2\/product"}],"about":[{"href":"https:\/\/babypillowwholesale.com\/hu\/wp-json\/wp\/v2\/types\/product"}],"replies":[{"embeddable":true,"href":"https:\/\/babypillowwholesale.com\/hu\/wp-json\/wp\/v2\/comments?post=3472"}],"wp:featuredmedia":[{"embeddable":true,"href":"https:\/\/babypillowwholesale.com\/hu\/wp-json\/wp\/v2\/media\/3596"}],"wp:attachment":[{"href":"https:\/\/babypillowwholesale.com\/hu\/wp-json\/wp\/v2\/media?parent=3472"}],"wp:term":[{"taxonomy":"product_brand","embeddable":true,"href":"https:\/\/babypillowwholesale.com\/hu\/wp-json\/wp\/v2\/product_brand?post=3472"},{"taxonomy":"product_cat","embeddable":true,"href":"https:\/\/babypillowwholesale.com\/hu\/wp-json\/wp\/v2\/product_cat?post=3472"},{"taxonomy":"product_tag","embeddable":true,"href":"https:\/\/babypillowwholesale.com\/hu\/wp-json\/wp\/v2\/product_tag?post=3472"}],"curies":[{"name":"wp","href":"https:\/\/api.w.org\/{rel}","templated":true}]}}