{"id":3469,"date":"2025-04-18T15:46:47","date_gmt":"2025-04-18T15:46:47","guid":{"rendered":"https:\/\/babypillowwholesale.com\/?post_type=product&#038;p=3469"},"modified":"2025-06-05T16:08:42","modified_gmt":"2025-06-05T16:08:42","slug":"multifunctional-positioning-baby-sleep-pillow","status":"publish","type":"product","link":"https:\/\/babypillowwholesale.com\/hu\/product\/multifunctional-positioning-baby-sleep-pillow\/","title":{"rendered":"Multifunkcion\u00e1lis pozicion\u00e1l\u00f3 baba alv\u00f3p\u00e1rna"},"content":{"rendered":"<div class=\"auto-hide-last-sibling-br paragraph-qzbcQC paragraph-element br-paragraph-space\" data-immersive-translate-walked=\"8e61f2e7-6af2-46e5-9672-3b9e4f4033d9\" data-immersive-translate-paragraph=\"1\">\n<div class=\"auto-hide-last-sibling-br paragraph-qzbcQC paragraph-element br-paragraph-space\">\n<div class=\"auto-hide-last-sibling-br paragraph-qzbcQC paragraph-element br-paragraph-space\">\n<div class=\"auto-hide-last-sibling-br paragraph-qzbcQC paragraph-element br-paragraph-space\">\n<div class=\"auto-hide-last-sibling-br paragraph-qzbcQC paragraph-element br-paragraph-space\">\n<div class=\"auto-hide-last-sibling-br paragraph-qzbcQC paragraph-element br-paragraph-space\">\n<div class=\"inter-wlTS5w\">\n<div class=\"container-QE4ayg\">\n<div class=\"item-jU10IN\">\n<div class=\"container-jODEnh chrome70-container\">\n<div class=\"inner-eE95c9 inner-item-aL3Ui_\" data-target-id=\"message-box-target-id\" data-testid=\"union_message\">\n<div class=\"message-block-container-liuetz\" data-testid=\"message-block-container\">\n<div class=\"message-box-ZWbBdF\" data-testid=\"receive_message\">\n<div class=\"message-box-content-wrapper-srHdUj\">\n<div class=\"message-content message-box-content-otxGGw receive-message-box-content-_lREFj samantha-message-box-content-Qjmpja\" data-testid=\"message_content\">\n<div class=\"container-hfX5E8 flow-markdown-body theme-samantha-yJEgBp\" dir=\"ltr\" data-testid=\"message_text_content\" data-show-indicator=\"false\">\n<div class=\"auto-hide-last-sibling-br paragraph-qzbcQC paragraph-element br-paragraph-space\">\n<div class=\"auto-hide-last-sibling-br paragraph-qzbcQC paragraph-element br-paragraph-space\">\n<div class=\"auto-hide-last-sibling-br paragraph-qzbcQC paragraph-element br-paragraph-space\">\n<div class=\"auto-hide-last-sibling-br paragraph-qzbcQC paragraph-element br-paragraph-space\">\n<div class=\"message-box-content-wrapper-srHdUj\">\n<div class=\"message-content message-box-content-otxGGw receive-message-box-content-_lREFj samantha-message-box-content-Qjmpja\" data-testid=\"message_content\">\n<div class=\"container-hfX5E8 flow-markdown-body theme-samantha-yJEgBp\" dir=\"ltr\" data-testid=\"message_text_content\" data-show-indicator=\"false\">\n<div class=\"auto-hide-last-sibling-br paragraph-qzbcQC paragraph-element br-paragraph-space\">\n<div class=\"auto-hide-last-sibling-br paragraph-qzbcQC paragraph-element br-paragraph-space\">\n<div class=\"auto-hide-last-sibling-br paragraph-qzbcQC paragraph-element br-paragraph-space\">Bemutatjuk a multifunkcion\u00e1lis pozicion\u00e1l\u00f3 baba alv\u00f3p\u00e1rn\u00e1t, amely n\u00e9lk\u00fcl\u00f6zhetetlen t\u00e1rs a 0-6 h\u00f3napos kor\u00fa dr\u00e1ga csecsem\u0151k sz\u00e1m\u00e1ra. Ez a p\u00e1rna a k\u00e9nyelem paradicsoma, amelyet apr\u00f3l\u00e9kosan a baba j\u00f3l\u00e9t\u00e9t szem el\u0151tt tartva terveztek.<\/div>\n<p>&nbsp;<\/p>\n<div class=\"auto-hide-last-sibling-br paragraph-qzbcQC paragraph-element br-paragraph-space\">A bels\u0151 mag, amely kompresszi\u00f3\u00e1ll\u00f3 pamutb\u00f3l k\u00e9sz\u00fclt, a m\u00e9rn\u00f6ki munka csod\u00e1ja. Gyeng\u00e9d, m\u00e9gis t\u00e1mogat\u00f3 \u00f6lel\u00e9st biztos\u00edt, amely a baba finom alakj\u00e1hoz simul, mik\u00f6zben id\u0151vel meg\u0151rzi alakj\u00e1t. Ez biztos\u00edtja, hogy minden egyes haszn\u00e1lat ugyanolyan k\u00e9nyelmes legyen, mint az els\u0151, \u00e1lland\u00f3 \u00e9s k\u00e9nyelmes pihen\u0151helyet biztos\u00edtva.<\/div>\n<p>&nbsp;<\/p>\n<div class=\"auto-hide-last-sibling-br paragraph-qzbcQC paragraph-element br-paragraph-space\">A k\u00fcls\u0151 r\u00e9teg, amely puha pamut \u00e9s tart\u00f3s poli\u00e9szter sz\u00e1lak harmonikus kever\u00e9ke, k\u00e9nyezteti a baba \u00e9rz\u00e9keny b\u0151r\u00e9t. Nemcsak hihetetlen\u00fcl gyeng\u00e9d, hanem \u00fagy k\u00e9sz\u00fclt, hogy ellen\u00e1lljon a napi haszn\u00e1lat viszontags\u00e1gainak, \u00edgy a tiszt\u00edt\u00e1s gyerekj\u00e1t\u00e9k.<\/div>\n<p>&nbsp;<\/p>\n<div class=\"auto-hide-last-sibling-br paragraph-qzbcQC paragraph-element br-paragraph-space\">M\u00e9r\u00e9s 28*<em>40*<\/em>60CM, t\u00e1gas \u00e9s biztons\u00e1gos ter\u00fcletet biztos\u00edt a kisgyermek sz\u00e1m\u00e1ra. Etet\u00e9s k\u00f6zben t\u00f6k\u00e9letes poz\u00edci\u00f3ba t\u00e1masztja a bab\u00e1t, cs\u00f6kkentve a ki\u00f6ml\u00e9s kock\u00e1zat\u00e1t, \u00e9s k\u00e9nyelmesebb\u00e9 t\u00e9ve az \u00e9lm\u00e9nyt a baba \u00e9s a sz\u00fcl\u0151 sz\u00e1m\u00e1ra egyar\u00e1nt. Szundik\u00e1l\u00e1skor vagy csak egy pillanatnyi pihen\u00e9skor b\u00f6lcs\u0151be helyezi a bab\u00e1t, seg\u00edtve, hogy biztons\u00e1gban \u00e9s meghitten \u00e9rezze mag\u00e1t.<\/div>\n<p>&nbsp;<\/p>\n<div class=\"auto-hide-last-sibling-br paragraph-qzbcQC paragraph-element br-paragraph-space\">A sz\u00fcl\u0151k nagyon el\u00e9gedettek voltak ezzel a term\u00e9kkel. \"Ez a p\u00e1rna egy j\u00e1t\u00e9k - changer! Sokkal k\u00f6nnyebb\u00e9 teszi az etet\u00e9st, \u00e9s a bab\u00e1mnak olyan k\u00e9nyelmesnek t\u0171nik benne. Im\u00e1dom, hogy milyen puha\" - osztotta meg egy \u00fajdons\u00fclt anyuka. Egy m\u00e1sik sz\u00fcl\u0151 \u00edgy \u00e1radozott: \"Agg\u00f3dtam a bab\u00e1m helyzet\u00e9\u00e9rt alv\u00e1s k\u00f6zben, de ez a p\u00e1rna a hely\u00e9n tartja \u0151ket. Ez egy must - have minden \u00faj sz\u00fcl\u0151nek\".<\/div>\n<p>&nbsp;<\/p>\n<div class=\"auto-hide-last-sibling-br paragraph-qzbcQC paragraph-element br-paragraph-space\">L\u00e9nyeg\u00e9ben a Multifunkcion\u00e1lis pozicion\u00e1l\u00f3 baba alv\u00f3p\u00e1rna t\u00f6bb mint egy egyszer\u0171 p\u00e1rna; a nyugalom forr\u00e1sa, a k\u00e9nyelem b\u00f6lcs\u0151je \u00e9s a baba gyerekszob\u00e1j\u00e1nak elengedhetetlen kieg\u00e9sz\u00edt\u0151je.<\/div>\n<\/div>\n<\/div>\n<\/div>\n<\/div>\n<\/div>\n<\/div>\n<\/div>\n<\/div>\n<\/div>\n<\/div>\n<\/div>\n<\/div>\n<\/div>\n<\/div>\n<\/div>\n<\/div>\n<\/div>\n<\/div>\n<\/div>\n<\/div>\n<\/div>\n<\/div>\n<\/div>\n<\/div>\n<\/div>","protected":false},"excerpt":{"rendered":"<p>A t\u00f6bbfunkci\u00f3s poz\u00edcion\u00e1l\u00f3 baba alv\u00f3p\u00e1rna a 0-6 h\u00f3napos csecsem\u0151k sz\u00e1m\u00e1ra n\u00e9lk\u00fcl\u00f6zhetetlen term\u00e9k. Ergonomikus kialak\u00edt\u00e1sa biztons\u00e1gos \u00e9s k\u00e9nyelmes helyet biztos\u00edt a bab\u00e1k sz\u00e1m\u00e1ra. A bels\u0151 mag, amely t\u00f6m\u00f6r\u00edt\u00e9snek ellen\u00e1ll\u00f3 rebound pamutb\u00f3l k\u00e9sz\u00fclt, gyeng\u00e9d al\u00e1t\u00e1maszt\u00e1st ny\u00fajt, \u00e9s j\u00f3l megtartja alakj\u00e1t, biztos\u00edtva a hosszan tart\u00f3 k\u00e9nyelmet. A k\u00fcls\u0151 r\u00e9teg, amely pamut \u00e9s poli\u00e9szter sz\u00e1lak kombin\u00e1ci\u00f3j\u00e1b\u00f3l \u00e1ll, puha \u00e9s b\u0151rbar\u00e1t, ugyanakkor tart\u00f3s \u00e9s k\u00f6nnyen tiszt\u00edthat\u00f3. 28* specifik\u00e1ci\u00f3val<em>40*<\/em>60CM, \u00edgy elegend\u0151 helyet biztos\u00edt a baba sz\u00e1m\u00e1ra, hogy k\u00e9nyelmesen fek\u00fcdj\u00f6n. Ak\u00e1r etet\u00e9shez, szuny\u00f3k\u00e1l\u00e1shoz vagy csak pihen\u00e9shez, ez a p\u00e1rna seg\u00edt megfelel\u0151 helyzetben tartani a bab\u00e1t, el\u0151seg\u00edtve a jobb alv\u00e1st \u00e9s a biztons\u00e1got.<\/p>","protected":false},"featured_media":3470,"comment_status":"open","ping_status":"closed","template":"","meta":{"_uag_custom_page_level_css":"","site-sidebar-layout":"default","site-content-layout":"","ast-site-content-layout":"default","site-content-style":"default","site-sidebar-style":"default","ast-global-header-display":"","ast-banner-title-visibility":"","ast-main-header-display":"","ast-hfb-above-header-display":"","ast-hfb-below-header-display":"","ast-hfb-mobile-header-display":"","site-post-title":"","ast-breadcrumbs-content":"","ast-featured-img":"","footer-sml-layout":"","ast-disable-related-posts":"","theme-transparent-header-meta":"default","adv-header-id-meta":"","stick-header-meta":"","header-above-stick-meta":"","header-main-stick-meta":"","header-below-stick-meta":"","astra-migrate-meta-layouts":"set","ast-page-background-enabled":"default","ast-page-background-meta":{"desktop":{"background-color":"","background-image":"","background-repeat":"repeat","background-position":"center center","background-size":"auto","background-attachment":"scroll","background-type":"","background-media":"","overlay-type":"","overlay-color":"","overlay-opacity":"","overlay-gradient":""},"tablet":{"background-color":"","background-image":"","background-repeat":"repeat","background-position":"center center","background-size":"auto","background-attachment":"scroll","background-type":"","background-media":"","overlay-type":"","overlay-color":"","overlay-opacity":"","overlay-gradient":""},"mobile":{"background-color":"","background-image":"","background-repeat":"repeat","background-position":"center center","background-size":"auto","background-attachment":"scroll","background-type":"","background-media":"","overlay-type":"","overlay-color":"","overlay-opacity":"","overlay-gradient":""}},"ast-content-background-meta":{"desktop":{"background-color":"var(--ast-global-color-5)","background-image":"","background-repeat":"repeat","background-position":"center center","background-size":"auto","background-attachment":"scroll","background-type":"","background-media":"","overlay-type":"","overlay-color":"","overlay-opacity":"","overlay-gradient":""},"tablet":{"background-color":"var(--ast-global-color-5)","background-image":"","background-repeat":"repeat","background-position":"center center","background-size":"auto","background-attachment":"scroll","background-type":"","background-media":"","overlay-type":"","overlay-color":"","overlay-opacity":"","overlay-gradient":""},"mobile":{"background-color":"var(--ast-global-color-5)","background-image":"","background-repeat":"repeat","background-position":"center center","background-size":"auto","background-attachment":"scroll","background-type":"","background-media":"","overlay-type":"","overlay-color":"","overlay-opacity":"","overlay-gradient":""}}},"product_brand":[],"product_cat":[21],"product_tag":[70,68,71,69],"class_list":{"0":"post-3469","1":"product","2":"type-product","3":"status-publish","4":"has-post-thumbnail","6":"product_cat-others","7":"product_tag-babypillow","8":"product_tag-cuteanimalpillow","9":"product_tag-headshapesupport","10":"product_tag-kouniushapingpillow","11":"desktop-align-left","12":"tablet-align-left","13":"mobile-align-left","15":"first","16":"instock","17":"shipping-taxable","18":"product-type-simple"},"aioseo_notices":[],"uagb_featured_image_src":{"full":["https:\/\/babypillowwholesale.com\/wp-content\/uploads\/2025\/04\/028.jpg",1000,1000,false],"thumbnail":["https:\/\/babypillowwholesale.com\/wp-content\/uploads\/2025\/04\/028-150x150.jpg",150,150,true],"medium":["https:\/\/babypillowwholesale.com\/wp-content\/uploads\/2025\/04\/028-300x300.jpg",300,300,true],"medium_large":["https:\/\/babypillowwholesale.com\/wp-content\/uploads\/2025\/04\/028-768x768.jpg",768,768,true],"large":["https:\/\/babypillowwholesale.com\/wp-content\/uploads\/2025\/04\/028.jpg",1000,1000,false],"1536x1536":["https:\/\/babypillowwholesale.com\/wp-content\/uploads\/2025\/04\/028.jpg",1000,1000,false],"2048x2048":["https:\/\/babypillowwholesale.com\/wp-content\/uploads\/2025\/04\/028.jpg",1000,1000,false],"trp-custom-language-flag":["https:\/\/babypillowwholesale.com\/wp-content\/uploads\/2025\/04\/028.jpg",12,12,false],"woocommerce_thumbnail":["https:\/\/babypillowwholesale.com\/wp-content\/uploads\/2025\/04\/028-300x300.jpg",300,300,true],"woocommerce_single":["https:\/\/babypillowwholesale.com\/wp-content\/uploads\/2025\/04\/028-600x600.jpg",600,600,true],"woocommerce_gallery_thumbnail":["https:\/\/babypillowwholesale.com\/wp-content\/uploads\/2025\/04\/028-100x100.jpg",100,100,true]},"uagb_author_info":{"display_name":"Etnen zhong","author_link":"https:\/\/babypillowwholesale.com\/hu\/author\/"},"uagb_comment_info":0,"uagb_excerpt":"The Multifunctional Positioning Baby Sleep Pillow is an essential item for infants aged 0 - 6 months. Its ergonomic design provides a secure and comfortable space for babies. The inner core, made of compression - resistant rebound cotton, offers gentle support and maintains its shape well, ensuring long - lasting comfort. The outer layer, a&hellip;","jetpack_sharing_enabled":true,"_links":{"self":[{"href":"https:\/\/babypillowwholesale.com\/hu\/wp-json\/wp\/v2\/product\/3469","targetHints":{"allow":["GET"]}}],"collection":[{"href":"https:\/\/babypillowwholesale.com\/hu\/wp-json\/wp\/v2\/product"}],"about":[{"href":"https:\/\/babypillowwholesale.com\/hu\/wp-json\/wp\/v2\/types\/product"}],"replies":[{"embeddable":true,"href":"https:\/\/babypillowwholesale.com\/hu\/wp-json\/wp\/v2\/comments?post=3469"}],"wp:featuredmedia":[{"embeddable":true,"href":"https:\/\/babypillowwholesale.com\/hu\/wp-json\/wp\/v2\/media\/3470"}],"wp:attachment":[{"href":"https:\/\/babypillowwholesale.com\/hu\/wp-json\/wp\/v2\/media?parent=3469"}],"wp:term":[{"taxonomy":"product_brand","embeddable":true,"href":"https:\/\/babypillowwholesale.com\/hu\/wp-json\/wp\/v2\/product_brand?post=3469"},{"taxonomy":"product_cat","embeddable":true,"href":"https:\/\/babypillowwholesale.com\/hu\/wp-json\/wp\/v2\/product_cat?post=3469"},{"taxonomy":"product_tag","embeddable":true,"href":"https:\/\/babypillowwholesale.com\/hu\/wp-json\/wp\/v2\/product_tag?post=3469"}],"curies":[{"name":"wp","href":"https:\/\/api.w.org\/{rel}","templated":true}]}}