{"id":3464,"date":"2025-04-18T15:29:53","date_gmt":"2025-04-18T15:29:53","guid":{"rendered":"https:\/\/babypillowwholesale.com\/?post_type=product&#038;p=3464"},"modified":"2025-06-06T02:40:23","modified_gmt":"2025-06-06T02:40:23","slug":"biobased-bread-shaped-pillow2","status":"publish","type":"product","link":"https:\/\/babypillowwholesale.com\/hu\/product\/biobased-bread-shaped-pillow2\/","title":{"rendered":"Biobased Bread - alak\u00fa p\u00e1rna2"},"content":{"rendered":"<div class=\"auto-hide-last-sibling-br paragraph-qzbcQC paragraph-element br-paragraph-space\" data-immersive-translate-walked=\"8e61f2e7-6af2-46e5-9672-3b9e4f4033d9\" data-immersive-translate-paragraph=\"1\">\n<div class=\"auto-hide-last-sibling-br paragraph-qzbcQC paragraph-element br-paragraph-space\">\n<div class=\"auto-hide-last-sibling-br paragraph-qzbcQC paragraph-element br-paragraph-space\">\n<div class=\"auto-hide-last-sibling-br paragraph-qzbcQC paragraph-element br-paragraph-space\">\n<div class=\"auto-hide-last-sibling-br paragraph-qzbcQC paragraph-element br-paragraph-space\">\n<div class=\"auto-hide-last-sibling-br paragraph-qzbcQC paragraph-element br-paragraph-space\">\n<div class=\"inter-wlTS5w\">\n<div class=\"container-QE4ayg\">\n<div class=\"item-jU10IN\">\n<div class=\"container-jODEnh chrome70-container\">\n<div class=\"inner-eE95c9 inner-item-aL3Ui_\" data-target-id=\"message-box-target-id\" data-testid=\"union_message\">\n<div class=\"message-block-container-liuetz\" data-testid=\"message-block-container\">\n<div class=\"message-box-ZWbBdF\" data-testid=\"receive_message\">\n<div class=\"message-box-content-wrapper-srHdUj\">\n<div class=\"message-content message-box-content-otxGGw receive-message-box-content-_lREFj samantha-message-box-content-Qjmpja\" data-testid=\"message_content\">\n<div class=\"container-hfX5E8 flow-markdown-body theme-samantha-yJEgBp\" dir=\"ltr\" data-testid=\"message_text_content\" data-show-indicator=\"false\">\n<div class=\"auto-hide-last-sibling-br paragraph-qzbcQC paragraph-element br-paragraph-space\">\n<div class=\"auto-hide-last-sibling-br paragraph-qzbcQC paragraph-element br-paragraph-space\">\n<div class=\"auto-hide-last-sibling-br paragraph-qzbcQC paragraph-element br-paragraph-space\">\n<div class=\"auto-hide-last-sibling-br paragraph-qzbcQC paragraph-element br-paragraph-space\">\n<div class=\"auto-hide-last-sibling-br paragraph-qzbcQC paragraph-element br-paragraph-space\">\n<div class=\"auto-hide-last-sibling-br paragraph-qzbcQC paragraph-element br-paragraph-space\">\n<div class=\"inter-wlTS5w\">\n<div class=\"container-QE4ayg\">\n<div class=\"item-jU10IN\">\n<div class=\"container-jODEnh chrome70-container\">\n<div class=\"inner-eE95c9 inner-item-aL3Ui_\" data-target-id=\"message-box-target-id\" data-testid=\"union_message\">\n<div class=\"message-block-container-liuetz\" data-testid=\"message-block-container\">\n<div class=\"message-box-ZWbBdF\" data-testid=\"receive_message\" data-message-id=\"3117344892904450\">\n<div class=\"message-box-content-wrapper-srHdUj\">\n<div class=\"message-content message-box-content-otxGGw receive-message-box-content-_lREFj samantha-message-box-content-Qjmpja\" data-testid=\"message_content\">\n<div class=\"container-hfX5E8 flow-markdown-body theme-samantha-yJEgBp\" dir=\"ltr\" data-testid=\"message_text_content\" data-show-indicator=\"false\">\n<div class=\"auto-hide-last-sibling-br paragraph-qzbcQC paragraph-element br-paragraph-space\">\n<div class=\"inter-wlTS5w\">\n<div class=\"container-QE4ayg\">\n<div class=\"item-jU10IN\">\n<div class=\"container-jODEnh chrome70-container\">\n<div class=\"inner-eE95c9 inner-item-aL3Ui_\" data-target-id=\"message-box-target-id\" data-testid=\"union_message\">\n<div class=\"message-block-container-liuetz\" data-testid=\"message-block-container\">\n<div class=\"message-box-ZWbBdF\" data-testid=\"receive_message\" data-message-id=\"3118336188382466\">\n<div class=\"message-box-content-wrapper-srHdUj\">\n<div class=\"message-content message-box-content-otxGGw receive-message-box-content-_lREFj samantha-message-box-content-Qjmpja\" data-testid=\"message_content\">\n<div class=\"container-hfX5E8 flow-markdown-body theme-samantha-yJEgBp\" dir=\"ltr\" data-testid=\"message_text_content\" data-show-indicator=\"false\">\n<div class=\"auto-hide-last-sibling-br paragraph-qzbcQC paragraph-element br-paragraph-space\">\n<div class=\"auto-hide-last-sibling-br paragraph-qzbcQC paragraph-element br-paragraph-space\">\n<div class=\"auto-hide-last-sibling-br paragraph-qzbcQC paragraph-element br-paragraph-space\">\n<div class=\"auto-hide-last-sibling-br paragraph-qzbcQC paragraph-element br-paragraph-space\">\n<div class=\"auto-hide-last-sibling-br paragraph-qzbcQC paragraph-element br-paragraph-space\">\n<div class=\"auto-hide-last-sibling-br paragraph-qzbcQC paragraph-element br-paragraph-space\">\n<div class=\"auto-hide-last-sibling-br paragraph-qzbcQC paragraph-element br-paragraph-space\">\n<div class=\"auto-hide-last-sibling-br paragraph-qzbcQC paragraph-element br-paragraph-space\">\n<div class=\"auto-hide-last-sibling-br paragraph-qzbcQC paragraph-element br-paragraph-space\">K\u00e9nyeztesse mag\u00e1t a bioalap\u00fa keny\u00e9r - form\u00e1j\u00fa p\u00e1rn\u00e1nk pazar k\u00e9nyelm\u00e9vel, amely a min\u0151s\u00e9g \u00e9s a pihen\u00e9s mintak\u00e9pe. A 2,5 kg s\u00faly\u00fa p\u00e1rna megnyugtat\u00f3 s\u00falyt k\u00edn\u00e1l, amely a k\u00e9nyelem vil\u00e1g\u00e1ban ringatja \u00d6nt.<\/div>\n<p>&nbsp;<\/p>\n<div class=\"auto-hide-last-sibling-br paragraph-qzbcQC paragraph-element br-paragraph-space\">Magj\u00e1ban bioalap\u00fa \u00e9s hidrofil hab (poliuret\u00e1n) kever\u00e9ke tal\u00e1lhat\u00f3, egy technol\u00f3giai csoda, amely p\u00e1ratlan al\u00e1t\u00e1maszt\u00e1st biztos\u00edt. Ez az innovat\u00edv anyag z\u00f6kken\u0151mentesen illeszkedik a fej \u00e9s a nyak k\u00f6rvonalaihoz, enyh\u00edti a nyom\u00e1spontokat \u00e9s biztos\u00edtja a pihentet\u0151 alv\u00e1st. Az 100% pamut bels\u0151 huzat gyeng\u00e9d \u00e9rint\u00e9ssel simogatja b\u0151r\u00e9t, m\u00edg a k\u00fcls\u0151 huzat, amely 100% pamut fels\u0151 r\u00e9teggel \u00e9s egy er\u0151s 100% poli\u00e9sztersz\u00e1las k\u00f6z\u00e9ps\u0151 \u00e9s als\u00f3 r\u00e9teggel rendelkezik, a tart\u00f3ss\u00e1got k\u00f6nny\u0171 karbantart\u00e1ssal \u00f6tv\u00f6zi.<\/div>\n<p>&nbsp;<\/p>\n<div class=\"auto-hide-last-sibling-br paragraph-qzbcQC paragraph-element br-paragraph-space\">M\u00e9r\u00e9s 60*<em>40*<\/em>13CM, jellegzetes keny\u00e9rszer\u0171 form\u00e1ja nem csak vizu\u00e1lisan gy\u00f6ny\u00f6rk\u00f6dtet\u0151, hanem funkcion\u00e1lis remekm\u0171 is. Ak\u00e1r egy hossz\u00fa munkanap ut\u00e1n laz\u00edt, ak\u00e1r egy napk\u00f6zbeni szuny\u00f3k\u00e1l\u00e1s k\u00f6zben keres vigaszt, vagy egyszer\u0171en csak egy jobb alv\u00e1sra v\u00e1gyik, ez a p\u00e1rna az \u00d6n jegye az \u00e1lomorsz\u00e1gba.<\/div>\n<p>&nbsp;<\/p>\n<div class=\"auto-hide-last-sibling-br paragraph-qzbcQC paragraph-element br-paragraph-space\">Az \u00fcgyfelek \u00e1radoz\u00f3an dics\u00e9rik a term\u00e9ket. \"Ez a p\u00e1rna egy j\u00e1t\u00e9k - changer! R\u00e9g\u00f3ta k\u00fczd\u00f6ttem a megfelel\u0151 p\u00e1rna megtal\u00e1l\u00e1s\u00e1val, de ez t\u00f6k\u00e9letes. T\u00e1mogat\u00f3, puha, \u00e9s a min\u0151s\u00e9ge kiemelked\u0151. Minden reggel felfriss\u00fclve \u00e9bredek\" - \u00e1radozott egy el\u00e9gedett alv\u00f3. Egy m\u00e1sik megosztotta: \"Im\u00e1dom, ahogy a b\u0151r\u00f6mh\u00f6z simul. A pamuthuzat olyan puha, \u00e9s a form\u00e1ja egyedi. A lefekv\u00e9si rutinom n\u00e9lk\u00fcl\u00f6zhetetlen r\u00e9sz\u00e9v\u00e9 v\u00e1lt.\"<\/div>\n<p>&nbsp;<\/p>\n<div class=\"auto-hide-last-sibling-br paragraph-qzbcQC paragraph-element br-paragraph-space\">L\u00e9nyeg\u00e9ben a Biobased Bread - alak\u00fa p\u00e1rn\u00e1nk t\u00f6bb, mint egy alv\u00e1si kieg\u00e9sz\u00edt\u0151; ez egy \u00e9jszakai k\u00e9nyeztet\u00e9s, a k\u00e9nyelem paradicsoma, amely az alv\u00e1s \u00e9lm\u00e9ny\u00e9t luxusnyaralomm\u00e1 v\u00e1ltoztatja.<\/div>\n<\/div>\n<\/div>\n<\/div>\n<\/div>\n<\/div>\n<\/div>\n<\/div>\n<\/div>\n<\/div>\n<\/div>\n<\/div>\n<\/div>\n<\/div>\n<\/div>\n<\/div>\n<\/div>\n<\/div>\n<\/div>\n<\/div>\n<\/div>\n<\/div>\n<\/div>\n<\/div>\n<\/div>\n<\/div>\n<\/div>\n<\/div>\n<\/div>\n<\/div>\n<\/div>\n<\/div>\n<\/div>\n<\/div>\n<\/div>\n<\/div>\n<\/div>\n<\/div>\n<\/div>\n<\/div>\n<\/div>\n<\/div>\n<\/div>\n<\/div>\n<\/div>\n<\/div>\n<\/div>\n<\/div>\n<\/div>\n<\/div>\n<\/div>\n<\/div>","protected":false},"excerpt":{"rendered":"<div class=\"container-QE4ayg\">\n<div class=\"item-jU10IN\">\n<div class=\"container-jODEnh chrome70-container\">\n<div class=\"inner-eE95c9 inner-item-aL3Ui_\" data-target-id=\"message-box-target-id\" data-testid=\"union_message\">\n<div class=\"message-block-container-liuetz\" data-testid=\"message-block-container\">\n<div class=\"message-box-ZWbBdF\" data-testid=\"receive_message\" data-message-id=\"3087713235977218\">\n<div class=\"message-box-content-wrapper-srHdUj\">\n<div class=\"message-content message-box-content-otxGGw receive-message-box-content-_lREFj samantha-message-box-content-Qjmpja\" data-testid=\"message_content\">\n<div class=\"container-hfX5E8 flow-markdown-body theme-samantha-yJEgBp\" dir=\"ltr\" data-testid=\"message_text_content\" data-show-indicator=\"false\">\n<div class=\"auto-hide-last-sibling-br paragraph-qzbcQC paragraph-element br-paragraph-space\">A Biobased Bread - alak\u00fa p\u00e1rna a k\u00e9nyelem \u00e9s a min\u0151s\u00e9g harmonikus kever\u00e9ke. S\u00falya 2,5 kg, \u00edgy massz\u00edv, m\u00e9gis k\u00e9nyelmes \u00e9rz\u00e9st ny\u00fajt. A bioalap\u00fa \u00e9s hidrofil habb\u00f3l (poliuret\u00e1n) k\u00e9sz\u00fclt p\u00e1rna magja kiv\u00e1l\u00f3 al\u00e1t\u00e1maszt\u00e1st \u00e9s l\u00e9g\u00e1tereszt\u0151 k\u00e9pess\u00e9get biztos\u00edt, alkalmazkodik a fej \u00e9s a nyak kont\u00farj\u00e1hoz a pihentet\u0151 alv\u00e1s \u00e9rdek\u00e9ben. Az 100% pamutb\u00f3l k\u00e9sz\u00fclt bels\u0151 huzat puha a b\u0151rh\u00f6z, m\u00edg az 100% pamutb\u00f3l k\u00e9sz\u00fclt fels\u0151 r\u00e9teggel \u00e9s 100% poli\u00e9sztersz\u00e1lb\u00f3l k\u00e9sz\u00fclt k\u00f6z\u00e9ps\u0151\/als\u00f3 r\u00e9teggel ell\u00e1tott k\u00fcls\u0151 huzat tart\u00f3s \u00e9s k\u00f6nnyen karbantarthat\u00f3. M\u00e9rete 60*<em>40*<\/em>13CM, keny\u00e9rszer\u0171 form\u00e1ja nemcsak eszt\u00e9tikus, hanem funkcion\u00e1lis is, \u00edgy ide\u00e1lis v\u00e1laszt\u00e1s azok sz\u00e1m\u00e1ra, akik k\u00e9nyelmes \u00e9s t\u00e1mogat\u00f3 alv\u00e1s\u00e9lm\u00e9nyt keresnek.<\/div>\n<\/div>\n<\/div>\n<\/div>\n<\/div>\n<\/div>\n<\/div>\n<\/div>\n<\/div>\n<\/div>","protected":false},"featured_media":3465,"comment_status":"open","ping_status":"closed","template":"","meta":{"_uag_custom_page_level_css":"","site-sidebar-layout":"default","site-content-layout":"","ast-site-content-layout":"default","site-content-style":"default","site-sidebar-style":"default","ast-global-header-display":"","ast-banner-title-visibility":"","ast-main-header-display":"","ast-hfb-above-header-display":"","ast-hfb-below-header-display":"","ast-hfb-mobile-header-display":"","site-post-title":"","ast-breadcrumbs-content":"","ast-featured-img":"","footer-sml-layout":"","ast-disable-related-posts":"","theme-transparent-header-meta":"default","adv-header-id-meta":"","stick-header-meta":"","header-above-stick-meta":"","header-main-stick-meta":"","header-below-stick-meta":"","astra-migrate-meta-layouts":"set","ast-page-background-enabled":"default","ast-page-background-meta":{"desktop":{"background-color":"","background-image":"","background-repeat":"repeat","background-position":"center center","background-size":"auto","background-attachment":"scroll","background-type":"","background-media":"","overlay-type":"","overlay-color":"","overlay-opacity":"","overlay-gradient":""},"tablet":{"background-color":"","background-image":"","background-repeat":"repeat","background-position":"center center","background-size":"auto","background-attachment":"scroll","background-type":"","background-media":"","overlay-type":"","overlay-color":"","overlay-opacity":"","overlay-gradient":""},"mobile":{"background-color":"","background-image":"","background-repeat":"repeat","background-position":"center center","background-size":"auto","background-attachment":"scroll","background-type":"","background-media":"","overlay-type":"","overlay-color":"","overlay-opacity":"","overlay-gradient":""}},"ast-content-background-meta":{"desktop":{"background-color":"var(--ast-global-color-5)","background-image":"","background-repeat":"repeat","background-position":"center center","background-size":"auto","background-attachment":"scroll","background-type":"","background-media":"","overlay-type":"","overlay-color":"","overlay-opacity":"","overlay-gradient":""},"tablet":{"background-color":"var(--ast-global-color-5)","background-image":"","background-repeat":"repeat","background-position":"center center","background-size":"auto","background-attachment":"scroll","background-type":"","background-media":"","overlay-type":"","overlay-color":"","overlay-opacity":"","overlay-gradient":""},"mobile":{"background-color":"var(--ast-global-color-5)","background-image":"","background-repeat":"repeat","background-position":"center center","background-size":"auto","background-attachment":"scroll","background-type":"","background-media":"","overlay-type":"","overlay-color":"","overlay-opacity":"","overlay-gradient":""}}},"product_brand":[],"product_cat":[58,42],"product_tag":[70,68,71,69],"class_list":{"0":"post-3464","1":"product","2":"type-product","3":"status-publish","4":"has-post-thumbnail","6":"product_cat-above-8-years-and-adults","7":"product_cat-merchandise","8":"product_tag-babypillow","9":"product_tag-cuteanimalpillow","10":"product_tag-headshapesupport","11":"product_tag-kouniushapingpillow","12":"desktop-align-left","13":"tablet-align-left","14":"mobile-align-left","16":"first","17":"instock","18":"shipping-taxable","19":"product-type-simple"},"aioseo_notices":[],"uagb_featured_image_src":{"full":["https:\/\/babypillowwholesale.com\/wp-content\/uploads\/2025\/04\/\u4ea7\u54c1\u4e3b\u56fe-1.jpg",1000,1000,false],"thumbnail":["https:\/\/babypillowwholesale.com\/wp-content\/uploads\/2025\/04\/\u4ea7\u54c1\u4e3b\u56fe-1-150x150.jpg",150,150,true],"medium":["https:\/\/babypillowwholesale.com\/wp-content\/uploads\/2025\/04\/\u4ea7\u54c1\u4e3b\u56fe-1-300x300.jpg",300,300,true],"medium_large":["https:\/\/babypillowwholesale.com\/wp-content\/uploads\/2025\/04\/\u4ea7\u54c1\u4e3b\u56fe-1-768x768.jpg",768,768,true],"large":["https:\/\/babypillowwholesale.com\/wp-content\/uploads\/2025\/04\/\u4ea7\u54c1\u4e3b\u56fe-1.jpg",1000,1000,false],"1536x1536":["https:\/\/babypillowwholesale.com\/wp-content\/uploads\/2025\/04\/\u4ea7\u54c1\u4e3b\u56fe-1.jpg",1000,1000,false],"2048x2048":["https:\/\/babypillowwholesale.com\/wp-content\/uploads\/2025\/04\/\u4ea7\u54c1\u4e3b\u56fe-1.jpg",1000,1000,false],"trp-custom-language-flag":["https:\/\/babypillowwholesale.com\/wp-content\/uploads\/2025\/04\/\u4ea7\u54c1\u4e3b\u56fe-1.jpg",12,12,false],"woocommerce_thumbnail":["https:\/\/babypillowwholesale.com\/wp-content\/uploads\/2025\/04\/\u4ea7\u54c1\u4e3b\u56fe-1-300x300.jpg",300,300,true],"woocommerce_single":["https:\/\/babypillowwholesale.com\/wp-content\/uploads\/2025\/04\/\u4ea7\u54c1\u4e3b\u56fe-1-600x600.jpg",600,600,true],"woocommerce_gallery_thumbnail":["https:\/\/babypillowwholesale.com\/wp-content\/uploads\/2025\/04\/\u4ea7\u54c1\u4e3b\u56fe-1-100x100.jpg",100,100,true]},"uagb_author_info":{"display_name":"Etnen zhong","author_link":"https:\/\/babypillowwholesale.com\/hu\/author\/"},"uagb_comment_info":0,"uagb_excerpt":"The Biobased Bread - shaped Pillow is a harmonious blend of comfort and quality. Weighing 2.5KG, it provides a substantial yet cozy feel. The pillow core, crafted from biobased and hydrophilic foam (polyurethane), offers excellent support and breathability, conforming to the contours of your head and neck for a restful sleep. The inner cover, made&hellip;","jetpack_sharing_enabled":true,"_links":{"self":[{"href":"https:\/\/babypillowwholesale.com\/hu\/wp-json\/wp\/v2\/product\/3464","targetHints":{"allow":["GET"]}}],"collection":[{"href":"https:\/\/babypillowwholesale.com\/hu\/wp-json\/wp\/v2\/product"}],"about":[{"href":"https:\/\/babypillowwholesale.com\/hu\/wp-json\/wp\/v2\/types\/product"}],"replies":[{"embeddable":true,"href":"https:\/\/babypillowwholesale.com\/hu\/wp-json\/wp\/v2\/comments?post=3464"}],"wp:featuredmedia":[{"embeddable":true,"href":"https:\/\/babypillowwholesale.com\/hu\/wp-json\/wp\/v2\/media\/3465"}],"wp:attachment":[{"href":"https:\/\/babypillowwholesale.com\/hu\/wp-json\/wp\/v2\/media?parent=3464"}],"wp:term":[{"taxonomy":"product_brand","embeddable":true,"href":"https:\/\/babypillowwholesale.com\/hu\/wp-json\/wp\/v2\/product_brand?post=3464"},{"taxonomy":"product_cat","embeddable":true,"href":"https:\/\/babypillowwholesale.com\/hu\/wp-json\/wp\/v2\/product_cat?post=3464"},{"taxonomy":"product_tag","embeddable":true,"href":"https:\/\/babypillowwholesale.com\/hu\/wp-json\/wp\/v2\/product_tag?post=3464"}],"curies":[{"name":"wp","href":"https:\/\/api.w.org\/{rel}","templated":true}]}}