{"id":3451,"date":"2025-04-17T15:57:48","date_gmt":"2025-04-17T15:57:48","guid":{"rendered":"https:\/\/babypillowwholesale.com\/?post_type=product&#038;p=3451"},"modified":"2025-06-08T02:16:42","modified_gmt":"2025-06-08T02:16:42","slug":"foldable-travel-pillow","status":"publish","type":"product","link":"https:\/\/babypillowwholesale.com\/hu\/product\/foldable-travel-pillow\/","title":{"rendered":"\u00d6sszecsukhat\u00f3 utaz\u00e1si p\u00e1rna"},"content":{"rendered":"<div class=\"auto-hide-last-sibling-br paragraph-qzbcQC paragraph-element br-paragraph-space\" data-immersive-translate-walked=\"8e61f2e7-6af2-46e5-9672-3b9e4f4033d9\" data-immersive-translate-paragraph=\"1\">\n<div class=\"auto-hide-last-sibling-br paragraph-qzbcQC paragraph-element br-paragraph-space\">\n<div class=\"auto-hide-last-sibling-br paragraph-qzbcQC paragraph-element br-paragraph-space\">\n<div class=\"auto-hide-last-sibling-br paragraph-qzbcQC paragraph-element br-paragraph-space\">\n<div class=\"auto-hide-last-sibling-br paragraph-qzbcQC paragraph-element br-paragraph-space\">\n<div class=\"auto-hide-last-sibling-br paragraph-qzbcQC paragraph-element br-paragraph-space\">\n<div class=\"inter-wlTS5w\">\n<div class=\"container-QE4ayg\">\n<div class=\"item-jU10IN\">\n<div class=\"container-jODEnh chrome70-container\">\n<div class=\"inner-eE95c9 inner-item-aL3Ui_\" data-target-id=\"message-box-target-id\" data-testid=\"union_message\">\n<div class=\"message-block-container-liuetz\" data-testid=\"message-block-container\">\n<div class=\"message-box-ZWbBdF\" data-testid=\"receive_message\">\n<div class=\"message-box-content-wrapper-srHdUj\">\n<div class=\"message-content message-box-content-otxGGw receive-message-box-content-_lREFj samantha-message-box-content-Qjmpja\" data-testid=\"message_content\">\n<div class=\"container-hfX5E8 flow-markdown-body theme-samantha-yJEgBp\" dir=\"ltr\" data-testid=\"message_text_content\" data-show-indicator=\"false\">\n<div class=\"auto-hide-last-sibling-br paragraph-qzbcQC paragraph-element br-paragraph-space\">\n<div class=\"auto-hide-last-sibling-br paragraph-qzbcQC paragraph-element br-paragraph-space\">\n<div class=\"auto-hide-last-sibling-br paragraph-qzbcQC paragraph-element br-paragraph-space\">\n<div class=\"auto-hide-last-sibling-br paragraph-qzbcQC paragraph-element br-paragraph-space\">\n<div class=\"message-box-content-wrapper-srHdUj\">\n<div class=\"message-content message-box-content-otxGGw receive-message-box-content-_lREFj samantha-message-box-content-Qjmpja\" data-testid=\"message_content\">\n<div class=\"container-hfX5E8 flow-markdown-body theme-samantha-yJEgBp\" dir=\"ltr\" data-testid=\"message_text_content\" data-show-indicator=\"false\">\n<div class=\"auto-hide-last-sibling-br paragraph-qzbcQC paragraph-element br-paragraph-space\">\n<div class=\"auto-hide-last-sibling-br paragraph-qzbcQC paragraph-element br-paragraph-space\">\u00c9lvezze a k\u00e9nyelmet \u00fatk\u00f6zben az \u00f6sszecsukhat\u00f3 utaz\u00f3p\u00e1rn\u00e1val, amely a feln\u0151ttek sz\u00e1m\u00e1ra apr\u00f3l\u00e9kosan megtervezett, k\u00f6telez\u0151 tartoz\u00e9k. M\u00e9rete 26*<em>24*<\/em>7.5CM, ergonomikus U-alakja finoman b\u00f6lcs\u0151zi a nyakat, \u00edgy az utaz\u00e1sok sor\u00e1n is t\u00e1maszt ny\u00fajt. Ak\u00e1r egy hossz\u00fa t\u00e1v\u00fa rep\u00fcl\u0151\u00faton sz\u00e1ll az \u00e9gbe, ak\u00e1r egy orsz\u00e1gon \u00e1t\u00edvel\u0151 vonat\u00faton, vagy egyszer\u0171en csak a ny\u00fczsg\u0151 rept\u00e9ri v\u00e1r\u00f3ban vesztegeti az id\u0151t, ez a p\u00e1rna megb\u00edzhat\u00f3 sz\u00f6vets\u00e9gese a nyakf\u00e1radts\u00e1g \u00e9s a kellemetlen \u00e9rz\u00e9s ellen.<\/div>\n<p>&nbsp;<\/p>\n<div class=\"auto-hide-last-sibling-br paragraph-qzbcQC paragraph-element br-paragraph-space\">Puha \u00e9s tart\u00f3s anyagok kever\u00e9k\u00e9b\u0151l k\u00e9sz\u00fclt, olyan \u00e9rz\u00e9s, mint egy gyeng\u00e9d \u00f6lel\u00e9s, amely tart\u00f3s k\u00e9nyelmet \u00edg\u00e9r. Ami azonban igaz\u00e1n kiemeli a t\u00f6bbi k\u00f6z\u00fcl, az az \u00f6tletes \u00f6sszecsukhat\u00f3 kialak\u00edt\u00e1sa. K\u00f6nnyed\u00e9n \u00f6sszecsukhat\u00f3, \u00edgy k\u00f6nnyed\u00e9n becs\u00faszik a t\u00e1sk\u00e1j\u00e1ba vagy a poggy\u00e1sz\u00e1ba, \u00e9s minim\u00e1lis helyet foglal. \u00cdgy t\u00f6k\u00e9letes \u00fatit\u00e1rss\u00e1 v\u00e1lik azok sz\u00e1m\u00e1ra, akik mindig \u00faton vannak, an\u00e9lk\u00fcl, hogy kompromisszumot k\u00f6tn\u00e9nek a st\u00edlusban. Az eleg\u00e1ns, visszafogott sz\u00fcrke sz\u00ednbe \u00f6lt\u00f6ztetett t\u00e1ska kifinomults\u00e1got sug\u00e1roz, mik\u00f6zben meg\u0151rzi praktikum\u00e1t.<\/div>\n<p>&nbsp;<\/p>\n<div class=\"auto-hide-last-sibling-br paragraph-qzbcQC paragraph-element br-paragraph-space\">Az utaz\u00e1s szerelmesei gyorsan megdics\u00e9rt\u00e9k. \"Ez az \u00f6sszecsukhat\u00f3 utaz\u00f3p\u00e1rna egy j\u00e1t\u00e9k - changer! R\u00e9gebben rettegtem a hossz\u00fa rep\u00fcl\u0151utakt\u00f3l a nyakf\u00e1j\u00e1s miatt, de most m\u00e1r alig v\u00e1rom \u0151ket. Annyira k\u00e9nyelmes \u00e9s k\u00f6nnyen csomagolhat\u00f3\" - \u00e1radozott egy t\u00f6rzsutas. Egy m\u00e1sik utaz\u00f3 megosztotta: \"Vittem magammal aut\u00f3s \u00e9s vonatos utakra is. Kompakt, t\u00e1mogat\u00f3, \u00e9s a sz\u00fcrke sz\u00edne eleg\u00e1ns megjelen\u00e9st k\u00f6lcs\u00f6n\u00f6z neki. Az utaz\u00e1si felszerel\u00e9sem n\u00e9lk\u00fcl\u00f6zhetetlen r\u00e9sz\u00e9v\u00e9 v\u00e1lt.\"<\/div>\n<p>&nbsp;<\/p>\n<div class=\"auto-hide-last-sibling-br paragraph-qzbcQC paragraph-element br-paragraph-space\">\u00d6sszecsukhat\u00f3 utaz\u00f3p\u00e1rn\u00e1nk l\u00e9nyeg\u00e9ben t\u00f6bb mint egy kieg\u00e9sz\u00edt\u0151; ez egy jegy a k\u00e9nyelemhez, amely minden utaz\u00e1st \u00e9lvezetesebb\u00e9 \u00e9s pihentet\u0151bb\u00e9 var\u00e1zsol.<\/div>\n<\/div>\n<\/div>\n<\/div>\n<\/div>\n<\/div>\n<\/div>\n<\/div>\n<\/div>\n<\/div>\n<\/div>\n<\/div>\n<\/div>\n<\/div>\n<\/div>\n<\/div>\n<\/div>\n<\/div>\n<\/div>\n<\/div>\n<\/div>\n<\/div>\n<\/div>\n<\/div>\n<\/div>","protected":false},"excerpt":{"rendered":"<p>Az \u00f6sszecsukhat\u00f3 utaz\u00f3p\u00e1rna feln\u0151ttek sz\u00e1m\u00e1ra k\u00e9sz\u00fclt. 26* specifik\u00e1ci\u00f3val<em>24*<\/em>7.5CM, kompakt \u00e9s ergonomikus U alakja szorosan illeszkedik a nyakhoz, kiv\u00e1l\u00f3 t\u00e1mogat\u00e1st ny\u00fajt utaz\u00e1s k\u00f6zben. Ak\u00e1r hossz\u00fa t\u00e1v\u00fa rep\u00fcl\u0151\u00fatra, f\u00e1raszt\u00f3 vonat\u00fatra, vagy egyszer\u0171en csak szundik\u00e1l a v\u00e1r\u00f3teremben, ez a p\u00e1rna seg\u00edt megel\u0151zni a nyak f\u00e1radts\u00e1g\u00e1t \u00e9s kellemetlens\u00e9geit. Puha \u00e9s tart\u00f3s anyagokb\u00f3l k\u00e9sz\u00fclt, \u00edgy k\u00e9nyelmes tapint\u00e1st biztos\u00edt. Kiemelked\u0151 tulajdons\u00e1ga az \u00f6sszecsukhat\u00f3 kialak\u00edt\u00e1sa, amelynek k\u00f6sz\u00f6nhet\u0151en k\u00f6nnyen t\u00e1rolhat\u00f3 a t\u00e1sk\u00e1ban vagy a poggy\u00e1szban, minim\u00e1lis helyet foglalva. Eleg\u00e1ns sz\u00fcrke sz\u00ednben kaphat\u00f3, \u00edgy a praktikumot egyszer\u0171, m\u00e9gis st\u00edlusos megjelen\u00e9ssel \u00f6tv\u00f6zi, \u00edgy n\u00e9lk\u00fcl\u00f6zhetetlen \u00fatit\u00e1rs az utaz\u00f3k sz\u00e1m\u00e1ra.<\/p>","protected":false},"featured_media":3452,"comment_status":"open","ping_status":"closed","template":"","meta":{"_uag_custom_page_level_css":"","site-sidebar-layout":"default","site-content-layout":"","ast-site-content-layout":"default","site-content-style":"default","site-sidebar-style":"default","ast-global-header-display":"","ast-banner-title-visibility":"","ast-main-header-display":"","ast-hfb-above-header-display":"","ast-hfb-below-header-display":"","ast-hfb-mobile-header-display":"","site-post-title":"","ast-breadcrumbs-content":"","ast-featured-img":"","footer-sml-layout":"","ast-disable-related-posts":"","theme-transparent-header-meta":"default","adv-header-id-meta":"","stick-header-meta":"","header-above-stick-meta":"","header-main-stick-meta":"","header-below-stick-meta":"","astra-migrate-meta-layouts":"set","ast-page-background-enabled":"default","ast-page-background-meta":{"desktop":{"background-color":"","background-image":"","background-repeat":"repeat","background-position":"center center","background-size":"auto","background-attachment":"scroll","background-type":"","background-media":"","overlay-type":"","overlay-color":"","overlay-opacity":"","overlay-gradient":""},"tablet":{"background-color":"","background-image":"","background-repeat":"repeat","background-position":"center center","background-size":"auto","background-attachment":"scroll","background-type":"","background-media":"","overlay-type":"","overlay-color":"","overlay-opacity":"","overlay-gradient":""},"mobile":{"background-color":"","background-image":"","background-repeat":"repeat","background-position":"center center","background-size":"auto","background-attachment":"scroll","background-type":"","background-media":"","overlay-type":"","overlay-color":"","overlay-opacity":"","overlay-gradient":""}},"ast-content-background-meta":{"desktop":{"background-color":"var(--ast-global-color-5)","background-image":"","background-repeat":"repeat","background-position":"center center","background-size":"auto","background-attachment":"scroll","background-type":"","background-media":"","overlay-type":"","overlay-color":"","overlay-opacity":"","overlay-gradient":""},"tablet":{"background-color":"var(--ast-global-color-5)","background-image":"","background-repeat":"repeat","background-position":"center center","background-size":"auto","background-attachment":"scroll","background-type":"","background-media":"","overlay-type":"","overlay-color":"","overlay-opacity":"","overlay-gradient":""},"mobile":{"background-color":"var(--ast-global-color-5)","background-image":"","background-repeat":"repeat","background-position":"center center","background-size":"auto","background-attachment":"scroll","background-type":"","background-media":"","overlay-type":"","overlay-color":"","overlay-opacity":"","overlay-gradient":""}}},"product_brand":[],"product_cat":[21],"product_tag":[70,68,71,69],"class_list":{"0":"post-3451","1":"product","2":"type-product","3":"status-publish","4":"has-post-thumbnail","6":"product_cat-others","7":"product_tag-babypillow","8":"product_tag-cuteanimalpillow","9":"product_tag-headshapesupport","10":"product_tag-kouniushapingpillow","11":"desktop-align-left","12":"tablet-align-left","13":"mobile-align-left","15":"first","16":"instock","17":"shipping-taxable","18":"product-type-simple"},"aioseo_notices":[],"uagb_featured_image_src":{"full":["https:\/\/babypillowwholesale.com\/wp-content\/uploads\/2025\/04\/1100.jpg",1000,1000,false],"thumbnail":["https:\/\/babypillowwholesale.com\/wp-content\/uploads\/2025\/04\/1100-150x150.jpg",150,150,true],"medium":["https:\/\/babypillowwholesale.com\/wp-content\/uploads\/2025\/04\/1100-300x300.jpg",300,300,true],"medium_large":["https:\/\/babypillowwholesale.com\/wp-content\/uploads\/2025\/04\/1100-768x768.jpg",768,768,true],"large":["https:\/\/babypillowwholesale.com\/wp-content\/uploads\/2025\/04\/1100.jpg",1000,1000,false],"1536x1536":["https:\/\/babypillowwholesale.com\/wp-content\/uploads\/2025\/04\/1100.jpg",1000,1000,false],"2048x2048":["https:\/\/babypillowwholesale.com\/wp-content\/uploads\/2025\/04\/1100.jpg",1000,1000,false],"trp-custom-language-flag":["https:\/\/babypillowwholesale.com\/wp-content\/uploads\/2025\/04\/1100.jpg",12,12,false],"woocommerce_thumbnail":["https:\/\/babypillowwholesale.com\/wp-content\/uploads\/2025\/04\/1100-300x300.jpg",300,300,true],"woocommerce_single":["https:\/\/babypillowwholesale.com\/wp-content\/uploads\/2025\/04\/1100-600x600.jpg",600,600,true],"woocommerce_gallery_thumbnail":["https:\/\/babypillowwholesale.com\/wp-content\/uploads\/2025\/04\/1100-100x100.jpg",100,100,true]},"uagb_author_info":{"display_name":"Etnen zhong","author_link":"https:\/\/babypillowwholesale.com\/hu\/author\/"},"uagb_comment_info":0,"uagb_excerpt":"The Foldable Travel Pillow is tailor - made for adults. With a specification of 26*24*7.5CM, its compact and ergonomic U - shape snugly fits around the neck, providing excellent support during travel. Whether you're on a long - distance flight, a tiring train journey, or simply taking a nap in a waiting lounge, this pillow&hellip;","jetpack_sharing_enabled":true,"_links":{"self":[{"href":"https:\/\/babypillowwholesale.com\/hu\/wp-json\/wp\/v2\/product\/3451","targetHints":{"allow":["GET"]}}],"collection":[{"href":"https:\/\/babypillowwholesale.com\/hu\/wp-json\/wp\/v2\/product"}],"about":[{"href":"https:\/\/babypillowwholesale.com\/hu\/wp-json\/wp\/v2\/types\/product"}],"replies":[{"embeddable":true,"href":"https:\/\/babypillowwholesale.com\/hu\/wp-json\/wp\/v2\/comments?post=3451"}],"wp:featuredmedia":[{"embeddable":true,"href":"https:\/\/babypillowwholesale.com\/hu\/wp-json\/wp\/v2\/media\/3452"}],"wp:attachment":[{"href":"https:\/\/babypillowwholesale.com\/hu\/wp-json\/wp\/v2\/media?parent=3451"}],"wp:term":[{"taxonomy":"product_brand","embeddable":true,"href":"https:\/\/babypillowwholesale.com\/hu\/wp-json\/wp\/v2\/product_brand?post=3451"},{"taxonomy":"product_cat","embeddable":true,"href":"https:\/\/babypillowwholesale.com\/hu\/wp-json\/wp\/v2\/product_cat?post=3451"},{"taxonomy":"product_tag","embeddable":true,"href":"https:\/\/babypillowwholesale.com\/hu\/wp-json\/wp\/v2\/product_tag?post=3451"}],"curies":[{"name":"wp","href":"https:\/\/api.w.org\/{rel}","templated":true}]}}