{"id":3445,"date":"2025-04-17T15:32:05","date_gmt":"2025-04-17T15:32:05","guid":{"rendered":"https:\/\/babypillowwholesale.com\/?post_type=product&#038;p=3445"},"modified":"2025-06-08T02:21:40","modified_gmt":"2025-06-08T02:21:40","slug":"u-shaped-neck-protecting-travel-pillow","status":"publish","type":"product","link":"https:\/\/babypillowwholesale.com\/hu\/product\/u-shaped-neck-protecting-travel-pillow\/","title":{"rendered":"U - alak\u00fa nyakv\u00e9d\u0151 utaz\u00f3p\u00e1rna"},"content":{"rendered":"<div class=\"auto-hide-last-sibling-br paragraph-qzbcQC paragraph-element br-paragraph-space\" data-immersive-translate-walked=\"8e61f2e7-6af2-46e5-9672-3b9e4f4033d9\" data-immersive-translate-paragraph=\"1\">\n<div class=\"auto-hide-last-sibling-br paragraph-qzbcQC paragraph-element br-paragraph-space\">\n<div class=\"auto-hide-last-sibling-br paragraph-qzbcQC paragraph-element br-paragraph-space\">\n<div class=\"auto-hide-last-sibling-br paragraph-qzbcQC paragraph-element br-paragraph-space\">\n<div class=\"auto-hide-last-sibling-br paragraph-qzbcQC paragraph-element br-paragraph-space\">\n<div class=\"auto-hide-last-sibling-br paragraph-qzbcQC paragraph-element br-paragraph-space\">\n<div class=\"inter-wlTS5w\">\n<div class=\"container-QE4ayg\">\n<div class=\"item-jU10IN\">\n<div class=\"container-jODEnh chrome70-container\">\n<div class=\"inner-eE95c9 inner-item-aL3Ui_\" data-target-id=\"message-box-target-id\" data-testid=\"union_message\">\n<div class=\"message-block-container-liuetz\" data-testid=\"message-block-container\">\n<div class=\"message-box-ZWbBdF\" data-testid=\"receive_message\">\n<div class=\"message-box-content-wrapper-srHdUj\">\n<div class=\"message-content message-box-content-otxGGw receive-message-box-content-_lREFj samantha-message-box-content-Qjmpja\" data-testid=\"message_content\">\n<div class=\"container-hfX5E8 flow-markdown-body theme-samantha-yJEgBp\" dir=\"ltr\" data-testid=\"message_text_content\" data-show-indicator=\"false\">\n<div class=\"auto-hide-last-sibling-br paragraph-qzbcQC paragraph-element br-paragraph-space\">\n<div class=\"auto-hide-last-sibling-br paragraph-qzbcQC paragraph-element br-paragraph-space\">\n<div class=\"auto-hide-last-sibling-br paragraph-qzbcQC paragraph-element br-paragraph-space\">\n<div class=\"auto-hide-last-sibling-br paragraph-qzbcQC paragraph-element br-paragraph-space\">\u00c9lvezze a p\u00e1ratlan k\u00e9nyelmet \u00fatk\u00f6zben az U-alak\u00fa nyakv\u00e9d\u0151 utaz\u00f3p\u00e1rn\u00e1nkkal, amelyet apr\u00f3l\u00e9kosan feln\u0151ttek sz\u00e1m\u00e1ra tervezt\u00fcnk. M\u00e9rete 30*<em>30*<\/em>10CM, ergonomikusan kialak\u00edtott U-alakja kecsesen illeszkedik nyak\u00e1nak k\u00f6rvonalaihoz, \u00e9s b\u00f6lcs\u0151szer\u0171en t\u00e1mogatja azt. Ez az \u00e1tgondolt kialak\u00edt\u00e1s pajzsot ny\u00fajt a nyak meger\u0151ltet\u00e9s\u00e9vel szembeni kellemetlens\u00e9gek ellen, ak\u00e1r kontinenseket szel \u00e1t egy hossz\u00fa t\u00e1v\u00fa rep\u00fcl\u0151\u00faton, ak\u00e1r egy fest\u0151i \u00fatra indul, vagy egy pillanatnyi pihen\u00e9st lop az irod\u00e1ban.<\/div>\n<p>&nbsp;<\/p>\n<div class=\"auto-hide-last-sibling-br paragraph-qzbcQC paragraph-element br-paragraph-space\">Pomp\u00e1san puha, pr\u00e9mium min\u0151s\u00e9g\u0171 anyagokb\u00f3l k\u00e9sz\u00fclt, gyeng\u00e9d \u00e9rint\u00e9ssel simogatja b\u0151r\u00e9t, luxus \u00e9lm\u00e9nyt biztos\u00edtva. A h\u00e1rom eleg\u00e1ns \u00e1rnyalatban kaphat\u00f3 - klasszikus sz\u00fcrke, b\u00e1jos r\u00f3zsasz\u00edn \u00e9s nyugodt k\u00e9k - nemcsak funkcion\u00e1lis alapdarabk\u00e9nt szolg\u00e1l, hanem egy csipetnyi szem\u00e9lyes hangulatot is ad az utaz\u00e1si ruh\u00e1zat\u00e1hoz.<\/div>\n<p>&nbsp;<\/p>\n<div class=\"auto-hide-last-sibling-br paragraph-qzbcQC paragraph-element br-paragraph-space\">Az utaz\u00f3k dics\u00e9rik. \"Ez az utaz\u00f3p\u00e1rna egy j\u00e1t\u00e9k - changer! R\u00e9gebben rettegtem a hossz\u00fa rep\u00fcl\u0151utakt\u00f3l a nyakf\u00e1j\u00e1s miatt, de ez a p\u00e1rna a legut\u00f3bbi utaz\u00e1somat gyerekj\u00e1t\u00e9kk\u00e1 tette. Annyira puha \u00e9s t\u00f6k\u00e9letesen illeszkedik\" - osztotta meg egy t\u00f6rzsutas. Egy m\u00e1sik v\u00e1s\u00e1rl\u00f3 \u00edgy \u00e1radozott: \"Minden \u00fatra magammal viszem. Kompakt, k\u00e9nyelmes, \u00e9s a sz\u00ednv\u00e1laszt\u00e9k nagyszer\u0171. Az utaz\u00e1si felszerel\u00e9sem n\u00e9lk\u00fcl\u00f6zhetetlen r\u00e9sz\u00e9v\u00e9 v\u00e1lt.\"<\/div>\n<p>&nbsp;<\/p>\n<div class=\"auto-hide-last-sibling-br paragraph-qzbcQC paragraph-element br-paragraph-space\">L\u00e9nyeg\u00e9ben az U-alak\u00fa nyakv\u00e9d\u0151 utaz\u00f3p\u00e1rna nem csup\u00e1n egy kieg\u00e9sz\u00edt\u0151, hanem a k\u00e9nyelem \u00fatlevele, amely minden utaz\u00e1st, legyen az hossz\u00fa vagy r\u00f6vid, pihentet\u0151 \u00e9s \u00e9lvezetes \u00e9lm\u00e9nny\u00e9 tesz.<\/div>\n<\/div>\n<\/div>\n<\/div>\n<\/div>\n<\/div>\n<\/div>\n<\/div>\n<\/div>\n<\/div>\n<\/div>\n<\/div>\n<\/div>\n<\/div>\n<\/div>\n<\/div>\n<\/div>\n<\/div>\n<\/div>\n<\/div>","protected":false},"excerpt":{"rendered":"<p>Az U-alak\u00fa nyakv\u00e9d\u0151 utaz\u00f3p\u00e1rna feln\u0151ttek sz\u00e1m\u00e1ra k\u00e9sz\u00fclt. 30* specifik\u00e1ci\u00f3val<em>30*<\/em>10CM, ergonomikus U-alakja j\u00f3l illeszkedik a nyakhoz, kiv\u00e1l\u00f3 al\u00e1t\u00e1maszt\u00e1st biztos\u00edt, \u00e9s hat\u00e9konyan megakad\u00e1lyozza a nyak meger\u0151ltet\u00e9s\u00e9t utaz\u00e1s k\u00f6zben. Ak\u00e1r egy hossz\u00fa t\u00e1v\u00fa rep\u00fcl\u0151\u00fatra, egy aut\u00f3s kir\u00e1ndul\u00e1sra, vagy egyszer\u0171en csak szundik\u00e1l az irod\u00e1ban, ez a p\u00e1rna k\u00e9nyelmes \u00e9s k\u00e9nyelmes megold\u00e1st k\u00edn\u00e1l. Puha \u00e9s kiv\u00e1l\u00f3 min\u0151s\u00e9g\u0171 anyagokb\u00f3l k\u00e9sz\u00fclt, \u00edgy gyeng\u00e9den simul a b\u0151rh\u00f6z. H\u00e1rom st\u00edlusos sz\u00ednben - sz\u00fcrke, r\u00f3zsasz\u00edn \u00e9s k\u00e9k - kaphat\u00f3, a funkcionalit\u00e1st egy csipetnyi szem\u00e9lyes st\u00edlussal \u00f6tv\u00f6zi, \u00edgy n\u00e9lk\u00fcl\u00f6zhetetlen utaz\u00e1si kieg\u00e9sz\u00edt\u0151je azoknak, akik k\u00e9nyelmet keresnek \u00fatk\u00f6zben.<\/p>","protected":false},"featured_media":3446,"comment_status":"open","ping_status":"closed","template":"","meta":{"_uag_custom_page_level_css":"","site-sidebar-layout":"default","site-content-layout":"","ast-site-content-layout":"default","site-content-style":"default","site-sidebar-style":"default","ast-global-header-display":"","ast-banner-title-visibility":"","ast-main-header-display":"","ast-hfb-above-header-display":"","ast-hfb-below-header-display":"","ast-hfb-mobile-header-display":"","site-post-title":"","ast-breadcrumbs-content":"","ast-featured-img":"","footer-sml-layout":"","ast-disable-related-posts":"","theme-transparent-header-meta":"default","adv-header-id-meta":"","stick-header-meta":"","header-above-stick-meta":"","header-main-stick-meta":"","header-below-stick-meta":"","astra-migrate-meta-layouts":"set","ast-page-background-enabled":"default","ast-page-background-meta":{"desktop":{"background-color":"","background-image":"","background-repeat":"repeat","background-position":"center center","background-size":"auto","background-attachment":"scroll","background-type":"","background-media":"","overlay-type":"","overlay-color":"","overlay-opacity":"","overlay-gradient":""},"tablet":{"background-color":"","background-image":"","background-repeat":"repeat","background-position":"center center","background-size":"auto","background-attachment":"scroll","background-type":"","background-media":"","overlay-type":"","overlay-color":"","overlay-opacity":"","overlay-gradient":""},"mobile":{"background-color":"","background-image":"","background-repeat":"repeat","background-position":"center center","background-size":"auto","background-attachment":"scroll","background-type":"","background-media":"","overlay-type":"","overlay-color":"","overlay-opacity":"","overlay-gradient":""}},"ast-content-background-meta":{"desktop":{"background-color":"var(--ast-global-color-5)","background-image":"","background-repeat":"repeat","background-position":"center center","background-size":"auto","background-attachment":"scroll","background-type":"","background-media":"","overlay-type":"","overlay-color":"","overlay-opacity":"","overlay-gradient":""},"tablet":{"background-color":"var(--ast-global-color-5)","background-image":"","background-repeat":"repeat","background-position":"center center","background-size":"auto","background-attachment":"scroll","background-type":"","background-media":"","overlay-type":"","overlay-color":"","overlay-opacity":"","overlay-gradient":""},"mobile":{"background-color":"var(--ast-global-color-5)","background-image":"","background-repeat":"repeat","background-position":"center center","background-size":"auto","background-attachment":"scroll","background-type":"","background-media":"","overlay-type":"","overlay-color":"","overlay-opacity":"","overlay-gradient":""}}},"product_brand":[],"product_cat":[21],"product_tag":[70,68,71,69],"class_list":{"0":"post-3445","1":"product","2":"type-product","3":"status-publish","4":"has-post-thumbnail","6":"product_cat-others","7":"product_tag-babypillow","8":"product_tag-cuteanimalpillow","9":"product_tag-headshapesupport","10":"product_tag-kouniushapingpillow","11":"desktop-align-left","12":"tablet-align-left","13":"mobile-align-left","15":"first","16":"instock","17":"shipping-taxable","18":"product-type-simple"},"aioseo_notices":[],"uagb_featured_image_src":{"full":["https:\/\/babypillowwholesale.com\/wp-content\/uploads\/2025\/04\/\u4ea7\u54c1\u4e3b\u56fe-7.jpg",1000,1000,false],"thumbnail":["https:\/\/babypillowwholesale.com\/wp-content\/uploads\/2025\/04\/\u4ea7\u54c1\u4e3b\u56fe-7-150x150.jpg",150,150,true],"medium":["https:\/\/babypillowwholesale.com\/wp-content\/uploads\/2025\/04\/\u4ea7\u54c1\u4e3b\u56fe-7-300x300.jpg",300,300,true],"medium_large":["https:\/\/babypillowwholesale.com\/wp-content\/uploads\/2025\/04\/\u4ea7\u54c1\u4e3b\u56fe-7-768x768.jpg",768,768,true],"large":["https:\/\/babypillowwholesale.com\/wp-content\/uploads\/2025\/04\/\u4ea7\u54c1\u4e3b\u56fe-7.jpg",1000,1000,false],"1536x1536":["https:\/\/babypillowwholesale.com\/wp-content\/uploads\/2025\/04\/\u4ea7\u54c1\u4e3b\u56fe-7.jpg",1000,1000,false],"2048x2048":["https:\/\/babypillowwholesale.com\/wp-content\/uploads\/2025\/04\/\u4ea7\u54c1\u4e3b\u56fe-7.jpg",1000,1000,false],"trp-custom-language-flag":["https:\/\/babypillowwholesale.com\/wp-content\/uploads\/2025\/04\/\u4ea7\u54c1\u4e3b\u56fe-7.jpg",12,12,false],"woocommerce_thumbnail":["https:\/\/babypillowwholesale.com\/wp-content\/uploads\/2025\/04\/\u4ea7\u54c1\u4e3b\u56fe-7-300x300.jpg",300,300,true],"woocommerce_single":["https:\/\/babypillowwholesale.com\/wp-content\/uploads\/2025\/04\/\u4ea7\u54c1\u4e3b\u56fe-7-600x600.jpg",600,600,true],"woocommerce_gallery_thumbnail":["https:\/\/babypillowwholesale.com\/wp-content\/uploads\/2025\/04\/\u4ea7\u54c1\u4e3b\u56fe-7-100x100.jpg",100,100,true]},"uagb_author_info":{"display_name":"Etnen zhong","author_link":"https:\/\/babypillowwholesale.com\/hu\/author\/"},"uagb_comment_info":0,"uagb_excerpt":"The U - shaped Neck - protecting Travel Pillow is tailor - made for adults. With a specification of 30*30*10CM, its ergonomic U - shape snugly contours to the neck, providing excellent support and effectively preventing neck strain during travel. Whether you're on a long - haul flight, a road trip, or simply taking a&hellip;","jetpack_sharing_enabled":true,"_links":{"self":[{"href":"https:\/\/babypillowwholesale.com\/hu\/wp-json\/wp\/v2\/product\/3445","targetHints":{"allow":["GET"]}}],"collection":[{"href":"https:\/\/babypillowwholesale.com\/hu\/wp-json\/wp\/v2\/product"}],"about":[{"href":"https:\/\/babypillowwholesale.com\/hu\/wp-json\/wp\/v2\/types\/product"}],"replies":[{"embeddable":true,"href":"https:\/\/babypillowwholesale.com\/hu\/wp-json\/wp\/v2\/comments?post=3445"}],"wp:featuredmedia":[{"embeddable":true,"href":"https:\/\/babypillowwholesale.com\/hu\/wp-json\/wp\/v2\/media\/3446"}],"wp:attachment":[{"href":"https:\/\/babypillowwholesale.com\/hu\/wp-json\/wp\/v2\/media?parent=3445"}],"wp:term":[{"taxonomy":"product_brand","embeddable":true,"href":"https:\/\/babypillowwholesale.com\/hu\/wp-json\/wp\/v2\/product_brand?post=3445"},{"taxonomy":"product_cat","embeddable":true,"href":"https:\/\/babypillowwholesale.com\/hu\/wp-json\/wp\/v2\/product_cat?post=3445"},{"taxonomy":"product_tag","embeddable":true,"href":"https:\/\/babypillowwholesale.com\/hu\/wp-json\/wp\/v2\/product_tag?post=3445"}],"curies":[{"name":"wp","href":"https:\/\/api.w.org\/{rel}","templated":true}]}}