{"id":3439,"date":"2025-04-16T15:42:24","date_gmt":"2025-04-16T15:42:24","guid":{"rendered":"https:\/\/babypillowwholesale.com\/?post_type=product&#038;p=3439"},"modified":"2025-06-08T02:28:43","modified_gmt":"2025-06-08T02:28:43","slug":"hydrophilic-foam-curved-grid-pillow","status":"publish","type":"product","link":"https:\/\/babypillowwholesale.com\/hu\/product\/hydrophilic-foam-curved-grid-pillow\/","title":{"rendered":"Hidrofil hab \u00edvelt r\u00e1csos p\u00e1rna"},"content":{"rendered":"<div class=\"auto-hide-last-sibling-br paragraph-qzbcQC paragraph-element br-paragraph-space\" data-immersive-translate-walked=\"8e61f2e7-6af2-46e5-9672-3b9e4f4033d9\" data-immersive-translate-paragraph=\"1\">\n<div class=\"auto-hide-last-sibling-br paragraph-qzbcQC paragraph-element br-paragraph-space\">\n<div class=\"auto-hide-last-sibling-br paragraph-qzbcQC paragraph-element br-paragraph-space\">\n<div class=\"auto-hide-last-sibling-br paragraph-qzbcQC paragraph-element br-paragraph-space\">\n<div class=\"auto-hide-last-sibling-br paragraph-qzbcQC paragraph-element br-paragraph-space\">\n<div class=\"auto-hide-last-sibling-br paragraph-qzbcQC paragraph-element br-paragraph-space\">\n<div class=\"inter-wlTS5w\">\n<div class=\"container-QE4ayg\">\n<div class=\"item-jU10IN\">\n<div class=\"container-jODEnh chrome70-container\">\n<div class=\"inner-eE95c9 inner-item-aL3Ui_\" data-target-id=\"message-box-target-id\" data-testid=\"union_message\">\n<div class=\"message-block-container-liuetz\" data-testid=\"message-block-container\">\n<div class=\"message-box-ZWbBdF\" data-testid=\"receive_message\">\n<div class=\"message-box-content-wrapper-srHdUj\">\n<div class=\"message-content message-box-content-otxGGw receive-message-box-content-_lREFj samantha-message-box-content-Qjmpja\" data-testid=\"message_content\">\n<div class=\"container-hfX5E8 flow-markdown-body theme-samantha-yJEgBp\" dir=\"ltr\" data-testid=\"message_text_content\" data-show-indicator=\"false\">\n<div class=\"auto-hide-last-sibling-br paragraph-qzbcQC paragraph-element br-paragraph-space\">\n<div class=\"auto-hide-last-sibling-br paragraph-qzbcQC paragraph-element br-paragraph-space\">\n<div class=\"auto-hide-last-sibling-br paragraph-qzbcQC paragraph-element br-paragraph-space\">\n<div class=\"auto-hide-last-sibling-br paragraph-qzbcQC paragraph-element br-paragraph-space\">\n<div class=\"auto-hide-last-sibling-br paragraph-qzbcQC paragraph-element br-paragraph-space\">\n<div class=\"auto-hide-last-sibling-br paragraph-qzbcQC paragraph-element br-paragraph-space\">\n<div class=\"inter-wlTS5w\">\n<div class=\"container-QE4ayg\">\n<div class=\"item-jU10IN\">\n<div class=\"container-jODEnh chrome70-container\">\n<div class=\"inner-eE95c9 inner-item-aL3Ui_\" data-target-id=\"message-box-target-id\" data-testid=\"union_message\">\n<div class=\"message-block-container-liuetz\" data-testid=\"message-block-container\">\n<div class=\"message-box-ZWbBdF\" data-testid=\"receive_message\" data-message-id=\"3117344892904450\">\n<div class=\"message-box-content-wrapper-srHdUj\">\n<div class=\"message-content message-box-content-otxGGw receive-message-box-content-_lREFj samantha-message-box-content-Qjmpja\" data-testid=\"message_content\">\n<div class=\"container-hfX5E8 flow-markdown-body theme-samantha-yJEgBp\" dir=\"ltr\" data-testid=\"message_text_content\" data-show-indicator=\"false\">\n<div class=\"auto-hide-last-sibling-br paragraph-qzbcQC paragraph-element br-paragraph-space\">\n<div class=\"inter-wlTS5w\">\n<div class=\"container-QE4ayg\">\n<div class=\"item-jU10IN\">\n<div class=\"container-jODEnh chrome70-container\">\n<div class=\"inner-eE95c9 inner-item-aL3Ui_\" data-target-id=\"message-box-target-id\" data-testid=\"union_message\">\n<div class=\"message-block-container-liuetz\" data-testid=\"message-block-container\">\n<div class=\"message-box-ZWbBdF\" data-testid=\"receive_message\" data-message-id=\"3118336188382466\">\n<div class=\"message-box-content-wrapper-srHdUj\">\n<div class=\"message-content message-box-content-otxGGw receive-message-box-content-_lREFj samantha-message-box-content-Qjmpja\" data-testid=\"message_content\">\n<div class=\"container-hfX5E8 flow-markdown-body theme-samantha-yJEgBp\" dir=\"ltr\" data-testid=\"message_text_content\" data-show-indicator=\"false\">\n<div class=\"auto-hide-last-sibling-br paragraph-qzbcQC paragraph-element br-paragraph-space\">\n<div class=\"auto-hide-last-sibling-br paragraph-qzbcQC paragraph-element br-paragraph-space\">\n<div class=\"auto-hide-last-sibling-br paragraph-qzbcQC paragraph-element br-paragraph-space\">\n<div class=\"auto-hide-last-sibling-br paragraph-qzbcQC paragraph-element br-paragraph-space\">\n<div class=\"auto-hide-last-sibling-br paragraph-qzbcQC paragraph-element br-paragraph-space\">\n<div class=\"auto-hide-last-sibling-br paragraph-qzbcQC paragraph-element br-paragraph-space\">K\u00e9nyeztesse mag\u00e1t a k\u00e9nyelem megtestes\u00edt\u0151j\u00e9vel a Hydrophilic Foam Curved Grid Pillow-val, amelyet 8 \u00e9ves kort\u00f3l, bele\u00e9rtve a feln\u0151tteket is, apr\u00f3l\u00e9kosan kidolgoztak. Kecsesen kont\u00faros, ergonomikus kialak\u00edt\u00e1sa z\u00f6kken\u0151mentesen illeszkedik nyak\u00e1nak \u00e9s fej\u00e9nek term\u00e9szetes \u00edv\u00e9hez, p\u00e1ratlan al\u00e1t\u00e1maszt\u00e1st ny\u00fajtva, amely nemcsak a napi fesz\u00fclts\u00e9get enyh\u00edti, hanem eg\u00e9sz \u00e9jszaka el\u0151seg\u00edti a gerinc eg\u00e9szs\u00e9ges vonalvezet\u00e9s\u00e9t is. M\u00e9rete 60*<em>35*<\/em>5\/7CM, nagyvonal\u00faan puha, \u00e9s megh\u00edvja \u00d6nt, hogy beles\u00fcllyedjen a pihen\u00e9s vil\u00e1g\u00e1ba.<\/div>\n<p>&nbsp;<\/p>\n<div class=\"auto-hide-last-sibling-br paragraph-qzbcQC paragraph-element br-paragraph-space\">A pr\u00e9mium min\u0151s\u00e9g\u0171 hidrofil habb\u00f3l k\u00e9sz\u00fclt p\u00e1rna a puhas\u00e1g \u00e9s a l\u00e9g\u00e1tereszt\u0151 k\u00e9pess\u00e9g szimf\u00f3ni\u00e1ja. Az egyed\u00fcl\u00e1ll\u00f3 r\u00e1csszer\u0171 text\u00fara nem csak vizu\u00e1lisan vonz\u00f3, hanem funkcion\u00e1lis csoda is, amely el\u0151seg\u00edti a fokozott l\u00e9g\u00e1raml\u00e1st. Ez azt jelenti, hogy nem kell t\u00f6bb\u00e9 izzadtan \u00e9brednie - ehelyett egy \u00e1lland\u00f3an h\u0171v\u00f6s \u00e9s k\u00e9nyelmes mened\u00e9ket \u00e9lvezhet, amely t\u00f6k\u00e9letes a megszak\u00edt\u00e1s n\u00e9lk\u00fcli alv\u00e1shoz. Az \u00e9rintetlen feh\u00e9r sz\u00edn tiszta, minimalista eleganci\u00e1t sug\u00e1roz, k\u00f6nnyed\u00e9n kieg\u00e9sz\u00edtve b\u00e1rmilyen h\u00e1l\u00f3szoba dekor\u00e1ci\u00f3j\u00e1t, \u00e9s egy csipetnyi kifinomults\u00e1got k\u00f6lcs\u00f6n\u00f6zve alv\u00f3hely\u00e9nek.<\/div>\n<p>&nbsp;<\/p>\n<div class=\"auto-hide-last-sibling-br paragraph-qzbcQC paragraph-element br-paragraph-space\">Ak\u00e1r egy hossz\u00fa irodai nap ut\u00e1n pihensz, ak\u00e1r a tanul\u00e1s f\u00e1radalmai ut\u00e1n keresel vigaszt, vagy egyszer\u0171en csak szeretn\u00e9d feldobni az alv\u00e1s \u00e9lm\u00e9ny\u00e9t, ez a p\u00e1rna a jegyed az \u00e1lomorsz\u00e1gba. A felhaszn\u00e1l\u00f3k dics\u00e9rik: Ez a p\u00e1rna megv\u00e1ltoztatta a j\u00e1t\u00e9kmenetet: \"R\u00e9g\u00f3ta k\u00fczd\u00f6ttem nyakf\u00e1j\u00e1ssal, de ez a p\u00e1rna megv\u00e1ltoztatta a j\u00e1t\u00e9kmenetet. A t\u00e1masza elk\u00e9peszt\u0151, \u00e9s eg\u00e9sz \u00e9jjel h\u0171v\u00f6s marad. Nem tudom el\u00e9gg\u00e9 aj\u00e1nlani!\" - \u00e1radozott egy el\u00e9gedett v\u00e1s\u00e1rl\u00f3. Egy m\u00e1sik megosztotta: \"Im\u00e1dom az eleg\u00e1ns, minimalista megjelen\u00e9st. Pontosan illeszkedik a h\u00e1l\u00f3szob\u00e1m berendez\u00e9s\u00e9hez, \u00e9s a k\u00e9nyelem egyszer\u0171en verhetetlen. Olyan, mintha egy felh\u0151n aludn\u00e9k.\"<\/div>\n<p>&nbsp;<\/p>\n<div class=\"auto-hide-last-sibling-br paragraph-qzbcQC paragraph-element br-paragraph-space\">L\u00e9nyeg\u00e9ben a Hydrophilic Foam Curved Grid Pillow t\u00f6bb, mint egy \u00e1gynem\u0171tartoz\u00e9k; ez egy napi k\u00e9nyeztet\u00e9s, a pihentet\u0151, fiatal\u00edt\u00f3 alv\u00e1s kulcsa, \u00e9s a forma \u00e9s a funkci\u00f3 t\u00f6k\u00e9letes \u00f6tv\u00f6z\u00e9s\u00e9nek bizony\u00edt\u00e9ka.<\/div>\n<\/div>\n<\/div>\n<\/div>\n<\/div>\n<\/div>\n<\/div>\n<\/div>\n<\/div>\n<\/div>\n<\/div>\n<\/div>\n<\/div>\n<\/div>\n<\/div>\n<\/div>\n<\/div>\n<\/div>\n<\/div>\n<\/div>\n<\/div>\n<\/div>\n<\/div>\n<\/div>\n<\/div>\n<\/div>\n<\/div>\n<\/div>\n<\/div>\n<\/div>\n<\/div>\n<\/div>\n<\/div>\n<\/div>\n<\/div>\n<\/div>\n<\/div>\n<\/div>\n<\/div>\n<\/div>\n<\/div>\n<\/div>\n<\/div>\n<\/div>\n<\/div>\n<\/div>\n<\/div>\n<\/div>\n<\/div>","protected":false},"excerpt":{"rendered":"<div class=\"container-QE4ayg\">\n<div class=\"item-jU10IN\">\n<div class=\"container-jODEnh chrome70-container\">\n<div class=\"inner-eE95c9 inner-item-aL3Ui_\" data-target-id=\"message-box-target-id\" data-testid=\"union_message\">\n<div class=\"message-block-container-liuetz\" data-testid=\"message-block-container\">\n<div class=\"message-box-ZWbBdF\" data-testid=\"receive_message\" data-message-id=\"3087713235977218\">\n<div class=\"message-box-content-wrapper-srHdUj\">\n<div class=\"message-content message-box-content-otxGGw receive-message-box-content-_lREFj samantha-message-box-content-Qjmpja\" data-testid=\"message_content\">\n<div class=\"container-hfX5E8 flow-markdown-body theme-samantha-yJEgBp\" dir=\"ltr\" data-testid=\"message_text_content\" data-show-indicator=\"false\">\n<div class=\"auto-hide-last-sibling-br paragraph-qzbcQC paragraph-element br-paragraph-space\">A Hydrophilic Foam Curved Grid Pillow 8 \u00e9ves \u00e9s id\u0151sebb szem\u00e9lyek sz\u00e1m\u00e1ra k\u00e9sz\u00fclt, bele\u00e9rtve a feln\u0151tteket is. Ergonomikus \u00edvelt form\u00e1ja a nyak \u00e9s a fej term\u00e9szetes kont\u00farj\u00e1hoz igazodik, kiv\u00e1l\u00f3 al\u00e1t\u00e1maszt\u00e1st biztos\u00edt, \u00e9s seg\u00edt fenntartani a gerinc eg\u00e9szs\u00e9ges vonalvezet\u00e9s\u00e9t alv\u00e1s k\u00f6zben. M\u00e9rete 60*<em>35*<\/em>5\/7CM, t\u00e1gas \u00e9s k\u00e9nyelmes fel\u00fcletet k\u00edn\u00e1l. A hidrofil habb\u00f3l k\u00e9sz\u00fclt p\u00e1rna puha, l\u00e9legz\u0151, \u00e9s egyedi r\u00e1cs - mint\u00e1j\u00fa text\u00far\u00e1val rendelkezik, amely fokozza a l\u00e9g\u00e1raml\u00e1st, \u00edgy h\u0171v\u00f6s \u00e9s k\u00e9nyelmes alv\u00e1si k\u00f6rnyezetet biztos\u00edt. A letisztult, minimalista feh\u00e9r sz\u00ednnek k\u00f6sz\u00f6nhet\u0151en k\u00fcl\u00f6nb\u00f6z\u0151 h\u00e1l\u00f3szobai dekor\u00e1ci\u00f3khoz illeszkedik, a funkcionalit\u00e1st eleg\u00e1ns eszt\u00e9tik\u00e1val \u00f6tv\u00f6zi.<\/div>\n<\/div>\n<\/div>\n<\/div>\n<\/div>\n<\/div>\n<\/div>\n<\/div>\n<\/div>\n<\/div>","protected":false},"featured_media":3440,"comment_status":"open","ping_status":"closed","template":"","meta":{"_uag_custom_page_level_css":"","site-sidebar-layout":"default","site-content-layout":"","ast-site-content-layout":"default","site-content-style":"default","site-sidebar-style":"default","ast-global-header-display":"","ast-banner-title-visibility":"","ast-main-header-display":"","ast-hfb-above-header-display":"","ast-hfb-below-header-display":"","ast-hfb-mobile-header-display":"","site-post-title":"","ast-breadcrumbs-content":"","ast-featured-img":"","footer-sml-layout":"","ast-disable-related-posts":"","theme-transparent-header-meta":"default","adv-header-id-meta":"","stick-header-meta":"","header-above-stick-meta":"","header-main-stick-meta":"","header-below-stick-meta":"","astra-migrate-meta-layouts":"set","ast-page-background-enabled":"default","ast-page-background-meta":{"desktop":{"background-color":"","background-image":"","background-repeat":"repeat","background-position":"center center","background-size":"auto","background-attachment":"scroll","background-type":"","background-media":"","overlay-type":"","overlay-color":"","overlay-opacity":"","overlay-gradient":""},"tablet":{"background-color":"","background-image":"","background-repeat":"repeat","background-position":"center center","background-size":"auto","background-attachment":"scroll","background-type":"","background-media":"","overlay-type":"","overlay-color":"","overlay-opacity":"","overlay-gradient":""},"mobile":{"background-color":"","background-image":"","background-repeat":"repeat","background-position":"center center","background-size":"auto","background-attachment":"scroll","background-type":"","background-media":"","overlay-type":"","overlay-color":"","overlay-opacity":"","overlay-gradient":""}},"ast-content-background-meta":{"desktop":{"background-color":"var(--ast-global-color-5)","background-image":"","background-repeat":"repeat","background-position":"center center","background-size":"auto","background-attachment":"scroll","background-type":"","background-media":"","overlay-type":"","overlay-color":"","overlay-opacity":"","overlay-gradient":""},"tablet":{"background-color":"var(--ast-global-color-5)","background-image":"","background-repeat":"repeat","background-position":"center center","background-size":"auto","background-attachment":"scroll","background-type":"","background-media":"","overlay-type":"","overlay-color":"","overlay-opacity":"","overlay-gradient":""},"mobile":{"background-color":"var(--ast-global-color-5)","background-image":"","background-repeat":"repeat","background-position":"center center","background-size":"auto","background-attachment":"scroll","background-type":"","background-media":"","overlay-type":"","overlay-color":"","overlay-opacity":"","overlay-gradient":""}}},"product_brand":[],"product_cat":[58,42],"product_tag":[70,68,71,69],"class_list":{"0":"post-3439","1":"product","2":"type-product","3":"status-publish","4":"has-post-thumbnail","6":"product_cat-above-8-years-and-adults","7":"product_cat-merchandise","8":"product_tag-babypillow","9":"product_tag-cuteanimalpillow","10":"product_tag-headshapesupport","11":"product_tag-kouniushapingpillow","12":"desktop-align-left","13":"tablet-align-left","14":"mobile-align-left","16":"first","17":"instock","18":"shipping-taxable","19":"product-type-simple"},"aioseo_notices":[],"uagb_featured_image_src":{"full":["https:\/\/babypillowwholesale.com\/wp-content\/uploads\/2025\/04\/1589.jpg",1000,1000,false],"thumbnail":["https:\/\/babypillowwholesale.com\/wp-content\/uploads\/2025\/04\/1589-150x150.jpg",150,150,true],"medium":["https:\/\/babypillowwholesale.com\/wp-content\/uploads\/2025\/04\/1589-300x300.jpg",300,300,true],"medium_large":["https:\/\/babypillowwholesale.com\/wp-content\/uploads\/2025\/04\/1589-768x768.jpg",768,768,true],"large":["https:\/\/babypillowwholesale.com\/wp-content\/uploads\/2025\/04\/1589.jpg",1000,1000,false],"1536x1536":["https:\/\/babypillowwholesale.com\/wp-content\/uploads\/2025\/04\/1589.jpg",1000,1000,false],"2048x2048":["https:\/\/babypillowwholesale.com\/wp-content\/uploads\/2025\/04\/1589.jpg",1000,1000,false],"trp-custom-language-flag":["https:\/\/babypillowwholesale.com\/wp-content\/uploads\/2025\/04\/1589.jpg",12,12,false],"woocommerce_thumbnail":["https:\/\/babypillowwholesale.com\/wp-content\/uploads\/2025\/04\/1589-300x300.jpg",300,300,true],"woocommerce_single":["https:\/\/babypillowwholesale.com\/wp-content\/uploads\/2025\/04\/1589-600x600.jpg",600,600,true],"woocommerce_gallery_thumbnail":["https:\/\/babypillowwholesale.com\/wp-content\/uploads\/2025\/04\/1589-100x100.jpg",100,100,true]},"uagb_author_info":{"display_name":"Etnen zhong","author_link":"https:\/\/babypillowwholesale.com\/hu\/author\/"},"uagb_comment_info":0,"uagb_excerpt":"The Hydrophilic Foam Curved Grid Pillow is designed for individuals aged 8 and above, including adults. Its ergonomic curved shape is tailored to fit the natural contour of the neck and head, providing excellent support and helping to maintain a healthy spinal alignment during sleep. Measuring 60*35*5\/7CM, it offers a spacious and comfortable surface area.&hellip;","jetpack_sharing_enabled":true,"_links":{"self":[{"href":"https:\/\/babypillowwholesale.com\/hu\/wp-json\/wp\/v2\/product\/3439","targetHints":{"allow":["GET"]}}],"collection":[{"href":"https:\/\/babypillowwholesale.com\/hu\/wp-json\/wp\/v2\/product"}],"about":[{"href":"https:\/\/babypillowwholesale.com\/hu\/wp-json\/wp\/v2\/types\/product"}],"replies":[{"embeddable":true,"href":"https:\/\/babypillowwholesale.com\/hu\/wp-json\/wp\/v2\/comments?post=3439"}],"wp:featuredmedia":[{"embeddable":true,"href":"https:\/\/babypillowwholesale.com\/hu\/wp-json\/wp\/v2\/media\/3440"}],"wp:attachment":[{"href":"https:\/\/babypillowwholesale.com\/hu\/wp-json\/wp\/v2\/media?parent=3439"}],"wp:term":[{"taxonomy":"product_brand","embeddable":true,"href":"https:\/\/babypillowwholesale.com\/hu\/wp-json\/wp\/v2\/product_brand?post=3439"},{"taxonomy":"product_cat","embeddable":true,"href":"https:\/\/babypillowwholesale.com\/hu\/wp-json\/wp\/v2\/product_cat?post=3439"},{"taxonomy":"product_tag","embeddable":true,"href":"https:\/\/babypillowwholesale.com\/hu\/wp-json\/wp\/v2\/product_tag?post=3439"}],"curies":[{"name":"wp","href":"https:\/\/api.w.org\/{rel}","templated":true}]}}