{"id":3436,"date":"2025-04-16T15:31:45","date_gmt":"2025-04-16T15:31:45","guid":{"rendered":"https:\/\/babypillowwholesale.com\/?post_type=product&#038;p=3436"},"modified":"2025-06-08T02:30:25","modified_gmt":"2025-06-08T02:30:25","slug":"childrens-comfort-sleep-pillow","status":"publish","type":"product","link":"https:\/\/babypillowwholesale.com\/hu\/product\/childrens-comfort-sleep-pillow\/","title":{"rendered":"Gyermekek k\u00e9nyelmes alv\u00f3p\u00e1rn\u00e1ja"},"content":{"rendered":"<div class=\"auto-hide-last-sibling-br paragraph-qzbcQC paragraph-element br-paragraph-space\" data-immersive-translate-walked=\"8e61f2e7-6af2-46e5-9672-3b9e4f4033d9\" data-immersive-translate-paragraph=\"1\">\n<div class=\"auto-hide-last-sibling-br paragraph-qzbcQC paragraph-element br-paragraph-space\">\n<div class=\"auto-hide-last-sibling-br paragraph-qzbcQC paragraph-element br-paragraph-space\">\n<div class=\"auto-hide-last-sibling-br paragraph-qzbcQC paragraph-element br-paragraph-space\">\n<div class=\"auto-hide-last-sibling-br paragraph-qzbcQC paragraph-element br-paragraph-space\">\n<div class=\"auto-hide-last-sibling-br paragraph-qzbcQC paragraph-element br-paragraph-space\">\n<div class=\"inter-wlTS5w\">\n<div class=\"container-QE4ayg\">\n<div class=\"item-jU10IN\">\n<div class=\"container-jODEnh chrome70-container\">\n<div class=\"inner-eE95c9 inner-item-aL3Ui_\" data-target-id=\"message-box-target-id\" data-testid=\"union_message\">\n<div class=\"message-block-container-liuetz\" data-testid=\"message-block-container\">\n<div class=\"message-box-ZWbBdF\" data-testid=\"receive_message\">\n<div class=\"message-box-content-wrapper-srHdUj\">\n<div class=\"message-content message-box-content-otxGGw receive-message-box-content-_lREFj samantha-message-box-content-Qjmpja\" data-testid=\"message_content\">\n<div class=\"container-hfX5E8 flow-markdown-body theme-samantha-yJEgBp\" dir=\"ltr\" data-testid=\"message_text_content\" data-show-indicator=\"false\">\n<div class=\"auto-hide-last-sibling-br paragraph-qzbcQC paragraph-element br-paragraph-space\">\n<div class=\"auto-hide-last-sibling-br paragraph-qzbcQC paragraph-element br-paragraph-space\">\n<div class=\"auto-hide-last-sibling-br paragraph-qzbcQC paragraph-element br-paragraph-space\">\n<div class=\"auto-hide-last-sibling-br paragraph-qzbcQC paragraph-element br-paragraph-space\">\n<div class=\"auto-hide-last-sibling-br paragraph-qzbcQC paragraph-element br-paragraph-space\">\n<div class=\"auto-hide-last-sibling-br paragraph-qzbcQC paragraph-element br-paragraph-space\">\n<div class=\"inter-wlTS5w\">\n<div class=\"container-QE4ayg\">\n<div class=\"item-jU10IN\">\n<div class=\"container-jODEnh chrome70-container\">\n<div class=\"inner-eE95c9 inner-item-aL3Ui_\" data-target-id=\"message-box-target-id\" data-testid=\"union_message\">\n<div class=\"message-block-container-liuetz\" data-testid=\"message-block-container\">\n<div class=\"message-box-ZWbBdF\" data-testid=\"receive_message\" data-message-id=\"3117344892904450\">\n<div class=\"message-box-content-wrapper-srHdUj\">\n<div class=\"message-content message-box-content-otxGGw receive-message-box-content-_lREFj samantha-message-box-content-Qjmpja\" data-testid=\"message_content\">\n<div class=\"container-hfX5E8 flow-markdown-body theme-samantha-yJEgBp\" dir=\"ltr\" data-testid=\"message_text_content\" data-show-indicator=\"false\">\n<div class=\"auto-hide-last-sibling-br paragraph-qzbcQC paragraph-element br-paragraph-space\">\n<div class=\"inter-wlTS5w\">\n<div class=\"container-QE4ayg\">\n<div class=\"item-jU10IN\">\n<div class=\"container-jODEnh chrome70-container\">\n<div class=\"inner-eE95c9 inner-item-aL3Ui_\" data-target-id=\"message-box-target-id\" data-testid=\"union_message\">\n<div class=\"message-block-container-liuetz\" data-testid=\"message-block-container\">\n<div class=\"message-box-ZWbBdF\" data-testid=\"receive_message\" data-message-id=\"3118336188382466\">\n<div class=\"message-box-content-wrapper-srHdUj\">\n<div class=\"message-content message-box-content-otxGGw receive-message-box-content-_lREFj samantha-message-box-content-Qjmpja\" data-testid=\"message_content\">\n<div class=\"container-hfX5E8 flow-markdown-body theme-samantha-yJEgBp\" dir=\"ltr\" data-testid=\"message_text_content\" data-show-indicator=\"false\">\n<div class=\"auto-hide-last-sibling-br paragraph-qzbcQC paragraph-element br-paragraph-space\">\n<div class=\"auto-hide-last-sibling-br paragraph-qzbcQC paragraph-element br-paragraph-space\">\n<div class=\"auto-hide-last-sibling-br paragraph-qzbcQC paragraph-element br-paragraph-space\">\n<div class=\"auto-hide-last-sibling-br paragraph-qzbcQC paragraph-element br-paragraph-space\">\n<div class=\"auto-hide-last-sibling-br paragraph-qzbcQC paragraph-element br-paragraph-space\">Bemutatjuk a Children's Comfort Sleep Pillow-t, a pihen\u00e9s paradicsom\u00e1t, amelyet apr\u00f3l\u00e9kosan kidolgoztak a 8 \u00e9ves \u00e9s id\u0151sebb koroszt\u00e1ly sz\u00e1m\u00e1ra, bele\u00e9rtve a feln\u0151tteket is. Ergon\u00f3miailag tervezett form\u00e1ja kecsesen illeszkedik a nyak \u00e9s a fej term\u00e9szetes g\u00f6rb\u00fclet\u00e9hez, p\u00e1ratlan al\u00e1t\u00e1maszt\u00e1st ny\u00fajt, amely gyeng\u00e9den enyh\u00edti a nyak \u00e9s a v\u00e1ll fesz\u00fclts\u00e9g\u00e9t. M\u00e9rete 60*<em>35*<\/em>5\/7CM, nagyvonal\u00fa \u00e9s h\u00edvogat\u00f3 pihen\u0151helyet biztos\u00edt, f\u00e9ny\u0171z\u0151 alv\u00e1s\u00e9lm\u00e9nyt \u00edg\u00e9rve.<\/div>\n<p>&nbsp;<\/p>\n<div class=\"auto-hide-last-sibling-br paragraph-qzbcQC paragraph-element br-paragraph-space\">A p\u00e1rna fel\u00fclete egy nyugodt tengeri t\u00e1jat \u00e1br\u00e1zol, amelyet a k\u00e9k nyugtat\u00f3 \u00e1rnyalata kelt \u00e9letre. A fens\u00e9ges b\u00e1lna, amelyet egy j\u00e1t\u00e9kos kis hal \u00e9s ringat\u00f3z\u00f3 h\u00edn\u00e1r k\u00eds\u00e9r, nyugodt v\u00edz alatti jelenetet teremt, m\u00edg a \"MEET YOU...\" felirat egy kis szesz\u00e9lyt \u00e9s b\u00e1jt k\u00f6lcs\u00f6n\u00f6z. Ez a var\u00e1zslatos illusztr\u00e1ci\u00f3 nemcsak dekorat\u00edv elemk\u00e9nt gazdag\u00edtja a h\u00e1l\u00f3szob\u00e1t, hanem a nyugalom \u00e9rzet\u00e9t is kelti, b\u00e9k\u00e9s \u00e1lomba ringatva a felhaszn\u00e1l\u00f3kat.<\/div>\n<p>&nbsp;<\/p>\n<div class=\"auto-hide-last-sibling-br paragraph-qzbcQC paragraph-element br-paragraph-space\">A pr\u00e9mium min\u0151s\u00e9g\u0171 anyagokb\u00f3l k\u00e9sz\u00fclt, b\u00e1rsonyosan puha tapint\u00e1s\u00fa, a b\u0151rt simogat\u00f3, a felhaszn\u00e1l\u00f3kat a k\u00e9nyelem felh\u0151j\u00e9be burkolva. Ak\u00e1r egy hossz\u00fa tanul\u00e1ssal vagy munk\u00e1val t\u00f6lt\u00f6tt nap ut\u00e1n, ak\u00e1r egy lusta h\u00e9tv\u00e9g\u00e9n, amikor csak laz\u00edtani szeretne, ez a p\u00e1rna nyugodt pihen\u0151helly\u00e9 var\u00e1zsolja alv\u00f3hely\u00e9t.<\/div>\n<p>&nbsp;<\/p>\n<div class=\"auto-hide-last-sibling-br paragraph-qzbcQC paragraph-element br-paragraph-space\">A sz\u00fcl\u0151k \u00e9s a felhaszn\u00e1l\u00f3k egyar\u00e1nt tele vannak dics\u00e9rettel. \"A tin\u00e9dzserem im\u00e1dja ezt a p\u00e1rn\u00e1t! A b\u00e1lna diz\u00e1jnja men\u0151, \u00e9s azt mondja, hogy sokkal k\u00e9nyelmesebb, mint a r\u00e9gi. T\u00e9nyleg nagy v\u00e1ltoz\u00e1st hozott az alv\u00e1sukban\" - osztotta meg egy sz\u00fcl\u0151. Egy feln\u0151tt felhaszn\u00e1l\u00f3 hozz\u00e1tette: \"Megvettem magamnak, \u00e9s nagyon \u00f6r\u00fcl\u00f6k, hogy megtettem. A t\u00e1masza kiv\u00e1l\u00f3, a k\u00e9k sz\u00edn \u00e9s az \u00f3ce\u00e1n t\u00e9m\u00e1ja pedig annyira pihentet\u0151. Ez lett a kedvenc r\u00e9szem a lefekv\u00e9skor\".<\/div>\n<p>&nbsp;<\/p>\n<div class=\"auto-hide-last-sibling-br paragraph-qzbcQC paragraph-element br-paragraph-space\">L\u00e9nyeg\u00e9ben a Gyermekek k\u00e9nyelmes alv\u00f3p\u00e1rn\u00e1ja nem csup\u00e1n egy \u00e1gynem\u0171; ez a kulcs a pihentet\u0151, fiatal\u00edt\u00f3 alv\u00e1s felold\u00e1s\u00e1hoz, amely a k\u00e9nyelmet, a st\u00edlust \u00e9s a nyugalmat egy gy\u00f6ny\u00f6r\u0171 csomagban egyes\u00edti.<\/div>\n<\/div>\n<\/div>\n<\/div>\n<\/div>\n<\/div>\n<\/div>\n<\/div>\n<\/div>\n<\/div>\n<\/div>\n<\/div>\n<\/div>\n<\/div>\n<\/div>\n<\/div>\n<\/div>\n<\/div>\n<\/div>\n<\/div>\n<\/div>\n<\/div>\n<\/div>\n<\/div>\n<\/div>\n<\/div>\n<\/div>\n<\/div>\n<\/div>\n<\/div>\n<\/div>\n<\/div>\n<\/div>\n<\/div>\n<\/div>\n<\/div>\n<\/div>\n<\/div>\n<\/div>\n<\/div>\n<\/div>\n<\/div>\n<\/div>\n<\/div>\n<\/div>\n<\/div>\n<\/div>\n<\/div>","protected":false},"excerpt":{"rendered":"<div class=\"container-QE4ayg\">\n<div class=\"item-jU10IN\">\n<div class=\"container-jODEnh chrome70-container\">\n<div class=\"inner-eE95c9 inner-item-aL3Ui_\" data-target-id=\"message-box-target-id\" data-testid=\"union_message\">\n<div class=\"message-block-container-liuetz\" data-testid=\"message-block-container\">\n<div class=\"message-box-ZWbBdF\" data-testid=\"receive_message\" data-message-id=\"3087713235977218\">\n<div class=\"message-box-content-wrapper-srHdUj\">\n<div class=\"message-content message-box-content-otxGGw receive-message-box-content-_lREFj samantha-message-box-content-Qjmpja\" data-testid=\"message_content\">\n<div class=\"container-hfX5E8 flow-markdown-body theme-samantha-yJEgBp\" dir=\"ltr\" data-testid=\"message_text_content\" data-show-indicator=\"false\">\n<div class=\"auto-hide-last-sibling-br paragraph-qzbcQC paragraph-element br-paragraph-space\">A Gyermek Comfort alv\u00f3p\u00e1rn\u00e1t 8 \u00e9ves \u00e9s id\u0151sebb szem\u00e9lyek sz\u00e1m\u00e1ra tervezt\u00e9k, bele\u00e9rtve a feln\u0151tteket is. Ergonomikus form\u00e1ja alkalmazkodik a nyak \u00e9s a fej term\u00e9szetes \u00edv\u00e9hez, kiv\u00e1l\u00f3 al\u00e1t\u00e1maszt\u00e1st biztos\u00edt a nyak \u00e9s a v\u00e1ll f\u00e1radts\u00e1g\u00e1nak enyh\u00edt\u00e9s\u00e9re. M\u00e9rete 60*<em>35*<\/em>5\/7CM, t\u00e1gas \u00e9s k\u00e9nyelmes pihen\u0151helyet k\u00edn\u00e1l. A p\u00e1rn\u00e1t egy b\u00e1jos k\u00e9k - t\u00e9m\u00e1j\u00fa \u00f3ce\u00e1n illusztr\u00e1ci\u00f3 d\u00edsz\u00edti, melyen egy fens\u00e9ges b\u00e1lna, egy aranyos kis hal \u00e9s h\u00edn\u00e1r l\u00e1that\u00f3, nyugodt \u00e9s pihentet\u0151 hangulatot teremtve. Kiv\u00e1l\u00f3 - min\u0151s\u00e9g\u0171 anyagokb\u00f3l k\u00e9sz\u00fclt, puha \u00e9s k\u00e9nyelmes alv\u00e1s\u00e9lm\u00e9nyt biztos\u00edt, seg\u00edtve a felhaszn\u00e1l\u00f3knak a pihentet\u0151 alv\u00e1st.<\/div>\n<\/div>\n<\/div>\n<\/div>\n<\/div>\n<\/div>\n<\/div>\n<\/div>\n<\/div>\n<\/div>","protected":false},"featured_media":3437,"comment_status":"open","ping_status":"closed","template":"","meta":{"_uag_custom_page_level_css":"","site-sidebar-layout":"default","site-content-layout":"","ast-site-content-layout":"default","site-content-style":"default","site-sidebar-style":"default","ast-global-header-display":"","ast-banner-title-visibility":"","ast-main-header-display":"","ast-hfb-above-header-display":"","ast-hfb-below-header-display":"","ast-hfb-mobile-header-display":"","site-post-title":"","ast-breadcrumbs-content":"","ast-featured-img":"","footer-sml-layout":"","ast-disable-related-posts":"","theme-transparent-header-meta":"default","adv-header-id-meta":"","stick-header-meta":"","header-above-stick-meta":"","header-main-stick-meta":"","header-below-stick-meta":"","astra-migrate-meta-layouts":"set","ast-page-background-enabled":"default","ast-page-background-meta":{"desktop":{"background-color":"","background-image":"","background-repeat":"repeat","background-position":"center center","background-size":"auto","background-attachment":"scroll","background-type":"","background-media":"","overlay-type":"","overlay-color":"","overlay-opacity":"","overlay-gradient":""},"tablet":{"background-color":"","background-image":"","background-repeat":"repeat","background-position":"center center","background-size":"auto","background-attachment":"scroll","background-type":"","background-media":"","overlay-type":"","overlay-color":"","overlay-opacity":"","overlay-gradient":""},"mobile":{"background-color":"","background-image":"","background-repeat":"repeat","background-position":"center center","background-size":"auto","background-attachment":"scroll","background-type":"","background-media":"","overlay-type":"","overlay-color":"","overlay-opacity":"","overlay-gradient":""}},"ast-content-background-meta":{"desktop":{"background-color":"var(--ast-global-color-5)","background-image":"","background-repeat":"repeat","background-position":"center center","background-size":"auto","background-attachment":"scroll","background-type":"","background-media":"","overlay-type":"","overlay-color":"","overlay-opacity":"","overlay-gradient":""},"tablet":{"background-color":"var(--ast-global-color-5)","background-image":"","background-repeat":"repeat","background-position":"center center","background-size":"auto","background-attachment":"scroll","background-type":"","background-media":"","overlay-type":"","overlay-color":"","overlay-opacity":"","overlay-gradient":""},"mobile":{"background-color":"var(--ast-global-color-5)","background-image":"","background-repeat":"repeat","background-position":"center center","background-size":"auto","background-attachment":"scroll","background-type":"","background-media":"","overlay-type":"","overlay-color":"","overlay-opacity":"","overlay-gradient":""}}},"product_brand":[],"product_cat":[58,42],"product_tag":[70,68,71,69],"class_list":{"0":"post-3436","1":"product","2":"type-product","3":"status-publish","4":"has-post-thumbnail","6":"product_cat-above-8-years-and-adults","7":"product_cat-merchandise","8":"product_tag-babypillow","9":"product_tag-cuteanimalpillow","10":"product_tag-headshapesupport","11":"product_tag-kouniushapingpillow","12":"desktop-align-left","13":"tablet-align-left","14":"mobile-align-left","16":"first","17":"instock","18":"shipping-taxable","19":"product-type-simple"},"aioseo_notices":[],"uagb_featured_image_src":{"full":["https:\/\/babypillowwholesale.com\/wp-content\/uploads\/2025\/04\/\u4ea7\u54c1\u4e3b\u56fe-4.jpg",1000,1000,false],"thumbnail":["https:\/\/babypillowwholesale.com\/wp-content\/uploads\/2025\/04\/\u4ea7\u54c1\u4e3b\u56fe-4-150x150.jpg",150,150,true],"medium":["https:\/\/babypillowwholesale.com\/wp-content\/uploads\/2025\/04\/\u4ea7\u54c1\u4e3b\u56fe-4-300x300.jpg",300,300,true],"medium_large":["https:\/\/babypillowwholesale.com\/wp-content\/uploads\/2025\/04\/\u4ea7\u54c1\u4e3b\u56fe-4-768x768.jpg",768,768,true],"large":["https:\/\/babypillowwholesale.com\/wp-content\/uploads\/2025\/04\/\u4ea7\u54c1\u4e3b\u56fe-4.jpg",1000,1000,false],"1536x1536":["https:\/\/babypillowwholesale.com\/wp-content\/uploads\/2025\/04\/\u4ea7\u54c1\u4e3b\u56fe-4.jpg",1000,1000,false],"2048x2048":["https:\/\/babypillowwholesale.com\/wp-content\/uploads\/2025\/04\/\u4ea7\u54c1\u4e3b\u56fe-4.jpg",1000,1000,false],"trp-custom-language-flag":["https:\/\/babypillowwholesale.com\/wp-content\/uploads\/2025\/04\/\u4ea7\u54c1\u4e3b\u56fe-4.jpg",12,12,false],"woocommerce_thumbnail":["https:\/\/babypillowwholesale.com\/wp-content\/uploads\/2025\/04\/\u4ea7\u54c1\u4e3b\u56fe-4-300x300.jpg",300,300,true],"woocommerce_single":["https:\/\/babypillowwholesale.com\/wp-content\/uploads\/2025\/04\/\u4ea7\u54c1\u4e3b\u56fe-4-600x600.jpg",600,600,true],"woocommerce_gallery_thumbnail":["https:\/\/babypillowwholesale.com\/wp-content\/uploads\/2025\/04\/\u4ea7\u54c1\u4e3b\u56fe-4-100x100.jpg",100,100,true]},"uagb_author_info":{"display_name":"Etnen zhong","author_link":"https:\/\/babypillowwholesale.com\/hu\/author\/"},"uagb_comment_info":0,"uagb_excerpt":"The Children's Comfort Sleep Pillow is designed for individuals aged 8 and above, including adults. Its ergonomic shape conforms to the natural curve of the neck and head, providing excellent support to relieve neck and shoulder fatigue. Measuring 60*35*5\/7CM, it offers a spacious and comfortable resting area. The pillow is adorned with a charming blue&hellip;","jetpack_sharing_enabled":true,"_links":{"self":[{"href":"https:\/\/babypillowwholesale.com\/hu\/wp-json\/wp\/v2\/product\/3436","targetHints":{"allow":["GET"]}}],"collection":[{"href":"https:\/\/babypillowwholesale.com\/hu\/wp-json\/wp\/v2\/product"}],"about":[{"href":"https:\/\/babypillowwholesale.com\/hu\/wp-json\/wp\/v2\/types\/product"}],"replies":[{"embeddable":true,"href":"https:\/\/babypillowwholesale.com\/hu\/wp-json\/wp\/v2\/comments?post=3436"}],"wp:featuredmedia":[{"embeddable":true,"href":"https:\/\/babypillowwholesale.com\/hu\/wp-json\/wp\/v2\/media\/3437"}],"wp:attachment":[{"href":"https:\/\/babypillowwholesale.com\/hu\/wp-json\/wp\/v2\/media?parent=3436"}],"wp:term":[{"taxonomy":"product_brand","embeddable":true,"href":"https:\/\/babypillowwholesale.com\/hu\/wp-json\/wp\/v2\/product_brand?post=3436"},{"taxonomy":"product_cat","embeddable":true,"href":"https:\/\/babypillowwholesale.com\/hu\/wp-json\/wp\/v2\/product_cat?post=3436"},{"taxonomy":"product_tag","embeddable":true,"href":"https:\/\/babypillowwholesale.com\/hu\/wp-json\/wp\/v2\/product_tag?post=3436"}],"curies":[{"name":"wp","href":"https:\/\/api.w.org\/{rel}","templated":true}]}}