{"id":3423,"date":"2025-04-16T07:19:47","date_gmt":"2025-04-16T07:19:47","guid":{"rendered":"https:\/\/babypillowwholesale.com\/?post_type=product&#038;p=3423"},"modified":"2025-05-27T02:01:59","modified_gmt":"2025-05-27T02:01:59","slug":"cat-belly-shaped-childrens-pillow","status":"publish","type":"product","link":"https:\/\/babypillowwholesale.com\/hu\/product\/cat-belly-shaped-childrens-pillow\/","title":{"rendered":"Macska hasa - alak\u00fa gyermekp\u00e1rna"},"content":{"rendered":"<div class=\"auto-hide-last-sibling-br paragraph-qzbcQC paragraph-element br-paragraph-space\" data-immersive-translate-walked=\"8e61f2e7-6af2-46e5-9672-3b9e4f4033d9\" data-immersive-translate-paragraph=\"1\">\n<div class=\"auto-hide-last-sibling-br paragraph-qzbcQC paragraph-element br-paragraph-space\">\n<div class=\"auto-hide-last-sibling-br paragraph-qzbcQC paragraph-element br-paragraph-space\">\n<div class=\"auto-hide-last-sibling-br paragraph-qzbcQC paragraph-element br-paragraph-space\">\n<div class=\"auto-hide-last-sibling-br paragraph-qzbcQC paragraph-element br-paragraph-space\">\n<div class=\"auto-hide-last-sibling-br paragraph-qzbcQC paragraph-element br-paragraph-space\">\n<div class=\"inter-wlTS5w\">\n<div class=\"container-QE4ayg\">\n<div class=\"item-jU10IN\">\n<div class=\"container-jODEnh chrome70-container\">\n<div class=\"inner-eE95c9 inner-item-aL3Ui_\" data-target-id=\"message-box-target-id\" data-testid=\"union_message\">\n<div class=\"message-block-container-liuetz\" data-testid=\"message-block-container\">\n<div class=\"message-box-ZWbBdF\" data-testid=\"receive_message\">\n<div class=\"message-box-content-wrapper-srHdUj\">\n<div class=\"message-content message-box-content-otxGGw receive-message-box-content-_lREFj samantha-message-box-content-Qjmpja\" data-testid=\"message_content\">\n<div class=\"container-hfX5E8 flow-markdown-body theme-samantha-yJEgBp\" dir=\"ltr\" data-testid=\"message_text_content\" data-show-indicator=\"false\">\n<div class=\"auto-hide-last-sibling-br paragraph-qzbcQC paragraph-element br-paragraph-space\">\n<div class=\"auto-hide-last-sibling-br paragraph-qzbcQC paragraph-element br-paragraph-space\">\n<div class=\"auto-hide-last-sibling-br paragraph-qzbcQC paragraph-element br-paragraph-space\">\n<div class=\"auto-hide-last-sibling-br paragraph-qzbcQC paragraph-element br-paragraph-space\">\n<div class=\"auto-hide-last-sibling-br paragraph-qzbcQC paragraph-element br-paragraph-space\">\n<div class=\"auto-hide-last-sibling-br paragraph-qzbcQC paragraph-element br-paragraph-space\">\n<div class=\"inter-wlTS5w\">\n<div class=\"container-QE4ayg\">\n<div class=\"item-jU10IN\">\n<div class=\"container-jODEnh chrome70-container\">\n<div class=\"inner-eE95c9 inner-item-aL3Ui_\" data-target-id=\"message-box-target-id\" data-testid=\"union_message\">\n<div class=\"message-block-container-liuetz\" data-testid=\"message-block-container\">\n<div class=\"message-box-ZWbBdF\" data-testid=\"receive_message\" data-message-id=\"3117344892904450\">\n<div class=\"message-box-content-wrapper-srHdUj\">\n<div class=\"message-content message-box-content-otxGGw receive-message-box-content-_lREFj samantha-message-box-content-Qjmpja\" data-testid=\"message_content\">\n<div class=\"container-hfX5E8 flow-markdown-body theme-samantha-yJEgBp\" dir=\"ltr\" data-testid=\"message_text_content\" data-show-indicator=\"false\">\n<div class=\"auto-hide-last-sibling-br paragraph-qzbcQC paragraph-element br-paragraph-space\">\n<div class=\"inter-wlTS5w\">\n<div class=\"container-QE4ayg\">\n<div class=\"item-jU10IN\">\n<div class=\"container-jODEnh chrome70-container\">\n<div class=\"inner-eE95c9 inner-item-aL3Ui_\" data-target-id=\"message-box-target-id\" data-testid=\"union_message\">\n<div class=\"message-block-container-liuetz\" data-testid=\"message-block-container\">\n<div class=\"message-box-ZWbBdF\" data-testid=\"receive_message\" data-message-id=\"3118336188382466\">\n<div class=\"message-box-content-wrapper-srHdUj\">\n<div class=\"message-content message-box-content-otxGGw receive-message-box-content-_lREFj samantha-message-box-content-Qjmpja\" data-testid=\"message_content\">\n<div class=\"container-hfX5E8 flow-markdown-body theme-samantha-yJEgBp\" dir=\"ltr\" data-testid=\"message_text_content\" data-show-indicator=\"false\">\n<div class=\"auto-hide-last-sibling-br paragraph-qzbcQC paragraph-element br-paragraph-space\">Bemutatjuk a Cat Belly - form\u00e1j\u00fa gyermekp\u00e1rn\u00e1t, egy b\u00e1jos \u00e9s ergonomikus alv\u00f3t\u00e1rsat, amelyet kifejezetten a 2-8 \u00e9ves gyermekek sz\u00e1m\u00e1ra k\u00e9sz\u00edtettek. Egyedi, macskahas ihlette form\u00e1ja nemcsak ellen\u00e1llhatatlanul aranyos, hanem \u00fagy tervezt\u00e9k, hogy a gyermek feje \u00e9s nyaka sz\u00e1m\u00e1ra k\u00e9nyelmes \u00e9s term\u00e9szetes illeszked\u00e9st biztos\u00edtson. M\u00e9rete 50*<em>30*<\/em>3\/5CM, nagyvonal\u00fa helyet k\u00edn\u00e1l, amely k\u00e9nyelmesen b\u00f6lcs\u0151zi a kisgyermeket, optim\u00e1lis al\u00e1t\u00e1maszt\u00e1st biztos\u00edt eg\u00e9sz \u00e9jszaka vagy egy k\u00e9nyelmes alv\u00e1s alatt.<\/div>\n<p>&nbsp;<\/p>\n<div class=\"auto-hide-last-sibling-br paragraph-qzbcQC paragraph-element br-paragraph-space\">Ez a p\u00e1rna egy alv\u00f3 ny\u00fal b\u00e1jos illusztr\u00e1ci\u00f3j\u00e1val d\u00edsz\u00edtett, \u00e9s egy kis szesz\u00e9lyt k\u00f6lcs\u00f6n\u00f6z b\u00e1rmelyik h\u00e1l\u00f3szob\u00e1nak. A r\u00f3zsasz\u00edn, z\u00f6ld, k\u00e9k \u00e9s sz\u00fcrke l\u00e1gy \u00e1rnyalatai k\u00fcl\u00f6nb\u00f6z\u0151 \u00edzl\u00e9sekhez \u00e9s szobadekor\u00e1ci\u00f3khoz illeszked\u0151 lehet\u0151s\u00e9geket k\u00edn\u00e1lnak, \u00edgy sokoldal\u00faan kieg\u00e9sz\u00edtheti gyermeke alv\u00f3hely\u00e9t.<\/div>\n<p>&nbsp;<\/p>\n<div class=\"auto-hide-last-sibling-br paragraph-qzbcQC paragraph-element br-paragraph-space\">Pl\u00fcss \u00e9s b\u00e1rsonyosan puha anyagokb\u00f3l k\u00e9sz\u00fclt, olyan \u00e9rz\u00e9s, mint egy gyeng\u00e9d \u00f6lel\u00e9s, amely b\u00e9k\u00e9s \u00e1lomba ringatja gyermek\u00e9t. Ak\u00e1r egy hossz\u00fa, j\u00e1t\u00e9kkal teli nap v\u00e9g\u00e9n, ak\u00e1r egy lusta d\u00e9lut\u00e1non, amikor gyermek\u00e9nek sz\u00fcks\u00e9ge van a felt\u00f6lt\u0151d\u00e9sre, ez a p\u00e1rna a k\u00e9nyelem paradicsom\u00e1t teremti meg.<\/div>\n<p>&nbsp;<\/p>\n<div class=\"auto-hide-last-sibling-br paragraph-qzbcQC paragraph-element br-paragraph-space\">A sz\u00fcl\u0151k dics\u00e9r\u0151 szavakat zengtek r\u00f3la. \"A 6 \u00e9ves kisfiam im\u00e1dja ezt a macsk\u00e1s hasp\u00e1rn\u00e1t! Annyira puha \u00e9s a form\u00e1ja t\u00f6k\u00e9letes. Azt mondja, olyan \u00e9rz\u00e9s, mintha egy felh\u0151n aludna\" - osztotta meg egy boldog anyuka. Egy apuka hozz\u00e1tette: \"Nagy k\u00fcl\u00f6nbs\u00e9get vett\u00fcnk \u00e9szre abban, hogy a gyermek\u00fcnk milyen j\u00f3l alszik, mi\u00f3ta megkapta ezt a p\u00e1rn\u00e1t. A min\u0151s\u00e9g nagyszer\u0171, \u00e9s az aranyos diz\u00e1jn egy b\u00f3nusz. Elengedhetetlenn\u00e9 v\u00e1lt az \u00e1gyban.\"<\/div>\n<p>&nbsp;<\/p>\n<div class=\"auto-hide-last-sibling-br paragraph-qzbcQC paragraph-element br-paragraph-space\">R\u00f6viden, a Macskahas form\u00e1j\u00fa gyermekp\u00e1rna t\u00f6bb, mint egy egyszer\u0171 p\u00e1rna; ez a k\u00e9nyelem forr\u00e1sa, a k\u00e9pzelet szikr\u00e1ja, \u00e9s kulcsfontoss\u00e1g\u00fa \u00f6sszetev\u0151je annak, hogy gyermeke pihentet\u0151, \u00e1lmokkal teli alv\u00e1sban legyen r\u00e9sze.<\/div>\n<\/div>\n<\/div>\n<\/div>\n<\/div>\n<\/div>\n<\/div>\n<\/div>\n<\/div>\n<\/div>\n<\/div>\n<\/div>\n<\/div>\n<\/div>\n<\/div>\n<\/div>\n<\/div>\n<\/div>\n<\/div>\n<\/div>\n<\/div>\n<\/div>\n<\/div>\n<\/div>\n<\/div>\n<\/div>\n<\/div>\n<\/div>\n<\/div>\n<\/div>\n<\/div>\n<\/div>\n<\/div>\n<\/div>\n<\/div>\n<\/div>\n<\/div>\n<\/div>\n<\/div>\n<\/div>\n<\/div>\n<\/div>\n<\/div>\n<\/div>","protected":false},"excerpt":{"rendered":"<div class=\"container-QE4ayg\">\n<div class=\"item-jU10IN\">\n<div class=\"container-jODEnh chrome70-container\">\n<div class=\"inner-eE95c9 inner-item-aL3Ui_\" data-target-id=\"message-box-target-id\" data-testid=\"union_message\">\n<div class=\"message-block-container-liuetz\" data-testid=\"message-block-container\">\n<div class=\"message-box-ZWbBdF\" data-testid=\"receive_message\" data-message-id=\"3087713235977218\">\n<div class=\"message-box-content-wrapper-srHdUj\">\n<div class=\"message-content message-box-content-otxGGw receive-message-box-content-_lREFj samantha-message-box-content-Qjmpja\" data-testid=\"message_content\">\n<div class=\"container-hfX5E8 flow-markdown-body theme-samantha-yJEgBp\" dir=\"ltr\" data-testid=\"message_text_content\" data-show-indicator=\"false\">\n<div class=\"auto-hide-last-sibling-br paragraph-qzbcQC paragraph-element br-paragraph-space\">A Cat Belly - form\u00e1j\u00fa gyermekp\u00e1rna egy kit\u0171n\u0151 alv\u00e1si kieg\u00e9sz\u00edt\u0151, amelyet 2-8 \u00e9ves kor\u00fa gyermekek sz\u00e1m\u00e1ra terveztek. Egyedi macskahas-szer\u0171 form\u00e1j\u00e1val k\u00e9nyelmes \u00e9s ergonomikus illeszked\u00e9st biztos\u00edt. M\u00e9rete 50*<em>30*<\/em>3\/5CM, b\u0151s\u00e9ges helyet biztos\u00edt a fejnek \u00e9s a nyaknak, biztos\u00edtva a megfelel\u0151 al\u00e1t\u00e1maszt\u00e1st alv\u00e1s k\u00f6zben. A p\u00e1rn\u00e1t egy aranyos alv\u00f3 ny\u00fal mot\u00edvum d\u00edsz\u00edti, ami egy kis b\u00e1jt ad hozz\u00e1. A r\u00f3zsasz\u00edn, z\u00f6ld, k\u00e9k \u00e9s sz\u00fcrke palett\u00e1n kaphat\u00f3, \u00edgy k\u00fcl\u00f6nb\u00f6z\u0151 preferenci\u00e1khoz \u00e9s h\u00e1l\u00f3szobai dekor\u00e1ci\u00f3khoz illeszkedik. Puha \u00e9s k\u00e9nyelmes anyagokb\u00f3l k\u00e9sz\u00fclt, \u00edgy garant\u00e1lja a pihentet\u0151 \u00e9s kellemes alv\u00e1s\u00e9lm\u00e9nyt, \u00edgy csod\u00e1latos v\u00e1laszt\u00e1s a gyermekek alv\u00e1smin\u0151s\u00e9g\u00e9nek jav\u00edt\u00e1s\u00e1ra.<\/div>\n<\/div>\n<\/div>\n<\/div>\n<\/div>\n<\/div>\n<\/div>\n<\/div>\n<\/div>\n<\/div>","protected":false},"featured_media":3424,"comment_status":"open","ping_status":"closed","template":"","meta":{"_uag_custom_page_level_css":"","site-sidebar-layout":"default","site-content-layout":"","ast-site-content-layout":"default","site-content-style":"default","site-sidebar-style":"default","ast-global-header-display":"","ast-banner-title-visibility":"","ast-main-header-display":"","ast-hfb-above-header-display":"","ast-hfb-below-header-display":"","ast-hfb-mobile-header-display":"","site-post-title":"","ast-breadcrumbs-content":"","ast-featured-img":"","footer-sml-layout":"","ast-disable-related-posts":"","theme-transparent-header-meta":"default","adv-header-id-meta":"","stick-header-meta":"","header-above-stick-meta":"","header-main-stick-meta":"","header-below-stick-meta":"","astra-migrate-meta-layouts":"set","ast-page-background-enabled":"default","ast-page-background-meta":{"desktop":{"background-color":"","background-image":"","background-repeat":"repeat","background-position":"center center","background-size":"auto","background-attachment":"scroll","background-type":"","background-media":"","overlay-type":"","overlay-color":"","overlay-opacity":"","overlay-gradient":""},"tablet":{"background-color":"","background-image":"","background-repeat":"repeat","background-position":"center center","background-size":"auto","background-attachment":"scroll","background-type":"","background-media":"","overlay-type":"","overlay-color":"","overlay-opacity":"","overlay-gradient":""},"mobile":{"background-color":"","background-image":"","background-repeat":"repeat","background-position":"center center","background-size":"auto","background-attachment":"scroll","background-type":"","background-media":"","overlay-type":"","overlay-color":"","overlay-opacity":"","overlay-gradient":""}},"ast-content-background-meta":{"desktop":{"background-color":"var(--ast-global-color-5)","background-image":"","background-repeat":"repeat","background-position":"center center","background-size":"auto","background-attachment":"scroll","background-type":"","background-media":"","overlay-type":"","overlay-color":"","overlay-opacity":"","overlay-gradient":""},"tablet":{"background-color":"var(--ast-global-color-5)","background-image":"","background-repeat":"repeat","background-position":"center center","background-size":"auto","background-attachment":"scroll","background-type":"","background-media":"","overlay-type":"","overlay-color":"","overlay-opacity":"","overlay-gradient":""},"mobile":{"background-color":"var(--ast-global-color-5)","background-image":"","background-repeat":"repeat","background-position":"center center","background-size":"auto","background-attachment":"scroll","background-type":"","background-media":"","overlay-type":"","overlay-color":"","overlay-opacity":"","overlay-gradient":""}}},"product_brand":[],"product_cat":[57,42],"product_tag":[70,68,71,69],"class_list":{"0":"post-3423","1":"product","2":"type-product","3":"status-publish","4":"has-post-thumbnail","6":"product_cat-2-to-8-years","7":"product_cat-merchandise","8":"product_tag-babypillow","9":"product_tag-cuteanimalpillow","10":"product_tag-headshapesupport","11":"product_tag-kouniushapingpillow","12":"desktop-align-left","13":"tablet-align-left","14":"mobile-align-left","16":"first","17":"instock","18":"featured","19":"shipping-taxable","20":"product-type-simple"},"aioseo_notices":[],"uagb_featured_image_src":{"full":["https:\/\/babypillowwholesale.com\/wp-content\/uploads\/2025\/04\/1723.jpg",1000,1000,false],"thumbnail":["https:\/\/babypillowwholesale.com\/wp-content\/uploads\/2025\/04\/1723-150x150.jpg",150,150,true],"medium":["https:\/\/babypillowwholesale.com\/wp-content\/uploads\/2025\/04\/1723-300x300.jpg",300,300,true],"medium_large":["https:\/\/babypillowwholesale.com\/wp-content\/uploads\/2025\/04\/1723-768x768.jpg",768,768,true],"large":["https:\/\/babypillowwholesale.com\/wp-content\/uploads\/2025\/04\/1723.jpg",1000,1000,false],"1536x1536":["https:\/\/babypillowwholesale.com\/wp-content\/uploads\/2025\/04\/1723.jpg",1000,1000,false],"2048x2048":["https:\/\/babypillowwholesale.com\/wp-content\/uploads\/2025\/04\/1723.jpg",1000,1000,false],"trp-custom-language-flag":["https:\/\/babypillowwholesale.com\/wp-content\/uploads\/2025\/04\/1723.jpg",12,12,false],"woocommerce_thumbnail":["https:\/\/babypillowwholesale.com\/wp-content\/uploads\/2025\/04\/1723-300x300.jpg",300,300,true],"woocommerce_single":["https:\/\/babypillowwholesale.com\/wp-content\/uploads\/2025\/04\/1723-600x600.jpg",600,600,true],"woocommerce_gallery_thumbnail":["https:\/\/babypillowwholesale.com\/wp-content\/uploads\/2025\/04\/1723-100x100.jpg",100,100,true]},"uagb_author_info":{"display_name":"Etnen zhong","author_link":"https:\/\/babypillowwholesale.com\/hu\/author\/"},"uagb_comment_info":0,"uagb_excerpt":"The Cat Belly - Shaped Children's Pillow is an exquisite sleep accessory designed for children aged 2 - 8 years. With its unique cat - belly - like shape, it provides a cozy and ergonomic fit. Measuring 50*30*3\/5CM, it offers ample space for the head and neck, ensuring proper support during sleep. The pillow is&hellip;","jetpack_sharing_enabled":true,"_links":{"self":[{"href":"https:\/\/babypillowwholesale.com\/hu\/wp-json\/wp\/v2\/product\/3423","targetHints":{"allow":["GET"]}}],"collection":[{"href":"https:\/\/babypillowwholesale.com\/hu\/wp-json\/wp\/v2\/product"}],"about":[{"href":"https:\/\/babypillowwholesale.com\/hu\/wp-json\/wp\/v2\/types\/product"}],"replies":[{"embeddable":true,"href":"https:\/\/babypillowwholesale.com\/hu\/wp-json\/wp\/v2\/comments?post=3423"}],"wp:featuredmedia":[{"embeddable":true,"href":"https:\/\/babypillowwholesale.com\/hu\/wp-json\/wp\/v2\/media\/3424"}],"wp:attachment":[{"href":"https:\/\/babypillowwholesale.com\/hu\/wp-json\/wp\/v2\/media?parent=3423"}],"wp:term":[{"taxonomy":"product_brand","embeddable":true,"href":"https:\/\/babypillowwholesale.com\/hu\/wp-json\/wp\/v2\/product_brand?post=3423"},{"taxonomy":"product_cat","embeddable":true,"href":"https:\/\/babypillowwholesale.com\/hu\/wp-json\/wp\/v2\/product_cat?post=3423"},{"taxonomy":"product_tag","embeddable":true,"href":"https:\/\/babypillowwholesale.com\/hu\/wp-json\/wp\/v2\/product_tag?post=3423"}],"curies":[{"name":"wp","href":"https:\/\/api.w.org\/{rel}","templated":true}]}}