{"id":3417,"date":"2025-04-15T10:05:43","date_gmt":"2025-04-15T10:05:43","guid":{"rendered":"https:\/\/babypillowwholesale.com\/?post_type=product&#038;p=3417"},"modified":"2025-06-08T02:51:20","modified_gmt":"2025-06-08T02:51:20","slug":"hydrophilic-foam-childrens-pillow","status":"publish","type":"product","link":"https:\/\/babypillowwholesale.com\/hu\/product\/hydrophilic-foam-childrens-pillow\/","title":{"rendered":"Hidrofil hab gyermek p\u00e1rna"},"content":{"rendered":"<div class=\"auto-hide-last-sibling-br paragraph-qzbcQC paragraph-element br-paragraph-space\" data-immersive-translate-walked=\"8e61f2e7-6af2-46e5-9672-3b9e4f4033d9\" data-immersive-translate-paragraph=\"1\">\n<div class=\"auto-hide-last-sibling-br paragraph-qzbcQC paragraph-element br-paragraph-space\">\n<div class=\"auto-hide-last-sibling-br paragraph-qzbcQC paragraph-element br-paragraph-space\">\n<div class=\"auto-hide-last-sibling-br paragraph-qzbcQC paragraph-element br-paragraph-space\">\n<div class=\"auto-hide-last-sibling-br paragraph-qzbcQC paragraph-element br-paragraph-space\">\n<div class=\"auto-hide-last-sibling-br paragraph-qzbcQC paragraph-element br-paragraph-space\">\n<div class=\"inter-wlTS5w\">\n<div class=\"container-QE4ayg\">\n<div class=\"item-jU10IN\">\n<div class=\"container-jODEnh chrome70-container\">\n<div class=\"inner-eE95c9 inner-item-aL3Ui_\" data-target-id=\"message-box-target-id\" data-testid=\"union_message\">\n<div class=\"message-block-container-liuetz\" data-testid=\"message-block-container\">\n<div class=\"message-box-ZWbBdF\" data-testid=\"receive_message\">\n<div class=\"message-box-content-wrapper-srHdUj\">\n<div class=\"message-content message-box-content-otxGGw receive-message-box-content-_lREFj samantha-message-box-content-Qjmpja\" data-testid=\"message_content\">\n<div class=\"container-hfX5E8 flow-markdown-body theme-samantha-yJEgBp\" dir=\"ltr\" data-testid=\"message_text_content\" data-show-indicator=\"false\">\n<div class=\"auto-hide-last-sibling-br paragraph-qzbcQC paragraph-element br-paragraph-space\">\n<div class=\"auto-hide-last-sibling-br paragraph-qzbcQC paragraph-element br-paragraph-space\">\n<div class=\"auto-hide-last-sibling-br paragraph-qzbcQC paragraph-element br-paragraph-space\">\n<div class=\"auto-hide-last-sibling-br paragraph-qzbcQC paragraph-element br-paragraph-space\">\n<div class=\"auto-hide-last-sibling-br paragraph-qzbcQC paragraph-element br-paragraph-space\">\n<div class=\"auto-hide-last-sibling-br paragraph-qzbcQC paragraph-element br-paragraph-space\">Bemutatjuk a Hydrophilic Foam gyermekp\u00e1rn\u00e1t, egy \u00e1lomsz\u00e9p alv\u00f3t\u00e1rsat, amelyet a 2-8 \u00e9ves gyermekek sz\u00e1m\u00e1ra szabtak. M\u00e9rete 45*<em>28*<\/em>3\/5CM, t\u00f6k\u00e9letes m\u00e9retekkel rendelkezik ahhoz, hogy gyermeke fej\u00e9t \u00e9s nyak\u00e1t b\u00f6lcs\u0151be helyezze, optim\u00e1lis t\u00e1maszt ny\u00fajtva a pihentet\u0151 alv\u00e1shoz.<\/div>\n<p>&nbsp;<\/p>\n<div class=\"auto-hide-last-sibling-br paragraph-qzbcQC paragraph-element br-paragraph-space\">A pr\u00e9mium min\u0151s\u00e9g\u0171 hidrofil habb\u00f3l k\u00e9sz\u00fclt p\u00e1rna a k\u00e9nyelem mintap\u00e9ld\u00e1nya. Kiv\u00e1l\u00f3an puha, \u00e9s arra invit\u00e1lja a kisgyermeket, hogy beles\u00fcllyedjen pl\u00fcss \u00f6lel\u00e9s\u00e9be. L\u00e9legz\u0151 jellege r\u00e1ad\u00e1sul h\u0171v\u00f6s \u00e9s kellemes alv\u00e1si k\u00f6rnyezetet biztos\u00edt, t\u00e1vol tartva a k\u00e9nyelmetlens\u00e9get, legyen sz\u00f3 ak\u00e1r egy meleg ny\u00e1ri \u00e9jszak\u00e1r\u00f3l, ak\u00e1r egy hangulatos t\u00e9li est\u00e9r\u0151l.<\/div>\n<p>&nbsp;<\/p>\n<div class=\"auto-hide-last-sibling-br paragraph-qzbcQC paragraph-element br-paragraph-space\">A p\u00e1rna fel\u00fclete a b\u00e1j vibr\u00e1l\u00f3 v\u00e1szna, amelyet a Kaka\u00f3mack\u00f3 mint\u00e1k elragad\u00f3 sora d\u00edsz\u00edt. A kalandv\u00e1gy\u00f3 Kaka\u00f3mack\u00f3t\u00f3l az \u0171rutaz\u00e1son, amely megmozgatja a k\u00e9pzeletet az univerzum csod\u00e1ir\u00f3l, a h\u0151sies Kaka\u00f3mack\u00f3ig, mint sz\u00f6rfbajnok, amely a b\u00e1tors\u00e1gr\u00f3l \u00e9s a ny\u00edlt tengeren val\u00f3 kalandoz\u00e1sr\u00f3l sz\u00f3l\u00f3 mes\u00e9ket inspir\u00e1l. Minden egyes mot\u00edvum egy-egy m\u00e1s-m\u00e1s, sz\u00f3rakoztat\u00f3 \u00e9s fant\u00e1ziad\u00fas vil\u00e1gba vezet, megragadja a gyermek k\u00e9pzelet\u00e9t, \u00e9s izgalmas utaz\u00e1st tesz az alv\u00e1sid\u0151b\u0151l.<\/div>\n<p>&nbsp;<\/p>\n<div class=\"auto-hide-last-sibling-br paragraph-qzbcQC paragraph-element br-paragraph-space\">Ezek a b\u00e1jos mint\u00e1k egy kis szem\u00e9lyis\u00e9get is k\u00f6lcs\u00f6n\u00f6znek gyermeke h\u00e1l\u00f3szob\u00e1j\u00e1nak. Az alv\u00f3hely\u00fck k\u00f6z\u00e9ppontj\u00e1v\u00e1 v\u00e1lik, az \u00f6r\u00f6m \u00e9s a k\u00e9nyelem forr\u00e1sa lesz. Meseid\u0151ben, amikor betakargatja gyermek\u00e9t, az im\u00e1dnival\u00f3 Kaka\u00f3mack\u00f3-illusztr\u00e1ci\u00f3k megalapozz\u00e1k az \u00e9des \u00e1lmokkal teli \u00e9jszak\u00e1t. H\u00e9tv\u00e9gi lust\u00e1lkod\u00e1sok alkalm\u00e1val pedig egy puha mened\u00e9k, ahol gyermeke ellazulhat \u00e9s kikapcsol\u00f3dhat.<\/div>\n<p>&nbsp;<\/p>\n<div class=\"auto-hide-last-sibling-br paragraph-qzbcQC paragraph-element br-paragraph-space\">A sz\u00fcl\u0151k el voltak ragadtatva ett\u0151l a p\u00e1rn\u00e1t\u00f3l. \"Az 5 \u00e9ves kisfiam teljesen im\u00e1dja a Hydrophilic Foam gyermekp\u00e1rn\u00e1t! A k\u00fcl\u00f6nb\u00f6z\u0151 Kaka\u00f3s mack\u00f3 mint\u00e1k nagy sikert aratnak, \u00e9s im\u00e1dom, hogy milyen puha \u00e9s l\u00e9legz\u0151. K\u00f6nny\u0171v\u00e9 tette a lefekv\u00e9st\" - osztotta meg egy elragadtatott anyuka. Egy apa is hozz\u00e1sz\u00f3lt: \"Igazi k\u00fcl\u00f6nbs\u00e9get vett\u00fcnk \u00e9szre a gyermek\u00fcnk alv\u00e1smin\u0151s\u00e9g\u00e9ben, mi\u00f3ta megkaptuk ezt a p\u00e1rn\u00e1t. J\u00f3l tartja mag\u00e1t, \u00e9s az aranyos mint\u00e1k miatt a h\u00e1l\u00f3szoba dekor\u00e1ci\u00f3j\u00e1nak kedvenc r\u00e9sze.\"<\/div>\n<p>&nbsp;<\/p>\n<div class=\"auto-hide-last-sibling-br paragraph-qzbcQC paragraph-element br-paragraph-space\">L\u00e9nyeg\u00e9ben a Hydrophilic Foam gyermekp\u00e1rna nem csup\u00e1n egy \u00e1gynem\u0171; ez gyermeke mindennapjainak megbecs\u00fclt r\u00e9sze, amely a k\u00e9nyelmet, a funkcionalit\u00e1st \u00e9s egy csipetnyi szesz\u00e9lyt \u00f6tv\u00f6zve olyan alv\u00e1si \u00e9lm\u00e9nyt ny\u00fajt, amilyet m\u00e9g soha.<\/div>\n<\/div>\n<\/div>\n<\/div>\n<\/div>\n<\/div>\n<\/div>\n<\/div>\n<\/div>\n<\/div>\n<\/div>\n<\/div>\n<\/div>\n<\/div>\n<\/div>\n<\/div>\n<\/div>\n<\/div>\n<\/div>\n<\/div>\n<\/div>\n<\/div>","protected":false},"excerpt":{"rendered":"<div class=\"container-QE4ayg\">\n<div class=\"item-jU10IN\">\n<div class=\"container-jODEnh chrome70-container\">\n<div class=\"inner-eE95c9 inner-item-aL3Ui_\" data-target-id=\"message-box-target-id\" data-testid=\"union_message\">\n<div class=\"message-block-container-liuetz\" data-testid=\"message-block-container\">\n<div class=\"message-box-ZWbBdF\" data-testid=\"receive_message\" data-message-id=\"3087713235977218\">\n<div class=\"message-box-content-wrapper-srHdUj\">\n<div class=\"message-content message-box-content-otxGGw receive-message-box-content-_lREFj samantha-message-box-content-Qjmpja\" data-testid=\"message_content\">\n<div class=\"container-hfX5E8 flow-markdown-body theme-samantha-yJEgBp\" dir=\"ltr\" data-testid=\"message_text_content\" data-show-indicator=\"false\">\n<div class=\"auto-hide-last-sibling-br paragraph-qzbcQC paragraph-element br-paragraph-space\">A Hydrophilic Foam gyermekp\u00e1rna ide\u00e1lis alv\u00e1si kieg\u00e9sz\u00edt\u0151 a 2-8 \u00e9ves kor\u00fa gyermekek sz\u00e1m\u00e1ra. 45* specifik\u00e1ci\u00f3val<em>28*<\/em>3\/5CM, k\u00e9nyelmes m\u00e9retet biztos\u00edt, amely megfelel\u0151 al\u00e1t\u00e1maszt\u00e1st ny\u00fajt a fej \u00e9s a nyak sz\u00e1m\u00e1ra. A p\u00e1rna hidrofil habb\u00f3l k\u00e9sz\u00fclt, amely puha \u00e9s l\u00e9legz\u0151, \u00edgy h\u0171v\u00f6s \u00e9s k\u00e9nyelmes alv\u00e1si k\u00f6rnyezetet biztos\u00edt. Fel\u00fclet\u00e9t sz\u00e1mos im\u00e1dnival\u00f3 Kaka\u00f3s mack\u00f3 minta d\u00edsz\u00edti, k\u00f6zt\u00fck k\u00fcl\u00f6nb\u00f6z\u0151 t\u00e9m\u00e1k, p\u00e9ld\u00e1ul \u0171rutaz\u00e1sok \u00e9s szuperh\u0151s kalandok. Ezek a b\u00e1jos mint\u00e1k nemcsak a gyermekek fant\u00e1zi\u00e1j\u00e1t sz\u00f3l\u00edtj\u00e1k meg, hanem egy kis vid\u00e1ms\u00e1got is k\u00f6lcs\u00f6n\u00f6znek a h\u00e1l\u00f3szob\u00e1juknak. Ez a p\u00e1rna egyes\u00edti a k\u00e9nyelmet, a funkcionalit\u00e1st \u00e9s a cukis\u00e1got, \u00edgy remek v\u00e1laszt\u00e1s a gyermekek alv\u00e1smin\u0151s\u00e9g\u00e9nek jav\u00edt\u00e1s\u00e1ra.<\/div>\n<\/div>\n<\/div>\n<\/div>\n<\/div>\n<\/div>\n<\/div>\n<\/div>\n<\/div>\n<\/div>\n<div class=\"container-QE4ayg\">\n<div class=\"item-jU10IN\">\n<div class=\"container-jODEnh chrome70-container\">\n<div class=\"inner-eE95c9 inner-item-aL3Ui_\" data-target-id=\"message-box-target-id\" data-testid=\"union_message\">\n<div class=\"message-block-container-liuetz\" data-testid=\"message-block-container\">\n<div class=\"message-box-ZWbBdF message-box__reverse-vkxp8L\" data-testid=\"send_message\" data-message-id=\"3087382231145474\">\n<div class=\"message-box-content-wrapper-srHdUj send-message-e0EUGT\">\n<div class=\"message-content message-box-content-otxGGw send-message-box-content-N1r3Gh samantha-message-box-content-Qjmpja\" data-testid=\"message_content\"><\/div>\n<\/div>\n<\/div>\n<\/div>\n<\/div>\n<\/div>\n<\/div>\n<\/div>","protected":false},"featured_media":3418,"comment_status":"open","ping_status":"closed","template":"","meta":{"_uag_custom_page_level_css":"","site-sidebar-layout":"default","site-content-layout":"","ast-site-content-layout":"default","site-content-style":"default","site-sidebar-style":"default","ast-global-header-display":"","ast-banner-title-visibility":"","ast-main-header-display":"","ast-hfb-above-header-display":"","ast-hfb-below-header-display":"","ast-hfb-mobile-header-display":"","site-post-title":"","ast-breadcrumbs-content":"","ast-featured-img":"","footer-sml-layout":"","ast-disable-related-posts":"","theme-transparent-header-meta":"default","adv-header-id-meta":"","stick-header-meta":"","header-above-stick-meta":"","header-main-stick-meta":"","header-below-stick-meta":"","astra-migrate-meta-layouts":"set","ast-page-background-enabled":"default","ast-page-background-meta":{"desktop":{"background-color":"","background-image":"","background-repeat":"repeat","background-position":"center center","background-size":"auto","background-attachment":"scroll","background-type":"","background-media":"","overlay-type":"","overlay-color":"","overlay-opacity":"","overlay-gradient":""},"tablet":{"background-color":"","background-image":"","background-repeat":"repeat","background-position":"center center","background-size":"auto","background-attachment":"scroll","background-type":"","background-media":"","overlay-type":"","overlay-color":"","overlay-opacity":"","overlay-gradient":""},"mobile":{"background-color":"","background-image":"","background-repeat":"repeat","background-position":"center center","background-size":"auto","background-attachment":"scroll","background-type":"","background-media":"","overlay-type":"","overlay-color":"","overlay-opacity":"","overlay-gradient":""}},"ast-content-background-meta":{"desktop":{"background-color":"var(--ast-global-color-5)","background-image":"","background-repeat":"repeat","background-position":"center center","background-size":"auto","background-attachment":"scroll","background-type":"","background-media":"","overlay-type":"","overlay-color":"","overlay-opacity":"","overlay-gradient":""},"tablet":{"background-color":"var(--ast-global-color-5)","background-image":"","background-repeat":"repeat","background-position":"center center","background-size":"auto","background-attachment":"scroll","background-type":"","background-media":"","overlay-type":"","overlay-color":"","overlay-opacity":"","overlay-gradient":""},"mobile":{"background-color":"var(--ast-global-color-5)","background-image":"","background-repeat":"repeat","background-position":"center center","background-size":"auto","background-attachment":"scroll","background-type":"","background-media":"","overlay-type":"","overlay-color":"","overlay-opacity":"","overlay-gradient":""}}},"product_brand":[],"product_cat":[57,42],"product_tag":[70,68,71,69],"class_list":{"0":"post-3417","1":"product","2":"type-product","3":"status-publish","4":"has-post-thumbnail","6":"product_cat-2-to-8-years","7":"product_cat-merchandise","8":"product_tag-babypillow","9":"product_tag-cuteanimalpillow","10":"product_tag-headshapesupport","11":"product_tag-kouniushapingpillow","12":"desktop-align-left","13":"tablet-align-left","14":"mobile-align-left","16":"first","17":"instock","18":"shipping-taxable","19":"product-type-simple"},"aioseo_notices":[],"uagb_featured_image_src":{"full":["https:\/\/babypillowwholesale.com\/wp-content\/uploads\/2025\/04\/1709.jpg",1000,1000,false],"thumbnail":["https:\/\/babypillowwholesale.com\/wp-content\/uploads\/2025\/04\/1709-150x150.jpg",150,150,true],"medium":["https:\/\/babypillowwholesale.com\/wp-content\/uploads\/2025\/04\/1709-300x300.jpg",300,300,true],"medium_large":["https:\/\/babypillowwholesale.com\/wp-content\/uploads\/2025\/04\/1709-768x768.jpg",768,768,true],"large":["https:\/\/babypillowwholesale.com\/wp-content\/uploads\/2025\/04\/1709.jpg",1000,1000,false],"1536x1536":["https:\/\/babypillowwholesale.com\/wp-content\/uploads\/2025\/04\/1709.jpg",1000,1000,false],"2048x2048":["https:\/\/babypillowwholesale.com\/wp-content\/uploads\/2025\/04\/1709.jpg",1000,1000,false],"trp-custom-language-flag":["https:\/\/babypillowwholesale.com\/wp-content\/uploads\/2025\/04\/1709.jpg",12,12,false],"woocommerce_thumbnail":["https:\/\/babypillowwholesale.com\/wp-content\/uploads\/2025\/04\/1709-300x300.jpg",300,300,true],"woocommerce_single":["https:\/\/babypillowwholesale.com\/wp-content\/uploads\/2025\/04\/1709-600x600.jpg",600,600,true],"woocommerce_gallery_thumbnail":["https:\/\/babypillowwholesale.com\/wp-content\/uploads\/2025\/04\/1709-100x100.jpg",100,100,true]},"uagb_author_info":{"display_name":"Etnen zhong","author_link":"https:\/\/babypillowwholesale.com\/hu\/author\/"},"uagb_comment_info":0,"uagb_excerpt":"The Hydrophilic Foam Children's Pillow is an ideal sleep accessory for children aged 2 - 8 years. With a specification of 45*28*3\/5CM, it provides a comfortable size that offers proper support for the head and neck. The pillow is made of hydrophilic foam, which is soft and breathable, ensuring a cool and cozy sleep environment.&hellip;","jetpack_sharing_enabled":true,"_links":{"self":[{"href":"https:\/\/babypillowwholesale.com\/hu\/wp-json\/wp\/v2\/product\/3417","targetHints":{"allow":["GET"]}}],"collection":[{"href":"https:\/\/babypillowwholesale.com\/hu\/wp-json\/wp\/v2\/product"}],"about":[{"href":"https:\/\/babypillowwholesale.com\/hu\/wp-json\/wp\/v2\/types\/product"}],"replies":[{"embeddable":true,"href":"https:\/\/babypillowwholesale.com\/hu\/wp-json\/wp\/v2\/comments?post=3417"}],"wp:featuredmedia":[{"embeddable":true,"href":"https:\/\/babypillowwholesale.com\/hu\/wp-json\/wp\/v2\/media\/3418"}],"wp:attachment":[{"href":"https:\/\/babypillowwholesale.com\/hu\/wp-json\/wp\/v2\/media?parent=3417"}],"wp:term":[{"taxonomy":"product_brand","embeddable":true,"href":"https:\/\/babypillowwholesale.com\/hu\/wp-json\/wp\/v2\/product_brand?post=3417"},{"taxonomy":"product_cat","embeddable":true,"href":"https:\/\/babypillowwholesale.com\/hu\/wp-json\/wp\/v2\/product_cat?post=3417"},{"taxonomy":"product_tag","embeddable":true,"href":"https:\/\/babypillowwholesale.com\/hu\/wp-json\/wp\/v2\/product_tag?post=3417"}],"curies":[{"name":"wp","href":"https:\/\/api.w.org\/{rel}","templated":true}]}}