{"id":3415,"date":"2025-04-15T10:00:44","date_gmt":"2025-04-15T10:00:44","guid":{"rendered":"https:\/\/babypillowwholesale.com\/?post_type=product&#038;p=3415"},"modified":"2025-06-08T03:12:46","modified_gmt":"2025-06-08T03:12:46","slug":"dot-plush-childrens-pillow","status":"publish","type":"product","link":"https:\/\/babypillowwholesale.com\/hu\/product\/dot-plush-childrens-pillow\/","title":{"rendered":"Dot - Pl\u00fcss gyermekp\u00e1rna"},"content":{"rendered":"<div class=\"auto-hide-last-sibling-br paragraph-qzbcQC paragraph-element br-paragraph-space\" data-immersive-translate-walked=\"8e61f2e7-6af2-46e5-9672-3b9e4f4033d9\" data-immersive-translate-paragraph=\"1\">\n<div class=\"auto-hide-last-sibling-br paragraph-qzbcQC paragraph-element br-paragraph-space\">\n<div class=\"auto-hide-last-sibling-br paragraph-qzbcQC paragraph-element br-paragraph-space\">\n<div class=\"auto-hide-last-sibling-br paragraph-qzbcQC paragraph-element br-paragraph-space\">\n<div class=\"auto-hide-last-sibling-br paragraph-qzbcQC paragraph-element br-paragraph-space\">\n<div class=\"auto-hide-last-sibling-br paragraph-qzbcQC paragraph-element br-paragraph-space\">\n<div class=\"inter-wlTS5w\">\n<div class=\"container-QE4ayg\">\n<div class=\"item-jU10IN\">\n<div class=\"container-jODEnh chrome70-container\">\n<div class=\"inner-eE95c9 inner-item-aL3Ui_\" data-target-id=\"message-box-target-id\" data-testid=\"union_message\">\n<div class=\"message-block-container-liuetz\" data-testid=\"message-block-container\">\n<div class=\"message-box-ZWbBdF\" data-testid=\"receive_message\">\n<div class=\"message-box-content-wrapper-srHdUj\">\n<div class=\"message-content message-box-content-otxGGw receive-message-box-content-_lREFj samantha-message-box-content-Qjmpja\" data-testid=\"message_content\">\n<div class=\"container-hfX5E8 flow-markdown-body theme-samantha-yJEgBp\" dir=\"ltr\" data-testid=\"message_text_content\" data-show-indicator=\"false\">\n<div class=\"auto-hide-last-sibling-br paragraph-qzbcQC paragraph-element br-paragraph-space\">\n<div class=\"auto-hide-last-sibling-br paragraph-qzbcQC paragraph-element br-paragraph-space\">\n<div class=\"auto-hide-last-sibling-br paragraph-qzbcQC paragraph-element br-paragraph-space\">\n<div class=\"auto-hide-last-sibling-br paragraph-qzbcQC paragraph-element br-paragraph-space\">\n<div class=\"auto-hide-last-sibling-br paragraph-qzbcQC paragraph-element br-paragraph-space\">K\u00e9nyeztesse gyermek\u00e9t a Dot - Pl\u00fcss gyermekp\u00e1rna luxus puhas\u00e1g\u00e1val, amelyet apr\u00f3l\u00e9kosan 2-8 \u00e9ves koroszt\u00e1ly sz\u00e1m\u00e1ra terveztek. A gyeng\u00e9d, kiemelked\u0151 p\u00f6tty\u00f6kkel d\u00edsz\u00edtett fel\u00fclete egyed\u00fcl\u00e1ll\u00f3an tapinthat\u00f3 \u00e9s megnyugtat\u00f3 \u00e9lm\u00e9nyt ny\u00fajt, mintha egy puha \u00f6lel\u00e9s lenne a kicsi feje sz\u00e1m\u00e1ra. M\u00e9rete 45*<em>28*<\/em>3\/5CM, optim\u00e1lis al\u00e1t\u00e1maszt\u00e1st ny\u00fajt a fejnek \u00e9s a nyaknak, biztos\u00edtva az eg\u00e9szs\u00e9ges \u00e9s pihentet\u0151 alv\u00e1si testtart\u00e1st, ak\u00e1r az \u00e9jszakai \u00e1gyban fekszenek, ak\u00e1r egy kellemes d\u00e9lut\u00e1ni szuny\u00f3k\u00e1l\u00e1st \u00e9lveznek. B\u00e1jos r\u00f3zsasz\u00edn vagy nyugtat\u00f3 k\u00e9k sz\u00ednben kaphat\u00f3, \u00edgy k\u00f6nnyed\u00e9n kieg\u00e9sz\u00edti b\u00e1rmely h\u00e1l\u00f3szoba dekor\u00e1ci\u00f3j\u00e1t.<\/div>\n<p>&nbsp;<\/p>\n<div class=\"auto-hide-last-sibling-br paragraph-qzbcQC paragraph-element br-paragraph-space\">A sz\u00fcl\u0151k \u00e1radoznak a vonzerej\u00e9r\u0151l: A gyerekem im\u00e1dja az \u00e1llag\u00e1t - \"puha felh\u0151nek\" h\u00edvja! Ez lett a lefekv\u00e9s el\u0151tti k\u00f6telez\u0151 kell\u00e9k\" - osztotta meg egy elragadtatott anyuka. Egy apa hozz\u00e1tette: \"Tart\u00f3s is - sz\u00e1mtalan mos\u00e1s ut\u00e1n is puha marad a pl\u00fcss. Minden p\u00e9nzt meg\u00e9r!\"<\/div>\n<p>&nbsp;<\/p>\n<div class=\"auto-hide-last-sibling-br paragraph-qzbcQC paragraph-element br-paragraph-space\">Ez a p\u00e1rna t\u00f6k\u00e9letes az esti mes\u00e9khez, a lusta h\u00e9tv\u00e9gi szuny\u00f3k\u00e1l\u00e1shoz, vagy egyszer\u0171en csak egy kis k\u00e9nyelemmel gazdag\u00edtja az alv\u00f3hely\u00fcket, \u00e9s a h\u00e9tk\u00f6znapi pillanatokat nyugodt, meghitt \u00e9lm\u00e9nny\u00e9 var\u00e1zsolja. Ez t\u00f6bb, mint egy egyszer\u0171 p\u00e1rna; ez egy d\u00e9delgetett t\u00e1rs minden \u00e1lommal teli \u00e1lomban.<\/div>\n<\/div>\n<\/div>\n<\/div>\n<\/div>\n<\/div>\n<\/div>\n<\/div>\n<\/div>\n<\/div>\n<\/div>\n<\/div>\n<\/div>\n<\/div>\n<\/div>\n<\/div>\n<\/div>\n<\/div>\n<\/div>\n<\/div>\n<\/div>","protected":false},"excerpt":{"rendered":"<p>A Dot - pl\u00fcss gyermekp\u00e1rna kiv\u00e1l\u00f3 v\u00e1laszt\u00e1s 2-8 \u00e9ves kor\u00fa gyermekek sz\u00e1m\u00e1ra. Fel\u00fclet\u00e9t puha pont - pl\u00fcss text\u00fara bor\u00edtja, amely nemcsak egyed\u00fcl\u00e1ll\u00f3 tapint\u00e1si \u00e9lm\u00e9nyt ny\u00fajt, hanem egy kis luxust is k\u00f6lcs\u00f6n\u00f6z. 45* specifik\u00e1ci\u00f3val<em>28*<\/em>3\/5CM, k\u00e9nyelmes m\u00e9retet biztos\u00edt, amely megfelel\u0151 al\u00e1t\u00e1maszt\u00e1st ny\u00fajt a fejnek \u00e9s a nyaknak. K\u00e9t b\u00e1jos sz\u00ednben, r\u00f3zsasz\u00ednben \u00e9s k\u00e9kben kaphat\u00f3, \u00edgy k\u00fcl\u00f6nb\u00f6z\u0151 h\u00e1l\u00f3szobai dekor\u00e1ci\u00f3khoz illeszkedik. Kiv\u00e1l\u00f3 - min\u0151s\u00e9g\u0171 anyagokb\u00f3l k\u00e9sz\u00fclt, ez a p\u00e1rna k\u00e9nyelmes \u00e9s pihentet\u0151 alv\u00e1st biztos\u00edt, seg\u00edt a gyermekeknek pihenni \u00e9s \u00e9lvezni a j\u00f3 \u00e9jszakai pihen\u00e9st. A k\u00e9nyelem \u00e9s a st\u00edlus t\u00f6k\u00e9letes kever\u00e9ke a fiatal alv\u00f3k sz\u00e1m\u00e1ra.<\/p>","protected":false},"featured_media":3416,"comment_status":"open","ping_status":"closed","template":"","meta":{"_uag_custom_page_level_css":"","site-sidebar-layout":"default","site-content-layout":"","ast-site-content-layout":"default","site-content-style":"default","site-sidebar-style":"default","ast-global-header-display":"","ast-banner-title-visibility":"","ast-main-header-display":"","ast-hfb-above-header-display":"","ast-hfb-below-header-display":"","ast-hfb-mobile-header-display":"","site-post-title":"","ast-breadcrumbs-content":"","ast-featured-img":"","footer-sml-layout":"","ast-disable-related-posts":"","theme-transparent-header-meta":"default","adv-header-id-meta":"","stick-header-meta":"","header-above-stick-meta":"","header-main-stick-meta":"","header-below-stick-meta":"","astra-migrate-meta-layouts":"set","ast-page-background-enabled":"default","ast-page-background-meta":{"desktop":{"background-color":"","background-image":"","background-repeat":"repeat","background-position":"center center","background-size":"auto","background-attachment":"scroll","background-type":"","background-media":"","overlay-type":"","overlay-color":"","overlay-opacity":"","overlay-gradient":""},"tablet":{"background-color":"","background-image":"","background-repeat":"repeat","background-position":"center center","background-size":"auto","background-attachment":"scroll","background-type":"","background-media":"","overlay-type":"","overlay-color":"","overlay-opacity":"","overlay-gradient":""},"mobile":{"background-color":"","background-image":"","background-repeat":"repeat","background-position":"center center","background-size":"auto","background-attachment":"scroll","background-type":"","background-media":"","overlay-type":"","overlay-color":"","overlay-opacity":"","overlay-gradient":""}},"ast-content-background-meta":{"desktop":{"background-color":"var(--ast-global-color-5)","background-image":"","background-repeat":"repeat","background-position":"center center","background-size":"auto","background-attachment":"scroll","background-type":"","background-media":"","overlay-type":"","overlay-color":"","overlay-opacity":"","overlay-gradient":""},"tablet":{"background-color":"var(--ast-global-color-5)","background-image":"","background-repeat":"repeat","background-position":"center center","background-size":"auto","background-attachment":"scroll","background-type":"","background-media":"","overlay-type":"","overlay-color":"","overlay-opacity":"","overlay-gradient":""},"mobile":{"background-color":"var(--ast-global-color-5)","background-image":"","background-repeat":"repeat","background-position":"center center","background-size":"auto","background-attachment":"scroll","background-type":"","background-media":"","overlay-type":"","overlay-color":"","overlay-opacity":"","overlay-gradient":""}}},"product_brand":[],"product_cat":[57,42],"product_tag":[70,68,71,69],"class_list":{"0":"post-3415","1":"product","2":"type-product","3":"status-publish","4":"has-post-thumbnail","6":"product_cat-2-to-8-years","7":"product_cat-merchandise","8":"product_tag-babypillow","9":"product_tag-cuteanimalpillow","10":"product_tag-headshapesupport","11":"product_tag-kouniushapingpillow","12":"desktop-align-left","13":"tablet-align-left","14":"mobile-align-left","16":"first","17":"instock","18":"shipping-taxable","19":"product-type-simple"},"aioseo_notices":[],"uagb_featured_image_src":{"full":["https:\/\/babypillowwholesale.com\/wp-content\/uploads\/2025\/04\/1703.jpg",1000,1000,false],"thumbnail":["https:\/\/babypillowwholesale.com\/wp-content\/uploads\/2025\/04\/1703-150x150.jpg",150,150,true],"medium":["https:\/\/babypillowwholesale.com\/wp-content\/uploads\/2025\/04\/1703-300x300.jpg",300,300,true],"medium_large":["https:\/\/babypillowwholesale.com\/wp-content\/uploads\/2025\/04\/1703-768x768.jpg",768,768,true],"large":["https:\/\/babypillowwholesale.com\/wp-content\/uploads\/2025\/04\/1703.jpg",1000,1000,false],"1536x1536":["https:\/\/babypillowwholesale.com\/wp-content\/uploads\/2025\/04\/1703.jpg",1000,1000,false],"2048x2048":["https:\/\/babypillowwholesale.com\/wp-content\/uploads\/2025\/04\/1703.jpg",1000,1000,false],"trp-custom-language-flag":["https:\/\/babypillowwholesale.com\/wp-content\/uploads\/2025\/04\/1703.jpg",12,12,false],"woocommerce_thumbnail":["https:\/\/babypillowwholesale.com\/wp-content\/uploads\/2025\/04\/1703-300x300.jpg",300,300,true],"woocommerce_single":["https:\/\/babypillowwholesale.com\/wp-content\/uploads\/2025\/04\/1703-600x600.jpg",600,600,true],"woocommerce_gallery_thumbnail":["https:\/\/babypillowwholesale.com\/wp-content\/uploads\/2025\/04\/1703-100x100.jpg",100,100,true]},"uagb_author_info":{"display_name":"Etnen zhong","author_link":"https:\/\/babypillowwholesale.com\/hu\/author\/"},"uagb_comment_info":0,"uagb_excerpt":"The Dot - Plush Children's Pillow is an excellent choice for children aged 2 - 8 years. Its surface is covered with a soft dot - plush texture, which not only offers a unique tactile experience but also adds a touch of luxury. With a specification of 45*28*3\/5CM, it provides a comfortable size that gives&hellip;","jetpack_sharing_enabled":true,"_links":{"self":[{"href":"https:\/\/babypillowwholesale.com\/hu\/wp-json\/wp\/v2\/product\/3415","targetHints":{"allow":["GET"]}}],"collection":[{"href":"https:\/\/babypillowwholesale.com\/hu\/wp-json\/wp\/v2\/product"}],"about":[{"href":"https:\/\/babypillowwholesale.com\/hu\/wp-json\/wp\/v2\/types\/product"}],"replies":[{"embeddable":true,"href":"https:\/\/babypillowwholesale.com\/hu\/wp-json\/wp\/v2\/comments?post=3415"}],"wp:featuredmedia":[{"embeddable":true,"href":"https:\/\/babypillowwholesale.com\/hu\/wp-json\/wp\/v2\/media\/3416"}],"wp:attachment":[{"href":"https:\/\/babypillowwholesale.com\/hu\/wp-json\/wp\/v2\/media?parent=3415"}],"wp:term":[{"taxonomy":"product_brand","embeddable":true,"href":"https:\/\/babypillowwholesale.com\/hu\/wp-json\/wp\/v2\/product_brand?post=3415"},{"taxonomy":"product_cat","embeddable":true,"href":"https:\/\/babypillowwholesale.com\/hu\/wp-json\/wp\/v2\/product_cat?post=3415"},{"taxonomy":"product_tag","embeddable":true,"href":"https:\/\/babypillowwholesale.com\/hu\/wp-json\/wp\/v2\/product_tag?post=3415"}],"curies":[{"name":"wp","href":"https:\/\/api.w.org\/{rel}","templated":true}]}}