{"id":3411,"date":"2025-04-15T08:13:19","date_gmt":"2025-04-15T08:13:19","guid":{"rendered":"https:\/\/babypillowwholesale.com\/?post_type=product&#038;p=3411"},"modified":"2025-06-08T03:18:15","modified_gmt":"2025-06-08T03:18:15","slug":"good-bear-and-happy-rabbit-childrens-pillow","status":"publish","type":"product","link":"https:\/\/babypillowwholesale.com\/hu\/product\/good-bear-and-happy-rabbit-childrens-pillow\/","title":{"rendered":"J\u00f3 mack\u00f3 \u00e9s boldog ny\u00fal gyermek p\u00e1rna"},"content":{"rendered":"<div class=\"auto-hide-last-sibling-br paragraph-qzbcQC paragraph-element br-paragraph-space\" data-immersive-translate-walked=\"8e61f2e7-6af2-46e5-9672-3b9e4f4033d9\" data-immersive-translate-paragraph=\"1\">\n<div class=\"auto-hide-last-sibling-br paragraph-qzbcQC paragraph-element br-paragraph-space\">\n<div class=\"auto-hide-last-sibling-br paragraph-qzbcQC paragraph-element br-paragraph-space\">\n<div class=\"auto-hide-last-sibling-br paragraph-qzbcQC paragraph-element br-paragraph-space\">\n<div class=\"auto-hide-last-sibling-br paragraph-qzbcQC paragraph-element br-paragraph-space\">\n<div class=\"auto-hide-last-sibling-br paragraph-qzbcQC paragraph-element br-paragraph-space\">\n<div class=\"inter-wlTS5w\">\n<div class=\"container-QE4ayg\">\n<div class=\"item-jU10IN\">\n<div class=\"container-jODEnh chrome70-container\">\n<div class=\"inner-eE95c9 inner-item-aL3Ui_\" data-target-id=\"message-box-target-id\" data-testid=\"union_message\">\n<div class=\"message-block-container-liuetz\" data-testid=\"message-block-container\">\n<div class=\"message-box-ZWbBdF\" data-testid=\"receive_message\">\n<div class=\"message-box-content-wrapper-srHdUj\">\n<div class=\"message-content message-box-content-otxGGw receive-message-box-content-_lREFj samantha-message-box-content-Qjmpja\" data-testid=\"message_content\">\n<div class=\"container-hfX5E8 flow-markdown-body theme-samantha-yJEgBp\" dir=\"ltr\" data-testid=\"message_text_content\" data-show-indicator=\"false\">\n<div class=\"auto-hide-last-sibling-br paragraph-qzbcQC paragraph-element br-paragraph-space\">\n<div class=\"auto-hide-last-sibling-br paragraph-qzbcQC paragraph-element br-paragraph-space\">\n<div class=\"auto-hide-last-sibling-br paragraph-qzbcQC paragraph-element br-paragraph-space\">Bemutatjuk a Good Bear and Happy Rabbit gyermekp\u00e1rn\u00e1t, a 2-8 \u00e9ves kor\u00fa gyermekek sz\u00e1m\u00e1ra k\u00e9sz\u00fclt, b\u00e1jos alv\u00f3t\u00e1rsat. Ez a p\u00e1rna k\u00e9t elb\u0171v\u00f6l\u0151 mint\u00e1val rendelkezik: egyik oldal\u00e1n egy aranyos, vid\u00e1m s\u00e1llal d\u00edsz\u00edtett medve, m\u00edg a m\u00e1sik oldal\u00e1n egy kedves ny\u00fal l\u00e1that\u00f3, mindkett\u0151 puha t\u00f3nus\u00fa h\u00e1tt\u00e9r el\u0151tt. A r\u00f3zsasz\u00edn (a ny\u00fal diz\u00e1jnj\u00e1hoz t\u00f6k\u00e9letesen ill\u0151) \u00e9s a s\u00f6t\u00e9tz\u00f6ld (a medve b\u00e1j\u00e1t kieg\u00e9sz\u00edt\u0151) sz\u00ednekben kaphat\u00f3, \u00edgy a k\u00fcl\u00f6nb\u00f6z\u0151 eszt\u00e9tikai preferenci\u00e1knak is megfelel.<\/div>\n<p>&nbsp;<\/p>\n<div class=\"auto-hide-last-sibling-br paragraph-qzbcQC paragraph-element br-paragraph-space\">45* specifik\u00e1ci\u00f3val<em>28*<\/em>3\/5CM, ide\u00e1lis m\u00e9retet k\u00edn\u00e1l a fiatal alv\u00f3k sz\u00e1m\u00e1ra, \u00e9s elegend\u0151 t\u00e1maszt ny\u00fajt a fejnek \u00e9s a nyaknak. A rendk\u00edv\u00fcl puha anyagokb\u00f3l k\u00e9sz\u00fclt, k\u00e9nyelmes \u00e9s pihentet\u0151 alv\u00e1st biztos\u00edt, ak\u00e1r egy f\u00e1raszt\u00f3 j\u00e1t\u00e9knap ut\u00e1n, ak\u00e1r egy h\u00e9tv\u00e9gi szuny\u00f3k\u00e1l\u00e1sra k\u00e9sz\u00fcl gyermeke. A b\u00e1jos \u00e1llatmint\u00e1k szesz\u00e9lyes hangulatot k\u00f6lcs\u00f6n\u00f6znek b\u00e1rmelyik h\u00e1l\u00f3szob\u00e1nak, \u00e9s j\u00e1t\u00e9kos mened\u00e9kk\u00e9 var\u00e1zsolj\u00e1k azt.<\/div>\n<p>&nbsp;<\/p>\n<div class=\"auto-hide-last-sibling-br paragraph-qzbcQC paragraph-element br-paragraph-space\">A sz\u00fcl\u0151k \u00e1radoznak a vonzerej\u00e9r\u0151l. \"Az 5 \u00e9ves kisfiam im\u00e1d v\u00e1ltogatni a medve \u00e9s a ny\u00fal oldal k\u00f6z\u00f6tt! A p\u00e1rna olyan puha, a sz\u00ednek pedig \u00e9l\u00e9nkek. A lefekv\u00e9s kedvenc r\u00e9sz\u00e9v\u00e9 v\u00e1lt\" - osztotta meg egy el\u00e9gedett anyuka. Egy apa hozz\u00e1tette: \"Nagyra \u00e9rt\u00e9kelj\u00fck a min\u0151s\u00e9get - h\u00f3napokig tart\u00f3 haszn\u00e1lat \u00e9s mos\u00e1s ut\u00e1n m\u00e9g mindig j\u00f3l n\u00e9z ki. Csod\u00e1latos kever\u00e9ke a k\u00e9nyelemnek \u00e9s a cukis\u00e1gnak\".<\/div>\n<p>&nbsp;<\/p>\n<div class=\"auto-hide-last-sibling-br paragraph-qzbcQC paragraph-element br-paragraph-space\">L\u00e9nyeg\u00e9ben ez a p\u00e1rna nem csak alv\u00e1sra val\u00f3; b\u00e1jos kieg\u00e9sz\u00edt\u0151je b\u00e1rmelyik gyerekszob\u00e1nak, amely j\u00e1t\u00e9k k\u00f6zben beind\u00edtja a fant\u00e1zi\u00e1t, \u00e9s puha pihen\u0151helyet k\u00edn\u00e1l. T\u00f6k\u00e9letes v\u00e1laszt\u00e1s arra, hogy gyermeke mindennapjainak k\u00e9nyelm\u00e9t \u00e9s \u00f6r\u00f6m\u00e9t egyar\u00e1nt fokozza.<\/div>\n<\/div>\n<\/div>\n<\/div>\n<\/div>\n<\/div>\n<\/div>\n<\/div>\n<\/div>\n<\/div>\n<\/div>\n<\/div>\n<\/div>\n<\/div>\n<\/div>\n<\/div>\n<\/div>\n<\/div>\n<\/div>","protected":false},"excerpt":{"rendered":"<p>A Good Bear and Happy Rabbit gyermekp\u00e1rna kiv\u00e1l\u00f3 alv\u00e1si kieg\u00e9sz\u00edt\u0151 2-8 \u00e9ves kor\u00fa gyermekek sz\u00e1m\u00e1ra. Kialak\u00edt\u00e1sa k\u00e9t kedves mint\u00e1t tartalmaz: egy aranyos medv\u00e9t a vil\u00e1gosk\u00e9k oldalon \u00e9s egy b\u00e1jos nyulat a r\u00f3zsasz\u00edn oldalon, a k\u00fcl\u00f6nb\u00f6z\u0151 preferenci\u00e1knak megfelel\u0151en. 45* specifik\u00e1ci\u00f3val<em>28*<\/em>3\/5CM, k\u00e9nyelmes m\u00e9retet biztos\u00edt a koroszt\u00e1ly sz\u00e1m\u00e1ra. A p\u00e1rna puha anyagokb\u00f3l k\u00e9sz\u00fclt, \u00edgy biztos\u00edtja a k\u00e9nyelmes \u00e9s pihentet\u0151 alv\u00e1st. Nemcsak megfelel\u0151 al\u00e1t\u00e1maszt\u00e1st ny\u00fajt a fejnek \u00e9s a nyaknak, hanem elb\u0171v\u00f6l\u0151 \u00e1llatmint\u00e1ival egy cuki kis cukis\u00e1got is k\u00f6lcs\u00f6n\u00f6z a h\u00e1l\u00f3szob\u00e1nak, \u00edgy remek v\u00e1laszt\u00e1s a gyermekek alv\u00e1s\u00e9lm\u00e9ny\u00e9nek fokoz\u00e1s\u00e1ra.<\/p>","protected":false},"featured_media":3412,"comment_status":"open","ping_status":"closed","template":"","meta":{"_uag_custom_page_level_css":"","site-sidebar-layout":"default","site-content-layout":"","ast-site-content-layout":"default","site-content-style":"default","site-sidebar-style":"default","ast-global-header-display":"","ast-banner-title-visibility":"","ast-main-header-display":"","ast-hfb-above-header-display":"","ast-hfb-below-header-display":"","ast-hfb-mobile-header-display":"","site-post-title":"","ast-breadcrumbs-content":"","ast-featured-img":"","footer-sml-layout":"","ast-disable-related-posts":"","theme-transparent-header-meta":"default","adv-header-id-meta":"","stick-header-meta":"","header-above-stick-meta":"","header-main-stick-meta":"","header-below-stick-meta":"","astra-migrate-meta-layouts":"set","ast-page-background-enabled":"default","ast-page-background-meta":{"desktop":{"background-color":"","background-image":"","background-repeat":"repeat","background-position":"center center","background-size":"auto","background-attachment":"scroll","background-type":"","background-media":"","overlay-type":"","overlay-color":"","overlay-opacity":"","overlay-gradient":""},"tablet":{"background-color":"","background-image":"","background-repeat":"repeat","background-position":"center center","background-size":"auto","background-attachment":"scroll","background-type":"","background-media":"","overlay-type":"","overlay-color":"","overlay-opacity":"","overlay-gradient":""},"mobile":{"background-color":"","background-image":"","background-repeat":"repeat","background-position":"center center","background-size":"auto","background-attachment":"scroll","background-type":"","background-media":"","overlay-type":"","overlay-color":"","overlay-opacity":"","overlay-gradient":""}},"ast-content-background-meta":{"desktop":{"background-color":"var(--ast-global-color-5)","background-image":"","background-repeat":"repeat","background-position":"center center","background-size":"auto","background-attachment":"scroll","background-type":"","background-media":"","overlay-type":"","overlay-color":"","overlay-opacity":"","overlay-gradient":""},"tablet":{"background-color":"var(--ast-global-color-5)","background-image":"","background-repeat":"repeat","background-position":"center center","background-size":"auto","background-attachment":"scroll","background-type":"","background-media":"","overlay-type":"","overlay-color":"","overlay-opacity":"","overlay-gradient":""},"mobile":{"background-color":"var(--ast-global-color-5)","background-image":"","background-repeat":"repeat","background-position":"center center","background-size":"auto","background-attachment":"scroll","background-type":"","background-media":"","overlay-type":"","overlay-color":"","overlay-opacity":"","overlay-gradient":""}}},"product_brand":[],"product_cat":[57,42],"product_tag":[70,68,71,69],"class_list":{"0":"post-3411","1":"product","2":"type-product","3":"status-publish","4":"has-post-thumbnail","6":"product_cat-2-to-8-years","7":"product_cat-merchandise","8":"product_tag-babypillow","9":"product_tag-cuteanimalpillow","10":"product_tag-headshapesupport","11":"product_tag-kouniushapingpillow","12":"desktop-align-left","13":"tablet-align-left","14":"mobile-align-left","16":"first","17":"instock","18":"shipping-taxable","19":"product-type-simple"},"aioseo_notices":[],"uagb_featured_image_src":{"full":["https:\/\/babypillowwholesale.com\/wp-content\/uploads\/2025\/04\/1630.jpg",1000,1000,false],"thumbnail":["https:\/\/babypillowwholesale.com\/wp-content\/uploads\/2025\/04\/1630-150x150.jpg",150,150,true],"medium":["https:\/\/babypillowwholesale.com\/wp-content\/uploads\/2025\/04\/1630-300x300.jpg",300,300,true],"medium_large":["https:\/\/babypillowwholesale.com\/wp-content\/uploads\/2025\/04\/1630-768x768.jpg",768,768,true],"large":["https:\/\/babypillowwholesale.com\/wp-content\/uploads\/2025\/04\/1630.jpg",1000,1000,false],"1536x1536":["https:\/\/babypillowwholesale.com\/wp-content\/uploads\/2025\/04\/1630.jpg",1000,1000,false],"2048x2048":["https:\/\/babypillowwholesale.com\/wp-content\/uploads\/2025\/04\/1630.jpg",1000,1000,false],"trp-custom-language-flag":["https:\/\/babypillowwholesale.com\/wp-content\/uploads\/2025\/04\/1630.jpg",12,12,false],"woocommerce_thumbnail":["https:\/\/babypillowwholesale.com\/wp-content\/uploads\/2025\/04\/1630-300x300.jpg",300,300,true],"woocommerce_single":["https:\/\/babypillowwholesale.com\/wp-content\/uploads\/2025\/04\/1630-600x600.jpg",600,600,true],"woocommerce_gallery_thumbnail":["https:\/\/babypillowwholesale.com\/wp-content\/uploads\/2025\/04\/1630-100x100.jpg",100,100,true]},"uagb_author_info":{"display_name":"Etnen zhong","author_link":"https:\/\/babypillowwholesale.com\/hu\/author\/"},"uagb_comment_info":0,"uagb_excerpt":"The Good Bear and Happy Rabbit Children's Pillow is an excellent sleep accessory for children aged 2 - 8 years. Its design features two lovely patterns: a cute bear on the light blue side and a charming rabbit on the pink side, catering to different preferences. With a specification of 45*28*3\/5CM, it provides a comfortable&hellip;","jetpack_sharing_enabled":true,"_links":{"self":[{"href":"https:\/\/babypillowwholesale.com\/hu\/wp-json\/wp\/v2\/product\/3411","targetHints":{"allow":["GET"]}}],"collection":[{"href":"https:\/\/babypillowwholesale.com\/hu\/wp-json\/wp\/v2\/product"}],"about":[{"href":"https:\/\/babypillowwholesale.com\/hu\/wp-json\/wp\/v2\/types\/product"}],"replies":[{"embeddable":true,"href":"https:\/\/babypillowwholesale.com\/hu\/wp-json\/wp\/v2\/comments?post=3411"}],"wp:featuredmedia":[{"embeddable":true,"href":"https:\/\/babypillowwholesale.com\/hu\/wp-json\/wp\/v2\/media\/3412"}],"wp:attachment":[{"href":"https:\/\/babypillowwholesale.com\/hu\/wp-json\/wp\/v2\/media?parent=3411"}],"wp:term":[{"taxonomy":"product_brand","embeddable":true,"href":"https:\/\/babypillowwholesale.com\/hu\/wp-json\/wp\/v2\/product_brand?post=3411"},{"taxonomy":"product_cat","embeddable":true,"href":"https:\/\/babypillowwholesale.com\/hu\/wp-json\/wp\/v2\/product_cat?post=3411"},{"taxonomy":"product_tag","embeddable":true,"href":"https:\/\/babypillowwholesale.com\/hu\/wp-json\/wp\/v2\/product_tag?post=3411"}],"curies":[{"name":"wp","href":"https:\/\/api.w.org\/{rel}","templated":true}]}}