{"id":3408,"date":"2025-04-15T07:56:02","date_gmt":"2025-04-15T07:56:02","guid":{"rendered":"https:\/\/babypillowwholesale.com\/?post_type=product&#038;p=3408"},"modified":"2025-06-08T07:48:00","modified_gmt":"2025-06-08T07:48:00","slug":"neck-protecting-pillow","status":"publish","type":"product","link":"https:\/\/babypillowwholesale.com\/hu\/product\/neck-protecting-pillow\/","title":{"rendered":"Nyak - v\u00e9d\u0151 p\u00e1rna"},"content":{"rendered":"<div class=\"auto-hide-last-sibling-br paragraph-qzbcQC paragraph-element br-paragraph-space\" data-immersive-translate-walked=\"8e61f2e7-6af2-46e5-9672-3b9e4f4033d9\" data-immersive-translate-paragraph=\"1\">\n<div class=\"auto-hide-last-sibling-br paragraph-qzbcQC paragraph-element br-paragraph-space\">\n<div class=\"auto-hide-last-sibling-br paragraph-qzbcQC paragraph-element br-paragraph-space\">\n<div class=\"auto-hide-last-sibling-br paragraph-qzbcQC paragraph-element br-paragraph-space\">\n<div class=\"auto-hide-last-sibling-br paragraph-qzbcQC paragraph-element br-paragraph-space\">\n<div class=\"auto-hide-last-sibling-br paragraph-qzbcQC paragraph-element br-paragraph-space\">\n<div class=\"inter-wlTS5w\">\n<div class=\"container-QE4ayg\">\n<div class=\"item-jU10IN\">\n<div class=\"container-jODEnh chrome70-container\">\n<div class=\"inner-eE95c9 inner-item-aL3Ui_\" data-target-id=\"message-box-target-id\" data-testid=\"union_message\">\n<div class=\"message-block-container-liuetz\" data-testid=\"message-block-container\">\n<div class=\"message-box-ZWbBdF\" data-testid=\"receive_message\">\n<div class=\"message-box-content-wrapper-srHdUj\">\n<div class=\"message-content message-box-content-otxGGw receive-message-box-content-_lREFj samantha-message-box-content-Qjmpja\" data-testid=\"message_content\">\n<div class=\"container-hfX5E8 flow-markdown-body theme-samantha-yJEgBp\" dir=\"ltr\" data-testid=\"message_text_content\" data-show-indicator=\"false\">\n<div class=\"auto-hide-last-sibling-br paragraph-qzbcQC paragraph-element br-paragraph-space\">\n<div class=\"auto-hide-last-sibling-br paragraph-qzbcQC paragraph-element br-paragraph-space\">\n<div class=\"auto-hide-last-sibling-br paragraph-qzbcQC paragraph-element br-paragraph-space\">Bemutatjuk a nyakv\u00e9d\u0151 p\u00e1rn\u00e1t, a k\u00e9nyelem \u00e9s a funkcionalit\u00e1s t\u00f6k\u00e9letes kever\u00e9k\u00e9t a gyermekek sz\u00e1m\u00e1ra. Az ergonomikus form\u00e1j\u00fa, apr\u00f3l\u00e9kosan megtervezett p\u00e1rna kiv\u00e9teles t\u00e1mogat\u00e1st ny\u00fajt a nyaknak, hat\u00e9konyan fenntartva a nyaki gerinc megfelel\u0151 be\u00e1ll\u00edt\u00e1s\u00e1t \u00e9s minimaliz\u00e1lva a nyak meger\u0151ltet\u00e9s\u00e9nek kock\u00e1zat\u00e1t. Ak\u00e1r elalszik gyermeke, ak\u00e1r egy mesek\u00f6nyvbe mer\u00fcl el, vagy kedvenc rajzfilmj\u00e9t n\u00e9zi, ez a p\u00e1rna k\u00e9nyelmes mened\u00e9ket ny\u00fajt.<\/div>\n<p>&nbsp;<\/p>\n<div class=\"auto-hide-last-sibling-br paragraph-qzbcQC paragraph-element br-paragraph-space\">Az im\u00e1dnival\u00f3 pandamot\u00edvummal \u00e9s a j\u00e1t\u00e9kos \"KungFu PANQA\" sz\u00f6veggel d\u00edsz\u00edtett \u00e1gytakar\u00f3 minden h\u00e1l\u00f3szob\u00e1t feldob. A r\u00f3zsasz\u00edn, k\u00e9k, lila \u00e9s m\u00e9lyk\u00e9k sz\u00ednek \u00e9l\u00e9nk palett\u00e1j\u00e1n kaphat\u00f3, \u00edgy a legk\u00fcl\u00f6nf\u00e9l\u00e9bb eszt\u00e9tikai preferenci\u00e1knak is megfelel. Puha, kiv\u00e1l\u00f3 min\u0151s\u00e9g\u0171 anyagokb\u00f3l k\u00e9sz\u00fclt, \u00edgy k\u00e9nyelmes \u00e9s pihentet\u0151 \u00e9lm\u00e9nyt ny\u00fajt.<\/div>\n<p>&nbsp;<\/p>\n<div class=\"auto-hide-last-sibling-br paragraph-qzbcQC paragraph-element br-paragraph-space\">A sz\u00fcl\u0151k dics\u00e9rik annak hat\u00e1s\u00e1t: \"A gyermekem im\u00e1dja ezt a p\u00e1rn\u00e1t! Puha, aranyos, \u00e9s val\u00f3ban sokat jav\u00edtott a k\u00e9nyelm\u00e9n alv\u00e1s \u00e9s j\u00e1t\u00e9k k\u00f6zben\" - osztotta meg egy elragadtatott anyuka. Egy m\u00e1sik sz\u00fcl\u0151 megjegyezte: \"A design elb\u0171v\u00f6l\u0151, \u00e9s a tudat, hogy t\u00e1mogatja a gyermekem nyak\u00e1nak eg\u00e9szs\u00e9g\u00e9t, megnyugtat. Csod\u00e1latos kieg\u00e9sz\u00edt\u0151je az \u00e1gynem\u0171j\u00fcknek!\"<\/div>\n<p>&nbsp;<\/p>\n<div class=\"auto-hide-last-sibling-br paragraph-qzbcQC paragraph-element br-paragraph-space\">R\u00f6viden, ez a nyakv\u00e9d\u0151 p\u00e1rna t\u00f6bb, mint egy alv\u00e1si kieg\u00e9sz\u00edt\u0151; ez egy olyan t\u00e1rs, amely k\u00e9nyelmet, eg\u00e9szs\u00e9get \u00e9s \u00f6r\u00f6m\u00f6t biztos\u00edt gyermeke napj\u00e1nak minden pillanat\u00e1ban.<\/div>\n<\/div>\n<\/div>\n<\/div>\n<\/div>\n<\/div>\n<\/div>\n<\/div>\n<\/div>\n<\/div>\n<\/div>\n<\/div>\n<\/div>\n<\/div>\n<\/div>\n<\/div>\n<\/div>\n<\/div>\n<\/div>","protected":false},"excerpt":{"rendered":"<p>A nyakv\u00e9d\u0151 p\u00e1rna ide\u00e1lis v\u00e1laszt\u00e1s gyermekek sz\u00e1m\u00e1ra. Egyed\u00fcl\u00e1ll\u00f3 kialak\u00edt\u00e1sa ergonomikusan van kialak\u00edtva, hogy kiv\u00e1l\u00f3 t\u00e1maszt ny\u00fajtson a nyaknak, seg\u00edt fenntartani a nyaki gerinc megfelel\u0151 tart\u00e1s\u00e1t \u00e9s cs\u00f6kkenti a nyaki panaszok kock\u00e1zat\u00e1t. A p\u00e1rn\u00e1n egy aranyos panda mot\u00edvum l\u00e1that\u00f3 a \"KungFu PANQA\" felirattal, ami sz\u00f3rakoztat\u00f3 elemet ad hozz\u00e1. T\u00f6bbf\u00e9le sz\u00ednben, t\u00f6bbek k\u00f6z\u00f6tt r\u00f3zsasz\u00edn, k\u00e9k, lila \u00e9s m\u00e9lyk\u00e9k sz\u00ednben kaphat\u00f3, \u00edgy megfelelhet a k\u00fcl\u00f6nb\u00f6z\u0151 eszt\u00e9tikai preferenci\u00e1knak. A 26*<em>24*<\/em>10CM, megfelel\u0151 m\u00e9retet k\u00edn\u00e1l a gyermekek sz\u00e1m\u00e1ra. Puha \u00e9s k\u00e9nyelmes anyagokb\u00f3l k\u00e9sz\u00fclt, k\u00e9nyelmes alv\u00e1si \u00e9lm\u00e9nyt biztos\u00edt, \u00edgy nagyszer\u0171 kieg\u00e9sz\u00edt\u0151je a gyermek \u00e1gynem\u0171j\u00e9nek.<\/p>","protected":false},"featured_media":3409,"comment_status":"open","ping_status":"closed","template":"","meta":{"_uag_custom_page_level_css":"","site-sidebar-layout":"default","site-content-layout":"","ast-site-content-layout":"default","site-content-style":"default","site-sidebar-style":"default","ast-global-header-display":"","ast-banner-title-visibility":"","ast-main-header-display":"","ast-hfb-above-header-display":"","ast-hfb-below-header-display":"","ast-hfb-mobile-header-display":"","site-post-title":"","ast-breadcrumbs-content":"","ast-featured-img":"","footer-sml-layout":"","ast-disable-related-posts":"","theme-transparent-header-meta":"default","adv-header-id-meta":"","stick-header-meta":"","header-above-stick-meta":"","header-main-stick-meta":"","header-below-stick-meta":"","astra-migrate-meta-layouts":"set","ast-page-background-enabled":"default","ast-page-background-meta":{"desktop":{"background-color":"","background-image":"","background-repeat":"repeat","background-position":"center center","background-size":"auto","background-attachment":"scroll","background-type":"","background-media":"","overlay-type":"","overlay-color":"","overlay-opacity":"","overlay-gradient":""},"tablet":{"background-color":"","background-image":"","background-repeat":"repeat","background-position":"center center","background-size":"auto","background-attachment":"scroll","background-type":"","background-media":"","overlay-type":"","overlay-color":"","overlay-opacity":"","overlay-gradient":""},"mobile":{"background-color":"","background-image":"","background-repeat":"repeat","background-position":"center center","background-size":"auto","background-attachment":"scroll","background-type":"","background-media":"","overlay-type":"","overlay-color":"","overlay-opacity":"","overlay-gradient":""}},"ast-content-background-meta":{"desktop":{"background-color":"var(--ast-global-color-5)","background-image":"","background-repeat":"repeat","background-position":"center center","background-size":"auto","background-attachment":"scroll","background-type":"","background-media":"","overlay-type":"","overlay-color":"","overlay-opacity":"","overlay-gradient":""},"tablet":{"background-color":"var(--ast-global-color-5)","background-image":"","background-repeat":"repeat","background-position":"center center","background-size":"auto","background-attachment":"scroll","background-type":"","background-media":"","overlay-type":"","overlay-color":"","overlay-opacity":"","overlay-gradient":""},"mobile":{"background-color":"var(--ast-global-color-5)","background-image":"","background-repeat":"repeat","background-position":"center center","background-size":"auto","background-attachment":"scroll","background-type":"","background-media":"","overlay-type":"","overlay-color":"","overlay-opacity":"","overlay-gradient":""}}},"product_brand":[],"product_cat":[21],"product_tag":[70,68,71,69],"class_list":{"0":"post-3408","1":"product","2":"type-product","3":"status-publish","4":"has-post-thumbnail","6":"product_cat-others","7":"product_tag-babypillow","8":"product_tag-cuteanimalpillow","9":"product_tag-headshapesupport","10":"product_tag-kouniushapingpillow","11":"desktop-align-left","12":"tablet-align-left","13":"mobile-align-left","15":"first","16":"instock","17":"shipping-taxable","18":"product-type-simple"},"aioseo_notices":[],"uagb_featured_image_src":{"full":["https:\/\/babypillowwholesale.com\/wp-content\/uploads\/2025\/04\/1103.jpg",1000,1000,false],"thumbnail":["https:\/\/babypillowwholesale.com\/wp-content\/uploads\/2025\/04\/1103-150x150.jpg",150,150,true],"medium":["https:\/\/babypillowwholesale.com\/wp-content\/uploads\/2025\/04\/1103-300x300.jpg",300,300,true],"medium_large":["https:\/\/babypillowwholesale.com\/wp-content\/uploads\/2025\/04\/1103-768x768.jpg",768,768,true],"large":["https:\/\/babypillowwholesale.com\/wp-content\/uploads\/2025\/04\/1103.jpg",1000,1000,false],"1536x1536":["https:\/\/babypillowwholesale.com\/wp-content\/uploads\/2025\/04\/1103.jpg",1000,1000,false],"2048x2048":["https:\/\/babypillowwholesale.com\/wp-content\/uploads\/2025\/04\/1103.jpg",1000,1000,false],"trp-custom-language-flag":["https:\/\/babypillowwholesale.com\/wp-content\/uploads\/2025\/04\/1103.jpg",12,12,false],"woocommerce_thumbnail":["https:\/\/babypillowwholesale.com\/wp-content\/uploads\/2025\/04\/1103-300x300.jpg",300,300,true],"woocommerce_single":["https:\/\/babypillowwholesale.com\/wp-content\/uploads\/2025\/04\/1103-600x600.jpg",600,600,true],"woocommerce_gallery_thumbnail":["https:\/\/babypillowwholesale.com\/wp-content\/uploads\/2025\/04\/1103-100x100.jpg",100,100,true]},"uagb_author_info":{"display_name":"Etnen zhong","author_link":"https:\/\/babypillowwholesale.com\/hu\/author\/"},"uagb_comment_info":0,"uagb_excerpt":"The Neck - Protecting Pillow is an ideal choice for children. Its unique design is ergonomically crafted to provide excellent support for the neck, helping to maintain a proper cervical spine posture and reduce the risk of neck discomfort. The pillow features a cute panda motif with the words \u201cKungFu PANQA\u201d, adding an element of&hellip;","jetpack_sharing_enabled":true,"_links":{"self":[{"href":"https:\/\/babypillowwholesale.com\/hu\/wp-json\/wp\/v2\/product\/3408","targetHints":{"allow":["GET"]}}],"collection":[{"href":"https:\/\/babypillowwholesale.com\/hu\/wp-json\/wp\/v2\/product"}],"about":[{"href":"https:\/\/babypillowwholesale.com\/hu\/wp-json\/wp\/v2\/types\/product"}],"replies":[{"embeddable":true,"href":"https:\/\/babypillowwholesale.com\/hu\/wp-json\/wp\/v2\/comments?post=3408"}],"wp:featuredmedia":[{"embeddable":true,"href":"https:\/\/babypillowwholesale.com\/hu\/wp-json\/wp\/v2\/media\/3409"}],"wp:attachment":[{"href":"https:\/\/babypillowwholesale.com\/hu\/wp-json\/wp\/v2\/media?parent=3408"}],"wp:term":[{"taxonomy":"product_brand","embeddable":true,"href":"https:\/\/babypillowwholesale.com\/hu\/wp-json\/wp\/v2\/product_brand?post=3408"},{"taxonomy":"product_cat","embeddable":true,"href":"https:\/\/babypillowwholesale.com\/hu\/wp-json\/wp\/v2\/product_cat?post=3408"},{"taxonomy":"product_tag","embeddable":true,"href":"https:\/\/babypillowwholesale.com\/hu\/wp-json\/wp\/v2\/product_tag?post=3408"}],"curies":[{"name":"wp","href":"https:\/\/api.w.org\/{rel}","templated":true}]}}