{"id":3405,"date":"2025-04-15T07:30:38","date_gmt":"2025-04-15T07:30:38","guid":{"rendered":"https:\/\/babypillowwholesale.com\/?post_type=product&#038;p=3405"},"modified":"2025-06-08T07:52:07","modified_gmt":"2025-06-08T07:52:07","slug":"little-raccoon-infant-contour-pillow","status":"publish","type":"product","link":"https:\/\/babypillowwholesale.com\/hu\/product\/little-raccoon-infant-contour-pillow\/","title":{"rendered":"Kis mos\u00f3medve csecsem\u0151 kont\u00far p\u00e1rna"},"content":{"rendered":"<div class=\"auto-hide-last-sibling-br paragraph-qzbcQC paragraph-element br-paragraph-space\" data-immersive-translate-walked=\"8e61f2e7-6af2-46e5-9672-3b9e4f4033d9\" data-immersive-translate-paragraph=\"1\">\n<div class=\"auto-hide-last-sibling-br paragraph-qzbcQC paragraph-element br-paragraph-space\">\n<div class=\"auto-hide-last-sibling-br paragraph-qzbcQC paragraph-element br-paragraph-space\">\n<div class=\"auto-hide-last-sibling-br paragraph-qzbcQC paragraph-element br-paragraph-space\">\n<div class=\"auto-hide-last-sibling-br paragraph-qzbcQC paragraph-element br-paragraph-space\">\n<div class=\"auto-hide-last-sibling-br paragraph-qzbcQC paragraph-element br-paragraph-space\">\n<div class=\"inter-wlTS5w\">\n<div class=\"container-QE4ayg\">\n<div class=\"item-jU10IN\">\n<div class=\"container-jODEnh chrome70-container\">\n<div class=\"inner-eE95c9 inner-item-aL3Ui_\" data-target-id=\"message-box-target-id\" data-testid=\"union_message\">\n<div class=\"message-block-container-liuetz\" data-testid=\"message-block-container\">\n<div class=\"message-box-ZWbBdF\" data-testid=\"receive_message\">\n<div class=\"message-box-content-wrapper-srHdUj\">\n<div class=\"message-content message-box-content-otxGGw receive-message-box-content-_lREFj samantha-message-box-content-Qjmpja\" data-testid=\"message_content\">\n<div class=\"container-hfX5E8 flow-markdown-body theme-samantha-yJEgBp\" dir=\"ltr\" data-testid=\"message_text_content\" data-show-indicator=\"false\">\n<div class=\"auto-hide-last-sibling-br paragraph-qzbcQC paragraph-element br-paragraph-space\">\n<div class=\"auto-hide-last-sibling-br paragraph-qzbcQC paragraph-element br-paragraph-space\">Bemutatjuk a Little Raccoon Infant Contour Pillow-t, egy b\u00e1jos \u00e9s n\u00e9lk\u00fcl\u00f6zhetetlen alv\u00f3t\u00e1rsat 1-3 \u00e9ves kor\u00fa gyermekek sz\u00e1m\u00e1ra. Ez az ergonomikus kont\u00farral gondosan megtervezett p\u00e1rna gyeng\u00e9den, de m\u00e9gis szil\u00e1rdan \u00f6leli a kisgyermek fej\u00e9t \u00e9s nyak\u00e1t, biztos\u00edtva az eg\u00e9szs\u00e9ges \u00e9s k\u00e9nyelmes alv\u00e1si testtart\u00e1st \u00e9jszak\u00e1r\u00f3l \u00e9jszak\u00e1ra.<\/div>\n<p>&nbsp;<\/p>\n<div class=\"auto-hide-last-sibling-br paragraph-qzbcQC paragraph-element br-paragraph-space\">A p\u00e1rna fel\u00fclete egy b\u00e1jos v\u00e1szon, amelyet egy kis mos\u00f3medve kedves illusztr\u00e1ci\u00f3ja d\u00edsz\u00edt. A mos\u00f3medve aranyos ruh\u00e1ba \u00f6lt\u00f6zve, szesz\u00e9lyes csillagokkal \u00e9s var\u00e1zsp\u00e1lc\u00e1val k\u00f6r\u00fclv\u00e9ve, fant\u00e1zi\u00e1t \u00e9s j\u00e1t\u00e9koss\u00e1got k\u00f6lcs\u00f6n\u00f6z. A l\u00e1gy sz\u00edn\u0171 h\u00e1tt\u00e9r el\u0151tt, amely megnyugtat\u00f3 r\u00f3zsasz\u00edn vagy nyugtat\u00f3 k\u00e9k sz\u00ednben kaphat\u00f3, vizu\u00e1lisan vonz\u00f3 \u00e9s nyugodt eszt\u00e9tik\u00e1t teremt, amely a fiatal k\u00e9pzeletre hat.<\/div>\n<p>&nbsp;<\/p>\n<div class=\"auto-hide-last-sibling-br paragraph-qzbcQC paragraph-element br-paragraph-space\">M\u00e9r\u00e9s 43*<em>26*<\/em>3CM, ez a t\u00f6k\u00e9letes m\u00e9ret gyermeke alv\u00e1s\u00e1hoz, \u00e9s elegend\u0151 helyet biztos\u00edt a fej\u00e9nek, hogy k\u00e9nyelmesen pihenhessen. Pomp\u00e1san puha anyagokb\u00f3l k\u00e9sz\u00fclt, b\u00e1rsonyos - sima tapint\u00e1s\u00fa, mint egy gyeng\u00e9d altat\u00f3dal, amely megh\u00edvja gyermek\u00e9t, hogy b\u00e9k\u00e9s \u00e1lomba mer\u00fclj\u00f6n.<\/div>\n<p>&nbsp;<\/p>\n<div class=\"auto-hide-last-sibling-br paragraph-qzbcQC paragraph-element br-paragraph-space\">Ez a p\u00e1rna nem csak lefekv\u00e9shez val\u00f3. Napk\u00f6zben a k\u00e9pzeletbeli j\u00e1t\u00e9k kell\u00e9ke lehet, amikor gyermeke \u00fagy tesz, mintha a mos\u00f3medve egy var\u00e1zslatos kalandban lenne. Vagy puha \u00e9s megnyugtat\u00f3 bar\u00e1tk\u00e9nt szolg\u00e1lhat a nyugtalans\u00e1g pillanataiban.<\/div>\n<p>&nbsp;<\/p>\n<div class=\"auto-hide-last-sibling-br paragraph-qzbcQC paragraph-element br-paragraph-space\">A sz\u00fcl\u0151k nagyon el\u00e9gedettek voltak ezzel a term\u00e9kkel. \"A 2 \u00e9ves kisfiam im\u00e1dja a Kis mos\u00f3medve p\u00e1rn\u00e1t! Annyira puha, \u00e9s a diz\u00e1jnja egyszer\u0171en gy\u00f6ny\u00f6r\u0171. K\u00f6nny\u0171v\u00e9 tette a lefekv\u00e9st\" - osztotta meg egy boldog anyuka. Egy apuka hozz\u00e1tette: \"Im\u00e1djuk, ahogyan a k\u00e9nyelmet \u00e9s a cuki diz\u00e1jnt \u00f6tv\u00f6zi. J\u00f3l b\u00edrja a mos\u00e1sokat \u00e9s az \u00f6lel\u00e9seket. Nagyszer\u0171 v\u00e9tel a kisl\u00e1nyunk alv\u00e1s\u00e1hoz \u00e9s j\u00e1t\u00e9k\u00e1hoz\".<\/div>\n<p>&nbsp;<\/p>\n<div class=\"auto-hide-last-sibling-br paragraph-qzbcQC paragraph-element br-paragraph-space\">A Little Raccoon Infant Contour Pillow l\u00e9nyeg\u00e9ben a k\u00e9nyelem, a cukis\u00e1g \u00e9s a funkcionalit\u00e1s harmonikus kever\u00e9ke. Ez nem csak egy \u00e1gynem\u0171, hanem gyermeke mindennapjainak megbecs\u00fclt r\u00e9sze, amely minden pillanatot megt\u00f6lthet egy kis mos\u00f3medve ihlette var\u00e1zslattal.<\/div>\n<\/div>\n<\/div>\n<\/div>\n<\/div>\n<\/div>\n<\/div>\n<\/div>\n<\/div>\n<\/div>\n<\/div>\n<\/div>\n<\/div>\n<\/div>\n<\/div>\n<\/div>\n<\/div>\n<\/div>","protected":false},"excerpt":{"rendered":"<p>A Little Raccoon Infant Contour Pillow ide\u00e1lis alv\u00e1si kieg\u00e9sz\u00edt\u0151 1-3 \u00e9ves kor\u00fa gyermekek sz\u00e1m\u00e1ra. Kont\u00farkialak\u00edt\u00e1sa ergon\u00f3miailag \u00fagy lett kialak\u00edtva, hogy optim\u00e1lis al\u00e1t\u00e1maszt\u00e1st ny\u00fajtson a fejnek \u00e9s a nyaknak, el\u0151seg\u00edtve az eg\u00e9szs\u00e9ges alv\u00e1si testtart\u00e1st. A p\u00e1rn\u00e1n egy kedves kis mos\u00f3medve illusztr\u00e1ci\u00f3 l\u00e1that\u00f3 puha - sz\u00ednes h\u00e1tt\u00e9ren, ami egy cuki kis cukis\u00e1got k\u00f6lcs\u00f6n\u00f6z. R\u00f3zsasz\u00edn \u00e9s k\u00e9k sz\u00ednben kaphat\u00f3, \u00edgy a k\u00fcl\u00f6nb\u00f6z\u0151 preferenci\u00e1knak megfelel. M\u00e9rete 43*<em>26*<\/em>3CM, k\u00e9nyelmes m\u00e9retet k\u00edn\u00e1l a kicsiknek. Puha anyagokb\u00f3l k\u00e9sz\u00fclt, \u00edgy biztos\u00edtja a k\u00e9nyelmes \u00e9s pihentet\u0151 alv\u00e1st, \u00edgy nagyszer\u0171 kieg\u00e9sz\u00edt\u0151je b\u00e1rmely gyermek lefekv\u00e9shez sz\u00fcks\u00e9ges felszerel\u00e9s\u00e9nek.<\/p>","protected":false},"featured_media":3406,"comment_status":"open","ping_status":"closed","template":"","meta":{"_uag_custom_page_level_css":"","site-sidebar-layout":"default","site-content-layout":"","ast-site-content-layout":"default","site-content-style":"default","site-sidebar-style":"default","ast-global-header-display":"","ast-banner-title-visibility":"","ast-main-header-display":"","ast-hfb-above-header-display":"","ast-hfb-below-header-display":"","ast-hfb-mobile-header-display":"","site-post-title":"","ast-breadcrumbs-content":"","ast-featured-img":"","footer-sml-layout":"","ast-disable-related-posts":"","theme-transparent-header-meta":"default","adv-header-id-meta":"","stick-header-meta":"","header-above-stick-meta":"","header-main-stick-meta":"","header-below-stick-meta":"","astra-migrate-meta-layouts":"set","ast-page-background-enabled":"default","ast-page-background-meta":{"desktop":{"background-color":"","background-image":"","background-repeat":"repeat","background-position":"center center","background-size":"auto","background-attachment":"scroll","background-type":"","background-media":"","overlay-type":"","overlay-color":"","overlay-opacity":"","overlay-gradient":""},"tablet":{"background-color":"","background-image":"","background-repeat":"repeat","background-position":"center center","background-size":"auto","background-attachment":"scroll","background-type":"","background-media":"","overlay-type":"","overlay-color":"","overlay-opacity":"","overlay-gradient":""},"mobile":{"background-color":"","background-image":"","background-repeat":"repeat","background-position":"center center","background-size":"auto","background-attachment":"scroll","background-type":"","background-media":"","overlay-type":"","overlay-color":"","overlay-opacity":"","overlay-gradient":""}},"ast-content-background-meta":{"desktop":{"background-color":"var(--ast-global-color-5)","background-image":"","background-repeat":"repeat","background-position":"center center","background-size":"auto","background-attachment":"scroll","background-type":"","background-media":"","overlay-type":"","overlay-color":"","overlay-opacity":"","overlay-gradient":""},"tablet":{"background-color":"var(--ast-global-color-5)","background-image":"","background-repeat":"repeat","background-position":"center center","background-size":"auto","background-attachment":"scroll","background-type":"","background-media":"","overlay-type":"","overlay-color":"","overlay-opacity":"","overlay-gradient":""},"mobile":{"background-color":"var(--ast-global-color-5)","background-image":"","background-repeat":"repeat","background-position":"center center","background-size":"auto","background-attachment":"scroll","background-type":"","background-media":"","overlay-type":"","overlay-color":"","overlay-opacity":"","overlay-gradient":""}}},"product_brand":[],"product_cat":[56,42],"product_tag":[70,68,71,69],"class_list":{"0":"post-3405","1":"product","2":"type-product","3":"status-publish","4":"has-post-thumbnail","6":"product_cat-1-to-3-years","7":"product_cat-merchandise","8":"product_tag-babypillow","9":"product_tag-cuteanimalpillow","10":"product_tag-headshapesupport","11":"product_tag-kouniushapingpillow","12":"desktop-align-left","13":"tablet-align-left","14":"mobile-align-left","16":"first","17":"instock","18":"shipping-taxable","19":"product-type-simple"},"aioseo_notices":[],"uagb_featured_image_src":{"full":["https:\/\/babypillowwholesale.com\/wp-content\/uploads\/2025\/04\/1707.jpg",1000,1000,false],"thumbnail":["https:\/\/babypillowwholesale.com\/wp-content\/uploads\/2025\/04\/1707-150x150.jpg",150,150,true],"medium":["https:\/\/babypillowwholesale.com\/wp-content\/uploads\/2025\/04\/1707-300x300.jpg",300,300,true],"medium_large":["https:\/\/babypillowwholesale.com\/wp-content\/uploads\/2025\/04\/1707-768x768.jpg",768,768,true],"large":["https:\/\/babypillowwholesale.com\/wp-content\/uploads\/2025\/04\/1707.jpg",1000,1000,false],"1536x1536":["https:\/\/babypillowwholesale.com\/wp-content\/uploads\/2025\/04\/1707.jpg",1000,1000,false],"2048x2048":["https:\/\/babypillowwholesale.com\/wp-content\/uploads\/2025\/04\/1707.jpg",1000,1000,false],"trp-custom-language-flag":["https:\/\/babypillowwholesale.com\/wp-content\/uploads\/2025\/04\/1707.jpg",12,12,false],"woocommerce_thumbnail":["https:\/\/babypillowwholesale.com\/wp-content\/uploads\/2025\/04\/1707-300x300.jpg",300,300,true],"woocommerce_single":["https:\/\/babypillowwholesale.com\/wp-content\/uploads\/2025\/04\/1707-600x600.jpg",600,600,true],"woocommerce_gallery_thumbnail":["https:\/\/babypillowwholesale.com\/wp-content\/uploads\/2025\/04\/1707-100x100.jpg",100,100,true]},"uagb_author_info":{"display_name":"Etnen zhong","author_link":"https:\/\/babypillowwholesale.com\/hu\/author\/"},"uagb_comment_info":0,"uagb_excerpt":"The Little Raccoon Infant Contour Pillow is an ideal sleep accessory for children aged 1 - 3 years. Its contour design is ergonomically crafted to provide optimal support for the head and neck, promoting a healthy sleeping posture. The pillow features an endearing little raccoon illustration on a soft - colored background, adding a touch&hellip;","jetpack_sharing_enabled":true,"_links":{"self":[{"href":"https:\/\/babypillowwholesale.com\/hu\/wp-json\/wp\/v2\/product\/3405","targetHints":{"allow":["GET"]}}],"collection":[{"href":"https:\/\/babypillowwholesale.com\/hu\/wp-json\/wp\/v2\/product"}],"about":[{"href":"https:\/\/babypillowwholesale.com\/hu\/wp-json\/wp\/v2\/types\/product"}],"replies":[{"embeddable":true,"href":"https:\/\/babypillowwholesale.com\/hu\/wp-json\/wp\/v2\/comments?post=3405"}],"wp:featuredmedia":[{"embeddable":true,"href":"https:\/\/babypillowwholesale.com\/hu\/wp-json\/wp\/v2\/media\/3406"}],"wp:attachment":[{"href":"https:\/\/babypillowwholesale.com\/hu\/wp-json\/wp\/v2\/media?parent=3405"}],"wp:term":[{"taxonomy":"product_brand","embeddable":true,"href":"https:\/\/babypillowwholesale.com\/hu\/wp-json\/wp\/v2\/product_brand?post=3405"},{"taxonomy":"product_cat","embeddable":true,"href":"https:\/\/babypillowwholesale.com\/hu\/wp-json\/wp\/v2\/product_cat?post=3405"},{"taxonomy":"product_tag","embeddable":true,"href":"https:\/\/babypillowwholesale.com\/hu\/wp-json\/wp\/v2\/product_tag?post=3405"}],"curies":[{"name":"wp","href":"https:\/\/api.w.org\/{rel}","templated":true}]}}