{"id":3389,"date":"2025-04-11T08:14:21","date_gmt":"2025-04-11T08:14:21","guid":{"rendered":"https:\/\/babypillowwholesale.com\/?post_type=product&#038;p=3389"},"modified":"2025-06-08T08:00:10","modified_gmt":"2025-06-08T08:00:10","slug":"heart-printed-shaping-pillow","status":"publish","type":"product","link":"https:\/\/babypillowwholesale.com\/hu\/product\/heart-printed-shaping-pillow\/","title":{"rendered":"Sz\u00edv - nyomtatott form\u00e1z\u00f3 p\u00e1rna"},"content":{"rendered":"<div class=\"auto-hide-last-sibling-br paragraph-qzbcQC paragraph-element br-paragraph-space\" data-immersive-translate-walked=\"8e61f2e7-6af2-46e5-9672-3b9e4f4033d9\" data-immersive-translate-paragraph=\"1\">\n<div class=\"auto-hide-last-sibling-br paragraph-qzbcQC paragraph-element br-paragraph-space\">\n<div class=\"auto-hide-last-sibling-br paragraph-qzbcQC paragraph-element br-paragraph-space\">\n<div class=\"auto-hide-last-sibling-br paragraph-qzbcQC paragraph-element br-paragraph-space\">\n<div class=\"auto-hide-last-sibling-br paragraph-qzbcQC paragraph-element br-paragraph-space\">\n<div class=\"auto-hide-last-sibling-br paragraph-qzbcQC paragraph-element br-paragraph-space\">Bemutatjuk a Sz\u00edv - nyomtatott form\u00e1z\u00f3 p\u00e1rn\u00e1t, egy mag\u00e1val ragad\u00f3 \u00e9s alapvet\u0151 alv\u00e1st\u00e1rsat, amely 0-6 h\u00f3napos csecsem\u0151k sz\u00e1m\u00e1ra k\u00e9sz\u00fclt. Ez a p\u00e1rna a sz\u00e9ps\u00e9g \u00e9s a funkcionalit\u00e1s harmonikus kever\u00e9ke, amelynek fel\u00fclete v\u00e1szonk\u00e9nt szolg\u00e1l a v\u00e9letlenszer\u0171 nyomatok elragad\u00f3 v\u00e1laszt\u00e9k\u00e1hoz. Finom sz\u00edvecsk\u00e9k, rebben\u0151 madarak \u00e9s kecses vir\u00e1gelemek t\u00e1ncolnak az anyagon, olyan vizu\u00e1lis szimf\u00f3ni\u00e1t alkotva, amely megnyugtatja az \u00e9rz\u00e9keket, \u00e9s a melegs\u00e9g \u00e9s a gyeng\u00e9ds\u00e9g \u00e9rz\u00e9s\u00e9t id\u00e9zi el\u0151.<\/div>\n<p>&nbsp;<\/p>\n<div class=\"auto-hide-last-sibling-br paragraph-qzbcQC paragraph-element br-paragraph-space\">Az apr\u00f3l\u00e9kosan kidolgozott p\u00e1rna gyeng\u00e9d, m\u00e9gis szil\u00e1rd al\u00e1t\u00e1maszt\u00e1st ny\u00fajt, ami elengedhetetlen\u00fcl fontos a baba fej\u00e9nek form\u00e1l\u00e1s\u00e1hoz \u00e9s megtart\u00e1s\u00e1hoz a kritikus els\u0151 h\u00f3napokban. M\u00e9rete 27*<em>26*<\/em>2,5CM, \u00edgy k\u00e9nyelmesen bef\u00e9szkeli mag\u00e1t a kis\u00e1gyba, k\u00e9nyelmes \u00e9s biztons\u00e1gos mened\u00e9ket ny\u00fajtva a kicsinek.<\/div>\n<p>&nbsp;<\/p>\n<div class=\"auto-hide-last-sibling-br paragraph-qzbcQC paragraph-element br-paragraph-space\">K\u00e9pzelje el dr\u00e1ga kisgyermek\u00e9t a kis\u00e1gy\u00e1ban fekve, fej\u00e9t k\u00e9nyelmesen b\u00f6lcs\u0151be hajtva ezzel a p\u00e1rn\u00e1val. Nappali alv\u00e1s k\u00f6zben puha, h\u00edvogat\u00f3 mened\u00e9kk\u00e9 v\u00e1lik, m\u00edg \u00e9jszaka biztons\u00e1g\u00e9rzetet ny\u00fajt, \u00e9s seg\u00edt a bab\u00e1nak b\u00e9k\u00e9s \u00e1lomba mer\u00fclni. Egy kis b\u00e1jt is k\u00f6lcs\u00f6n\u00f6z a gyerekszob\u00e1nak, h\u00edvogat\u00f3bb\u00e1 \u00e9s sz\u00edvmelenget\u0151bb\u00e9 var\u00e1zsolva a teret.<\/div>\n<p>&nbsp;<\/p>\n<div class=\"auto-hide-last-sibling-br paragraph-qzbcQC paragraph-element br-paragraph-space\">A sz\u00fcl\u0151k elismer\u0151en nyilatkoztak err\u0151l a term\u00e9kr\u0151l. \"Teljesen beleszerettem a Sz\u00edv - nyomtatott form\u00e1z\u00f3 p\u00e1rn\u00e1ba! Nem csak im\u00e1dnival\u00f3, de \u00fagy t\u0171nik, hogy a bab\u00e1mnak is olyan k\u00e9nyelmes. A nyomatok annyira \u00e9desek, \u00e9s im\u00e1dom, hogy seg\u00edt a fejform\u00e1l\u00e1sban\" - \u00e1radozott egy \u00fajdons\u00fclt anyuka. Egy apuka hozz\u00e1tette: \"Igazi k\u00fcl\u00f6nbs\u00e9get vett\u00fcnk \u00e9szre a bab\u00e1nk alv\u00e1s\u00e1ban, mi\u00f3ta ezt a p\u00e1rn\u00e1t haszn\u00e1ljuk. J\u00f3l van - k\u00e9sz\u00fclt, \u00e9s a diz\u00e1jnja t\u00f6k\u00e9letes a gyerekszob\u00e1nkba. Nagyszer\u0171 tal\u00e1lat!\"<\/div>\n<p>&nbsp;<\/p>\n<div class=\"auto-hide-last-sibling-br paragraph-qzbcQC paragraph-element br-paragraph-space\">L\u00e9nyeg\u00e9ben a Sz\u00edv - nyomtatott form\u00e1z\u00f3 p\u00e1rna t\u00f6bb mint egy \u00e1gynem\u0171; a baba korai \u00e9let\u00e9nek megbecs\u00fclt r\u00e9sze, amely k\u00e9nyelemmel, cukis\u00e1ggal \u00e9s biztons\u00e1g\u00e9rzettel t\u00f6lti meg az alv\u00e1s minden pillanat\u00e1t.<\/div>\n<\/div>\n<\/div>\n<\/div>\n<\/div>\n<\/div>","protected":false},"excerpt":{"rendered":"<p>A Heart - Printed Shaping Pillow egy b\u00e1jos \u00e9s funkcion\u00e1lis alv\u00e1si kieg\u00e9sz\u00edt\u0151, amelyet 0-6 h\u00f3napos csecsem\u0151k sz\u00e1m\u00e1ra terveztek. Fel\u00fclet\u00e9t kedves, v\u00e9letlenszer\u0171, sz\u00edveket, madarakat \u00e9s vir\u00e1gos elemeket \u00e1br\u00e1zol\u00f3 nyomatok d\u00edsz\u00edtik, amelyek \u00e9des \u00e9s megnyugtat\u00f3 l\u00e1tv\u00e1nyt ny\u00fajtanak. Gondosan kidolgozva, gyeng\u00e9d al\u00e1t\u00e1maszt\u00e1st ny\u00fajt, hogy seg\u00edtsen form\u00e1lni \u00e9s megtartani a baba fej\u00e9t. M\u00e9rete 27*<em>26*<\/em>2.5CM, k\u00e9nyelmesen elf\u00e9r a kis\u00e1gyban. Ez a p\u00e1rna nemcsak puha \u00e9s k\u00e9nyelmes pihen\u0151helyet biztos\u00edt a baba sz\u00e1m\u00e1ra, hanem egy kis melegs\u00e9get \u00e9s cukis\u00e1got is k\u00f6lcs\u00f6n\u00f6z a gyerekszob\u00e1nak, \u00edgy ide\u00e1lis v\u00e1laszt\u00e1s a kisbaba nyugodt alv\u00e1si k\u00f6rnyezet\u00e9nek biztos\u00edt\u00e1s\u00e1hoz.<\/p>","protected":false},"featured_media":3390,"comment_status":"open","ping_status":"closed","template":"","meta":{"_uag_custom_page_level_css":"","site-sidebar-layout":"default","site-content-layout":"","ast-site-content-layout":"default","site-content-style":"default","site-sidebar-style":"default","ast-global-header-display":"","ast-banner-title-visibility":"","ast-main-header-display":"","ast-hfb-above-header-display":"","ast-hfb-below-header-display":"","ast-hfb-mobile-header-display":"","site-post-title":"","ast-breadcrumbs-content":"","ast-featured-img":"","footer-sml-layout":"","ast-disable-related-posts":"","theme-transparent-header-meta":"default","adv-header-id-meta":"","stick-header-meta":"","header-above-stick-meta":"","header-main-stick-meta":"","header-below-stick-meta":"","astra-migrate-meta-layouts":"set","ast-page-background-enabled":"default","ast-page-background-meta":{"desktop":{"background-color":"","background-image":"","background-repeat":"repeat","background-position":"center center","background-size":"auto","background-attachment":"scroll","background-type":"","background-media":"","overlay-type":"","overlay-color":"","overlay-opacity":"","overlay-gradient":""},"tablet":{"background-color":"","background-image":"","background-repeat":"repeat","background-position":"center center","background-size":"auto","background-attachment":"scroll","background-type":"","background-media":"","overlay-type":"","overlay-color":"","overlay-opacity":"","overlay-gradient":""},"mobile":{"background-color":"","background-image":"","background-repeat":"repeat","background-position":"center center","background-size":"auto","background-attachment":"scroll","background-type":"","background-media":"","overlay-type":"","overlay-color":"","overlay-opacity":"","overlay-gradient":""}},"ast-content-background-meta":{"desktop":{"background-color":"var(--ast-global-color-5)","background-image":"","background-repeat":"repeat","background-position":"center center","background-size":"auto","background-attachment":"scroll","background-type":"","background-media":"","overlay-type":"","overlay-color":"","overlay-opacity":"","overlay-gradient":""},"tablet":{"background-color":"var(--ast-global-color-5)","background-image":"","background-repeat":"repeat","background-position":"center center","background-size":"auto","background-attachment":"scroll","background-type":"","background-media":"","overlay-type":"","overlay-color":"","overlay-opacity":"","overlay-gradient":""},"mobile":{"background-color":"var(--ast-global-color-5)","background-image":"","background-repeat":"repeat","background-position":"center center","background-size":"auto","background-attachment":"scroll","background-type":"","background-media":"","overlay-type":"","overlay-color":"","overlay-opacity":"","overlay-gradient":""}}},"product_brand":[],"product_cat":[54,42],"product_tag":[70,68,71,69],"class_list":{"0":"post-3389","1":"product","2":"type-product","3":"status-publish","4":"has-post-thumbnail","6":"product_cat-0-to-6months","7":"product_cat-merchandise","8":"product_tag-babypillow","9":"product_tag-cuteanimalpillow","10":"product_tag-headshapesupport","11":"product_tag-kouniushapingpillow","12":"desktop-align-left","13":"tablet-align-left","14":"mobile-align-left","16":"first","17":"instock","18":"shipping-taxable","19":"product-type-simple"},"aioseo_notices":[],"uagb_featured_image_src":{"full":["https:\/\/babypillowwholesale.com\/wp-content\/uploads\/2025\/04\/1009.jpg",1000,1000,false],"thumbnail":["https:\/\/babypillowwholesale.com\/wp-content\/uploads\/2025\/04\/1009-150x150.jpg",150,150,true],"medium":["https:\/\/babypillowwholesale.com\/wp-content\/uploads\/2025\/04\/1009-300x300.jpg",300,300,true],"medium_large":["https:\/\/babypillowwholesale.com\/wp-content\/uploads\/2025\/04\/1009-768x768.jpg",768,768,true],"large":["https:\/\/babypillowwholesale.com\/wp-content\/uploads\/2025\/04\/1009.jpg",1000,1000,false],"1536x1536":["https:\/\/babypillowwholesale.com\/wp-content\/uploads\/2025\/04\/1009.jpg",1000,1000,false],"2048x2048":["https:\/\/babypillowwholesale.com\/wp-content\/uploads\/2025\/04\/1009.jpg",1000,1000,false],"trp-custom-language-flag":["https:\/\/babypillowwholesale.com\/wp-content\/uploads\/2025\/04\/1009.jpg",12,12,false],"woocommerce_thumbnail":["https:\/\/babypillowwholesale.com\/wp-content\/uploads\/2025\/04\/1009-300x300.jpg",300,300,true],"woocommerce_single":["https:\/\/babypillowwholesale.com\/wp-content\/uploads\/2025\/04\/1009-600x600.jpg",600,600,true],"woocommerce_gallery_thumbnail":["https:\/\/babypillowwholesale.com\/wp-content\/uploads\/2025\/04\/1009-100x100.jpg",100,100,true]},"uagb_author_info":{"display_name":"Etnen zhong","author_link":"https:\/\/babypillowwholesale.com\/hu\/author\/"},"uagb_comment_info":0,"uagb_excerpt":"The Heart - Printed Shaping Pillow is a charming and functional sleep accessory designed for infants aged 0 - 6 months. Its surface is adorned with lovely random prints of hearts, birds, and floral elements, creating a sweet and soothing visual appeal. Crafted with care, it provides gentle support to help shape and maintain the&hellip;","jetpack_sharing_enabled":true,"_links":{"self":[{"href":"https:\/\/babypillowwholesale.com\/hu\/wp-json\/wp\/v2\/product\/3389","targetHints":{"allow":["GET"]}}],"collection":[{"href":"https:\/\/babypillowwholesale.com\/hu\/wp-json\/wp\/v2\/product"}],"about":[{"href":"https:\/\/babypillowwholesale.com\/hu\/wp-json\/wp\/v2\/types\/product"}],"replies":[{"embeddable":true,"href":"https:\/\/babypillowwholesale.com\/hu\/wp-json\/wp\/v2\/comments?post=3389"}],"wp:featuredmedia":[{"embeddable":true,"href":"https:\/\/babypillowwholesale.com\/hu\/wp-json\/wp\/v2\/media\/3390"}],"wp:attachment":[{"href":"https:\/\/babypillowwholesale.com\/hu\/wp-json\/wp\/v2\/media?parent=3389"}],"wp:term":[{"taxonomy":"product_brand","embeddable":true,"href":"https:\/\/babypillowwholesale.com\/hu\/wp-json\/wp\/v2\/product_brand?post=3389"},{"taxonomy":"product_cat","embeddable":true,"href":"https:\/\/babypillowwholesale.com\/hu\/wp-json\/wp\/v2\/product_cat?post=3389"},{"taxonomy":"product_tag","embeddable":true,"href":"https:\/\/babypillowwholesale.com\/hu\/wp-json\/wp\/v2\/product_tag?post=3389"}],"curies":[{"name":"wp","href":"https:\/\/api.w.org\/{rel}","templated":true}]}}