{"id":3386,"date":"2025-04-11T08:03:37","date_gmt":"2025-04-11T08:03:37","guid":{"rendered":"https:\/\/babypillowwholesale.com\/?post_type=product&#038;p=3386"},"modified":"2025-06-08T08:05:40","modified_gmt":"2025-06-08T08:05:40","slug":"bear-ear-printed-shaping-pillow","status":"publish","type":"product","link":"https:\/\/babypillowwholesale.com\/hu\/product\/bear-ear-printed-shaping-pillow\/","title":{"rendered":"Medve f\u00fcl nyomtatott form\u00e1z\u00f3 p\u00e1rna"},"content":{"rendered":"<div class=\"auto-hide-last-sibling-br paragraph-qzbcQC paragraph-element br-paragraph-space\" data-immersive-translate-walked=\"8e61f2e7-6af2-46e5-9672-3b9e4f4033d9\" data-immersive-translate-paragraph=\"1\">\n<div class=\"auto-hide-last-sibling-br paragraph-qzbcQC paragraph-element br-paragraph-space\">\n<div class=\"auto-hide-last-sibling-br paragraph-qzbcQC paragraph-element br-paragraph-space\">\n<div class=\"auto-hide-last-sibling-br paragraph-qzbcQC paragraph-element br-paragraph-space\">\n<div class=\"auto-hide-last-sibling-br paragraph-qzbcQC paragraph-element br-paragraph-space\">Bemutatjuk a Medvef\u00fcl nyomtatott alakform\u00e1l\u00f3 p\u00e1rn\u00e1t, egy b\u00e1jos \u00e9s alapvet\u0151 alv\u00e1st\u00e1rsat, amely a 0-6 h\u00f3napos csecsem\u0151k sz\u00e1m\u00e1ra k\u00e9sz\u00fclt. Ez a p\u00e1rna a cukis\u00e1g \u00e9s a funkcionalit\u00e1s szimf\u00f3ni\u00e1ja, amely b\u00e1jos medvef\u00fcl-szer\u0171 kont\u00farokkal b\u00fcszk\u00e9lkedhet. Fel\u00fclete a vid\u00e1ms\u00e1g v\u00e1szna, amelyet kedves, v\u00e9letlenszer\u0171 nyomatok, im\u00e1dnival\u00f3 medv\u00e9s mot\u00edvumok, szesz\u00e9lyes l\u00e9gg\u00f6mb\u00f6k \u00e9s \u00e9des arc\u00fa gy\u00fcm\u00f6lcs\u00f6k d\u00edsz\u00edtik, \u00e9s mindezek hozz\u00e1j\u00e1rulnak a tiszta b\u00e1j hangulat\u00e1hoz.<\/div>\n<p>&nbsp;<\/p>\n<div class=\"auto-hide-last-sibling-br paragraph-qzbcQC paragraph-element br-paragraph-space\">Kiv\u00e1l\u00f3 min\u0151s\u00e9g\u0171 anyagokb\u00f3l k\u00e9sz\u00fclt, gyeng\u00e9d, m\u00e9gis t\u00e1mogat\u00f3 \u00f6lel\u00e9st biztos\u00edt. Ezt a p\u00e1rn\u00e1t szak\u00e9rt\u0151 m\u00f3don \u00fagy tervezt\u00e9k, hogy b\u00f6lcs\u0151be fektesse a baba fej\u00e9t, seg\u00edt fenntartani az eg\u00e9szs\u00e9ges fejform\u00e1t a l\u00e9tfontoss\u00e1g\u00fa els\u0151 h\u00f3napokban. M\u00e9rete 28*<em>21*<\/em>1,5CM, t\u00f6k\u00e9letesen illeszkedik a kis\u00e1gyba, \u00edgy otthonos \u00e9s biztons\u00e1gos mened\u00e9ket teremt a kisgyermek sz\u00e1m\u00e1ra.<\/div>\n<p>&nbsp;<\/p>\n<div class=\"auto-hide-last-sibling-br paragraph-qzbcQC paragraph-element br-paragraph-space\">K\u00e9pzelje el dr\u00e1ga kisgyermek\u00e9t, amint fekszik a kis\u00e1gy\u00e1ban, \u00e9s a feje k\u00e9nyelmesen r\u00e1fekszik erre a p\u00e1rn\u00e1ra. A nappali alv\u00e1s alatt puha \u00e9s h\u00edvogat\u00f3 fel\u00fcletet biztos\u00edt, m\u00edg \u00e9jszaka a k\u00e9nyelem \u00e9s biztons\u00e1g forr\u00e1sa lesz, seg\u00edtve a bab\u00e1t a b\u00e9k\u00e9s \u00e1lomba mer\u00fclni. Emellett kedves dekor\u00e1ci\u00f3s elemk\u00e9nt is szolg\u00e1l a gyerekszob\u00e1ban, egy kis szesz\u00e9lyt k\u00f6lcs\u00f6n\u00f6zve a szoba dekor\u00e1ci\u00f3j\u00e1nak.<\/div>\n<p>&nbsp;<\/p>\n<div class=\"auto-hide-last-sibling-br paragraph-qzbcQC paragraph-element br-paragraph-space\">A sz\u00fcl\u0151k nagyon el\u00e9gedettek voltak ezzel a term\u00e9kkel. \"Ez a medvef\u00fcles nyomtatott form\u00e1z\u00f3 p\u00e1rna egy must - have! A bab\u00e1m sokkal k\u00e9nyelmesebbnek t\u0171nik, \u00e9s az aranyos nyomatok miatt kiemelkedik a gyerekszob\u00e1ban. Im\u00e1dom, hogy a fejform\u00e1l\u00e1sban is seg\u00edt\" - \u00e1radozott egy \u00fajdons\u00fclt anyuka. Egy apuka hozz\u00e1tette: \"Nagyon le vagyunk ny\u0171g\u00f6zve a min\u0151s\u00e9gt\u0151l. Puha, tart\u00f3s, \u00e9s a design egyszer\u0171en im\u00e1dnival\u00f3. A bab\u00e1nk alv\u00e1sfelszerel\u00e9s\u00e9nek n\u00e9lk\u00fcl\u00f6zhetetlen r\u00e9sze lett.\"<\/div>\n<p>&nbsp;<\/p>\n<div class=\"auto-hide-last-sibling-br paragraph-qzbcQC paragraph-element br-paragraph-space\">A Bear Ear Printed Shaping Pillow l\u00e9nyeg\u00e9ben a k\u00e9nyelem, a cukis\u00e1g \u00e9s a praktikum harmonikus kever\u00e9ke. Ez nem csak egy \u00e1gynem\u0171; ez a baba korai \u00e9let\u00e9nek egy megbecs\u00fclt r\u00e9sze, amely gyeng\u00e9d t\u00e1mogat\u00e1s\u00e1val \u00e9s b\u00e1jos jelenl\u00e9t\u00e9vel minden alv\u00e1ssal teli pillanatot gazdag\u00edt.<\/div>\n<\/div>\n<\/div>\n<\/div>\n<\/div>","protected":false},"excerpt":{"rendered":"<p>A medvef\u00fcl nyomtatott form\u00e1z\u00f3p\u00e1rna b\u00e1jos \u00e9s praktikus alv\u00e1sseg\u00edt\u0151 0-6 h\u00f3napos csecsem\u0151k sz\u00e1m\u00e1ra. Kialak\u00edt\u00e1sa aranyos medvef\u00fcl-szer\u0171 form\u00e1kat tartalmaz, \u00e9s kedves, v\u00e9letlenszer\u0171, im\u00e1dnival\u00f3 medv\u00e9s mot\u00edvumokkal \u00e9s m\u00e1s \u00e9des elemekkel d\u00edsz\u00edtett. Min\u0151s\u00e9gi anyagokb\u00f3l k\u00e9sz\u00fclt, \u00e9s gyeng\u00e9d t\u00e1maszt ny\u00fajt a baba fejform\u00e1j\u00e1nak meg\u0151rz\u00e9se \u00e9rdek\u00e9ben. M\u00e9rete 28*<em>21*<\/em>1.5CM, k\u00e9nyelmesen elf\u00e9r a kis\u00e1gyban. Ez a p\u00e1rna nemcsak puha \u00e9s k\u00e9nyelmes pihen\u0151helyet biztos\u00edt a baba sz\u00e1m\u00e1ra, hanem egy cuki kis cukis\u00e1got is ad a gyerekszob\u00e1nak, kellemes k\u00f6rnyezetet teremtve a baba alv\u00e1s\u00e1hoz.<\/p>","protected":false},"featured_media":3387,"comment_status":"open","ping_status":"closed","template":"","meta":{"_uag_custom_page_level_css":"","site-sidebar-layout":"default","site-content-layout":"","ast-site-content-layout":"default","site-content-style":"default","site-sidebar-style":"default","ast-global-header-display":"","ast-banner-title-visibility":"","ast-main-header-display":"","ast-hfb-above-header-display":"","ast-hfb-below-header-display":"","ast-hfb-mobile-header-display":"","site-post-title":"","ast-breadcrumbs-content":"","ast-featured-img":"","footer-sml-layout":"","ast-disable-related-posts":"","theme-transparent-header-meta":"default","adv-header-id-meta":"","stick-header-meta":"","header-above-stick-meta":"","header-main-stick-meta":"","header-below-stick-meta":"","astra-migrate-meta-layouts":"set","ast-page-background-enabled":"default","ast-page-background-meta":{"desktop":{"background-color":"","background-image":"","background-repeat":"repeat","background-position":"center center","background-size":"auto","background-attachment":"scroll","background-type":"","background-media":"","overlay-type":"","overlay-color":"","overlay-opacity":"","overlay-gradient":""},"tablet":{"background-color":"","background-image":"","background-repeat":"repeat","background-position":"center center","background-size":"auto","background-attachment":"scroll","background-type":"","background-media":"","overlay-type":"","overlay-color":"","overlay-opacity":"","overlay-gradient":""},"mobile":{"background-color":"","background-image":"","background-repeat":"repeat","background-position":"center center","background-size":"auto","background-attachment":"scroll","background-type":"","background-media":"","overlay-type":"","overlay-color":"","overlay-opacity":"","overlay-gradient":""}},"ast-content-background-meta":{"desktop":{"background-color":"var(--ast-global-color-5)","background-image":"","background-repeat":"repeat","background-position":"center center","background-size":"auto","background-attachment":"scroll","background-type":"","background-media":"","overlay-type":"","overlay-color":"","overlay-opacity":"","overlay-gradient":""},"tablet":{"background-color":"var(--ast-global-color-5)","background-image":"","background-repeat":"repeat","background-position":"center center","background-size":"auto","background-attachment":"scroll","background-type":"","background-media":"","overlay-type":"","overlay-color":"","overlay-opacity":"","overlay-gradient":""},"mobile":{"background-color":"var(--ast-global-color-5)","background-image":"","background-repeat":"repeat","background-position":"center center","background-size":"auto","background-attachment":"scroll","background-type":"","background-media":"","overlay-type":"","overlay-color":"","overlay-opacity":"","overlay-gradient":""}}},"product_brand":[],"product_cat":[54,42],"product_tag":[70,68,71,69],"class_list":{"0":"post-3386","1":"product","2":"type-product","3":"status-publish","4":"has-post-thumbnail","6":"product_cat-0-to-6months","7":"product_cat-merchandise","8":"product_tag-babypillow","9":"product_tag-cuteanimalpillow","10":"product_tag-headshapesupport","11":"product_tag-kouniushapingpillow","12":"desktop-align-left","13":"tablet-align-left","14":"mobile-align-left","16":"first","17":"instock","18":"shipping-taxable","19":"product-type-simple"},"aioseo_notices":[],"uagb_featured_image_src":{"full":["https:\/\/babypillowwholesale.com\/wp-content\/uploads\/2025\/04\/1010.jpg",1000,1000,false],"thumbnail":["https:\/\/babypillowwholesale.com\/wp-content\/uploads\/2025\/04\/1010-150x150.jpg",150,150,true],"medium":["https:\/\/babypillowwholesale.com\/wp-content\/uploads\/2025\/04\/1010-300x300.jpg",300,300,true],"medium_large":["https:\/\/babypillowwholesale.com\/wp-content\/uploads\/2025\/04\/1010-768x768.jpg",768,768,true],"large":["https:\/\/babypillowwholesale.com\/wp-content\/uploads\/2025\/04\/1010.jpg",1000,1000,false],"1536x1536":["https:\/\/babypillowwholesale.com\/wp-content\/uploads\/2025\/04\/1010.jpg",1000,1000,false],"2048x2048":["https:\/\/babypillowwholesale.com\/wp-content\/uploads\/2025\/04\/1010.jpg",1000,1000,false],"trp-custom-language-flag":["https:\/\/babypillowwholesale.com\/wp-content\/uploads\/2025\/04\/1010.jpg",12,12,false],"woocommerce_thumbnail":["https:\/\/babypillowwholesale.com\/wp-content\/uploads\/2025\/04\/1010-300x300.jpg",300,300,true],"woocommerce_single":["https:\/\/babypillowwholesale.com\/wp-content\/uploads\/2025\/04\/1010-600x600.jpg",600,600,true],"woocommerce_gallery_thumbnail":["https:\/\/babypillowwholesale.com\/wp-content\/uploads\/2025\/04\/1010-100x100.jpg",100,100,true]},"uagb_author_info":{"display_name":"Etnen zhong","author_link":"https:\/\/babypillowwholesale.com\/hu\/author\/"},"uagb_comment_info":0,"uagb_excerpt":"The Bear Ear Printed Shaping Pillow is a charming and practical sleep aid for infants aged 0 - 6 months. Its design features cute bear ear - like shapes and is adorned with delightful random prints of adorable bear motifs and other sweet elements. Made with quality materials, it provides gentle support to help maintain&hellip;","jetpack_sharing_enabled":true,"_links":{"self":[{"href":"https:\/\/babypillowwholesale.com\/hu\/wp-json\/wp\/v2\/product\/3386","targetHints":{"allow":["GET"]}}],"collection":[{"href":"https:\/\/babypillowwholesale.com\/hu\/wp-json\/wp\/v2\/product"}],"about":[{"href":"https:\/\/babypillowwholesale.com\/hu\/wp-json\/wp\/v2\/types\/product"}],"replies":[{"embeddable":true,"href":"https:\/\/babypillowwholesale.com\/hu\/wp-json\/wp\/v2\/comments?post=3386"}],"wp:featuredmedia":[{"embeddable":true,"href":"https:\/\/babypillowwholesale.com\/hu\/wp-json\/wp\/v2\/media\/3387"}],"wp:attachment":[{"href":"https:\/\/babypillowwholesale.com\/hu\/wp-json\/wp\/v2\/media?parent=3386"}],"wp:term":[{"taxonomy":"product_brand","embeddable":true,"href":"https:\/\/babypillowwholesale.com\/hu\/wp-json\/wp\/v2\/product_brand?post=3386"},{"taxonomy":"product_cat","embeddable":true,"href":"https:\/\/babypillowwholesale.com\/hu\/wp-json\/wp\/v2\/product_cat?post=3386"},{"taxonomy":"product_tag","embeddable":true,"href":"https:\/\/babypillowwholesale.com\/hu\/wp-json\/wp\/v2\/product_tag?post=3386"}],"curies":[{"name":"wp","href":"https:\/\/api.w.org\/{rel}","templated":true}]}}