{"id":3383,"date":"2025-04-11T07:55:31","date_gmt":"2025-04-11T07:55:31","guid":{"rendered":"https:\/\/babypillowwholesale.com\/?post_type=product&#038;p=3383"},"modified":"2025-06-08T08:07:13","modified_gmt":"2025-06-08T08:07:13","slug":"little-apple-memory-pillow","status":"publish","type":"product","link":"https:\/\/babypillowwholesale.com\/hu\/product\/little-apple-memory-pillow\/","title":{"rendered":"Kis alma mem\u00f3ria p\u00e1rna"},"content":{"rendered":"<div class=\"auto-hide-last-sibling-br paragraph-qzbcQC paragraph-element br-paragraph-space\" data-immersive-translate-walked=\"8e61f2e7-6af2-46e5-9672-3b9e4f4033d9\" data-immersive-translate-paragraph=\"1\">\n<div class=\"auto-hide-last-sibling-br paragraph-qzbcQC paragraph-element br-paragraph-space\">\n<div class=\"auto-hide-last-sibling-br paragraph-qzbcQC paragraph-element br-paragraph-space\">\n<div class=\"auto-hide-last-sibling-br paragraph-qzbcQC paragraph-element br-paragraph-space\">Bemutatjuk a Little Apple Memory Pillow-t, egy kedves \u00e9s n\u00e9lk\u00fcl\u00f6zhetetlen alv\u00f3t\u00e1rsat, amelyet kifejezetten a 0-3 h\u00f3napos csecsem\u0151k sz\u00e1m\u00e1ra k\u00e9sz\u00edtettek. Ez a p\u00e1rna b\u00e1jos alma alak\u00fa sziluettj\u00e9vel azonnal szemet gy\u00f6ny\u00f6rk\u00f6dtet\u0151, m\u00e1r a kezdetekt\u0151l fogva \u00e9dess\u00e9get \u00e9s j\u00e1t\u00e9koss\u00e1got sug\u00e1roz.<\/div>\n<p>&nbsp;<\/p>\n<div class=\"auto-hide-last-sibling-br paragraph-qzbcQC paragraph-element br-paragraph-space\">A pr\u00e9mium mem\u00f3riahabb\u00f3l k\u00e9sz\u00fclt, a k\u00e9nyelem mintak\u00e9pe. Gyeng\u00e9den \u00e9s z\u00f6kken\u0151mentesen idomul a baba fej\u00e9nek egyedi k\u00f6rvonalaihoz, \u00e9s olyan testre szabott t\u00e1mogat\u00e1st ny\u00fajt, amely egyszerre gyeng\u00e9d \u00e9s megnyugtat\u00f3. A p\u00e1rna fel\u00fclete a b\u00e1j v\u00e1szna, amelyet b\u00e1jos, v\u00e9letlenszer\u0171 nyomatok d\u00edsz\u00edtenek, amelyek egy kis szesz\u00e9lyt \u00e9s melegs\u00e9get k\u00f6lcs\u00f6n\u00f6znek. Minden egyes nyomat olyan, mint egy apr\u00f3 t\u00f6rt\u00e9net, amely hozz\u00e1j\u00e1rul a p\u00e1rna \u00e1ltal\u00e1nos sz\u00e9ps\u00e9g\u00e9hez.<\/div>\n<p>&nbsp;<\/p>\n<div class=\"auto-hide-last-sibling-br paragraph-qzbcQC paragraph-element br-paragraph-space\">M\u00e9rete egy kecses 20*<em>22*<\/em>1.5CM, t\u00f6k\u00e9letesen illeszkedik a kis\u00e1gyba, \u00edgy otthonos mened\u00e9ket teremtve a kicsi sz\u00e1m\u00e1ra. K\u00e9pzelje el dr\u00e1ga kisgyermek\u00e9t, amint fekszik a kis\u00e1gy\u00e1ban, fej\u00e9t gyeng\u00e9den b\u00f6lcs\u0151zi ez a kis alma alak\u00fa p\u00e1rna. Puha, biztons\u00e1gos hely lesz, ahol b\u00e9k\u00e9s \u00e1lomba mer\u00fclhet, a mem\u00f3riahab \u00e9s az aranyos nyomatok gyeng\u00e9d \u00f6lel\u00e9s\u00e9t\u0151l k\u00f6r\u00fclv\u00e9ve.<\/div>\n<p>&nbsp;<\/p>\n<div class=\"auto-hide-last-sibling-br paragraph-qzbcQC paragraph-element br-paragraph-space\">Az els\u0151 napokban, amikor a baba alv\u00e1sideje nagy r\u00e9sz\u00e9t alv\u00e1ssal t\u00f6lti, a Little Apple Memory Pillow \u00e1lland\u00f3 k\u00e9nyelmet ny\u00fajt. Legyen sz\u00f3 r\u00f6vid nappali szuny\u00f3k\u00e1l\u00e1sr\u00f3l vagy hosszabb \u00e9jszakai elny\u00fajt\u00e1sr\u00f3l, ez a p\u00e1rna \u00e1lland\u00f3 \u00e9s nyugtat\u00f3 fel\u00fcletet biztos\u00edt. Emellett a gyerekszoba k\u00f6zponti elem\u00e9v\u00e9 v\u00e1lik, \u00e9s egy kis cukis\u00e1ggal gazdag\u00edtja az \u00e1ltal\u00e1nos dekor\u00e1ci\u00f3t.<\/div>\n<p>&nbsp;<\/p>\n<div class=\"auto-hide-last-sibling-br paragraph-qzbcQC paragraph-element br-paragraph-space\">A sz\u00fcl\u0151k \u00e1radozva dics\u00e9rt\u00e9k ezt az elragad\u00f3 p\u00e1rn\u00e1t. \"Beleszerettem a Little Apple Memory p\u00e1rn\u00e1ba! Annyira aranyos, \u00e9s az \u00fajsz\u00fcl\u00f6ttemnek sokkal k\u00e9nyelmesebbnek t\u0171nik. A mem\u00f3riahab egy j\u00e1t\u00e9k - changer\" - ki\u00e1ltott fel egy \u00fajdons\u00fclt anyuka. Egy apuka hozz\u00e1tette: \"Im\u00e1djuk, hogy egy kis b\u00e1jt k\u00f6lcs\u00f6n\u00f6z a gyerekszob\u00e1nak. J\u00f3l tartja mag\u00e1t, \u00e9s \u00fagy t\u0171nik, t\u00e9nyleg seg\u00edt a bab\u00e1nknak jobban aludni\".<\/div>\n<p>&nbsp;<\/p>\n<div class=\"auto-hide-last-sibling-br paragraph-qzbcQC paragraph-element br-paragraph-space\">A Little Apple Memory Pillow l\u00e9nyeg\u00e9ben a k\u00e9nyelem, a cukis\u00e1g \u00e9s a funkcionalit\u00e1s harmonikus kever\u00e9ke. Ez nem csak egy \u00e1gynem\u0171; ez a baba korai \u00e9let\u00e9nek megbecs\u00fclt r\u00e9sze, amely minden alv\u00e1ssal teli pillanatot a nyugalom \u00e9s a gyeng\u00e9ds\u00e9g \u00e9rz\u00e9s\u00e9vel t\u00f6lt el.<\/div>\n<\/div>\n<\/div>\n<\/div>","protected":false},"excerpt":{"rendered":"<p>A Little Apple Memory Pillow egy \u00e9des \u00e9s praktikus, 0-3 h\u00f3napos csecsem\u0151k sz\u00e1m\u00e1ra kifejlesztett alv\u00e1sseg\u00edt\u0151 p\u00e1rna. Aranyos alma alak\u00fa, im\u00e1dnival\u00f3 form\u00e1j\u00e1val azonnal megragadja a tekintetet. Mem\u00f3riahabb\u00f3l k\u00e9sz\u00fclt, l\u00e1gyan alkalmazkodik a baba fej\u00e9hez, gyeng\u00e9d \u00e9s szem\u00e9lyre szabott al\u00e1t\u00e1maszt\u00e1st biztos\u00edtva. Fel\u00fclet\u00e9t b\u00e1jos, v\u00e9letlenszer\u0171 nyomatok d\u00edsz\u00edtik, amelyek egy kis kedvess\u00e9get k\u00f6lcs\u00f6n\u00f6znek. Kompakt m\u00e9rete 20*<em>22*<\/em>1.5CM, t\u00f6k\u00e9letesen illeszkedik a kis\u00e1gyba. Ez a p\u00e1rna nem csak seg\u00edt fenntartani a baba fejform\u00e1j\u00e1t, hanem hangulatos \u00e9s k\u00e9nyelmes pihen\u0151helyet is k\u00edn\u00e1l, nyugodt k\u00f6rnyezetet teremtve a baba nyugodt alv\u00e1s\u00e1hoz.<\/p>","protected":false},"featured_media":3384,"comment_status":"open","ping_status":"closed","template":"","meta":{"_uag_custom_page_level_css":"","site-sidebar-layout":"default","site-content-layout":"","ast-site-content-layout":"default","site-content-style":"default","site-sidebar-style":"default","ast-global-header-display":"","ast-banner-title-visibility":"","ast-main-header-display":"","ast-hfb-above-header-display":"","ast-hfb-below-header-display":"","ast-hfb-mobile-header-display":"","site-post-title":"","ast-breadcrumbs-content":"","ast-featured-img":"","footer-sml-layout":"","ast-disable-related-posts":"","theme-transparent-header-meta":"default","adv-header-id-meta":"","stick-header-meta":"","header-above-stick-meta":"","header-main-stick-meta":"","header-below-stick-meta":"","astra-migrate-meta-layouts":"set","ast-page-background-enabled":"default","ast-page-background-meta":{"desktop":{"background-color":"","background-image":"","background-repeat":"repeat","background-position":"center center","background-size":"auto","background-attachment":"scroll","background-type":"","background-media":"","overlay-type":"","overlay-color":"","overlay-opacity":"","overlay-gradient":""},"tablet":{"background-color":"","background-image":"","background-repeat":"repeat","background-position":"center center","background-size":"auto","background-attachment":"scroll","background-type":"","background-media":"","overlay-type":"","overlay-color":"","overlay-opacity":"","overlay-gradient":""},"mobile":{"background-color":"","background-image":"","background-repeat":"repeat","background-position":"center center","background-size":"auto","background-attachment":"scroll","background-type":"","background-media":"","overlay-type":"","overlay-color":"","overlay-opacity":"","overlay-gradient":""}},"ast-content-background-meta":{"desktop":{"background-color":"var(--ast-global-color-5)","background-image":"","background-repeat":"repeat","background-position":"center center","background-size":"auto","background-attachment":"scroll","background-type":"","background-media":"","overlay-type":"","overlay-color":"","overlay-opacity":"","overlay-gradient":""},"tablet":{"background-color":"var(--ast-global-color-5)","background-image":"","background-repeat":"repeat","background-position":"center center","background-size":"auto","background-attachment":"scroll","background-type":"","background-media":"","overlay-type":"","overlay-color":"","overlay-opacity":"","overlay-gradient":""},"mobile":{"background-color":"var(--ast-global-color-5)","background-image":"","background-repeat":"repeat","background-position":"center center","background-size":"auto","background-attachment":"scroll","background-type":"","background-media":"","overlay-type":"","overlay-color":"","overlay-opacity":"","overlay-gradient":""}}},"product_brand":[],"product_cat":[54,42],"product_tag":[70,68,71,69],"class_list":{"0":"post-3383","1":"product","2":"type-product","3":"status-publish","4":"has-post-thumbnail","6":"product_cat-0-to-6months","7":"product_cat-merchandise","8":"product_tag-babypillow","9":"product_tag-cuteanimalpillow","10":"product_tag-headshapesupport","11":"product_tag-kouniushapingpillow","12":"desktop-align-left","13":"tablet-align-left","14":"mobile-align-left","16":"first","17":"instock","18":"shipping-taxable","19":"product-type-simple"},"aioseo_notices":[],"uagb_featured_image_src":{"full":["https:\/\/babypillowwholesale.com\/wp-content\/uploads\/2025\/04\/1003.jpg",1000,1000,false],"thumbnail":["https:\/\/babypillowwholesale.com\/wp-content\/uploads\/2025\/04\/1003-150x150.jpg",150,150,true],"medium":["https:\/\/babypillowwholesale.com\/wp-content\/uploads\/2025\/04\/1003-300x300.jpg",300,300,true],"medium_large":["https:\/\/babypillowwholesale.com\/wp-content\/uploads\/2025\/04\/1003-768x768.jpg",768,768,true],"large":["https:\/\/babypillowwholesale.com\/wp-content\/uploads\/2025\/04\/1003.jpg",1000,1000,false],"1536x1536":["https:\/\/babypillowwholesale.com\/wp-content\/uploads\/2025\/04\/1003.jpg",1000,1000,false],"2048x2048":["https:\/\/babypillowwholesale.com\/wp-content\/uploads\/2025\/04\/1003.jpg",1000,1000,false],"trp-custom-language-flag":["https:\/\/babypillowwholesale.com\/wp-content\/uploads\/2025\/04\/1003.jpg",12,12,false],"woocommerce_thumbnail":["https:\/\/babypillowwholesale.com\/wp-content\/uploads\/2025\/04\/1003-300x300.jpg",300,300,true],"woocommerce_single":["https:\/\/babypillowwholesale.com\/wp-content\/uploads\/2025\/04\/1003-600x600.jpg",600,600,true],"woocommerce_gallery_thumbnail":["https:\/\/babypillowwholesale.com\/wp-content\/uploads\/2025\/04\/1003-100x100.jpg",100,100,true]},"uagb_author_info":{"display_name":"Etnen zhong","author_link":"https:\/\/babypillowwholesale.com\/hu\/author\/"},"uagb_comment_info":0,"uagb_excerpt":"The Little Apple Memory Pillow is a sweet and practical sleep essential designed for infants aged 0 - 3 months. Shaped like a cute apple, it immediately catches the eye with its adorable form. Made of memory foam, it softly conforms to the baby's head, providing gentle and customized support. The surface is decorated with&hellip;","jetpack_sharing_enabled":true,"_links":{"self":[{"href":"https:\/\/babypillowwholesale.com\/hu\/wp-json\/wp\/v2\/product\/3383","targetHints":{"allow":["GET"]}}],"collection":[{"href":"https:\/\/babypillowwholesale.com\/hu\/wp-json\/wp\/v2\/product"}],"about":[{"href":"https:\/\/babypillowwholesale.com\/hu\/wp-json\/wp\/v2\/types\/product"}],"replies":[{"embeddable":true,"href":"https:\/\/babypillowwholesale.com\/hu\/wp-json\/wp\/v2\/comments?post=3383"}],"wp:featuredmedia":[{"embeddable":true,"href":"https:\/\/babypillowwholesale.com\/hu\/wp-json\/wp\/v2\/media\/3384"}],"wp:attachment":[{"href":"https:\/\/babypillowwholesale.com\/hu\/wp-json\/wp\/v2\/media?parent=3383"}],"wp:term":[{"taxonomy":"product_brand","embeddable":true,"href":"https:\/\/babypillowwholesale.com\/hu\/wp-json\/wp\/v2\/product_brand?post=3383"},{"taxonomy":"product_cat","embeddable":true,"href":"https:\/\/babypillowwholesale.com\/hu\/wp-json\/wp\/v2\/product_cat?post=3383"},{"taxonomy":"product_tag","embeddable":true,"href":"https:\/\/babypillowwholesale.com\/hu\/wp-json\/wp\/v2\/product_tag?post=3383"}],"curies":[{"name":"wp","href":"https:\/\/api.w.org\/{rel}","templated":true}]}}