{"id":3380,"date":"2025-04-11T07:23:24","date_gmt":"2025-04-11T07:23:24","guid":{"rendered":"https:\/\/babypillowwholesale.com\/?post_type=product&#038;p=3380"},"modified":"2025-06-08T08:11:45","modified_gmt":"2025-06-08T08:11:45","slug":"little-bear-memory-pillow","status":"publish","type":"product","link":"https:\/\/babypillowwholesale.com\/hu\/product\/little-bear-memory-pillow\/","title":{"rendered":"Kis medve mem\u00f3ria p\u00e1rna"},"content":{"rendered":"<div class=\"auto-hide-last-sibling-br paragraph-qzbcQC paragraph-element br-paragraph-space\" data-immersive-translate-walked=\"8e61f2e7-6af2-46e5-9672-3b9e4f4033d9\" data-immersive-translate-paragraph=\"1\">\n<div class=\"auto-hide-last-sibling-br paragraph-qzbcQC paragraph-element br-paragraph-space\">\n<div class=\"auto-hide-last-sibling-br paragraph-qzbcQC paragraph-element br-paragraph-space\">Bemutatjuk a Little Bear Memory Pillow-t, a 0-6 h\u00f3napos csecsem\u0151k sz\u00e1m\u00e1ra apr\u00f3l\u00e9kosan kidolgozott, gyeng\u00e9d \u00e9s n\u00e9lk\u00fcl\u00f6zhetetlen alv\u00f3t\u00e1rsat. Ez a p\u00e1rna a k\u00e9nyelem mintak\u00e9pe, pr\u00e9mium min\u0151s\u00e9g\u0171 mem\u00f3riahabb\u00f3l k\u00e9sz\u00fclt, amely kecsesen idomul a baba fej\u00e9nek k\u00f6rvonalaihoz. Testre szabott \u00f6lel\u00e9st k\u00edn\u00e1l, gyeng\u00e9d, m\u00e9gis t\u00e1mogat\u00f3 k\u00e9nyelmet biztos\u00edt, ami elengedhetetlen a kicsi fejl\u0151d\u0151 fejform\u00e1ja szempontj\u00e1b\u00f3l.<\/div>\n<p>&nbsp;<\/p>\n<div class=\"auto-hide-last-sibling-br paragraph-qzbcQC paragraph-element br-paragraph-space\">A p\u00e1rna fel\u00fclete a cukis\u00e1g v\u00e1szna, amelyet egy sor b\u00e1jos, v\u00e9letlenszer\u0171en kiv\u00e1lasztott, b\u00e1jos kis medv\u00e9s mot\u00edvummal d\u00edsz\u00edtett, elragad\u00f3 nyomat d\u00edsz\u00edt. Minden egyes mack\u00f3 kedves arckifejez\u00e9s\u00e9vel \u00e9s j\u00e1t\u00e9kos viselked\u00e9s\u00e9vel egy kis szesz\u00e9lyt \u00e9s melegs\u00e9get k\u00f6lcs\u00f6n\u00f6z, \u00edgy a p\u00e1rna nem csup\u00e1n funkcion\u00e1lis t\u00e1rgy, hanem vizu\u00e1lis \u00f6r\u00f6mforr\u00e1s is.<\/div>\n<p>&nbsp;<\/p>\n<div class=\"auto-hide-last-sibling-br paragraph-qzbcQC paragraph-element br-paragraph-space\">M\u00e9r\u00e9se kompakt 25*<em>20*<\/em>1.5CM, t\u00f6k\u00e9letesen illeszkedik a kis\u00e1gyba vagy a m\u00f3zeskos\u00e1rba. K\u00e9pzelje el dr\u00e1ga kisgyermek\u00e9t, amint a k\u00e9nyelmes alv\u00f3hely\u00e9n f\u00e9szkel\u0151dik, \u00e9s apr\u00f3 fejecsk\u00e9je finoman pihen ezen a p\u00e1rn\u00e1n. A puhas\u00e1g mened\u00e9k\u00e9v\u00e9 v\u00e1lik, ahol b\u00e9k\u00e9s \u00e1lomba mer\u00fclhet, a kis mack\u00f3nyomok megnyugtat\u00f3 jelenl\u00e9t\u00e9vel k\u00f6r\u00fclv\u00e9ve.<\/div>\n<p>&nbsp;<\/p>\n<div class=\"auto-hide-last-sibling-br paragraph-qzbcQC paragraph-element br-paragraph-space\">Az els\u0151 napokban, amikor a baba eg\u00e9sz nap r\u00f6vid szundik\u00e1l, a Little Bear Memory Pillow \u00e1lland\u00f3 \u00e9s k\u00e9nyelmes helyet biztos\u00edt. Az \u00e9jszakai alv\u00e1s sor\u00e1n is megnyugtat\u00f3 kieg\u00e9sz\u00edt\u0151, amely seg\u00edt a bab\u00e1nak, hogy biztons\u00e1gban \u00e9s nyugalomban \u00e9rezze mag\u00e1t.<\/div>\n<p>&nbsp;<\/p>\n<div class=\"auto-hide-last-sibling-br paragraph-qzbcQC paragraph-element br-paragraph-space\">A sz\u00fcl\u0151k nagyon el\u00e9gedettek voltak ezzel a term\u00e9kkel. \"Ez a Little Bear Memory Pillow egy j\u00e1t\u00e9k - changer! Az \u00fajsz\u00fcl\u00f6ttem sokkal k\u00e9nyelmesebbnek t\u0171nik, \u00e9s im\u00e1dom az aranyos mack\u00f3nyomatokat. Megnyugtat a tudat, hogy a fejform\u00e1t is seg\u00edti\" - \u00e1radozott egy \u00fajdons\u00fclt anyuka. Egy apuka hozz\u00e1tette: \"Nagyon leny\u0171g\u00f6z\u00f6tt minket a min\u0151s\u00e9g. J\u00f3l tartotta mag\u00e1t, \u00e9s a bab\u00e1nk alv\u00e1si felszerel\u00e9s\u00e9nek n\u00e9lk\u00fcl\u00f6zhetetlen r\u00e9sz\u00e9v\u00e9 v\u00e1lt.\"<\/div>\n<p>&nbsp;<\/p>\n<div class=\"auto-hide-last-sibling-br paragraph-qzbcQC paragraph-element br-paragraph-space\">A Little Bear Memory Pillow l\u00e9nyeg\u00e9ben a k\u00e9nyelem, a cukis\u00e1g \u00e9s a funkcionalit\u00e1s harmonikus kever\u00e9ke. Ez nem csup\u00e1n egy \u00e1gynem\u0171; ez a baba els\u0151 napjainak megbecs\u00fclt r\u00e9sze, amely minden egyes alv\u00e1ssal teli pillanatot a biztons\u00e1g \u00e9s a gyeng\u00e9ds\u00e9g \u00e9rz\u00e9s\u00e9vel t\u00f6lt el.<\/div>\n<\/div>\n<\/div>","protected":false},"excerpt":{"rendered":"<p>A Little Bear Memory Pillow egy finom \u00e9s funkcion\u00e1lis alv\u00e1si kieg\u00e9sz\u00edt\u0151, amelyet 0-6 h\u00f3napos csecsem\u0151k sz\u00e1m\u00e1ra terveztek. Mem\u00f3riahabb\u00f3l k\u00e9sz\u00fclt, finoman alkalmazkodik a baba fej\u00e9nek alakj\u00e1hoz, \u00edgy szem\u00e9lyre szabott al\u00e1t\u00e1maszt\u00e1st biztos\u00edt. Fel\u00fclet\u00e9t aranyos, v\u00e9letlenszer\u0171, kismack\u00f3 mot\u00edvumokat \u00e1br\u00e1zol\u00f3 nyomatok d\u00edsz\u00edtik, b\u00e1jos elemet adva hozz\u00e1. Kompakt m\u00e9rete 25*<em>20*<\/em>1.5CM, alkalmas a baba kis\u00e1gy\u00e1hoz vagy m\u00f3zeskos\u00e1rhoz. Ez a p\u00e1rna nem csak seg\u00edt fenntartani a baba fejform\u00e1j\u00e1t, hanem puha \u00e9s k\u00e9nyelmes pihen\u0151helyet is k\u00edn\u00e1l, hangulatos k\u00f6rnyezetet teremtve a baba alv\u00e1s\u00e1hoz.<\/p>","protected":false},"featured_media":3381,"comment_status":"open","ping_status":"closed","template":"","meta":{"_uag_custom_page_level_css":"","site-sidebar-layout":"default","site-content-layout":"","ast-site-content-layout":"default","site-content-style":"default","site-sidebar-style":"default","ast-global-header-display":"","ast-banner-title-visibility":"","ast-main-header-display":"","ast-hfb-above-header-display":"","ast-hfb-below-header-display":"","ast-hfb-mobile-header-display":"","site-post-title":"","ast-breadcrumbs-content":"","ast-featured-img":"","footer-sml-layout":"","ast-disable-related-posts":"","theme-transparent-header-meta":"default","adv-header-id-meta":"","stick-header-meta":"","header-above-stick-meta":"","header-main-stick-meta":"","header-below-stick-meta":"","astra-migrate-meta-layouts":"set","ast-page-background-enabled":"default","ast-page-background-meta":{"desktop":{"background-color":"","background-image":"","background-repeat":"repeat","background-position":"center center","background-size":"auto","background-attachment":"scroll","background-type":"","background-media":"","overlay-type":"","overlay-color":"","overlay-opacity":"","overlay-gradient":""},"tablet":{"background-color":"","background-image":"","background-repeat":"repeat","background-position":"center center","background-size":"auto","background-attachment":"scroll","background-type":"","background-media":"","overlay-type":"","overlay-color":"","overlay-opacity":"","overlay-gradient":""},"mobile":{"background-color":"","background-image":"","background-repeat":"repeat","background-position":"center center","background-size":"auto","background-attachment":"scroll","background-type":"","background-media":"","overlay-type":"","overlay-color":"","overlay-opacity":"","overlay-gradient":""}},"ast-content-background-meta":{"desktop":{"background-color":"var(--ast-global-color-5)","background-image":"","background-repeat":"repeat","background-position":"center center","background-size":"auto","background-attachment":"scroll","background-type":"","background-media":"","overlay-type":"","overlay-color":"","overlay-opacity":"","overlay-gradient":""},"tablet":{"background-color":"var(--ast-global-color-5)","background-image":"","background-repeat":"repeat","background-position":"center center","background-size":"auto","background-attachment":"scroll","background-type":"","background-media":"","overlay-type":"","overlay-color":"","overlay-opacity":"","overlay-gradient":""},"mobile":{"background-color":"var(--ast-global-color-5)","background-image":"","background-repeat":"repeat","background-position":"center center","background-size":"auto","background-attachment":"scroll","background-type":"","background-media":"","overlay-type":"","overlay-color":"","overlay-opacity":"","overlay-gradient":""}}},"product_brand":[],"product_cat":[54,42],"product_tag":[70,68,71,69],"class_list":{"0":"post-3380","1":"product","2":"type-product","3":"status-publish","4":"has-post-thumbnail","6":"product_cat-0-to-6months","7":"product_cat-merchandise","8":"product_tag-babypillow","9":"product_tag-cuteanimalpillow","10":"product_tag-headshapesupport","11":"product_tag-kouniushapingpillow","12":"desktop-align-left","13":"tablet-align-left","14":"mobile-align-left","16":"first","17":"instock","18":"shipping-taxable","19":"product-type-simple"},"aioseo_notices":[],"uagb_featured_image_src":{"full":["https:\/\/babypillowwholesale.com\/wp-content\/uploads\/2025\/04\/1002.jpg",1000,1000,false],"thumbnail":["https:\/\/babypillowwholesale.com\/wp-content\/uploads\/2025\/04\/1002-150x150.jpg",150,150,true],"medium":["https:\/\/babypillowwholesale.com\/wp-content\/uploads\/2025\/04\/1002-300x300.jpg",300,300,true],"medium_large":["https:\/\/babypillowwholesale.com\/wp-content\/uploads\/2025\/04\/1002-768x768.jpg",768,768,true],"large":["https:\/\/babypillowwholesale.com\/wp-content\/uploads\/2025\/04\/1002.jpg",1000,1000,false],"1536x1536":["https:\/\/babypillowwholesale.com\/wp-content\/uploads\/2025\/04\/1002.jpg",1000,1000,false],"2048x2048":["https:\/\/babypillowwholesale.com\/wp-content\/uploads\/2025\/04\/1002.jpg",1000,1000,false],"trp-custom-language-flag":["https:\/\/babypillowwholesale.com\/wp-content\/uploads\/2025\/04\/1002.jpg",12,12,false],"woocommerce_thumbnail":["https:\/\/babypillowwholesale.com\/wp-content\/uploads\/2025\/04\/1002-300x300.jpg",300,300,true],"woocommerce_single":["https:\/\/babypillowwholesale.com\/wp-content\/uploads\/2025\/04\/1002-600x600.jpg",600,600,true],"woocommerce_gallery_thumbnail":["https:\/\/babypillowwholesale.com\/wp-content\/uploads\/2025\/04\/1002-100x100.jpg",100,100,true]},"uagb_author_info":{"display_name":"Etnen zhong","author_link":"https:\/\/babypillowwholesale.com\/hu\/author\/"},"uagb_comment_info":0,"uagb_excerpt":"The Little Bear Memory Pillow is a delicate and functional sleep accessory designed for infants aged 0 - 6 months. Made with memory foam, it gently conforms to the shape of the baby's head, providing customized support. Its surface is adorned with cute random prints of little bear motifs, adding an element of charm. With&hellip;","jetpack_sharing_enabled":true,"_links":{"self":[{"href":"https:\/\/babypillowwholesale.com\/hu\/wp-json\/wp\/v2\/product\/3380","targetHints":{"allow":["GET"]}}],"collection":[{"href":"https:\/\/babypillowwholesale.com\/hu\/wp-json\/wp\/v2\/product"}],"about":[{"href":"https:\/\/babypillowwholesale.com\/hu\/wp-json\/wp\/v2\/types\/product"}],"replies":[{"embeddable":true,"href":"https:\/\/babypillowwholesale.com\/hu\/wp-json\/wp\/v2\/comments?post=3380"}],"wp:featuredmedia":[{"embeddable":true,"href":"https:\/\/babypillowwholesale.com\/hu\/wp-json\/wp\/v2\/media\/3381"}],"wp:attachment":[{"href":"https:\/\/babypillowwholesale.com\/hu\/wp-json\/wp\/v2\/media?parent=3380"}],"wp:term":[{"taxonomy":"product_brand","embeddable":true,"href":"https:\/\/babypillowwholesale.com\/hu\/wp-json\/wp\/v2\/product_brand?post=3380"},{"taxonomy":"product_cat","embeddable":true,"href":"https:\/\/babypillowwholesale.com\/hu\/wp-json\/wp\/v2\/product_cat?post=3380"},{"taxonomy":"product_tag","embeddable":true,"href":"https:\/\/babypillowwholesale.com\/hu\/wp-json\/wp\/v2\/product_tag?post=3380"}],"curies":[{"name":"wp","href":"https:\/\/api.w.org\/{rel}","templated":true}]}}