{"id":3377,"date":"2025-04-11T01:50:50","date_gmt":"2025-04-11T01:50:50","guid":{"rendered":"https:\/\/babypillowwholesale.com\/?post_type=product&#038;p=3377"},"modified":"2025-06-08T08:15:04","modified_gmt":"2025-06-08T08:15:04","slug":"dot-plush-wave-pillow","status":"publish","type":"product","link":"https:\/\/babypillowwholesale.com\/hu\/product\/dot-plush-wave-pillow\/","title":{"rendered":"Dot - Pl\u00fcss hull\u00e1mp\u00e1rna"},"content":{"rendered":"<div class=\"auto-hide-last-sibling-br paragraph-qzbcQC paragraph-element br-paragraph-space\" data-immersive-translate-walked=\"8e61f2e7-6af2-46e5-9672-3b9e4f4033d9\" data-immersive-translate-paragraph=\"1\">\n<div class=\"auto-hide-last-sibling-br paragraph-qzbcQC paragraph-element br-paragraph-space\">\n<div class=\"auto-hide-last-sibling-br paragraph-qzbcQC paragraph-element br-paragraph-space\">\n<div class=\"auto-hide-last-sibling-br paragraph-qzbcQC paragraph-element br-paragraph-space\">\n<div class=\"auto-hide-last-sibling-br paragraph-qzbcQC paragraph-element br-paragraph-space\">\n<div class=\"auto-hide-last-sibling-br paragraph-qzbcQC paragraph-element br-paragraph-space\">\n<div class=\"auto-hide-last-sibling-br paragraph-qzbcQC paragraph-element br-paragraph-space\">\n<div class=\"auto-hide-last-sibling-br paragraph-qzbcQC paragraph-element br-paragraph-space\">\n<div class=\"auto-hide-last-sibling-br paragraph-qzbcQC paragraph-element br-paragraph-space\">\n<div class=\"auto-hide-last-sibling-br paragraph-qzbcQC paragraph-element br-paragraph-space\">\n<div class=\"auto-hide-last-sibling-br paragraph-qzbcQC paragraph-element br-paragraph-space\">\n<div class=\"auto-hide-last-sibling-br paragraph-qzbcQC paragraph-element br-paragraph-space\">\n<div class=\"auto-hide-last-sibling-br paragraph-qzbcQC paragraph-element br-paragraph-space\">\n<div class=\"auto-hide-last-sibling-br paragraph-qzbcQC paragraph-element br-paragraph-space\">\n<div class=\"auto-hide-last-sibling-br paragraph-qzbcQC paragraph-element br-paragraph-space\">\n<div class=\"auto-hide-last-sibling-br paragraph-qzbcQC paragraph-element br-paragraph-space\">\n<div class=\"auto-hide-last-sibling-br paragraph-qzbcQC paragraph-element br-paragraph-space\">\n<div class=\"auto-hide-last-sibling-br paragraph-qzbcQC paragraph-element br-paragraph-space\">\n<div class=\"message-box-content-wrapper-srHdUj\">\n<div class=\"message-content message-box-content-otxGGw receive-message-box-content-_lREFj samantha-message-box-content-Qjmpja\" data-testid=\"message_content\">\n<div class=\"container-hfX5E8 flow-markdown-body theme-samantha-yJEgBp\" dir=\"ltr\" data-testid=\"message_text_content\" data-show-indicator=\"false\">\n<div class=\"auto-hide-last-sibling-br paragraph-qzbcQC paragraph-element br-paragraph-space\">\n<div class=\"inter-wlTS5w\">\n<div class=\"container-QE4ayg\">\n<div class=\"item-jU10IN\">\n<div class=\"container-jODEnh chrome70-container\">\n<div class=\"inner-eE95c9 inner-item-aL3Ui_\" data-target-id=\"message-box-target-id\" data-testid=\"union_message\">\n<div class=\"message-block-container-liuetz\" data-testid=\"message-block-container\">\n<div class=\"message-box-ZWbBdF\" data-testid=\"receive_message\">\n<div class=\"message-box-content-wrapper-srHdUj\">\n<div class=\"message-content message-box-content-otxGGw receive-message-box-content-_lREFj samantha-message-box-content-Qjmpja\" data-testid=\"message_content\">\n<div class=\"container-hfX5E8 flow-markdown-body theme-samantha-yJEgBp\" dir=\"ltr\" data-testid=\"message_text_content\" data-show-indicator=\"false\">\n<div class=\"auto-hide-last-sibling-br paragraph-qzbcQC paragraph-element br-paragraph-space\">\n<div class=\"auto-hide-last-sibling-br paragraph-qzbcQC paragraph-element br-paragraph-space\">\n<div class=\"auto-hide-last-sibling-br paragraph-qzbcQC paragraph-element br-paragraph-space\">\n<div class=\"auto-hide-last-sibling-br paragraph-qzbcQC paragraph-element br-paragraph-space\">\n<div class=\"message-box-content-wrapper-srHdUj\">\n<div class=\"message-content message-box-content-otxGGw receive-message-box-content-_lREFj samantha-message-box-content-Qjmpja\" data-testid=\"message_content\">\n<div class=\"container-hfX5E8 flow-markdown-body theme-samantha-yJEgBp\" dir=\"ltr\" data-testid=\"message_text_content\" data-show-indicator=\"false\">\n<div class=\"auto-hide-last-sibling-br paragraph-qzbcQC paragraph-element br-paragraph-space\">Bemutatjuk a Dot - Pl\u00fcss hull\u00e1mp\u00e1rn\u00e1t, a k\u00e9nyelem \u00e9s az ergonomikus kialak\u00edt\u00e1s mintak\u00e9p\u00e9t, amely a 2-8 \u00e9ves kor\u00fa gyermekek sz\u00e1m\u00e1ra k\u00e9sz\u00fclt. Fel\u00fclet\u00e9t f\u00e9ny\u0171z\u0151en puha pont - pl\u00fcss anyag d\u00edsz\u00edti, olyan tapinthat\u00f3 szimf\u00f3ni\u00e1t hozva l\u00e9tre, amely megnyugtatja az \u00e9rz\u00e9keket \u00e9s p\u00e1ratlan k\u00e9nyelmet ny\u00fajt. A sz\u00f6vet minden egyes apr\u00f3 p\u00f6ttye a p\u00e1rna k\u00e9zm\u0171ves kivitelez\u00e9s\u00e9r\u0151l tan\u00faskodik, felfedez\u00e9sre h\u00edvja a kis ujjakat, \u00e9s gyeng\u00e9d \u00f6lel\u00e9st biztos\u00edt eg\u00e9sz \u00e9jszaka.<\/div>\n<p>&nbsp;<\/p>\n<div class=\"auto-hide-last-sibling-br paragraph-qzbcQC paragraph-element br-paragraph-space\">A p\u00e1rna hull\u00e1mszer\u0171 form\u00e1ja a m\u00e9rn\u00f6ki munka csod\u00e1ja. Apr\u00f3l\u00e9kosan megform\u00e1zva t\u00fckr\u00f6zi a gyermek test\u00e9nek term\u00e9szetes g\u00f6rb\u00fclet\u00e9t, kiv\u00e9teles t\u00e1maszt ny\u00fajtva a fejnek \u00e9s a nyaknak. Ak\u00e1r a h\u00e1t\u00e1n, ak\u00e1r az oldal\u00e1n alszik a gyermeke, ez a p\u00e1rna \u00fagy b\u00f6lcs\u0151zik, hogy el\u0151seg\u00edti a gerinc megfelel\u0151 igazod\u00e1s\u00e1t \u00e9s a pihentet\u0151 alv\u00e1st. A nagyobb, 58* m\u00e9ret\u0171<em>30*<\/em>4\/6,5CM, ez egy olyan p\u00e1rna, amely egy\u00fctt n\u0151 a gyermek\u00e9vel, \u00e9s v\u00e9gigk\u00eds\u00e9ri \u0151t a fejl\u0151d\u00e9s\u00e9nek d\u00f6nt\u0151 \u00e9veiben.<\/div>\n<p>&nbsp;<\/p>\n<div class=\"auto-hide-last-sibling-br paragraph-qzbcQC paragraph-element br-paragraph-space\">A r\u00f3zsasz\u00edn, k\u00e9k, sz\u00fcrke \u00e9s feh\u00e9r sz\u00ednek sokoldal\u00fa palett\u00e1j\u00e1n kaphat\u00f3, k\u00f6nnyed\u00e9n kieg\u00e9sz\u00edti b\u00e1rmely h\u00e1l\u00f3szoba dekor\u00e1ci\u00f3j\u00e1t, \u00e9s egy csipetnyi eleganci\u00e1t \u00e9s b\u00e1jt ad hozz\u00e1. K\u00e9pzelje el gyermek\u00e9t lefekv\u00e9skor, amint e pl\u00fcssfotelbe b\u00fajik. T\u00f6bb lesz, mint egy egyszer\u0171 p\u00e1rna; a biztons\u00e1g \u00e9s a k\u00e9nyelem forr\u00e1sa, csendes \u0151rz\u0151je az \u00e9jszak\u00e1ban. Lusta d\u00e9lut\u00e1nokon pedig k\u00e9nyelmes t\u00e1maszk\u00e9nt szolg\u00e1lhat az olvas\u00e1shoz, puha fel\u00fcletk\u00e9nt az \u00e1lmodoz\u00e1shoz, vagy k\u00e9nyelmes helyk\u00e9nt egy gyors szuny\u00f3k\u00e1l\u00e1shoz.<\/div>\n<p>&nbsp;<\/p>\n<div class=\"auto-hide-last-sibling-br paragraph-qzbcQC paragraph-element br-paragraph-space\">A sz\u00fcl\u0151k elismer\u0151en nyilatkoztak err\u0151l a p\u00e1rn\u00e1r\u00f3l. \"Az 5 \u00e9ves kisfiam im\u00e1dja ezt a Dot - Pl\u00fcss hull\u00e1mp\u00e1rn\u00e1t! Annyira puha, \u00e9s a hull\u00e1mforma \u00fagy t\u0171nik, hogy t\u00e9nyleg j\u00f3l al\u00e1t\u00e1masztja a nyak\u00e1t. Most m\u00e1r nyugodtan alszik eg\u00e9sz \u00e9jjel\" - osztotta meg egy elragadtatott anyuka. Egy apa hozz\u00e1tette: \"\u00c9rt\u00e9kelj\u00fck, hogy mennyire tart\u00f3s. Sz\u00e1mtalan mos\u00e1son ment m\u00e1r kereszt\u00fcl, \u00e9s m\u00e9g mindig j\u00f3l n\u00e9z ki \u00e9s j\u00f3l \u00e9rzi mag\u00e1t. Fantasztikus befektet\u00e9s a gyermek\u00fcnk alv\u00e1s\u00e1hoz\".<\/div>\n<p>&nbsp;<\/p>\n<div class=\"auto-hide-last-sibling-br paragraph-qzbcQC paragraph-element br-paragraph-space\">A Dot - Plush Wave Pillow p\u00e1rna l\u00e9nyeg\u00e9ben a k\u00e9nyelem, a funkcionalit\u00e1s \u00e9s a st\u00edlus harmonikus kever\u00e9ke. Ez nem csak egy \u00e1gynem\u0171; ez egy d\u00e9delgetett t\u00e1rs, amely gazdag\u00edtja gyermeke alv\u00e1s\u00e9lm\u00e9ny\u00e9t, \u00e9s egy kis luxussal gazdag\u00edtja mindennapjait.<\/div>\n<\/div>\n<\/div>\n<\/div>\n<\/div>\n<\/div>\n<\/div>\n<\/div>\n<\/div>\n<\/div>\n<\/div>\n<\/div>\n<\/div>\n<\/div>\n<\/div>\n<\/div>\n<\/div>\n<\/div>\n<\/div>\n<\/div>\n<\/div>\n<\/div>\n<\/div>\n<\/div>\n<\/div>\n<\/div>\n<\/div>\n<\/div>\n<\/div>\n<\/div>\n<\/div>\n<\/div>\n<\/div>\n<\/div>\n<\/div>\n<\/div>\n<\/div>\n<\/div>\n<\/div>\n<\/div>","protected":false},"excerpt":{"rendered":"<div class=\"container-QE4ayg\">\n<div class=\"item-jU10IN\">\n<div class=\"container-jODEnh chrome70-container\">\n<div class=\"inner-eE95c9 inner-item-aL3Ui_\" data-target-id=\"message-box-target-id\" data-testid=\"union_message\">\n<div class=\"message-block-container-liuetz\" data-testid=\"message-block-container\">\n<div class=\"message-box-ZWbBdF\" data-testid=\"receive_message\">\n<div class=\"message-box-content-wrapper-srHdUj\">\n<div class=\"message-content message-box-content-otxGGw receive-message-box-content-_lREFj samantha-message-box-content-Qjmpja\" data-testid=\"message_content\">\n<div class=\"container-hfX5E8 flow-markdown-body theme-samantha-yJEgBp\" dir=\"ltr\" data-testid=\"message_text_content\" data-show-indicator=\"false\">\n<div class=\"auto-hide-last-sibling-br paragraph-qzbcQC paragraph-element br-paragraph-space\">\n<div class=\"container-QE4ayg\">\n<div class=\"item-jU10IN\">\n<div class=\"container-jODEnh chrome70-container\">\n<div class=\"inner-eE95c9 inner-item-aL3Ui_\" data-target-id=\"message-box-target-id\" data-testid=\"union_message\">\n<div class=\"message-block-container-liuetz\" data-testid=\"message-block-container\">\n<div class=\"message-box-ZWbBdF\" data-testid=\"receive_message\">\n<div class=\"message-box-content-wrapper-srHdUj\">\n<div class=\"message-content message-box-content-otxGGw receive-message-box-content-_lREFj samantha-message-box-content-Qjmpja\" data-testid=\"message_content\">\n<div class=\"container-hfX5E8 flow-markdown-body theme-samantha-yJEgBp\" dir=\"ltr\" data-testid=\"message_text_content\" data-show-indicator=\"false\">\n<div class=\"auto-hide-last-sibling-br paragraph-qzbcQC paragraph-element br-paragraph-space\">A Dot - Pl\u00fcss hull\u00e1mp\u00e1rna egy k\u00e9nyelmes \u00e9s ergonomikus alv\u00e1si kieg\u00e9sz\u00edt\u0151, amelyet 2-8 \u00e9ves kor\u00fa gyermekek sz\u00e1m\u00e1ra terveztek. Fel\u00fclet\u00e9t puha pont - pl\u00fcss anyag bor\u00edtja, amely egyed\u00fcl\u00e1ll\u00f3 tapint\u00e1si \u00e9lm\u00e9nyt ny\u00fajt, amely egyszerre megnyugtat\u00f3 \u00e9s komfortos. A hull\u00e1mszer\u0171 forma gondosan megform\u00e1zott, hogy kiv\u00e1l\u00f3 al\u00e1t\u00e1maszt\u00e1st biztos\u00edtson a fejnek \u00e9s a nyaknak, alkalmazkodva a gyermek test\u00e9nek term\u00e9szetes g\u00f6rb\u00fclet\u00e9hez alv\u00e1s k\u00f6zben. Nagyobb, 58* m\u00e9ret\u0171<em>30*<\/em>4\/6,5CM a tipikus csecsem\u0151p\u00e1rn\u00e1khoz k\u00e9pest, egy\u00fctt n\u0151 a gyermek\u00e9vel. T\u00f6bbf\u00e9le sz\u00ednben, t\u00f6bbek k\u00f6z\u00f6tt r\u00f3zsasz\u00edn, k\u00e9k, sz\u00fcrke \u00e9s feh\u00e9r sz\u00ednben kaphat\u00f3, \u00edgy k\u00fcl\u00f6nb\u00f6z\u0151 h\u00e1l\u00f3szobai dekor\u00e1ci\u00f3khoz illeszkedik. Ez a p\u00e1rna ide\u00e1lis a pihentet\u0151 \u00e9s t\u00e1mogat\u00f3 alv\u00e1s biztos\u00edt\u00e1s\u00e1hoz a 2-8 \u00e9ves koroszt\u00e1lyba tartoz\u00f3 gyermekek sz\u00e1m\u00e1ra.<\/div>\n<\/div>\n<\/div>\n<\/div>\n<\/div>\n<\/div>\n<\/div>\n<\/div>\n<\/div>\n<\/div>\n<\/div>\n<\/div>\n<\/div>\n<\/div>\n<\/div>\n<\/div>\n<\/div>\n<\/div>\n<\/div>\n<\/div>","protected":false},"featured_media":3378,"comment_status":"open","ping_status":"closed","template":"","meta":{"_uag_custom_page_level_css":"","site-sidebar-layout":"default","site-content-layout":"","ast-site-content-layout":"default","site-content-style":"default","site-sidebar-style":"default","ast-global-header-display":"","ast-banner-title-visibility":"","ast-main-header-display":"","ast-hfb-above-header-display":"","ast-hfb-below-header-display":"","ast-hfb-mobile-header-display":"","site-post-title":"","ast-breadcrumbs-content":"","ast-featured-img":"","footer-sml-layout":"","ast-disable-related-posts":"","theme-transparent-header-meta":"default","adv-header-id-meta":"","stick-header-meta":"","header-above-stick-meta":"","header-main-stick-meta":"","header-below-stick-meta":"","astra-migrate-meta-layouts":"set","ast-page-background-enabled":"default","ast-page-background-meta":{"desktop":{"background-color":"","background-image":"","background-repeat":"repeat","background-position":"center center","background-size":"auto","background-attachment":"scroll","background-type":"","background-media":"","overlay-type":"","overlay-color":"","overlay-opacity":"","overlay-gradient":""},"tablet":{"background-color":"","background-image":"","background-repeat":"repeat","background-position":"center center","background-size":"auto","background-attachment":"scroll","background-type":"","background-media":"","overlay-type":"","overlay-color":"","overlay-opacity":"","overlay-gradient":""},"mobile":{"background-color":"","background-image":"","background-repeat":"repeat","background-position":"center center","background-size":"auto","background-attachment":"scroll","background-type":"","background-media":"","overlay-type":"","overlay-color":"","overlay-opacity":"","overlay-gradient":""}},"ast-content-background-meta":{"desktop":{"background-color":"var(--ast-global-color-5)","background-image":"","background-repeat":"repeat","background-position":"center center","background-size":"auto","background-attachment":"scroll","background-type":"","background-media":"","overlay-type":"","overlay-color":"","overlay-opacity":"","overlay-gradient":""},"tablet":{"background-color":"var(--ast-global-color-5)","background-image":"","background-repeat":"repeat","background-position":"center center","background-size":"auto","background-attachment":"scroll","background-type":"","background-media":"","overlay-type":"","overlay-color":"","overlay-opacity":"","overlay-gradient":""},"mobile":{"background-color":"var(--ast-global-color-5)","background-image":"","background-repeat":"repeat","background-position":"center center","background-size":"auto","background-attachment":"scroll","background-type":"","background-media":"","overlay-type":"","overlay-color":"","overlay-opacity":"","overlay-gradient":""}}},"product_brand":[],"product_cat":[57,42],"product_tag":[70,68,71,69],"class_list":{"0":"post-3377","1":"product","2":"type-product","3":"status-publish","4":"has-post-thumbnail","6":"product_cat-2-to-8-years","7":"product_cat-merchandise","8":"product_tag-babypillow","9":"product_tag-cuteanimalpillow","10":"product_tag-headshapesupport","11":"product_tag-kouniushapingpillow","12":"desktop-align-left","13":"tablet-align-left","14":"mobile-align-left","16":"first","17":"instock","18":"shipping-taxable","19":"product-type-simple"},"aioseo_notices":[],"uagb_featured_image_src":{"full":["https:\/\/babypillowwholesale.com\/wp-content\/uploads\/2025\/04\/1028.jpg",1000,1000,false],"thumbnail":["https:\/\/babypillowwholesale.com\/wp-content\/uploads\/2025\/04\/1028-150x150.jpg",150,150,true],"medium":["https:\/\/babypillowwholesale.com\/wp-content\/uploads\/2025\/04\/1028-300x300.jpg",300,300,true],"medium_large":["https:\/\/babypillowwholesale.com\/wp-content\/uploads\/2025\/04\/1028-768x768.jpg",768,768,true],"large":["https:\/\/babypillowwholesale.com\/wp-content\/uploads\/2025\/04\/1028.jpg",1000,1000,false],"1536x1536":["https:\/\/babypillowwholesale.com\/wp-content\/uploads\/2025\/04\/1028.jpg",1000,1000,false],"2048x2048":["https:\/\/babypillowwholesale.com\/wp-content\/uploads\/2025\/04\/1028.jpg",1000,1000,false],"trp-custom-language-flag":["https:\/\/babypillowwholesale.com\/wp-content\/uploads\/2025\/04\/1028.jpg",12,12,false],"woocommerce_thumbnail":["https:\/\/babypillowwholesale.com\/wp-content\/uploads\/2025\/04\/1028-300x300.jpg",300,300,true],"woocommerce_single":["https:\/\/babypillowwholesale.com\/wp-content\/uploads\/2025\/04\/1028-600x600.jpg",600,600,true],"woocommerce_gallery_thumbnail":["https:\/\/babypillowwholesale.com\/wp-content\/uploads\/2025\/04\/1028-100x100.jpg",100,100,true]},"uagb_author_info":{"display_name":"Etnen zhong","author_link":"https:\/\/babypillowwholesale.com\/hu\/author\/"},"uagb_comment_info":0,"uagb_excerpt":"The Dot - Plush Wave Pillow is a comfortable and ergonomic sleep accessory designed for children aged 2 - 8 years. Its surface is covered with soft dot - plush fabric, offering a unique tactile experience that is both soothing and comforting. The wave - like shape is carefully contoured to provide excellent support for&hellip;","jetpack_sharing_enabled":true,"_links":{"self":[{"href":"https:\/\/babypillowwholesale.com\/hu\/wp-json\/wp\/v2\/product\/3377","targetHints":{"allow":["GET"]}}],"collection":[{"href":"https:\/\/babypillowwholesale.com\/hu\/wp-json\/wp\/v2\/product"}],"about":[{"href":"https:\/\/babypillowwholesale.com\/hu\/wp-json\/wp\/v2\/types\/product"}],"replies":[{"embeddable":true,"href":"https:\/\/babypillowwholesale.com\/hu\/wp-json\/wp\/v2\/comments?post=3377"}],"wp:featuredmedia":[{"embeddable":true,"href":"https:\/\/babypillowwholesale.com\/hu\/wp-json\/wp\/v2\/media\/3378"}],"wp:attachment":[{"href":"https:\/\/babypillowwholesale.com\/hu\/wp-json\/wp\/v2\/media?parent=3377"}],"wp:term":[{"taxonomy":"product_brand","embeddable":true,"href":"https:\/\/babypillowwholesale.com\/hu\/wp-json\/wp\/v2\/product_brand?post=3377"},{"taxonomy":"product_cat","embeddable":true,"href":"https:\/\/babypillowwholesale.com\/hu\/wp-json\/wp\/v2\/product_cat?post=3377"},{"taxonomy":"product_tag","embeddable":true,"href":"https:\/\/babypillowwholesale.com\/hu\/wp-json\/wp\/v2\/product_tag?post=3377"}],"curies":[{"name":"wp","href":"https:\/\/api.w.org\/{rel}","templated":true}]}}