{"id":3371,"date":"2025-04-10T15:49:22","date_gmt":"2025-04-10T15:49:22","guid":{"rendered":"https:\/\/babypillowwholesale.com\/?post_type=product&#038;p=3371"},"modified":"2025-06-08T11:26:42","modified_gmt":"2025-06-08T11:26:42","slug":"hydrophilic-sponge-infant-pillow-3","status":"publish","type":"product","link":"https:\/\/babypillowwholesale.com\/hu\/product\/hydrophilic-sponge-infant-pillow-3\/","title":{"rendered":"Hidrofil szivacs csecsem\u0151 p\u00e1rna"},"content":{"rendered":"<div class=\"auto-hide-last-sibling-br paragraph-qzbcQC paragraph-element br-paragraph-space\" data-immersive-translate-walked=\"8e61f2e7-6af2-46e5-9672-3b9e4f4033d9\" data-immersive-translate-paragraph=\"1\">\n<div class=\"auto-hide-last-sibling-br paragraph-qzbcQC paragraph-element br-paragraph-space\">\n<div class=\"auto-hide-last-sibling-br paragraph-qzbcQC paragraph-element br-paragraph-space\">\n<div class=\"auto-hide-last-sibling-br paragraph-qzbcQC paragraph-element br-paragraph-space\">\n<div class=\"auto-hide-last-sibling-br paragraph-qzbcQC paragraph-element br-paragraph-space\">\n<div class=\"auto-hide-last-sibling-br paragraph-qzbcQC paragraph-element br-paragraph-space\">\n<div class=\"auto-hide-last-sibling-br paragraph-qzbcQC paragraph-element br-paragraph-space\">\n<div class=\"auto-hide-last-sibling-br paragraph-qzbcQC paragraph-element br-paragraph-space\">\n<div class=\"auto-hide-last-sibling-br paragraph-qzbcQC paragraph-element br-paragraph-space\">\n<div class=\"auto-hide-last-sibling-br paragraph-qzbcQC paragraph-element br-paragraph-space\">\n<div class=\"auto-hide-last-sibling-br paragraph-qzbcQC paragraph-element br-paragraph-space\">\n<div class=\"auto-hide-last-sibling-br paragraph-qzbcQC paragraph-element br-paragraph-space\">\n<div class=\"auto-hide-last-sibling-br paragraph-qzbcQC paragraph-element br-paragraph-space\">\n<div class=\"auto-hide-last-sibling-br paragraph-qzbcQC paragraph-element br-paragraph-space\">\n<div class=\"auto-hide-last-sibling-br paragraph-qzbcQC paragraph-element br-paragraph-space\">\n<div class=\"auto-hide-last-sibling-br paragraph-qzbcQC paragraph-element br-paragraph-space\">\n<div class=\"auto-hide-last-sibling-br paragraph-qzbcQC paragraph-element br-paragraph-space\">\n<div class=\"auto-hide-last-sibling-br paragraph-qzbcQC paragraph-element br-paragraph-space\">\n<div class=\"message-box-content-wrapper-srHdUj\">\n<div class=\"message-content message-box-content-otxGGw receive-message-box-content-_lREFj samantha-message-box-content-Qjmpja\" data-testid=\"message_content\">\n<div class=\"container-hfX5E8 flow-markdown-body theme-samantha-yJEgBp\" dir=\"ltr\" data-testid=\"message_text_content\" data-show-indicator=\"false\">\n<div class=\"auto-hide-last-sibling-br paragraph-qzbcQC paragraph-element br-paragraph-space\">\n<div class=\"inter-wlTS5w\">\n<div class=\"container-QE4ayg\">\n<div class=\"item-jU10IN\">\n<div class=\"container-jODEnh chrome70-container\">\n<div class=\"inner-eE95c9 inner-item-aL3Ui_\" data-target-id=\"message-box-target-id\" data-testid=\"union_message\">\n<div class=\"message-block-container-liuetz\" data-testid=\"message-block-container\">\n<div class=\"message-box-ZWbBdF\" data-testid=\"receive_message\">\n<div class=\"message-box-content-wrapper-srHdUj\">\n<div class=\"message-content message-box-content-otxGGw receive-message-box-content-_lREFj samantha-message-box-content-Qjmpja\" data-testid=\"message_content\">\n<div class=\"container-hfX5E8 flow-markdown-body theme-samantha-yJEgBp\" dir=\"ltr\" data-testid=\"message_text_content\" data-show-indicator=\"false\">\n<div class=\"auto-hide-last-sibling-br paragraph-qzbcQC paragraph-element br-paragraph-space\">\n<div class=\"auto-hide-last-sibling-br paragraph-qzbcQC paragraph-element br-paragraph-space\">\n<div class=\"auto-hide-last-sibling-br paragraph-qzbcQC paragraph-element br-paragraph-space\">Bemutatjuk a Hydrophilic Sponge csecsem\u0151p\u00e1rn\u00e1t, egy mag\u00e1val ragad\u00f3 alv\u00e1si alapanyagot, amelyet 1-3 \u00e9ves kor\u00fa gyermekek sz\u00e1m\u00e1ra terveztek. A kiv\u00e1l\u00f3 min\u0151s\u00e9g\u0171 hidrofil szivacsb\u00f3l k\u00e9sz\u00fclt p\u00e1rna pazarul puha \u00e9s b\u00e1rsonyos tapint\u00e1s\u00fa, a k\u00e9nyelem fellegv\u00e1r\u00e1t teremtve, amely b\u00e9k\u00e9s \u00e1lomba ringatja a kisgyermeket.<\/div>\n<p>&nbsp;<\/p>\n<div class=\"auto-hide-last-sibling-br paragraph-qzbcQC paragraph-element br-paragraph-space\">A p\u00e1rna kialak\u00edt\u00e1sa a cukis\u00e1g \u00e9s a pozitivit\u00e1s elragad\u00f3 kever\u00e9ke. Egy kedves rajzfilmfigur\u00e1val d\u00edsz\u00edtett - egy koron\u00e1s alak, aki \u00f6r\u00f6mmel tart egy eper alak\u00fa lufit -, j\u00e1t\u00e9koss\u00e1got \u00e9s b\u00e1jt sug\u00e1roz. A \"Els\u00f6pr\u0151 gondok\" szavak sz\u00edvmelenget\u0151 \u00fczenetet hordoznak, \u00e9s azt \u00edg\u00e9rik, hogy el\u0171zik a gondokat, \u00e9s csak j\u00f3 \u00e1lmokat hoznak.<\/div>\n<p>&nbsp;<\/p>\n<div class=\"auto-hide-last-sibling-br paragraph-qzbcQC paragraph-element br-paragraph-space\">A sz\u00ednek b\u00e1jos v\u00e1laszt\u00e9k\u00e1ban - Space Baa - baa, Strawberry Girl, Pink Little Girl \u00e9s Grey Little Boy - minden gyermek egyedi \u00edzl\u00e9s\u00e9t kiel\u00e9g\u00edti. M\u00e9rete 40*<em>24*<\/em>3CM, ergon\u00f3miailag \u00fagy van kialak\u00edtva, hogy optim\u00e1lis al\u00e1t\u00e1maszt\u00e1st ny\u00fajtson gyermeke fej\u00e9nek \u00e9s nyak\u00e1nak, biztos\u00edtva az eg\u00e9szs\u00e9ges \u00e9s k\u00e9nyelmes alv\u00e1si testtart\u00e1st.<\/div>\n<p>&nbsp;<\/p>\n<div class=\"auto-hide-last-sibling-br paragraph-qzbcQC paragraph-element br-paragraph-space\">Ez a p\u00e1rna t\u00f6bb mint egyszer\u0171 alv\u00e1sseg\u00edt\u0151; a k\u00e9nyelem \u00e9s az inspir\u00e1ci\u00f3 forr\u00e1sa. Lefekv\u00e9skor megb\u00edzhat\u00f3 bar\u00e1tt\u00e1 v\u00e1lik, biztons\u00e1g\u00e9rzetet ny\u00fajt, \u00e9s seg\u00edt gyermek\u00e9nek k\u00f6nnyed\u00e9n \u00e1lomorsz\u00e1gba mer\u00fclni. Napk\u00f6zben pedig j\u00e1tsz\u00f3t\u00e9ri kell\u00e9kk\u00e9 v\u00e1lhat, amely fant\u00e1ziad\u00fas kalandokat ind\u00edt el, \u00e9s egy kis vid\u00e1ms\u00e1got visz gyermeke vil\u00e1g\u00e1ba.<\/div>\n<p>&nbsp;<\/p>\n<div class=\"auto-hide-last-sibling-br paragraph-qzbcQC paragraph-element br-paragraph-space\">A sz\u00fcl\u0151k tele vannak dics\u00e9rettel err\u0151l a csod\u00e1latos p\u00e1rn\u00e1r\u00f3l. \"A 2 \u00e9ves kisfiam teljesen im\u00e1dja ezt a p\u00e1rn\u00e1t! A puhas\u00e1ga csod\u00e1latos, \u00e9s az aranyos diz\u00e1jn a pozit\u00edv \u00fczenettel igaz\u00e1n k\u00fcl\u00f6nlegess\u00e9 teszi. A lefekv\u00e9si rutinunk n\u00e9lk\u00fcl\u00f6zhetetlen r\u00e9sz\u00e9v\u00e9 v\u00e1lt\" - osztotta meg egy elragadtatott anyuka. Egy apa hozz\u00e1tette: \"Im\u00e1djuk, ahogyan sz\u00ednt \u00e9s b\u00e1jt visz a gyermek\u00fcnk szob\u00e1j\u00e1ba. Tart\u00f3s is, ami nagyszer\u0171, tekintve, hogy mennyit haszn\u00e1lj\u00e1k. Fantasztikus v\u00e1s\u00e1rl\u00e1s!\"<\/div>\n<p>&nbsp;<\/p>\n<div class=\"auto-hide-last-sibling-br paragraph-qzbcQC paragraph-element br-paragraph-space\">A Hydrophilic Sponge csecsem\u0151p\u00e1rna l\u00e9nyeg\u00e9ben a k\u00e9nyelem, a cukis\u00e1g \u00e9s a pozit\u00edv energia harmonikus kever\u00e9ke. Ez nem csak egy \u00e1gynem\u0171; ez egy d\u00e9delgetett t\u00e1rs, amely gyermeke korai \u00e9veinek minden \u00e9rt\u00e9kes pillanat\u00e1t gazdag\u00edtja.<\/div>\n<\/div>\n<\/div>\n<\/div>\n<\/div>\n<\/div>\n<\/div>\n<\/div>\n<\/div>\n<\/div>\n<\/div>\n<\/div>\n<\/div>\n<\/div>\n<\/div>\n<\/div>\n<\/div>\n<\/div>\n<\/div>\n<\/div>\n<\/div>\n<\/div>\n<\/div>\n<\/div>\n<\/div>\n<\/div>\n<\/div>\n<\/div>\n<\/div>\n<\/div>\n<\/div>\n<\/div>\n<\/div>\n<\/div>\n<\/div>","protected":false},"excerpt":{"rendered":"<div class=\"container-QE4ayg\">\n<div class=\"item-jU10IN\">\n<div class=\"container-jODEnh chrome70-container\">\n<div class=\"inner-eE95c9 inner-item-aL3Ui_\" data-target-id=\"message-box-target-id\" data-testid=\"union_message\">\n<div class=\"message-block-container-liuetz\" data-testid=\"message-block-container\">\n<div class=\"message-box-ZWbBdF\" data-testid=\"receive_message\">\n<div class=\"message-box-content-wrapper-srHdUj\">\n<div class=\"message-content message-box-content-otxGGw receive-message-box-content-_lREFj samantha-message-box-content-Qjmpja\" data-testid=\"message_content\">\n<div class=\"container-hfX5E8 flow-markdown-body theme-samantha-yJEgBp\" dir=\"ltr\" data-testid=\"message_text_content\" data-show-indicator=\"false\">\n<div class=\"auto-hide-last-sibling-br paragraph-qzbcQC paragraph-element br-paragraph-space\">\n<div class=\"container-QE4ayg\">\n<div class=\"item-jU10IN\">\n<div class=\"container-jODEnh chrome70-container\">\n<div class=\"inner-eE95c9 inner-item-aL3Ui_\" data-target-id=\"message-box-target-id\" data-testid=\"union_message\">\n<div class=\"message-block-container-liuetz\" data-testid=\"message-block-container\">\n<div class=\"message-box-ZWbBdF\" data-testid=\"receive_message\">\n<div class=\"message-box-content-wrapper-srHdUj\">\n<div class=\"message-content message-box-content-otxGGw receive-message-box-content-_lREFj samantha-message-box-content-Qjmpja\" data-testid=\"message_content\">\n<div class=\"container-hfX5E8 flow-markdown-body theme-samantha-yJEgBp\" dir=\"ltr\" data-testid=\"message_text_content\" data-show-indicator=\"false\">\n<div class=\"auto-hide-last-sibling-br paragraph-qzbcQC paragraph-element br-paragraph-space\">A hidrofil szivacsos csecsem\u0151p\u00e1rna b\u00e1jos alv\u00f3t\u00e1rs az 1-3 \u00e9ves kor\u00fa gyermekek sz\u00e1m\u00e1ra. Hidrofil szivacsb\u00f3l k\u00e9sz\u00fclt, puha \u00e9s b\u0151rbar\u00e1t tapint\u00e1s\u00fa, k\u00e9nyelmes alv\u00e1s\u00e9lm\u00e9nyt biztos\u00edt. Kialak\u00edt\u00e1s\u00e1n aranyos rajzfilmfigur\u00e1k l\u00e1that\u00f3k, mint p\u00e9ld\u00e1ul egy koron\u00e1s figura, aki egy eper alak\u00fa lufit tart a kez\u00e9ben, a \"gondok els\u00f6pr\u00e9se\" felirat pedig pozit\u00edv \u00fczenetet k\u00f6zvet\u00edt. T\u00f6bbf\u00e9le sz\u00ednben kaphat\u00f3, t\u00f6bbek k\u00f6z\u00f6tt Space Baa - baa, Strawberry Girl, Pink Little Girl \u00e9s Grey Little Boy sz\u00ednekben, \u00edgy a k\u00fcl\u00f6nb\u00f6z\u0151 preferenci\u00e1knak megfelel. M\u00e9rete 40*<em>24*<\/em>3CM, megfelel\u0151 al\u00e1t\u00e1maszt\u00e1st biztos\u00edt a fej \u00e9s a nyak sz\u00e1m\u00e1ra. Ez a p\u00e1rna nemcsak seg\u00edt gyermek\u00e9nek a pihentet\u0151 alv\u00e1sban, hanem egy csipetnyi cukis\u00e1got \u00e9s pozit\u00edv energi\u00e1t is hoz a lefekv\u00e9s idej\u00e9re.<\/div>\n<\/div>\n<\/div>\n<\/div>\n<\/div>\n<\/div>\n<\/div>\n<\/div>\n<\/div>\n<\/div>\n<\/div>\n<\/div>\n<\/div>\n<\/div>\n<\/div>\n<\/div>\n<\/div>\n<\/div>\n<\/div>\n<\/div>","protected":false},"featured_media":3372,"comment_status":"open","ping_status":"closed","template":"","meta":{"_uag_custom_page_level_css":"","site-sidebar-layout":"default","site-content-layout":"","ast-site-content-layout":"default","site-content-style":"default","site-sidebar-style":"default","ast-global-header-display":"","ast-banner-title-visibility":"","ast-main-header-display":"","ast-hfb-above-header-display":"","ast-hfb-below-header-display":"","ast-hfb-mobile-header-display":"","site-post-title":"","ast-breadcrumbs-content":"","ast-featured-img":"","footer-sml-layout":"","ast-disable-related-posts":"","theme-transparent-header-meta":"default","adv-header-id-meta":"","stick-header-meta":"","header-above-stick-meta":"","header-main-stick-meta":"","header-below-stick-meta":"","astra-migrate-meta-layouts":"set","ast-page-background-enabled":"default","ast-page-background-meta":{"desktop":{"background-color":"","background-image":"","background-repeat":"repeat","background-position":"center center","background-size":"auto","background-attachment":"scroll","background-type":"","background-media":"","overlay-type":"","overlay-color":"","overlay-opacity":"","overlay-gradient":""},"tablet":{"background-color":"","background-image":"","background-repeat":"repeat","background-position":"center center","background-size":"auto","background-attachment":"scroll","background-type":"","background-media":"","overlay-type":"","overlay-color":"","overlay-opacity":"","overlay-gradient":""},"mobile":{"background-color":"","background-image":"","background-repeat":"repeat","background-position":"center center","background-size":"auto","background-attachment":"scroll","background-type":"","background-media":"","overlay-type":"","overlay-color":"","overlay-opacity":"","overlay-gradient":""}},"ast-content-background-meta":{"desktop":{"background-color":"var(--ast-global-color-5)","background-image":"","background-repeat":"repeat","background-position":"center center","background-size":"auto","background-attachment":"scroll","background-type":"","background-media":"","overlay-type":"","overlay-color":"","overlay-opacity":"","overlay-gradient":""},"tablet":{"background-color":"var(--ast-global-color-5)","background-image":"","background-repeat":"repeat","background-position":"center center","background-size":"auto","background-attachment":"scroll","background-type":"","background-media":"","overlay-type":"","overlay-color":"","overlay-opacity":"","overlay-gradient":""},"mobile":{"background-color":"var(--ast-global-color-5)","background-image":"","background-repeat":"repeat","background-position":"center center","background-size":"auto","background-attachment":"scroll","background-type":"","background-media":"","overlay-type":"","overlay-color":"","overlay-opacity":"","overlay-gradient":""}}},"product_brand":[],"product_cat":[56,42],"product_tag":[70,68,71,69],"class_list":{"0":"post-3371","1":"product","2":"type-product","3":"status-publish","4":"has-post-thumbnail","6":"product_cat-1-to-3-years","7":"product_cat-merchandise","8":"product_tag-babypillow","9":"product_tag-cuteanimalpillow","10":"product_tag-headshapesupport","11":"product_tag-kouniushapingpillow","12":"desktop-align-left","13":"tablet-align-left","14":"mobile-align-left","16":"first","17":"instock","18":"shipping-taxable","19":"product-type-simple"},"aioseo_notices":[],"uagb_featured_image_src":{"full":["https:\/\/babypillowwholesale.com\/wp-content\/uploads\/2025\/04\/1567.jpg",1000,1000,false],"thumbnail":["https:\/\/babypillowwholesale.com\/wp-content\/uploads\/2025\/04\/1567-150x150.jpg",150,150,true],"medium":["https:\/\/babypillowwholesale.com\/wp-content\/uploads\/2025\/04\/1567-300x300.jpg",300,300,true],"medium_large":["https:\/\/babypillowwholesale.com\/wp-content\/uploads\/2025\/04\/1567-768x768.jpg",768,768,true],"large":["https:\/\/babypillowwholesale.com\/wp-content\/uploads\/2025\/04\/1567.jpg",1000,1000,false],"1536x1536":["https:\/\/babypillowwholesale.com\/wp-content\/uploads\/2025\/04\/1567.jpg",1000,1000,false],"2048x2048":["https:\/\/babypillowwholesale.com\/wp-content\/uploads\/2025\/04\/1567.jpg",1000,1000,false],"trp-custom-language-flag":["https:\/\/babypillowwholesale.com\/wp-content\/uploads\/2025\/04\/1567.jpg",12,12,false],"woocommerce_thumbnail":["https:\/\/babypillowwholesale.com\/wp-content\/uploads\/2025\/04\/1567-300x300.jpg",300,300,true],"woocommerce_single":["https:\/\/babypillowwholesale.com\/wp-content\/uploads\/2025\/04\/1567-600x600.jpg",600,600,true],"woocommerce_gallery_thumbnail":["https:\/\/babypillowwholesale.com\/wp-content\/uploads\/2025\/04\/1567-100x100.jpg",100,100,true]},"uagb_author_info":{"display_name":"Etnen zhong","author_link":"https:\/\/babypillowwholesale.com\/hu\/author\/"},"uagb_comment_info":0,"uagb_excerpt":"The Hydrophilic Sponge Infant Pillow is a charming sleep companion for children aged 1 - 3 years. Made from hydrophilic sponge, it offers a soft and skin - friendly touch, ensuring a comfortable sleeping experience. Its design features cute cartoon characters like a crowned figure holding a strawberry - shaped balloon, with the words \u201csweeping&hellip;","jetpack_sharing_enabled":true,"_links":{"self":[{"href":"https:\/\/babypillowwholesale.com\/hu\/wp-json\/wp\/v2\/product\/3371","targetHints":{"allow":["GET"]}}],"collection":[{"href":"https:\/\/babypillowwholesale.com\/hu\/wp-json\/wp\/v2\/product"}],"about":[{"href":"https:\/\/babypillowwholesale.com\/hu\/wp-json\/wp\/v2\/types\/product"}],"replies":[{"embeddable":true,"href":"https:\/\/babypillowwholesale.com\/hu\/wp-json\/wp\/v2\/comments?post=3371"}],"wp:featuredmedia":[{"embeddable":true,"href":"https:\/\/babypillowwholesale.com\/hu\/wp-json\/wp\/v2\/media\/3372"}],"wp:attachment":[{"href":"https:\/\/babypillowwholesale.com\/hu\/wp-json\/wp\/v2\/media?parent=3371"}],"wp:term":[{"taxonomy":"product_brand","embeddable":true,"href":"https:\/\/babypillowwholesale.com\/hu\/wp-json\/wp\/v2\/product_brand?post=3371"},{"taxonomy":"product_cat","embeddable":true,"href":"https:\/\/babypillowwholesale.com\/hu\/wp-json\/wp\/v2\/product_cat?post=3371"},{"taxonomy":"product_tag","embeddable":true,"href":"https:\/\/babypillowwholesale.com\/hu\/wp-json\/wp\/v2\/product_tag?post=3371"}],"curies":[{"name":"wp","href":"https:\/\/api.w.org\/{rel}","templated":true}]}}